{"id":1645,"date":"2025-12-08T14:09:09","date_gmt":"2025-12-08T13:09:09","guid":{"rendered":"https:\/\/www.radiologie-dr-jung.de\/?page_id=1645"},"modified":"2026-02-16T12:06:05","modified_gmt":"2026-02-16T11:06:05","slug":"mrt-frankfurt-reservation-de-rendez-vous-en-ligne","status":"publish","type":"page","link":"https:\/\/www.radiologie-dr-jung.de\/fr\/mrt-frankfurt-online-terminbuchung\/","title":{"rendered":"R\u00e9servation de rendez-vous"},"content":{"rendered":"<section class=\"l-section wpb_row height_small\"><div class=\"l-section-h i-cf\"><div class=\"g-cols vc_row via_grid cols_2 laptops-cols_inherit tablets-cols_inherit mobiles-cols_1 valign_top type_default stacking_default\" style=\"--columns-gap:0rem;\"><div class=\"wpb_column vc_column_container\"><div class=\"vc_column-inner\"><div class=\"wpb_text_column us_custom_7d39fe36 us_animate_this\"><div class=\"wpb_wrapper\"><h1>Rendez-vous IRM Francfort<\/h1>\n<h6>R\u00e9servez en ligne d\u00e8s maintenant !<\/h6>\n<\/div><\/div><div class=\"w-separator size_custom\" style=\"height:2rem\"><\/div><div class=\"wpb_text_column us_custom_5d8e9ec2 us_animate_this\"><div class=\"wpb_wrapper\"><p>Chers patients, vous souhaitez prendre rapidement rendez-vous pour un examen IRM dans notre cabinet \u00e0 Francfort-sur-le-Main ? Vous pouvez prendre rendez-vous pour votre prochaine IRM dans notre cabinet. <a href=\"\/fr\/\">Cabinet priv\u00e9 \u00e0 Francfort<\/a> vous pouvez volontiers r\u00e9server en ligne :<\/p>\n<\/div><\/div><div class=\"w-separator size_custom\" style=\"height:1rem\"><\/div><div class=\"w-btn-wrapper align_none\"><a class=\"w-btn us-btn-style_1 us_custom_7e20fa79 us_animate_this icon_atleft\" href=\"https:\/\/www.doctolib.de\/privatpraxis\/frankfurt-am-main\/radiologische-privatpraxis-dr-med-catarina-jung\"><i class=\"far fa-calendar-plus\"><\/i><span class=\"w-btn-label\">R\u00e9server maintenant un rendez-vous via Doctolib<\/span><\/a><\/div><div class=\"w-separator size_custom\" style=\"height:1rem\"><\/div><div class=\"wpb_text_column us_custom_5d8e9ec2 us_animate_this\"><div class=\"wpb_wrapper\"><p>Le processus de r\u00e9servation ne prend que quelques minutes.<\/p>\n<p><strong>Votre Dr. med. Catarina Jung<\/strong><br \/>\n<strong>Sp\u00e9cialiste en radiologie<\/strong><\/p>\n<\/div><\/div><div class=\"w-separator size_custom\" style=\"height:1.5rem\"><\/div><\/div><\/div><div class=\"wpb_column vc_column_container us_custom_7b284345\"><div class=\"vc_column-inner\"><div class=\"w-separator size_custom\" style=\"height:0rem\" id=\"o3a7\"><style>@media(max-width:1024px){ #o3a7{height:2rem!important}}@media(max-width:600px){ #o3a7{height:2rem!important}}<\/style><\/div><div class=\"w-image us_custom_5d480146 us_animate_this align_none\"><div class=\"w-image-h\"><img decoding=\"async\" width=\"1000\" height=\"800\" src=\"https:\/\/www.radiologie-dr-jung.de\/wp-content\/uploads\/2025\/12\/0214_Jung-Terminbuchung_01.jpg\" class=\"attachment-full size-full\" alt=\"Rendez-vous IRM Francfort\" loading=\"lazy\" srcset=\"https:\/\/www.radiologie-dr-jung.de\/wp-content\/uploads\/2025\/12\/0214_Jung-Terminbuchung_01.jpg 1000w, https:\/\/www.radiologie-dr-jung.de\/wp-content\/uploads\/2025\/12\/0214_Jung-Terminbuchung_01-300x240.jpg 300w, https:\/\/www.radiologie-dr-jung.de\/wp-content\/uploads\/2025\/12\/0214_Jung-Terminbuchung_01-50x40.jpg 50w, https:\/\/www.radiologie-dr-jung.de\/wp-content\/uploads\/2025\/12\/0214_Jung-Terminbuchung_01-70x56.jpg 70w\" sizes=\"auto, (max-width: 1000px) 100vw, 1000px\" \/><\/div><\/div><div class=\"w-separator size_custom\" style=\"height:1rem\"><\/div><div class=\"w-image us_custom_551e33ce align_center\"><a href=\"https:\/\/www.doctolib.de\/privatpraxis\/frankfurt-am-main\/radiologische-privatpraxis-dr-med-catarina-jung\/booking\/patient-insurance-sector?specialityId=1291&amp;telehealth=false&amp;placeId=practice-129922&amp;profile_skipped=true&amp;source=external_referral\" aria-label=\"Radiologie Francfort Doctolib\" class=\"w-image-h\"><img decoding=\"async\" width=\"60\" height=\"60\" src=\"https:\/\/www.radiologie-dr-jung.de\/wp-content\/uploads\/2026\/02\/Docolib-Icon.png\" class=\"attachment-us_60_60 size-us_60_60\" alt=\"Radiologie Francfort Doctolib\" loading=\"lazy\" srcset=\"https:\/\/www.radiologie-dr-jung.de\/wp-content\/uploads\/2026\/02\/Docolib-Icon.png 100w, https:\/\/www.radiologie-dr-jung.de\/wp-content\/uploads\/2026\/02\/Docolib-Icon-50x50.png 50w, https:\/\/www.radiologie-dr-jung.de\/wp-content\/uploads\/2026\/02\/Docolib-Icon-70x70.png 70w\" sizes=\"auto, (max-width: 60px) 100vw, 60px\" \/><\/a><\/div><\/div><\/div><\/div><\/div><\/section><section class=\"l-section wpb_row height_small\"><div class=\"l-section-h i-cf\"><div class=\"g-cols vc_row via_grid cols_1 laptops-cols_inherit tablets-cols_inherit mobiles-cols_1 valign_top type_default stacking_default\"><div class=\"wpb_column vc_column_container\"><div class=\"vc_column-inner\"><div class=\"w-separator size_custom with_line width_default thick_2 style_solid color_border align_center\" style=\"height:\"><div class=\"w-separator-h\"><\/div><\/div><\/div><\/div><\/div><\/div><\/section><section class=\"l-section wpb_row us_custom_887a049b height_small\"><div class=\"l-section-h i-cf\"><div class=\"g-cols vc_row via_grid cols_1 laptops-cols_inherit tablets-cols_inherit mobiles-cols_1 valign_top type_default stacking_default\"><div class=\"wpb_column vc_column_container\"><div class=\"vc_column-inner\"><div class=\"wpb_text_column us_custom_59ffc91f us_animate_this\"><div class=\"wpb_wrapper\"><h2>Vos avantages dans notre cabinet<\/h2>\n<\/div><\/div><div class=\"w-separator size_small\"><\/div><div class=\"w-separator size_custom\" style=\"height:0\" id=\"tb51\"><style>@media(max-width:1024px){ #tb51{height:2rem!important}}@media(max-width:600px){ #tb51{height:2rem!important}}<\/style><\/div><div class=\"w-separator us_custom_7ece4861 us_animate_this size_custom\" style=\"height:400px\"><\/div><div class=\"g-cols wpb_row us_custom_55ae7626 us_animate_this via_grid cols_3 laptops-cols_inherit tablets-cols_inherit mobiles-cols_1 valign_top type_default stacking_default\" style=\"--columns-gap:3rem;\"><div class=\"wpb_column vc_column_container\"><div class=\"vc_column-inner\"><div class=\"w-iconbox iconpos_left style_default color_primary align_left no_text no_title\"><div class=\"w-iconbox-icon\" style=\"font-size:4rem;\"><i class=\"fal fa-user-md\"><\/i><\/div><div class=\"w-iconbox-meta\"><\/div><\/div><div class=\"w-separator size_small\"><\/div><div class=\"wpb_text_column\"><div class=\"wpb_wrapper\"><h5>Entretien avec le m\u00e9decin apr\u00e8s l'examen<\/h5>\n<p>Un entretien personnel avec votre m\u00e9decin traitant aura lieu directement apr\u00e8s l'examen. <a href=\"https:\/\/www.radiologie-dr-jung.de\/fr\/radiologue-frankfurt\/\">M\u00e9decin sp\u00e9cialiste Dr. Catarina Jung<\/a> qui vous expliquera les r\u00e9sultats en d\u00e9tail.<\/p>\n<\/div><\/div><\/div><\/div><div class=\"wpb_column vc_column_container\"><div class=\"vc_column-inner\"><div class=\"w-iconbox iconpos_left style_default color_primary align_left no_text no_title\"><div class=\"w-iconbox-icon\" style=\"font-size:4rem;\"><i class=\"fal fa-comments\"><\/i><\/div><div class=\"w-iconbox-meta\"><\/div><\/div><div class=\"w-separator size_small\"><\/div><div class=\"wpb_text_column\"><div class=\"wpb_wrapper\"><h5>Images directement consultables en ligne<\/h5>\n<p>Imm\u00e9diatement apr\u00e8s l'examen, les <a href=\"https:\/\/www.radiologie-dr-jung.de\/fr\/voir-les-images-mrt\/\">Images IRM en ligne<\/a> \u00e0 disposition pour consultation et\/ou transmission.<\/p>\n<\/div><\/div><\/div><\/div><div class=\"wpb_column vc_column_container\"><div class=\"vc_column-inner\"><div class=\"w-iconbox iconpos_left style_default color_primary align_left no_text no_title\"><div class=\"w-iconbox-icon\" style=\"font-size:4rem;\"><i class=\"fal fa-expand-arrows\"><\/i><\/div><div class=\"w-iconbox-meta\"><\/div><\/div><div class=\"w-separator size_small\"><\/div><div class=\"wpb_text_column\"><div class=\"wpb_wrapper\"><h5>Pas de claustrophobie<\/h5>\n<p>Gr\u00e2ce \u00e0 la <a href=\"https:\/\/www.radiologie-dr-jung.de\/fr\/mrt-ouvert-francfort\/\">grande ouverture<\/a> et les aimants extr\u00eamement courts de notre scanner, de nombreux examens peuvent \u00eatre r\u00e9alis\u00e9s de mani\u00e8re \u00e0 ce que la t\u00eate puisse rester en dehors du tube.<\/p>\n<\/div><\/div><\/div><\/div><\/div><div class=\"w-separator size_custom\" style=\"height:2rem\" id=\"t8a9\"><style><\/style><\/div><\/div><\/div><\/div><\/div><\/section><section class=\"l-section wpb_row height_small\"><div class=\"l-section-h i-cf\"><div class=\"g-cols vc_row via_grid cols_1 laptops-cols_inherit tablets-cols_inherit mobiles-cols_1 valign_top type_default stacking_default\"><div class=\"wpb_column vc_column_container\"><div class=\"vc_column-inner\"><div class=\"w-separator size_custom with_line width_default thick_2 style_solid color_border align_center\" style=\"height:\"><div class=\"w-separator-h\"><\/div><\/div><\/div><\/div><\/div><\/div><\/section><section class=\"l-section wpb_row us_custom_887a049b height_small\"><div class=\"l-section-h i-cf\"><div class=\"g-cols vc_row via_grid cols_2-1 laptops-cols_inherit tablets-cols_inherit mobiles-cols_1 valign_top type_default stacking_default\"><div class=\"wpb_column vc_column_container\"><div class=\"vc_column-inner\"><div class=\"wpb_text_column us_custom_59ffc91f us_animate_this\"><div class=\"wpb_wrapper\"><h2>Votre cabinet priv\u00e9 d'IRM \u00e0 Francfort<\/h2>\n<p>Dans mon cabinet priv\u00e9 de radiologie, Dr. med. Catarina Jung, situ\u00e9 dans la maison Castanea au c\u0153ur de Francfort, je suis personnellement \u00e0 votre disposition pour votre examen IRM.<\/p>\n<\/div><\/div><div class=\"w-separator size_large\"><\/div><div class=\"w-separator size_custom\" style=\"height:0\" id=\"a2b0\"><style>@media(max-width:1024px){ #a2b0{height:2rem!important}}@media(max-width:600px){ #a2b0{height:2rem!important}}<\/style><\/div><div class=\"w-separator size_custom\" style=\"height:2rem\" id=\"t333\"><style><\/style><\/div><\/div><\/div><div class=\"wpb_column vc_column_container\"><div class=\"vc_column-inner\"><div class=\"w-image align_none\"><div class=\"w-image-h\"><img decoding=\"async\" width=\"782\" height=\"607\" src=\"https:\/\/www.radiologie-dr-jung.de\/wp-content\/uploads\/2026\/01\/Dr_Cataria-Jung-Radiologin.webp\" class=\"attachment-large size-large\" alt=\"Portrait du Dr Cataria Jung, sp\u00e9cialiste en radiologie diagnostique \u00e0 Francfort\" loading=\"lazy\" srcset=\"https:\/\/www.radiologie-dr-jung.de\/wp-content\/uploads\/2026\/01\/Dr_Cataria-Jung-Radiologin.webp 782w, https:\/\/www.radiologie-dr-jung.de\/wp-content\/uploads\/2026\/01\/Dr_Cataria-Jung-Radiologin-300x233.webp 300w, https:\/\/www.radiologie-dr-jung.de\/wp-content\/uploads\/2026\/01\/Dr_Cataria-Jung-Radiologin-50x39.webp 50w, https:\/\/www.radiologie-dr-jung.de\/wp-content\/uploads\/2026\/01\/Dr_Cataria-Jung-Radiologin-70x54.webp 70w\" sizes=\"auto, (max-width: 782px) 100vw, 782px\" \/><\/div><\/div><\/div><\/div><\/div><\/div><\/section>","protected":false},"excerpt":{"rendered":"Rendez-vous IRM Francfort R\u00e9servez d\u00e8s maintenant en ligne ! Chers patients, vous souhaitez prendre rapidement rendez-vous pour un examen IRM dans notre cabinet \u00e0 Francfort-sur-le-Main ? Vous pouvez r\u00e9server en ligne votre prochain rendez-vous d'IRM dans notre cabinet priv\u00e9 \u00e0 Francfort : R\u00e9servez maintenant votre rendez-vous via DoctolibLa proc\u00e9dure de r\u00e9servation ne prend que quelques minutes. Votre Dr. med. Catarina Jung M\u00e9decin sp\u00e9cialiste en radiologie.","protected":false},"author":2,"featured_media":1739,"parent":0,"menu_order":0,"comment_status":"closed","ping_status":"closed","template":"","meta":{"footnotes":""},"class_list":["post-1645","page","type-page","status-publish","has-post-thumbnail","hentry"],"yoast_head":"<!-- This site is optimized with the Yoast SEO plugin v27.3 - https:\/\/yoast.com\/product\/yoast-seo-wordpress\/ -->\n<title>MRT Termin Frankfurt \u1405 Termin bequem online buchen<\/title>\n<meta name=\"description\" content=\"MRT Termin Frankfurt \u2713 Termin bequem bei Doctena online buchen! Als MRT Praxis in Frankfurt bieten wir auch eine Online-Terminbuchung an.\" \/>\n<meta name=\"robots\" content=\"index, follow, max-snippet:-1, max-image-preview:large, max-video-preview:-1\" \/>\n<link rel=\"canonical\" href=\"https:\/\/www.radiologie-dr-jung.de\/fr\/mrt-frankfurt-reservation-de-rendez-vous-en-ligne\/\" \/>\n<meta property=\"og:locale\" content=\"fr_FR\" \/>\n<meta property=\"og:type\" content=\"article\" \/>\n<meta property=\"og:title\" content=\"MRT Termin Frankfurt \u1405 Termin bequem online buchen\" \/>\n<meta property=\"og:description\" content=\"MRT Termin Frankfurt \u2713 Termin bequem bei Doctena online buchen! Als MRT Praxis in Frankfurt bieten wir auch eine Online-Terminbuchung an.\" \/>\n<meta property=\"og:url\" content=\"https:\/\/www.radiologie-dr-jung.de\/fr\/mrt-frankfurt-reservation-de-rendez-vous-en-ligne\/\" \/>\n<meta property=\"og:site_name\" content=\"Dr. Catarina Jung\" \/>\n<meta property=\"article:modified_time\" content=\"2026-02-16T11:06:05+00:00\" \/>\n<meta property=\"og:image\" content=\"https:\/\/www.radiologie-dr-jung.de\/wp-content\/uploads\/2025\/12\/0214_Jung-Terminbuchung_01.jpg\" \/>\n\t<meta property=\"og:image:width\" content=\"1000\" \/>\n\t<meta property=\"og:image:height\" content=\"800\" \/>\n\t<meta property=\"og:image:type\" content=\"image\/jpeg\" \/>\n<meta name=\"twitter:card\" content=\"summary_large_image\" \/>\n<meta name=\"twitter:label1\" content=\"Dur\u00e9e de lecture estim\u00e9e\" \/>\n\t<meta name=\"twitter:data1\" content=\"2 minutes\" \/>\n<script type=\"application\/ld+json\" class=\"yoast-schema-graph\">{\"@context\":\"https:\\\/\\\/schema.org\",\"@graph\":[{\"@type\":\"WebPage\",\"@id\":\"https:\\\/\\\/www.radiologie-dr-jung.de\\\/mrt-frankfurt-online-terminbuchung\\\/\",\"url\":\"https:\\\/\\\/www.radiologie-dr-jung.de\\\/mrt-frankfurt-online-terminbuchung\\\/\",\"name\":\"MRT Termin Frankfurt \u1405 Termin bequem online buchen\",\"isPartOf\":{\"@id\":\"https:\\\/\\\/www.radiologie-dr-jung.de\\\/#website\"},\"primaryImageOfPage\":{\"@id\":\"https:\\\/\\\/www.radiologie-dr-jung.de\\\/mrt-frankfurt-online-terminbuchung\\\/#primaryimage\"},\"image\":{\"@id\":\"https:\\\/\\\/www.radiologie-dr-jung.de\\\/mrt-frankfurt-online-terminbuchung\\\/#primaryimage\"},\"thumbnailUrl\":\"https:\\\/\\\/www.radiologie-dr-jung.de\\\/wp-content\\\/uploads\\\/2025\\\/12\\\/0214_Jung-Terminbuchung_01.jpg\",\"datePublished\":\"2025-12-08T13:09:09+00:00\",\"dateModified\":\"2026-02-16T11:06:05+00:00\",\"description\":\"MRT Termin Frankfurt \u2713 Termin bequem bei Doctena online buchen! Als MRT Praxis in Frankfurt bieten wir auch eine Online-Terminbuchung an.\",\"breadcrumb\":{\"@id\":\"https:\\\/\\\/www.radiologie-dr-jung.de\\\/mrt-frankfurt-online-terminbuchung\\\/#breadcrumb\"},\"inLanguage\":\"fr-FR\",\"potentialAction\":[{\"@type\":\"ReadAction\",\"target\":[\"https:\\\/\\\/www.radiologie-dr-jung.de\\\/mrt-frankfurt-online-terminbuchung\\\/\"]}]},{\"@type\":\"ImageObject\",\"inLanguage\":\"fr-FR\",\"@id\":\"https:\\\/\\\/www.radiologie-dr-jung.de\\\/mrt-frankfurt-online-terminbuchung\\\/#primaryimage\",\"url\":\"https:\\\/\\\/www.radiologie-dr-jung.de\\\/wp-content\\\/uploads\\\/2025\\\/12\\\/0214_Jung-Terminbuchung_01.jpg\",\"contentUrl\":\"https:\\\/\\\/www.radiologie-dr-jung.de\\\/wp-content\\\/uploads\\\/2025\\\/12\\\/0214_Jung-Terminbuchung_01.jpg\",\"width\":1000,\"height\":800,\"caption\":\"MRT Termin Frankfurt\"},{\"@type\":\"BreadcrumbList\",\"@id\":\"https:\\\/\\\/www.radiologie-dr-jung.de\\\/mrt-frankfurt-online-terminbuchung\\\/#breadcrumb\",\"itemListElement\":[{\"@type\":\"ListItem\",\"position\":1,\"name\":\"Startseite\",\"item\":\"https:\\\/\\\/www.radiologie-dr-jung.de\\\/\"},{\"@type\":\"ListItem\",\"position\":2,\"name\":\"Terminbuchung\"}]},{\"@type\":\"WebSite\",\"@id\":\"https:\\\/\\\/www.radiologie-dr-jung.de\\\/#website\",\"url\":\"https:\\\/\\\/www.radiologie-dr-jung.de\\\/\",\"name\":\"Dr. Catarina Jung\",\"description\":\"Fach\u00e4rztin f\u00fcr Diagnostische Radiologie\",\"potentialAction\":[{\"@type\":\"SearchAction\",\"target\":{\"@type\":\"EntryPoint\",\"urlTemplate\":\"https:\\\/\\\/www.radiologie-dr-jung.de\\\/?s={search_term_string}\"},\"query-input\":{\"@type\":\"PropertyValueSpecification\",\"valueRequired\":true,\"valueName\":\"search_term_string\"}}],\"inLanguage\":\"fr-FR\"}]}<\/script>\n<!-- \/ Yoast SEO plugin. -->","yoast_head_json":{"title":"Rendez-vous IRM Francfort \u1405 R\u00e9server facilement un rendez-vous en ligne","description":"IRM Francfort \u2713 R\u00e9server un rendez-vous en ligne chez Doctena, c'est facile ! En tant que cabinet d'IRM \u00e0 Francfort, nous proposons \u00e9galement la r\u00e9servation de rendez-vous en ligne.","robots":{"index":"index","follow":"follow","max-snippet":"max-snippet:-1","max-image-preview":"max-image-preview:large","max-video-preview":"max-video-preview:-1"},"canonical":"https:\/\/www.radiologie-dr-jung.de\/fr\/mrt-frankfurt-reservation-de-rendez-vous-en-ligne\/","og_locale":"fr_FR","og_type":"article","og_title":"MRT Termin Frankfurt \u1405 Termin bequem online buchen","og_description":"MRT Termin Frankfurt \u2713 Termin bequem bei Doctena online buchen! Als MRT Praxis in Frankfurt bieten wir auch eine Online-Terminbuchung an.","og_url":"https:\/\/www.radiologie-dr-jung.de\/fr\/mrt-frankfurt-reservation-de-rendez-vous-en-ligne\/","og_site_name":"Dr. Catarina Jung","article_modified_time":"2026-02-16T11:06:05+00:00","og_image":[{"width":1000,"height":800,"url":"https:\/\/www.radiologie-dr-jung.de\/wp-content\/uploads\/2025\/12\/0214_Jung-Terminbuchung_01.jpg","type":"image\/jpeg"}],"twitter_card":"summary_large_image","twitter_misc":{"Dur\u00e9e de lecture estim\u00e9e":"2 minutes"},"schema":{"@context":"https:\/\/schema.org","@graph":[{"@type":"WebPage","@id":"https:\/\/www.radiologie-dr-jung.de\/mrt-frankfurt-online-terminbuchung\/","url":"https:\/\/www.radiologie-dr-jung.de\/mrt-frankfurt-online-terminbuchung\/","name":"Rendez-vous IRM Francfort \u1405 R\u00e9server facilement un rendez-vous en ligne","isPartOf":{"@id":"https:\/\/www.radiologie-dr-jung.de\/#website"},"primaryImageOfPage":{"@id":"https:\/\/www.radiologie-dr-jung.de\/mrt-frankfurt-online-terminbuchung\/#primaryimage"},"image":{"@id":"https:\/\/www.radiologie-dr-jung.de\/mrt-frankfurt-online-terminbuchung\/#primaryimage"},"thumbnailUrl":"https:\/\/www.radiologie-dr-jung.de\/wp-content\/uploads\/2025\/12\/0214_Jung-Terminbuchung_01.jpg","datePublished":"2025-12-08T13:09:09+00:00","dateModified":"2026-02-16T11:06:05+00:00","description":"IRM Francfort \u2713 R\u00e9server un rendez-vous en ligne chez Doctena, c'est facile ! En tant que cabinet d'IRM \u00e0 Francfort, nous proposons \u00e9galement la r\u00e9servation de rendez-vous en ligne.","breadcrumb":{"@id":"https:\/\/www.radiologie-dr-jung.de\/mrt-frankfurt-online-terminbuchung\/#breadcrumb"},"inLanguage":"fr-FR","potentialAction":[{"@type":"ReadAction","target":["https:\/\/www.radiologie-dr-jung.de\/mrt-frankfurt-online-terminbuchung\/"]}]},{"@type":"ImageObject","inLanguage":"fr-FR","@id":"https:\/\/www.radiologie-dr-jung.de\/mrt-frankfurt-online-terminbuchung\/#primaryimage","url":"https:\/\/www.radiologie-dr-jung.de\/wp-content\/uploads\/2025\/12\/0214_Jung-Terminbuchung_01.jpg","contentUrl":"https:\/\/www.radiologie-dr-jung.de\/wp-content\/uploads\/2025\/12\/0214_Jung-Terminbuchung_01.jpg","width":1000,"height":800,"caption":"MRT Termin Frankfurt"},{"@type":"BreadcrumbList","@id":"https:\/\/www.radiologie-dr-jung.de\/mrt-frankfurt-online-terminbuchung\/#breadcrumb","itemListElement":[{"@type":"ListItem","position":1,"name":"Startseite","item":"https:\/\/www.radiologie-dr-jung.de\/"},{"@type":"ListItem","position":2,"name":"Terminbuchung"}]},{"@type":"WebSite","@id":"https:\/\/www.radiologie-dr-jung.de\/#website","url":"https:\/\/www.radiologie-dr-jung.de\/","name":"Dr. Catarina Jung","description":"Sp\u00e9cialiste en radiologie diagnostique","potentialAction":[{"@type":"SearchAction","target":{"@type":"EntryPoint","urlTemplate":"https:\/\/www.radiologie-dr-jung.de\/?s={search_term_string}"},"query-input":{"@type":"PropertyValueSpecification","valueRequired":true,"valueName":"search_term_string"}}],"inLanguage":"fr-FR"}]}},"_links":{"self":[{"href":"https:\/\/www.radiologie-dr-jung.de\/fr\/wp-json\/wp\/v2\/pages\/1645","targetHints":{"allow":["GET"]}}],"collection":[{"href":"https:\/\/www.radiologie-dr-jung.de\/fr\/wp-json\/wp\/v2\/pages"}],"about":[{"href":"https:\/\/www.radiologie-dr-jung.de\/fr\/wp-json\/wp\/v2\/types\/page"}],"author":[{"embeddable":true,"href":"https:\/\/www.radiologie-dr-jung.de\/fr\/wp-json\/wp\/v2\/users\/2"}],"replies":[{"embeddable":true,"href":"https:\/\/www.radiologie-dr-jung.de\/fr\/wp-json\/wp\/v2\/comments?post=1645"}],"version-history":[{"count":41,"href":"https:\/\/www.radiologie-dr-jung.de\/fr\/wp-json\/wp\/v2\/pages\/1645\/revisions"}],"predecessor-version":[{"id":2257,"href":"https:\/\/www.radiologie-dr-jung.de\/fr\/wp-json\/wp\/v2\/pages\/1645\/revisions\/2257"}],"wp:featuredmedia":[{"embeddable":true,"href":"https:\/\/www.radiologie-dr-jung.de\/fr\/wp-json\/wp\/v2\/media\/1739"}],"wp:attachment":[{"href":"https:\/\/www.radiologie-dr-jung.de\/fr\/wp-json\/wp\/v2\/media?parent=1645"}],"curies":[{"name":"wp","href":"https:\/\/api.w.org\/{rel}","templated":true}]}}