{"id":1625,"date":"2025-12-08T11:46:05","date_gmt":"2025-12-08T10:46:05","guid":{"rendered":"https:\/\/www.radiologie-dr-jung.de\/?page_id=1625"},"modified":"2026-02-25T14:19:57","modified_gmt":"2026-02-25T13:19:57","slug":"contact","status":"publish","type":"page","link":"https:\/\/www.radiologie-dr-jung.de\/fr\/kontakt\/","title":{"rendered":"Contact"},"content":{"rendered":"<section class=\"l-section wpb_row height_small\"><div class=\"l-section-h i-cf\"><div class=\"g-cols vc_row via_grid cols_2 laptops-cols_inherit tablets-cols_inherit mobiles-cols_1 valign_top type_default stacking_default\" style=\"--columns-gap:0rem;\"><div class=\"wpb_column vc_column_container\"><div class=\"vc_column-inner\"><div class=\"wpb_text_column us_custom_7d39fe36 us_animate_this\"><div class=\"wpb_wrapper\"><h1>Contact<\/h1>\n<h6>Cabinet priv\u00e9 de radiologie Dr. Catarina Jung<\/h6>\n<\/div><\/div><div class=\"w-separator size_custom\" style=\"height:2rem\"><\/div><div class=\"wpb_text_column us_custom_5d8e9ec2 us_animate_this\"><div class=\"wpb_wrapper\"><p>Vous souhaitez prendre rendez-vous en <a href=\"\/fr\/\">cabinet priv\u00e9 de radiologie du Dr. med. Catarina Jung<\/a> ou vous avez des questions sur notre offre de diagnostics ? N'h\u00e9sitez pas \u00e0 prendre contact avec nous !<\/p>\n<p>Que ce soit par t\u00e9l\u00e9phone, par e-mail ou via le formulaire de contact sur cette page, nous nous r\u00e9jouissons de votre demande. Vous y trouverez \u00e9galement des informations sur le contact, les heures de consultation, l'acc\u00e8s et la possibilit\u00e9 de r\u00e9server un rendez-vous directement en ligne. Nous nous ferons \u00e9galement un plaisir de vous r\u00e9pondre personnellement.<\/p>\n<\/div><\/div><div class=\"w-separator size_custom\" style=\"height:1.5rem\"><\/div><\/div><\/div><div class=\"wpb_column vc_column_container us_custom_e21e87b0\"><div class=\"vc_column-inner\"><div class=\"w-separator size_custom\" style=\"height:0rem\" id=\"j4b3\"><style>@media(max-width:1024px){ #j4b3{height:2rem!important}}@media(max-width:600px){ #j4b3{height:2rem!important}}<\/style><\/div><div class=\"w-html us_custom_7e791c15 us_animate_this\"><iframe loading=\"lazy\" src=\"https:\/\/www.google.com\/maps\/embed?pb=!1m14!1m8!1m3!1d10233.674076650206!2d8.66803!3d50.11589!3m2!1i1024!2i768!4f13.1!3m3!1m2!1s0x0%3A0x9453c68ad9247f42!2sRadiologische%20Privatpraxis%20Dr.%20med.%20Catarina%20Jung!5e0!3m2!1sde!2sde!4v1592398679394!5m2!1sde!2sde\" width=\"100%\" height=\"450px\" frameborder=\"0\" style=\"border:0;\" allowfullscreen=\"\" aria-hidden=\"false\" tabindex=\"0\"><\/iframe><\/div><\/div><\/div><\/div><\/div><\/section><section class=\"l-section wpb_row height_small\"><div class=\"l-section-h i-cf\"><div class=\"g-cols vc_row via_grid cols_2 laptops-cols_inherit tablets-cols_inherit mobiles-cols_1 valign_top type_default reversed stacking_default\" style=\"--columns-gap:0rem;\"><div class=\"wpb_column vc_column_container us_custom_633a3c77 type_sticky\"><div class=\"vc_column-inner\"><div class=\"w-image us_custom_24a1ce58 us_animate_this align_none\"><div class=\"w-image-h\"><img decoding=\"async\" width=\"1000\" height=\"800\" src=\"https:\/\/www.radiologie-dr-jung.de\/wp-content\/uploads\/2025\/12\/0214_Jung-Impressionen_21.jpg\" class=\"attachment-full size-full\" alt=\"Contact\" loading=\"lazy\" srcset=\"https:\/\/www.radiologie-dr-jung.de\/wp-content\/uploads\/2025\/12\/0214_Jung-Impressionen_21.jpg 1000w, https:\/\/www.radiologie-dr-jung.de\/wp-content\/uploads\/2025\/12\/0214_Jung-Impressionen_21-300x240.jpg 300w, https:\/\/www.radiologie-dr-jung.de\/wp-content\/uploads\/2025\/12\/0214_Jung-Impressionen_21-50x40.jpg 50w, https:\/\/www.radiologie-dr-jung.de\/wp-content\/uploads\/2025\/12\/0214_Jung-Impressionen_21-70x56.jpg 70w\" sizes=\"auto, (max-width: 1000px) 100vw, 1000px\" \/><\/div><\/div><div class=\"w-separator hide_on_default hide_on_laptops hide_on_tablets size_custom\" style=\"height:0\" id=\"yeed\"><style>@media(max-width:1024px){ #yeed{height:0rem!important}}@media(max-width:600px){ #yeed{height:0rem!important}}<\/style><\/div><\/div><\/div><div class=\"wpb_column vc_column_container\"><div class=\"vc_column-inner\"><div class=\"wpb_text_column us_custom_5d8e9ec2 us_animate_this\"><div class=\"wpb_wrapper\"><h4>Coordonn\u00e9es<\/h4>\n<p>Cabinet priv\u00e9 de radiologie<br \/>\nDr. med. Catarina Jung<br \/>\nc\/o Beyond Imaging<\/p>\n<p>Maison Castanea<br \/>\nBockenheimer Landstra\u00dfe 23<br \/>\n60325 Francfort-sur-le-Main<\/p>\n<p>T\u00e9l\u00e9phone : <a href=\"tel:+4969677016350\">(069) 677 016 350<\/a><br \/>\nT\u00e9l\u00e9copieur : (069) 677 016 399<\/p>\n<p><a href=\"mailto:info@radiologie-dr-jung.de\">info@radiologie-dr-jung.de<\/a><\/p>\n<h4>Heures d'ouverture<\/h4>\n<table>\n<tbody>\n<tr>\n<td>MO<\/td>\n<td>09.00 - 17.00 heures<\/td>\n<\/tr>\n<tr>\n<td>DI<\/td>\n<td>08.30 - 15.00 heures<\/td>\n<\/tr>\n<tr>\n<td>MI<\/td>\n<td>08.30 - 15.00 heures<\/td>\n<\/tr>\n<tr>\n<td>DO<\/td>\n<td>13 h 00 - 19 h 00<\/td>\n<\/tr>\n<tr>\n<td>FR<\/td>\n<td>09.00 - 14.00 heures<\/td>\n<\/tr>\n<\/tbody>\n<\/table>\n<p>et sur rendez-vous<\/p>\n<h4>Langues<\/h4>\n<p><span>Nous parlons allemand, anglais, fran\u00e7ais, portugais, turc et russe.<\/span><\/p>\n<h4>Comment trouver le cabinet<\/h4>\n<p><a href=\"https:\/\/www.radiologie-dr-jung.de\/fr\/radiologie-frankfurt\/\">Notre cabinet priv\u00e9<\/a> de radiologie se trouve au <a href=\"https:\/\/www.radiologie-dr-jung.de\/fr\/radiologue-westend\/\">Le Westend de Francfort<\/a>, dans la Bockenheimer Landstra\u00dfe 23, \u00e0 quelques minutes \u00e0 pied de la <a href=\"https:\/\/www.alteoper.de\/de\" target=\"_blank\" rel=\"noopener\">Vieil Op\u00e9ra<\/a> se trouve \u00e0 distance. Le cabinet se trouve dans le centre de diagnostic Beyond Imaging, dans la maison Castanea, et est accessible aux personnes \u00e0 mobilit\u00e9 r\u00e9duite gr\u00e2ce \u00e0 un ascenseur.<\/p>\n<p><strong>Arriv\u00e9e en voiture :<\/strong><br \/>\nSi vous arrivez en voiture, le parking de l'Opernturm dispose de suffisamment de places dans les environs. Nous nous ferons un plaisir de vous rembourser les frais de stationnement dans ce parking.<\/p>\n<p><strong>Arriv\u00e9e par les transports en commun :<\/strong><br \/>\nLes arr\u00eats suivants, situ\u00e9s \u00e0 proximit\u00e9, conviennent pour les d\u00e9placements en transports en commun :<\/p>\n<p><strong>RER :<\/strong><br \/>\nArr\u00eat Taunusanlage<\/p>\n<p><strong>M\u00e9tro (U6\/ U7) :<\/strong><br \/>\nArr\u00eat Alte Oper ou Westend<\/p>\n<p><strong>Bus (36) :<\/strong><br \/>\nArr\u00eat W\u00f6hlerstra\u00dfe<\/p>\n<\/div><\/div><div class=\"w-separator size_custom\" style=\"height:1rem\"><\/div><div class=\"w-btn-wrapper align_none\"><a class=\"w-btn us-btn-style_1 us_custom_7e20fa79 us_animate_this icon_atleft\" href=\"https:\/\/maps.app.goo.gl\/TnAAqf7KZAYmcMVA8\"><i class=\"far fa-map-marker-alt\"><\/i><span class=\"w-btn-label\">Calculer l'itin\u00e9raire<\/span><\/a><\/div><div class=\"w-separator hide_on_default hide_on_laptops hide_on_tablets size_custom\" style=\"height:0\" id=\"o48c\"><style>@media(max-width:1024px){ #o48c{height:2rem!important}}@media(max-width:600px){ #o48c{height:4rem!important}}<\/style><\/div><\/div><\/div><\/div><\/div><\/section><section class=\"l-section wpb_row height_small\"><div class=\"l-section-h i-cf\"><div class=\"g-cols vc_row via_grid cols_2 laptops-cols_inherit tablets-cols_inherit mobiles-cols_1 valign_top type_default stacking_default\" style=\"--columns-gap:0rem;\"><div class=\"wpb_column vc_column_container\"><div class=\"vc_column-inner\"><div class=\"wpb_text_column us_custom_96f8c16e us_animate_this\"><div class=\"wpb_wrapper\"><h4>Formulaire de contact<\/h4>\n<\/div><\/div><div class=\"w-separator size_custom\" style=\"height:2rem\"><\/div>\n<div class=\"wpcf7 no-js us_custom_96f8c16e us_animate_this\" id=\"wpcf7-f9-o1\" lang=\"de-DE\" dir=\"ltr\" data-wpcf7-id=\"9\">\n<div class=\"screen-reader-response\"><p role=\"status\" aria-live=\"polite\" aria-atomic=\"true\"><\/p> <ul><\/ul><\/div>\n<form action=\"\/fr\/wp-json\/wp\/v2\/pages\/1625#wpcf7-f9-o1\" method=\"post\" class=\"wpcf7-form init\" aria-label=\"Formulaire de contact\" novalidate=\"novalidate\" data-status=\"init\" data-trp-original-action=\"\/fr\/wp-json\/wp\/v2\/pages\/1625#wpcf7-f9-o1\">\n<fieldset class=\"hidden-fields-container\"><input type=\"hidden\" name=\"_wpcf7\" value=\"9\" \/><input type=\"hidden\" name=\"_wpcf7_version\" value=\"6.1.5\" \/><input type=\"hidden\" name=\"_wpcf7_locale\" value=\"de_DE\" \/><input type=\"hidden\" name=\"_wpcf7_unit_tag\" value=\"wpcf7-f9-o1\" \/><input type=\"hidden\" name=\"_wpcf7_container_post\" value=\"0\" \/><input type=\"hidden\" name=\"_wpcf7_posted_data_hash\" value=\"\" \/>\n<\/fieldset>\n<p><span class=\"wpcf7-form-control-wrap\" data-name=\"your-name\"><input size=\"40\" maxlength=\"400\" class=\"wpcf7-form-control wpcf7-text wpcf7-validates-as-required\" aria-required=\"true\" aria-invalid=\"false\" placeholder=\"Nom\" value=\"\" type=\"text\" name=\"your-name\" \/><\/span>\n<\/p>\n<p><span class=\"wpcf7-form-control-wrap\" data-name=\"your-email\"><input size=\"40\" maxlength=\"400\" class=\"wpcf7-form-control wpcf7-email wpcf7-validates-as-required wpcf7-text wpcf7-validates-as-email\" aria-required=\"true\" aria-invalid=\"false\" placeholder=\"Adresse \u00e9lectronique\" value=\"\" type=\"email\" name=\"your-email\" \/><\/span>\n<\/p>\n<p><span class=\"wpcf7-form-control-wrap\" data-name=\"your-phone\"><input size=\"40\" maxlength=\"400\" class=\"wpcf7-form-control wpcf7-tel wpcf7-validates-as-required wpcf7-text wpcf7-validates-as-tel\" aria-required=\"true\" aria-invalid=\"false\" placeholder=\"Num\u00e9ro de t\u00e9l\u00e9phone\" value=\"\" type=\"tel\" name=\"your-phone\" \/><\/span>\n<\/p>\n<p><span class=\"wpcf7-form-control-wrap\" data-name=\"your-message\"><textarea cols=\"40\" rows=\"10\" maxlength=\"2000\" class=\"wpcf7-form-control wpcf7-textarea\" aria-invalid=\"false\" placeholder=\"Message\" name=\"your-message\"><\/textarea><\/span>\n<\/p>\n<p><label style=\"font-size:15px;\"><span class=\"wpcf7-form-control-wrap\" data-name=\"acceptance-363\"><span class=\"wpcf7-form-control wpcf7-acceptance\"><span class=\"wpcf7-list-item\"><label><input type=\"checkbox\" name=\"acceptance-363\" value=\"1\" aria-invalid=\"false\" \/><span class=\"wpcf7-list-item-label\">J'accepte que mes donn\u00e9es soient trait\u00e9es et enregistr\u00e9es pour me contacter. Le site <a href=\"\/fr\/protection-des-donnees\/\"><b style=\"color:#37bde5;\">Note d'information sur la protection des donn\u00e9es<\/b><\/a> j'ai pu prendre connaissance. Le consentement peut \u00eatre r\u00e9voqu\u00e9 \u00e0 tout moment avec effet pour l'avenir. Pour cela, il suffit d'envoyer un bref courriel \u00e0 <b><a href=\"mailto:info@radiologie-dr-jung.de\">info@radiologie-dr-jung.de<\/a><\/b> envoyer. Veuillez lire le <a href=\"\/fr\/protection-des-donnees\/\"><b style=\"color:#37bde5;\">Note d'information sur la protection des donn\u00e9es<\/b><\/a> pour plus d'informations.<\/span><\/label><\/span><\/span><\/span><br \/>\n<input class=\"wpcf7-form-control wpcf7-submit has-spinner\" type=\"submit\" value=\"Envoyer\" \/><\/label>\n<\/p><div class=\"wpcf7-response-output\" aria-hidden=\"true\"><\/div>\n<input type=\"hidden\" name=\"trp-form-language\" value=\"fr\"\/><\/form>\n<\/div>\n<\/div><\/div><div class=\"wpb_column vc_column_container us_custom_af54450f type_sticky\"><div class=\"vc_column-inner\"><div class=\"w-separator size_custom\" style=\"height:0rem\" id=\"d4d1\"><style>@media(max-width:1024px){ #d4d1{height:2rem!important}}@media(max-width:600px){ #d4d1{height:4rem!important}}<\/style><\/div><div class=\"w-image us_custom_f84c865d us_animate_this align_none\"><div class=\"w-image-h\"><img decoding=\"async\" width=\"1000\" height=\"800\" src=\"https:\/\/www.radiologie-dr-jung.de\/wp-content\/uploads\/2025\/12\/0214_Jung-Impressionen_20.jpg\" class=\"attachment-full size-full\" alt=\"Contact\" loading=\"lazy\" srcset=\"https:\/\/www.radiologie-dr-jung.de\/wp-content\/uploads\/2025\/12\/0214_Jung-Impressionen_20.jpg 1000w, https:\/\/www.radiologie-dr-jung.de\/wp-content\/uploads\/2025\/12\/0214_Jung-Impressionen_20-300x240.jpg 300w, https:\/\/www.radiologie-dr-jung.de\/wp-content\/uploads\/2025\/12\/0214_Jung-Impressionen_20-50x40.jpg 50w, https:\/\/www.radiologie-dr-jung.de\/wp-content\/uploads\/2025\/12\/0214_Jung-Impressionen_20-70x56.jpg 70w\" sizes=\"auto, (max-width: 1000px) 100vw, 1000px\" \/><\/div><\/div><div class=\"w-separator size_custom\" style=\"height:4rem\" id=\"la0d\"><style>@media(max-width:1024px){ #la0d{height:2rem!important}}@media(max-width:600px){ #la0d{height:2rem!important}}<\/style><\/div><\/div><\/div><\/div><\/div><\/section>","protected":false},"excerpt":{"rendered":"Contact Cabinet priv\u00e9 de radiologie du Dr Catarina Jung Vous souhaitez prendre rendez-vous dans le cabinet priv\u00e9 de radiologie du Dr Catarina Jung ou vous avez des questions sur notre offre de diagnostics ? Alors prenez contact avec nous ! Que ce soit par t\u00e9l\u00e9phone, par e-mail ou via le formulaire de contact sur cette page, nous nous r\u00e9jouissons de votre demande. En outre, vous trouverez ici...","protected":false},"author":2,"featured_media":1816,"parent":0,"menu_order":0,"comment_status":"closed","ping_status":"closed","template":"","meta":{"footnotes":""},"class_list":["post-1625","page","type-page","status-publish","has-post-thumbnail","hentry"],"yoast_head":"<!-- This site is optimized with the Yoast SEO plugin v27.3 - https:\/\/yoast.com\/product\/yoast-seo-wordpress\/ -->\n<title>Kontakt \u1405 Radiologische Privatpraxis Dr. Catarina Jung<\/title>\n<meta name=\"description\" content=\"Kontakt \u2713 Haben Sie Fragen zu Ihrer MRT Untersuchung in Frankfurt? Wir sind f\u00fcr Sie da und beraten Sie gerne pers\u00f6nlich zu Ihrem Anliegen.\" \/>\n<meta name=\"robots\" content=\"index, follow, max-snippet:-1, max-image-preview:large, max-video-preview:-1\" \/>\n<link rel=\"canonical\" href=\"https:\/\/www.radiologie-dr-jung.de\/fr\/contact\/\" \/>\n<meta property=\"og:locale\" content=\"fr_FR\" \/>\n<meta property=\"og:type\" content=\"article\" \/>\n<meta property=\"og:title\" content=\"Kontakt \u1405 Radiologische Privatpraxis Dr. Catarina Jung\" \/>\n<meta property=\"og:description\" content=\"Kontakt \u2713 Haben Sie Fragen zu Ihrer MRT Untersuchung in Frankfurt? Wir sind f\u00fcr Sie da und beraten Sie gerne pers\u00f6nlich zu Ihrem Anliegen.\" \/>\n<meta property=\"og:url\" content=\"https:\/\/www.radiologie-dr-jung.de\/fr\/contact\/\" \/>\n<meta property=\"og:site_name\" content=\"Dr. Catarina Jung\" \/>\n<meta property=\"article:modified_time\" content=\"2026-02-25T13:19:57+00:00\" \/>\n<meta property=\"og:image\" content=\"https:\/\/www.radiologie-dr-jung.de\/wp-content\/uploads\/2025\/12\/0214_Jung-Impressionen_20.jpg\" \/>\n\t<meta property=\"og:image:width\" content=\"1000\" \/>\n\t<meta property=\"og:image:height\" content=\"800\" \/>\n\t<meta property=\"og:image:type\" content=\"image\/jpeg\" \/>\n<meta name=\"twitter:card\" content=\"summary_large_image\" \/>\n<meta name=\"twitter:label1\" content=\"Dur\u00e9e de lecture estim\u00e9e\" \/>\n\t<meta name=\"twitter:data1\" content=\"3 minutes\" \/>\n<script type=\"application\/ld+json\" class=\"yoast-schema-graph\">{\"@context\":\"https:\\\/\\\/schema.org\",\"@graph\":[{\"@type\":\"WebPage\",\"@id\":\"https:\\\/\\\/www.radiologie-dr-jung.de\\\/kontakt\\\/\",\"url\":\"https:\\\/\\\/www.radiologie-dr-jung.de\\\/kontakt\\\/\",\"name\":\"Kontakt \u1405 Radiologische Privatpraxis Dr. Catarina Jung\",\"isPartOf\":{\"@id\":\"https:\\\/\\\/www.radiologie-dr-jung.de\\\/#website\"},\"primaryImageOfPage\":{\"@id\":\"https:\\\/\\\/www.radiologie-dr-jung.de\\\/kontakt\\\/#primaryimage\"},\"image\":{\"@id\":\"https:\\\/\\\/www.radiologie-dr-jung.de\\\/kontakt\\\/#primaryimage\"},\"thumbnailUrl\":\"https:\\\/\\\/www.radiologie-dr-jung.de\\\/wp-content\\\/uploads\\\/2025\\\/12\\\/0214_Jung-Impressionen_20.jpg\",\"datePublished\":\"2025-12-08T10:46:05+00:00\",\"dateModified\":\"2026-02-25T13:19:57+00:00\",\"description\":\"Kontakt \u2713 Haben Sie Fragen zu Ihrer MRT Untersuchung in Frankfurt? Wir sind f\u00fcr Sie da und beraten Sie gerne pers\u00f6nlich zu Ihrem Anliegen.\",\"breadcrumb\":{\"@id\":\"https:\\\/\\\/www.radiologie-dr-jung.de\\\/kontakt\\\/#breadcrumb\"},\"inLanguage\":\"fr-FR\",\"potentialAction\":[{\"@type\":\"ReadAction\",\"target\":[\"https:\\\/\\\/www.radiologie-dr-jung.de\\\/kontakt\\\/\"]}]},{\"@type\":\"ImageObject\",\"inLanguage\":\"fr-FR\",\"@id\":\"https:\\\/\\\/www.radiologie-dr-jung.de\\\/kontakt\\\/#primaryimage\",\"url\":\"https:\\\/\\\/www.radiologie-dr-jung.de\\\/wp-content\\\/uploads\\\/2025\\\/12\\\/0214_Jung-Impressionen_20.jpg\",\"contentUrl\":\"https:\\\/\\\/www.radiologie-dr-jung.de\\\/wp-content\\\/uploads\\\/2025\\\/12\\\/0214_Jung-Impressionen_20.jpg\",\"width\":1000,\"height\":800,\"caption\":\"Kontakt\"},{\"@type\":\"BreadcrumbList\",\"@id\":\"https:\\\/\\\/www.radiologie-dr-jung.de\\\/kontakt\\\/#breadcrumb\",\"itemListElement\":[{\"@type\":\"ListItem\",\"position\":1,\"name\":\"Startseite\",\"item\":\"https:\\\/\\\/www.radiologie-dr-jung.de\\\/\"},{\"@type\":\"ListItem\",\"position\":2,\"name\":\"Kontakt\"}]},{\"@type\":\"WebSite\",\"@id\":\"https:\\\/\\\/www.radiologie-dr-jung.de\\\/#website\",\"url\":\"https:\\\/\\\/www.radiologie-dr-jung.de\\\/\",\"name\":\"Dr. Catarina Jung\",\"description\":\"Fach\u00e4rztin f\u00fcr Diagnostische Radiologie\",\"potentialAction\":[{\"@type\":\"SearchAction\",\"target\":{\"@type\":\"EntryPoint\",\"urlTemplate\":\"https:\\\/\\\/www.radiologie-dr-jung.de\\\/?s={search_term_string}\"},\"query-input\":{\"@type\":\"PropertyValueSpecification\",\"valueRequired\":true,\"valueName\":\"search_term_string\"}}],\"inLanguage\":\"fr-FR\"}]}<\/script>\n<!-- \/ Yoast SEO plugin. -->","yoast_head_json":{"title":"Contact \u1405 Cabinet priv\u00e9 de radiologie Dr. Catarina Jung","description":"Contact \u2713 Vous avez des questions concernant votre examen IRM \u00e0 Francfort ? Nous sommes \u00e0 votre disposition pour vous conseiller personnellement sur votre demande.","robots":{"index":"index","follow":"follow","max-snippet":"max-snippet:-1","max-image-preview":"max-image-preview:large","max-video-preview":"max-video-preview:-1"},"canonical":"https:\/\/www.radiologie-dr-jung.de\/fr\/contact\/","og_locale":"fr_FR","og_type":"article","og_title":"Kontakt \u1405 Radiologische Privatpraxis Dr. Catarina Jung","og_description":"Kontakt \u2713 Haben Sie Fragen zu Ihrer MRT Untersuchung in Frankfurt? Wir sind f\u00fcr Sie da und beraten Sie gerne pers\u00f6nlich zu Ihrem Anliegen.","og_url":"https:\/\/www.radiologie-dr-jung.de\/fr\/contact\/","og_site_name":"Dr. Catarina Jung","article_modified_time":"2026-02-25T13:19:57+00:00","og_image":[{"width":1000,"height":800,"url":"https:\/\/www.radiologie-dr-jung.de\/wp-content\/uploads\/2025\/12\/0214_Jung-Impressionen_20.jpg","type":"image\/jpeg"}],"twitter_card":"summary_large_image","twitter_misc":{"Dur\u00e9e de lecture estim\u00e9e":"3 minutes"},"schema":{"@context":"https:\/\/schema.org","@graph":[{"@type":"WebPage","@id":"https:\/\/www.radiologie-dr-jung.de\/kontakt\/","url":"https:\/\/www.radiologie-dr-jung.de\/kontakt\/","name":"Contact \u1405 Cabinet priv\u00e9 de radiologie Dr. Catarina Jung","isPartOf":{"@id":"https:\/\/www.radiologie-dr-jung.de\/#website"},"primaryImageOfPage":{"@id":"https:\/\/www.radiologie-dr-jung.de\/kontakt\/#primaryimage"},"image":{"@id":"https:\/\/www.radiologie-dr-jung.de\/kontakt\/#primaryimage"},"thumbnailUrl":"https:\/\/www.radiologie-dr-jung.de\/wp-content\/uploads\/2025\/12\/0214_Jung-Impressionen_20.jpg","datePublished":"2025-12-08T10:46:05+00:00","dateModified":"2026-02-25T13:19:57+00:00","description":"Contact \u2713 Vous avez des questions concernant votre examen IRM \u00e0 Francfort ? Nous sommes \u00e0 votre disposition pour vous conseiller personnellement sur votre demande.","breadcrumb":{"@id":"https:\/\/www.radiologie-dr-jung.de\/kontakt\/#breadcrumb"},"inLanguage":"fr-FR","potentialAction":[{"@type":"ReadAction","target":["https:\/\/www.radiologie-dr-jung.de\/kontakt\/"]}]},{"@type":"ImageObject","inLanguage":"fr-FR","@id":"https:\/\/www.radiologie-dr-jung.de\/kontakt\/#primaryimage","url":"https:\/\/www.radiologie-dr-jung.de\/wp-content\/uploads\/2025\/12\/0214_Jung-Impressionen_20.jpg","contentUrl":"https:\/\/www.radiologie-dr-jung.de\/wp-content\/uploads\/2025\/12\/0214_Jung-Impressionen_20.jpg","width":1000,"height":800,"caption":"Kontakt"},{"@type":"BreadcrumbList","@id":"https:\/\/www.radiologie-dr-jung.de\/kontakt\/#breadcrumb","itemListElement":[{"@type":"ListItem","position":1,"name":"Startseite","item":"https:\/\/www.radiologie-dr-jung.de\/"},{"@type":"ListItem","position":2,"name":"Kontakt"}]},{"@type":"WebSite","@id":"https:\/\/www.radiologie-dr-jung.de\/#website","url":"https:\/\/www.radiologie-dr-jung.de\/","name":"Dr. Catarina Jung","description":"Sp\u00e9cialiste en radiologie diagnostique","potentialAction":[{"@type":"SearchAction","target":{"@type":"EntryPoint","urlTemplate":"https:\/\/www.radiologie-dr-jung.de\/?s={search_term_string}"},"query-input":{"@type":"PropertyValueSpecification","valueRequired":true,"valueName":"search_term_string"}}],"inLanguage":"fr-FR"}]}},"_links":{"self":[{"href":"https:\/\/www.radiologie-dr-jung.de\/fr\/wp-json\/wp\/v2\/pages\/1625","targetHints":{"allow":["GET"]}}],"collection":[{"href":"https:\/\/www.radiologie-dr-jung.de\/fr\/wp-json\/wp\/v2\/pages"}],"about":[{"href":"https:\/\/www.radiologie-dr-jung.de\/fr\/wp-json\/wp\/v2\/types\/page"}],"author":[{"embeddable":true,"href":"https:\/\/www.radiologie-dr-jung.de\/fr\/wp-json\/wp\/v2\/users\/2"}],"replies":[{"embeddable":true,"href":"https:\/\/www.radiologie-dr-jung.de\/fr\/wp-json\/wp\/v2\/comments?post=1625"}],"version-history":[{"count":15,"href":"https:\/\/www.radiologie-dr-jung.de\/fr\/wp-json\/wp\/v2\/pages\/1625\/revisions"}],"predecessor-version":[{"id":2299,"href":"https:\/\/www.radiologie-dr-jung.de\/fr\/wp-json\/wp\/v2\/pages\/1625\/revisions\/2299"}],"wp:featuredmedia":[{"embeddable":true,"href":"https:\/\/www.radiologie-dr-jung.de\/fr\/wp-json\/wp\/v2\/media\/1816"}],"wp:attachment":[{"href":"https:\/\/www.radiologie-dr-jung.de\/fr\/wp-json\/wp\/v2\/media?parent=1625"}],"curies":[{"name":"wp","href":"https:\/\/api.w.org\/{rel}","templated":true}]}}