{"id":1569,"date":"2025-12-08T10:10:12","date_gmt":"2025-12-08T09:10:12","guid":{"rendered":"https:\/\/www.radiologie-dr-jung.de\/?page_id=1569"},"modified":"2026-02-20T18:30:57","modified_gmt":"2026-02-20T17:30:57","slug":"mrt-a-francfort","status":"publish","type":"page","link":"https:\/\/www.radiologie-dr-jung.de\/fr\/mrt-in-frankfurt\/","title":{"rendered":"\u1405 IRM de Francfort"},"content":{"rendered":"<section class=\"l-section wpb_row height_small\"><div class=\"l-section-h i-cf\"><div class=\"g-cols vc_row via_grid cols_2 laptops-cols_inherit tablets-cols_inherit mobiles-cols_1 valign_top type_default stacking_default\" style=\"--columns-gap:0rem;\"><div class=\"wpb_column vc_column_container\"><div class=\"vc_column-inner\"><div class=\"wpb_text_column us_custom_7d39fe36 us_animate_this\"><div class=\"wpb_wrapper\"><h1>IRM de Francfort<\/h1>\n<h6>Dans le cabinet priv\u00e9 du Dr Catarina Jung<\/h6>\n<\/div><\/div><div class=\"w-separator size_custom\" style=\"height:2rem\"><\/div><div class=\"wpb_text_column us_custom_5d8e9ec2 us_animate_this\"><div class=\"wpb_wrapper\"><p>Les patients de Francfort et des environs qui ont besoin d'un examen IRM sont entre de bonnes mains dans le cabinet priv\u00e9 de radiologie du Dr Catarina Jung. L'imagerie par r\u00e9sonance magn\u00e9tique (IRM) est consid\u00e9r\u00e9e comme une m\u00e9thode de diagnostic innovante et tr\u00e8s s\u00fbre en radiologie. Elle permet d'obtenir des images en coupes tr\u00e8s nettes de presque toutes les r\u00e9gions du corps.<\/p>\n<\/div><\/div><div class=\"w-separator size_custom\" style=\"height:1.5rem\"><\/div><\/div><\/div><div class=\"wpb_column vc_column_container us_custom_e21e87b0\"><div class=\"vc_column-inner\"><div class=\"w-separator size_custom\" style=\"height:0rem\" id=\"q523\"><style>@media(max-width:1024px){ #q523{height:2rem!important}}@media(max-width:600px){ #q523{height:2rem!important}}<\/style><\/div><div class=\"w-image us_custom_837d9be0 us_animate_this align_none\"><div class=\"w-image-h\"><img decoding=\"async\" width=\"1000\" height=\"800\" src=\"https:\/\/www.radiologie-dr-jung.de\/wp-content\/uploads\/2025\/12\/0214_MRT-in-Frankfurt_01.jpg\" class=\"attachment-full size-full\" alt=\"IRM \u00e0 Francfort\" loading=\"lazy\" srcset=\"https:\/\/www.radiologie-dr-jung.de\/wp-content\/uploads\/2025\/12\/0214_MRT-in-Frankfurt_01.jpg 1000w, https:\/\/www.radiologie-dr-jung.de\/wp-content\/uploads\/2025\/12\/0214_MRT-in-Frankfurt_01-300x240.jpg 300w, https:\/\/www.radiologie-dr-jung.de\/wp-content\/uploads\/2025\/12\/0214_MRT-in-Frankfurt_01-50x40.jpg 50w, https:\/\/www.radiologie-dr-jung.de\/wp-content\/uploads\/2025\/12\/0214_MRT-in-Frankfurt_01-70x56.jpg 70w\" sizes=\"auto, (max-width: 1000px) 100vw, 1000px\" \/><\/div><\/div><\/div><\/div><\/div><\/div><\/section><section class=\"l-section wpb_row height_small\"><div class=\"l-section-h i-cf\"><div class=\"g-cols vc_row via_grid cols_2 laptops-cols_inherit tablets-cols_inherit mobiles-cols_1 valign_top type_default reversed stacking_default\" style=\"--columns-gap:0rem;\"><div class=\"wpb_column vc_column_container us_custom_633a3c77 type_sticky\"><div class=\"vc_column-inner\"><div class=\"w-image us_custom_24a1ce58 us_animate_this align_none\"><div class=\"w-image-h\"><img decoding=\"async\" width=\"800\" height=\"1000\" src=\"https:\/\/www.radiologie-dr-jung.de\/wp-content\/uploads\/2025\/12\/0214_Jung-Impressionen_06.jpg\" class=\"attachment-full size-full\" alt=\"IRM \u00e0 Francfort\" loading=\"lazy\" srcset=\"https:\/\/www.radiologie-dr-jung.de\/wp-content\/uploads\/2025\/12\/0214_Jung-Impressionen_06.jpg 800w, https:\/\/www.radiologie-dr-jung.de\/wp-content\/uploads\/2025\/12\/0214_Jung-Impressionen_06-240x300.jpg 240w, https:\/\/www.radiologie-dr-jung.de\/wp-content\/uploads\/2025\/12\/0214_Jung-Impressionen_06-40x50.jpg 40w, https:\/\/www.radiologie-dr-jung.de\/wp-content\/uploads\/2025\/12\/0214_Jung-Impressionen_06-56x70.jpg 56w\" sizes=\"auto, (max-width: 800px) 100vw, 800px\" \/><\/div><\/div><div class=\"w-separator hide_on_default hide_on_laptops hide_on_tablets size_custom\" style=\"height:0\" id=\"f1d3\"><style>@media(max-width:1024px){ #f1d3{height:0rem!important}}@media(max-width:600px){ #f1d3{height:0rem!important}}<\/style><\/div><\/div><\/div><div class=\"wpb_column vc_column_container\"><div class=\"vc_column-inner\"><div class=\"wpb_text_column us_custom_5d8e9ec2 us_animate_this\"><div class=\"wpb_wrapper\"><h4>IRM Francfort : Qu'est-ce que l'imagerie par r\u00e9sonance magn\u00e9tique (IRM) ?<\/h4>\n<p>L'abr\u00e9viation IRM signifie <a href=\"https:\/\/www.radiologie-dr-jung.de\/fr\/mrt-frankfurt\/\">Imagerie par r\u00e9sonance magn\u00e9tique<\/a> et est \u00e9galement appel\u00e9e imagerie par r\u00e9sonance magn\u00e9tique (IRM) ou plus couramment IRM. L'IRM est une technique d'imagerie.<\/p>\n<p>Des images en coupe de l'int\u00e9rieur du corps sont produites \u00e0 l'aide d'un ordinateur, d'un champ magn\u00e9tique puissant, de champs alternatifs suppl\u00e9mentaires et d'antennes de mesure. Ces images sont g\u00e9n\u00e9ralement tr\u00e8s d\u00e9taill\u00e9es et peuvent m\u00eame repr\u00e9senter de petites modifications qui se produisent dans le corps. L'IRM permet d'obtenir des images de n'importe quel plan du corps sous diff\u00e9rentes vues : en travers du corps, dans le sens de la longueur et en oblique.<\/p>\n<h4>IRM Francfort : Quand utilise-t-on l'imagerie par r\u00e9sonance magn\u00e9tique ?<\/h4>\n<p>L'IRM est une technique d'imagerie diagnostique utilis\u00e9e par les m\u00e9decins pour d\u00e9tecter ou exclure les maladies ou les blessures les plus diverses (par ex. degr\u00e9 d'arthrose, fractures, h\u00e9morragies, inflammations, modifications vasculaires et st\u00e9noses, \u00e9tirements et d\u00e9chirures de ligaments et de tendons).<\/p>\n<p>En outre, l'IRM est \u00e9galement utilis\u00e9e pour le diagnostic des tumeurs. Cela signifie que la suspicion de cancer peut \u00eatre confirm\u00e9e ou, dans le meilleur des cas, exclue. L'IRM permet \u00e9galement de d\u00e9tecter d'\u00e9ventuelles m\u00e9tastases, c'est-\u00e0-dire des tumeurs secondaires d'une tumeur. L'IRM permet \u00e9galement de contr\u00f4ler et d'\u00e9valuer le d\u00e9roulement d'un traitement m\u00e9dical.<\/p>\n<h4>IRM Francfort : quelles parties du corps peuvent \u00eatre visualis\u00e9es ?<\/h4>\n<p>L'imagerie par r\u00e9sonance magn\u00e9tique (IRM) peut \u00eatre utilis\u00e9e pour diagnostiquer des maladies et des troubles fonctionnels dans toutes les parties du corps. Les principaux domaines d'application de notre <a href=\"https:\/\/www.radiologie-dr-jung.de\/fr\/\">IRM \u00e0 Francfort<\/a> sont<\/p>\n<ul>\n<li><strong>IRM de la t\u00eate<\/strong><br \/>\nNeurocr\u00e2ne (t\u00eate), t\u00eate et colonne cervicale, articulations temporo-mandibulaires, sinus, parties molles du cou<\/li>\n<li><strong>IRM du torse et du squelette axial<\/strong><br \/>\nColonne cervicale, \u00e9paule, clavicule, colonne vert\u00e9brale thoracique, cage thoracique, colonne vert\u00e9brale lombaire, sternum, coccyx, bras, coude, avant-bras, poignet, m\u00e9tacarpe et doigts<\/li>\n<li><strong>IRM de l'abdomen<\/strong><br \/>\nAbdomen sup\u00e9rieur, abdomen inf\u00e9rieur, abdomen sup\u00e9rieur et inf\u00e9rieur, (avec changement de position)<\/li>\n<li><strong>IRM des jambes et des pieds<\/strong><br \/>\nArticulation de la hanche, cuisse, genou, jambe, cheville, tendon d'Achille, pied<\/li>\n<li><strong>Examens IRM sp\u00e9ciaux<\/strong><br \/>\nAngiographie des vaisseaux de la t\u00eate, visualisation des vaisseaux du cou, angiographie de l'art\u00e8re principale et des vaisseaux r\u00e9naux<\/li>\n<\/ul>\n<p>Pour plus d'informations, consultez notre aper\u00e7u des <a href=\"\/fr\/regions-dexamen-mrt\/\">R\u00e9gions \u00e9tudi\u00e9es<\/a>.<\/p>\n<\/div><\/div><div class=\"w-separator hide_on_default hide_on_laptops hide_on_tablets size_custom\" style=\"height:0\" id=\"g577\"><style>@media(max-width:1024px){ #g577{height:2rem!important}}@media(max-width:600px){ #g577{height:4rem!important}}<\/style><\/div><\/div><\/div><\/div><\/div><\/section><section class=\"l-section wpb_row height_small\"><div class=\"l-section-h i-cf\"><div class=\"g-cols vc_row via_grid cols_2 laptops-cols_inherit tablets-cols_inherit mobiles-cols_1 valign_top type_default stacking_default\" style=\"--columns-gap:0rem;\"><div class=\"wpb_column vc_column_container\"><div class=\"vc_column-inner\"><div class=\"wpb_text_column us_custom_96f8c16e us_animate_this\"><div class=\"wpb_wrapper\"><h4>Avantages de notre examen IRM \u00e0 Francfort<\/h4>\n<ul>\n<li>Proc\u00e9d\u00e9 d'examen doux et indolore <a href=\"\/fr\/rayonnement-mrt\/\">sans exposition aux radiations<\/a>, Les examens fr\u00e9quents sont donc sans danger<\/li>\n<li>Utilisation sans risque pour <a href=\"https:\/\/www.radiologie-dr-jung.de\/fr\/mrt-enfants-francfort\/\">Enfants<\/a> en raison de l'absence d'exposition aux radiations<\/li>\n<li>Examen d\u00e9taill\u00e9 des organes, des articulations, des vaisseaux sanguins, des os et des tissus, dans n'importe quel plan et direction de coupe<\/li>\n<li>Excellente repr\u00e9sentation des vaisseaux sans recours \u00e0 des m\u00e9thodes invasives<\/li>\n<li>Contraste \u00e9lev\u00e9 entre les tissus sains et les modifications pathologiques<\/li>\n<li>Les diagnostics peuvent \u00eatre pos\u00e9s en peu de temps<\/li>\n<li>Possibilit\u00e9 de passer \u00e0 l'IRM si un patient ne supporte pas les produits de contraste iod\u00e9s (comme cela peut \u00eatre n\u00e9cessaire pour le scanner)<\/li>\n<li>Des rendez-vous rapides pour des examens IRM \u00e0 Francfort sans attente dans le cabinet m\u00e9dical<\/li>\n<li>Temps d'examen court gr\u00e2ce \u00e0 une technologie optimis\u00e9e<\/li>\n<\/ul>\n<h4>IRM dans le cabinet de radiologie du Dr. med. Catarina Jung \u00e0 Francfort<\/h4>\n<p>Le site <a href=\"https:\/\/www.radiologie-dr-jung.de\/fr\/\">Cabinet priv\u00e9 de radiologie<\/a> du Dr. med. Catarina Jung se trouve dans la maison Castanea, tout pr\u00e8s de l'ancien Op\u00e9ra. Le site <a href=\"https:\/\/www.radiologie-dr-jung.de\/fr\/radiologie-frankfurt\/\">Salles de consultation<\/a> au sein du centre de diagnostic Beyond Imaging sont accessibles aux personnes \u00e0 mobilit\u00e9 r\u00e9duite et desservies par un ascenseur.<\/p>\n<p>La pratique de <a href=\"https:\/\/www.radiologie-dr-jung.de\/fr\/radiologue-frankfurt\/\">Dr. Jung<\/a> n'est pas qualifi\u00e9 de cabinet sp\u00e9cialis\u00e9 en IRM \u00e0 Francfort pour rien : Gr\u00e2ce \u00e0 une technique ultramoderne, les examens IRM sont possibles m\u00eame pour les patients ob\u00e8ses ou souffrant de troubles de la vision. <a href=\"https:\/\/www.radiologie-dr-jung.de\/fr\/mrt-ouvert-francfort\/\">Claustrophobie<\/a> est possible sans probl\u00e8me, car l'appareil, avec un diam\u00e8tre de tube de 70 cm, est plus large que les appareils habituels. De plus, gr\u00e2ce \u00e0 l'aimant tr\u00e8s court, de nombreux examens peuvent \u00eatre effectu\u00e9s lorsque la t\u00eate du patient se trouve en dehors du tube. Un \u00e9clairage MoodLight et une musique individuelle de votre choix garantissent une atmosph\u00e8re de bien-\u00eatre pendant l'examen.<\/p>\n<p>L'IRM moderne n'offre pas seulement un confort \u00e0 tous les patients, elle convainc aussi et surtout par ses performances techniques : elle fournit une excellente qualit\u00e9 d'image et donc une tr\u00e8s grande s\u00e9curit\u00e9 de diagnostic. Le site <a href=\"https:\/\/www.radiologie-dr-jung.de\/fr\/voir-les-images-mrt\/\">Images IRM<\/a> sont remis sous forme de CD-ROM apr\u00e8s l'examen et peuvent \u00eatre transmis sous forme num\u00e9rique au m\u00e9decin sp\u00e9cialiste qui poursuit le traitement gr\u00e2ce aux archives web s\u00e9curis\u00e9es.<\/p>\n<\/div><\/div><\/div><\/div><div class=\"wpb_column vc_column_container us_custom_af54450f type_sticky\"><div class=\"vc_column-inner\"><div class=\"w-separator size_custom\" style=\"height:0rem\" id=\"jf49\"><style>@media(max-width:1024px){ #jf49{height:2rem!important}}@media(max-width:600px){ #jf49{height:4rem!important}}<\/style><\/div><div class=\"w-image us_custom_f84c865d us_animate_this align_none\"><div class=\"w-image-h\"><img decoding=\"async\" width=\"1000\" height=\"800\" src=\"https:\/\/www.radiologie-dr-jung.de\/wp-content\/uploads\/2025\/12\/0214_Jung-Impressionen_14.jpg\" class=\"attachment-full size-full\" alt=\"IRM \u00e0 Francfort\" loading=\"lazy\" srcset=\"https:\/\/www.radiologie-dr-jung.de\/wp-content\/uploads\/2025\/12\/0214_Jung-Impressionen_14.jpg 1000w, https:\/\/www.radiologie-dr-jung.de\/wp-content\/uploads\/2025\/12\/0214_Jung-Impressionen_14-300x240.jpg 300w, https:\/\/www.radiologie-dr-jung.de\/wp-content\/uploads\/2025\/12\/0214_Jung-Impressionen_14-50x40.jpg 50w, https:\/\/www.radiologie-dr-jung.de\/wp-content\/uploads\/2025\/12\/0214_Jung-Impressionen_14-70x56.jpg 70w\" sizes=\"auto, (max-width: 1000px) 100vw, 1000px\" \/><\/div><\/div><div class=\"w-separator size_custom\" style=\"height:4rem\" id=\"y488\"><style>@media(max-width:1024px){ #y488{height:2rem!important}}@media(max-width:600px){ #y488{height:2rem!important}}<\/style><\/div><\/div><\/div><\/div><\/div><\/section>","protected":false},"excerpt":{"rendered":"IRM Francfort Dans le cabinet priv\u00e9 du Dr Catarina Jung Les patients de Francfort et des environs qui ont besoin d'un examen IRM sont entre de bonnes mains dans le cabinet priv\u00e9 de radiologie du Dr Catarina Jung. L'imagerie par r\u00e9sonance magn\u00e9tique (IRM) est consid\u00e9r\u00e9e comme une m\u00e9thode de diagnostic innovante et tr\u00e8s s\u00fbre en radiologie. Elle permet d'obtenir des images en coupe d'une grande...","protected":false},"author":2,"featured_media":1776,"parent":0,"menu_order":0,"comment_status":"closed","ping_status":"closed","template":"","meta":{"footnotes":""},"class_list":["post-1569","page","type-page","status-publish","has-post-thumbnail","hentry"],"yoast_head":"<!-- This site is optimized with the Yoast SEO plugin v27.3 - https:\/\/yoast.com\/product\/yoast-seo-wordpress\/ -->\n<title>MRT in Frankfurt \u1405 Radiologie Frankfurt, Dr. Catarina Jung<\/title>\n<meta name=\"description\" content=\"MRT in Frankfurt \u2713 Patienten in und um Frankfurt, die eine MRT Untersuchung ben\u00f6tigen, sind bei Dr. med. Catarina Jung bestens aufgehoben.\" \/>\n<meta name=\"robots\" content=\"index, follow, max-snippet:-1, max-image-preview:large, max-video-preview:-1\" \/>\n<link rel=\"canonical\" href=\"https:\/\/www.radiologie-dr-jung.de\/fr\/mrt-a-francfort\/\" \/>\n<meta property=\"og:locale\" content=\"fr_FR\" \/>\n<meta property=\"og:type\" content=\"article\" \/>\n<meta property=\"og:title\" content=\"MRT in Frankfurt \u1405 Radiologie Frankfurt, Dr. Catarina Jung\" \/>\n<meta property=\"og:description\" content=\"MRT in Frankfurt \u2713 Patienten in und um Frankfurt, die eine MRT Untersuchung ben\u00f6tigen, sind bei Dr. med. Catarina Jung bestens aufgehoben.\" \/>\n<meta property=\"og:url\" content=\"https:\/\/www.radiologie-dr-jung.de\/fr\/mrt-a-francfort\/\" \/>\n<meta property=\"og:site_name\" content=\"Dr. Catarina Jung\" \/>\n<meta property=\"article:modified_time\" content=\"2026-02-20T17:30:57+00:00\" \/>\n<meta property=\"og:image\" content=\"https:\/\/www.radiologie-dr-jung.de\/wp-content\/uploads\/2025\/12\/0214_MRT-in-Frankfurt_01.jpg\" \/>\n\t<meta property=\"og:image:width\" content=\"1000\" \/>\n\t<meta property=\"og:image:height\" content=\"800\" \/>\n\t<meta property=\"og:image:type\" content=\"image\/jpeg\" \/>\n<meta name=\"twitter:card\" content=\"summary_large_image\" \/>\n<meta name=\"twitter:label1\" content=\"Dur\u00e9e de lecture estim\u00e9e\" \/>\n\t<meta name=\"twitter:data1\" content=\"4 minutes\" \/>\n<script type=\"application\/ld+json\" class=\"yoast-schema-graph\">{\"@context\":\"https:\\\/\\\/schema.org\",\"@graph\":[{\"@type\":\"WebPage\",\"@id\":\"https:\\\/\\\/www.radiologie-dr-jung.de\\\/mrt-in-frankfurt\\\/\",\"url\":\"https:\\\/\\\/www.radiologie-dr-jung.de\\\/mrt-in-frankfurt\\\/\",\"name\":\"MRT in Frankfurt \u1405 Radiologie Frankfurt, Dr. Catarina Jung\",\"isPartOf\":{\"@id\":\"https:\\\/\\\/www.radiologie-dr-jung.de\\\/#website\"},\"primaryImageOfPage\":{\"@id\":\"https:\\\/\\\/www.radiologie-dr-jung.de\\\/mrt-in-frankfurt\\\/#primaryimage\"},\"image\":{\"@id\":\"https:\\\/\\\/www.radiologie-dr-jung.de\\\/mrt-in-frankfurt\\\/#primaryimage\"},\"thumbnailUrl\":\"https:\\\/\\\/www.radiologie-dr-jung.de\\\/wp-content\\\/uploads\\\/2025\\\/12\\\/0214_MRT-in-Frankfurt_01.jpg\",\"datePublished\":\"2025-12-08T09:10:12+00:00\",\"dateModified\":\"2026-02-20T17:30:57+00:00\",\"description\":\"MRT in Frankfurt \u2713 Patienten in und um Frankfurt, die eine MRT Untersuchung ben\u00f6tigen, sind bei Dr. med. Catarina Jung bestens aufgehoben.\",\"breadcrumb\":{\"@id\":\"https:\\\/\\\/www.radiologie-dr-jung.de\\\/mrt-in-frankfurt\\\/#breadcrumb\"},\"inLanguage\":\"fr-FR\",\"potentialAction\":[{\"@type\":\"ReadAction\",\"target\":[\"https:\\\/\\\/www.radiologie-dr-jung.de\\\/mrt-in-frankfurt\\\/\"]}]},{\"@type\":\"ImageObject\",\"inLanguage\":\"fr-FR\",\"@id\":\"https:\\\/\\\/www.radiologie-dr-jung.de\\\/mrt-in-frankfurt\\\/#primaryimage\",\"url\":\"https:\\\/\\\/www.radiologie-dr-jung.de\\\/wp-content\\\/uploads\\\/2025\\\/12\\\/0214_MRT-in-Frankfurt_01.jpg\",\"contentUrl\":\"https:\\\/\\\/www.radiologie-dr-jung.de\\\/wp-content\\\/uploads\\\/2025\\\/12\\\/0214_MRT-in-Frankfurt_01.jpg\",\"width\":1000,\"height\":800,\"caption\":\"MRT in Frankfurt\"},{\"@type\":\"BreadcrumbList\",\"@id\":\"https:\\\/\\\/www.radiologie-dr-jung.de\\\/mrt-in-frankfurt\\\/#breadcrumb\",\"itemListElement\":[{\"@type\":\"ListItem\",\"position\":1,\"name\":\"Startseite\",\"item\":\"https:\\\/\\\/www.radiologie-dr-jung.de\\\/\"},{\"@type\":\"ListItem\",\"position\":2,\"name\":\"\u1405 MRT Frankfurt\"}]},{\"@type\":\"WebSite\",\"@id\":\"https:\\\/\\\/www.radiologie-dr-jung.de\\\/#website\",\"url\":\"https:\\\/\\\/www.radiologie-dr-jung.de\\\/\",\"name\":\"Dr. Catarina Jung\",\"description\":\"Fach\u00e4rztin f\u00fcr Diagnostische Radiologie\",\"potentialAction\":[{\"@type\":\"SearchAction\",\"target\":{\"@type\":\"EntryPoint\",\"urlTemplate\":\"https:\\\/\\\/www.radiologie-dr-jung.de\\\/?s={search_term_string}\"},\"query-input\":{\"@type\":\"PropertyValueSpecification\",\"valueRequired\":true,\"valueName\":\"search_term_string\"}}],\"inLanguage\":\"fr-FR\"}]}<\/script>\n<!-- \/ Yoast SEO plugin. -->","yoast_head_json":{"title":"IRM \u00e0 Francfort \u1405 Radiologie Frankfurt, Dr. Catarina Jung","description":"IRM \u00e0 Francfort \u2713 Les patients de Francfort et des environs qui ont besoin d'un examen IRM sont entre de bonnes mains avec le Dr. med. Catarina Jung.","robots":{"index":"index","follow":"follow","max-snippet":"max-snippet:-1","max-image-preview":"max-image-preview:large","max-video-preview":"max-video-preview:-1"},"canonical":"https:\/\/www.radiologie-dr-jung.de\/fr\/mrt-a-francfort\/","og_locale":"fr_FR","og_type":"article","og_title":"MRT in Frankfurt \u1405 Radiologie Frankfurt, Dr. Catarina Jung","og_description":"MRT in Frankfurt \u2713 Patienten in und um Frankfurt, die eine MRT Untersuchung ben\u00f6tigen, sind bei Dr. med. Catarina Jung bestens aufgehoben.","og_url":"https:\/\/www.radiologie-dr-jung.de\/fr\/mrt-a-francfort\/","og_site_name":"Dr. Catarina Jung","article_modified_time":"2026-02-20T17:30:57+00:00","og_image":[{"width":1000,"height":800,"url":"https:\/\/www.radiologie-dr-jung.de\/wp-content\/uploads\/2025\/12\/0214_MRT-in-Frankfurt_01.jpg","type":"image\/jpeg"}],"twitter_card":"summary_large_image","twitter_misc":{"Dur\u00e9e de lecture estim\u00e9e":"4 minutes"},"schema":{"@context":"https:\/\/schema.org","@graph":[{"@type":"WebPage","@id":"https:\/\/www.radiologie-dr-jung.de\/mrt-in-frankfurt\/","url":"https:\/\/www.radiologie-dr-jung.de\/mrt-in-frankfurt\/","name":"IRM \u00e0 Francfort \u1405 Radiologie Frankfurt, Dr. Catarina Jung","isPartOf":{"@id":"https:\/\/www.radiologie-dr-jung.de\/#website"},"primaryImageOfPage":{"@id":"https:\/\/www.radiologie-dr-jung.de\/mrt-in-frankfurt\/#primaryimage"},"image":{"@id":"https:\/\/www.radiologie-dr-jung.de\/mrt-in-frankfurt\/#primaryimage"},"thumbnailUrl":"https:\/\/www.radiologie-dr-jung.de\/wp-content\/uploads\/2025\/12\/0214_MRT-in-Frankfurt_01.jpg","datePublished":"2025-12-08T09:10:12+00:00","dateModified":"2026-02-20T17:30:57+00:00","description":"IRM \u00e0 Francfort \u2713 Les patients de Francfort et des environs qui ont besoin d'un examen IRM sont entre de bonnes mains avec le Dr. med. Catarina Jung.","breadcrumb":{"@id":"https:\/\/www.radiologie-dr-jung.de\/mrt-in-frankfurt\/#breadcrumb"},"inLanguage":"fr-FR","potentialAction":[{"@type":"ReadAction","target":["https:\/\/www.radiologie-dr-jung.de\/mrt-in-frankfurt\/"]}]},{"@type":"ImageObject","inLanguage":"fr-FR","@id":"https:\/\/www.radiologie-dr-jung.de\/mrt-in-frankfurt\/#primaryimage","url":"https:\/\/www.radiologie-dr-jung.de\/wp-content\/uploads\/2025\/12\/0214_MRT-in-Frankfurt_01.jpg","contentUrl":"https:\/\/www.radiologie-dr-jung.de\/wp-content\/uploads\/2025\/12\/0214_MRT-in-Frankfurt_01.jpg","width":1000,"height":800,"caption":"MRT in Frankfurt"},{"@type":"BreadcrumbList","@id":"https:\/\/www.radiologie-dr-jung.de\/mrt-in-frankfurt\/#breadcrumb","itemListElement":[{"@type":"ListItem","position":1,"name":"Startseite","item":"https:\/\/www.radiologie-dr-jung.de\/"},{"@type":"ListItem","position":2,"name":"\u1405 MRT Frankfurt"}]},{"@type":"WebSite","@id":"https:\/\/www.radiologie-dr-jung.de\/#website","url":"https:\/\/www.radiologie-dr-jung.de\/","name":"Dr. Catarina Jung","description":"Sp\u00e9cialiste en radiologie diagnostique","potentialAction":[{"@type":"SearchAction","target":{"@type":"EntryPoint","urlTemplate":"https:\/\/www.radiologie-dr-jung.de\/?s={search_term_string}"},"query-input":{"@type":"PropertyValueSpecification","valueRequired":true,"valueName":"search_term_string"}}],"inLanguage":"fr-FR"}]}},"_links":{"self":[{"href":"https:\/\/www.radiologie-dr-jung.de\/fr\/wp-json\/wp\/v2\/pages\/1569","targetHints":{"allow":["GET"]}}],"collection":[{"href":"https:\/\/www.radiologie-dr-jung.de\/fr\/wp-json\/wp\/v2\/pages"}],"about":[{"href":"https:\/\/www.radiologie-dr-jung.de\/fr\/wp-json\/wp\/v2\/types\/page"}],"author":[{"embeddable":true,"href":"https:\/\/www.radiologie-dr-jung.de\/fr\/wp-json\/wp\/v2\/users\/2"}],"replies":[{"embeddable":true,"href":"https:\/\/www.radiologie-dr-jung.de\/fr\/wp-json\/wp\/v2\/comments?post=1569"}],"version-history":[{"count":8,"href":"https:\/\/www.radiologie-dr-jung.de\/fr\/wp-json\/wp\/v2\/pages\/1569\/revisions"}],"predecessor-version":[{"id":2287,"href":"https:\/\/www.radiologie-dr-jung.de\/fr\/wp-json\/wp\/v2\/pages\/1569\/revisions\/2287"}],"wp:featuredmedia":[{"embeddable":true,"href":"https:\/\/www.radiologie-dr-jung.de\/fr\/wp-json\/wp\/v2\/media\/1776"}],"wp:attachment":[{"href":"https:\/\/www.radiologie-dr-jung.de\/fr\/wp-json\/wp\/v2\/media?parent=1569"}],"curies":[{"name":"wp","href":"https:\/\/api.w.org\/{rel}","templated":true}]}}