{"id":1497,"date":"2025-12-08T07:54:09","date_gmt":"2025-12-08T06:54:09","guid":{"rendered":"https:\/\/www.radiologie-dr-jung.de\/?page_id=1497"},"modified":"2026-02-20T18:18:53","modified_gmt":"2026-02-20T17:18:53","slug":"mrt-ouvert-francfort","status":"publish","type":"page","link":"https:\/\/www.radiologie-dr-jung.de\/fr\/offenes-mrt-frankfurt\/","title":{"rendered":"Pas de claustrophobie"},"content":{"rendered":"<section class=\"l-section wpb_row height_small\"><div class=\"l-section-h i-cf\"><div class=\"g-cols vc_row via_grid cols_2 laptops-cols_inherit tablets-cols_inherit mobiles-cols_1 valign_top type_default stacking_default\" style=\"--columns-gap:0rem;\"><div class=\"wpb_column vc_column_container\"><div class=\"vc_column-inner\"><div class=\"wpb_text_column us_custom_7d39fe36 us_animate_this\"><div class=\"wpb_wrapper\"><h1>IRM ouverte Francfort<\/h1>\n<h6>La claustrophobie n'est pas n\u00e9cessaire chez nous<\/h6>\n<\/div><\/div><div class=\"w-separator size_custom\" style=\"height:2rem\"><\/div><div class=\"wpb_text_column us_custom_5d8e9ec2 us_animate_this\"><div class=\"wpb_wrapper\"><p><strong>Avantages de notre appareil IRM pour les patients claustrophobes : gr\u00e2ce \u00e0 la grande ouverture et \u00e0 l'aimant extr\u00eamement court, de nombreux examens peuvent \u00eatre r\u00e9alis\u00e9s de mani\u00e8re \u00e0 ce que la t\u00eate puisse rester en dehors du tube.<\/strong><\/p>\n<p>De nombreux patients se sentent mal \u00e0 l'aise lorsqu'on leur prescrit un examen IRM \u00e0 des fins de diagnostic. Ils ont peur d'\u00eatre \u00e0 l'\u00e9troit, de se sentir comme enferm\u00e9s dans l'appareil d'IRM. Dans le langage courant, on parle souvent de claustrophobie. En r\u00e9alit\u00e9, on parle de claustrophobie, c'est-\u00e0-dire de peur d'\u00eatre \u00e0 l'\u00e9troit dans un espace ferm\u00e9.<\/p>\n<p>Mais chez nous, vous n'avez aucun souci \u00e0 vous faire : Nous travaillons avec le Magnetom Aera de Siemens. Ce scanner IRM dispose de la plus grande ouverture disponible sur le march\u00e9 et, gr\u00e2ce \u00e0 son aimant extr\u00eamement court, de nombreux examens peuvent \u00eatre r\u00e9alis\u00e9s de mani\u00e8re \u00e0 ce que la t\u00eate se trouve \u00e0 l'ext\u00e9rieur de l'appareil. C'est pourquoi on parle souvent d\u201e\u201cIRM ouverte\".<\/p>\n<\/div><\/div><div class=\"w-separator size_custom\" style=\"height:1.5rem\"><\/div><\/div><\/div><div class=\"wpb_column vc_column_container us_custom_e21e87b0\"><div class=\"vc_column-inner\"><div class=\"w-separator size_custom\" style=\"height:0rem\" id=\"p014\"><style>@media(max-width:1024px){ #p014{height:2rem!important}}@media(max-width:600px){ #p014{height:2rem!important}}<\/style><\/div><div class=\"w-image us_custom_f90cf93a us_animate_this align_none\"><div class=\"w-image-h\"><img decoding=\"async\" width=\"1000\" height=\"800\" src=\"https:\/\/www.radiologie-dr-jung.de\/wp-content\/uploads\/2025\/12\/0214_Jung-Impressionen_28.jpg\" class=\"attachment-full size-full\" alt=\"IRM ouverte\" loading=\"lazy\" srcset=\"https:\/\/www.radiologie-dr-jung.de\/wp-content\/uploads\/2025\/12\/0214_Jung-Impressionen_28.jpg 1000w, https:\/\/www.radiologie-dr-jung.de\/wp-content\/uploads\/2025\/12\/0214_Jung-Impressionen_28-300x240.jpg 300w, https:\/\/www.radiologie-dr-jung.de\/wp-content\/uploads\/2025\/12\/0214_Jung-Impressionen_28-50x40.jpg 50w, https:\/\/www.radiologie-dr-jung.de\/wp-content\/uploads\/2025\/12\/0214_Jung-Impressionen_28-70x56.jpg 70w\" sizes=\"auto, (max-width: 1000px) 100vw, 1000px\" \/><\/div><\/div><\/div><\/div><\/div><\/div><\/section><section class=\"l-section wpb_row height_small\"><div class=\"l-section-h i-cf\"><div class=\"g-cols vc_row via_grid cols_2 laptops-cols_inherit tablets-cols_inherit mobiles-cols_1 valign_top type_default reversed stacking_default\" style=\"--columns-gap:0rem;\"><div class=\"wpb_column vc_column_container us_custom_633a3c77 type_sticky\"><div class=\"vc_column-inner\"><div class=\"w-image us_custom_b42782a4 us_animate_this align_none\"><div class=\"w-image-h\"><img decoding=\"async\" width=\"800\" height=\"1000\" src=\"https:\/\/www.radiologie-dr-jung.de\/wp-content\/uploads\/2025\/12\/0214_Jung-Impressionen_27.jpg\" class=\"attachment-full size-full\" alt=\"IRM ouverte\" loading=\"lazy\" srcset=\"https:\/\/www.radiologie-dr-jung.de\/wp-content\/uploads\/2025\/12\/0214_Jung-Impressionen_27.jpg 800w, https:\/\/www.radiologie-dr-jung.de\/wp-content\/uploads\/2025\/12\/0214_Jung-Impressionen_27-240x300.jpg 240w, https:\/\/www.radiologie-dr-jung.de\/wp-content\/uploads\/2025\/12\/0214_Jung-Impressionen_27-40x50.jpg 40w, https:\/\/www.radiologie-dr-jung.de\/wp-content\/uploads\/2025\/12\/0214_Jung-Impressionen_27-56x70.jpg 56w\" sizes=\"auto, (max-width: 800px) 100vw, 800px\" \/><\/div><\/div><div class=\"w-separator hide_on_default hide_on_laptops hide_on_tablets size_custom\" style=\"height:0\" id=\"rd59\"><style>@media(max-width:1024px){ #rd59{height:0rem!important}}@media(max-width:600px){ #rd59{height:0rem!important}}<\/style><\/div><\/div><\/div><div class=\"wpb_column vc_column_container\"><div class=\"vc_column-inner\"><div class=\"w-iconbox iconpos_top style_default color_custom align_left no_title\"><div class=\"w-iconbox-icon\" style=\"font-size:2rem;--icon-color:#37bde5;\"><i class=\"fal fa-circle\"><\/i><\/div><div class=\"w-iconbox-meta\"><div class=\"w-iconbox-text\"><h5>Peu de place pour la claustrophobie gr\u00e2ce \u00e0 un tube tr\u00e8s court et large<\/h5>\n<\/div><\/div><\/div><div class=\"wpb_text_column us_custom_5d8e9ec2 us_animate_this\"><div class=\"wpb_wrapper\"><p>Nous vous examinons avec l'appareil IRM Magnetom Aera. Cet appareil offre une \u201eouverture patient\u201c particuli\u00e8rement large de 70 cm. De plus, le tunnel magn\u00e9tique est clair, bien a\u00e9r\u00e9 et pr\u00e9sente des contours ronds et agr\u00e9ables. Si vous le souhaitez, vous pouvez voir l'appareil \u00e0 l'avance afin de mieux vous pr\u00e9parer \u00e9motionnellement et de vous adapter \u00e0 la situation d'examen.<\/p>\n<\/div><\/div><div class=\"w-separator size_small\"><\/div><div class=\"w-iconbox iconpos_top style_default color_custom align_left no_title\"><div class=\"w-iconbox-icon\" style=\"font-size:2rem;--icon-color:#37bde5;\"><i class=\"fal fa-head-side\"><\/i><\/div><div class=\"w-iconbox-meta\"><div class=\"w-iconbox-text\"><h5>La t\u00eate peut souvent rester \u00e0 l'ext\u00e9rieur de l'appareil<\/h5>\n<\/div><\/div><\/div><div class=\"wpb_text_column us_custom_5d8e9ec2 us_animate_this\"><div class=\"wpb_wrapper\"><p>Le tube de notre scanner IRM est tr\u00e8s court (125 cm), de sorte que la t\u00eate se trouve souvent \u00e0 l'ext\u00e9rieur, selon l'examen. C'est par exemple le cas lors de l'examen de la colonne vert\u00e9brale lombaire. Il arrive m\u00eame souvent que tout le haut du corps reste en dehors du tunnel. L'IRM des pieds, des jambes, des genoux ou des hanches en est un exemple.<\/p>\n<\/div><\/div><div class=\"w-separator size_small\"><\/div><div class=\"w-iconbox iconpos_top style_default color_custom align_left no_title\"><div class=\"w-iconbox-icon\" style=\"font-size:2rem;--icon-color:#37bde5;\"><i class=\"fal fa-clock\"><\/i><\/div><div class=\"w-iconbox-meta\"><div class=\"w-iconbox-text\"><h5>Courte dur\u00e9e de l'examen<\/h5>\n<\/div><\/div><\/div><div class=\"wpb_text_column us_custom_5d8e9ec2 us_animate_this\"><div class=\"wpb_wrapper\"><p>Notre appareil d'IRM est l'un des meilleurs actuellement disponibles sur le march\u00e9. Il fournit des images \u00e0 haute r\u00e9solution et les s\u00e9quences sont optimis\u00e9es de mani\u00e8re \u00e0 ce que la dur\u00e9e moyenne de l'examen ne soit que de 18 minutes. L'examen ne couvre donc qu'une courte p\u00e9riode.<\/p>\n<\/div><\/div><div class=\"w-separator size_small\"><\/div><div class=\"w-iconbox iconpos_top style_default color_custom align_left no_title\"><div class=\"w-iconbox-icon\" style=\"font-size:2rem;--icon-color:#37bde5;\"><i class=\"fal fa-user-nurse\"><\/i><\/div><div class=\"w-iconbox-meta\"><div class=\"w-iconbox-text\"><h5>Toujours bien encadr\u00e9<\/h5>\n<\/div><\/div><\/div><div class=\"wpb_text_column us_custom_5d8e9ec2 us_animate_this\"><div class=\"wpb_wrapper\"><p>Si vous avez malgr\u00e9 tout un sentiment de malaise, vous pouvez nous faire confiance ! Vous recevez une sonnette dans la main et vous \u00eates en contact avec nous \u00e0 tout moment gr\u00e2ce \u00e0 un interphone. Une cam\u00e9ra plac\u00e9e \u00e0 la t\u00eate du lit assure une s\u00e9curit\u00e9 suppl\u00e9mentaire. La personne qui vous accompagne peut volontiers s'asseoir \u00e0 vos c\u00f4t\u00e9s pendant l'examen.<\/p>\n<\/div><\/div><div class=\"w-separator size_small\"><\/div><div class=\"w-separator hide_on_default hide_on_laptops hide_on_tablets size_custom\" style=\"height:0\" id=\"o902\"><style>@media(max-width:1024px){ #o902{height:2rem!important}}@media(max-width:600px){ #o902{height:4rem!important}}<\/style><\/div><\/div><\/div><\/div><\/div><\/section><section class=\"l-section wpb_row height_small\"><div class=\"l-section-h i-cf\"><div class=\"g-cols vc_row via_grid cols_2 laptops-cols_inherit tablets-cols_inherit mobiles-cols_1 valign_top type_default stacking_default\" style=\"--columns-gap:0rem;\"><div class=\"wpb_column vc_column_container\"><div class=\"vc_column-inner\"><div class=\"w-iconbox iconpos_top style_default color_custom align_left no_title\"><div class=\"w-iconbox-icon\" style=\"font-size:2rem;--icon-color:#37bde5;\"><i class=\"fal fa-heart\"><\/i><\/div><div class=\"w-iconbox-meta\"><div class=\"w-iconbox-text\"><h5>Une atmosph\u00e8re d'examen d\u00e9tendue<\/h5>\n<\/div><\/div><\/div><div class=\"wpb_text_column us_custom_96f8c16e us_animate_this\"><div class=\"wpb_wrapper\"><p>En outre, le syst\u00e8me contient des s\u00e9quences \u00e0 bruit r\u00e9duit, dans lesquelles le volume sonore est fortement r\u00e9duit gr\u00e2ce \u00e0 une commutation optimis\u00e9e et intelligente des gradients. Certaines mesures sont m\u00eame totalement silencieuses. Mais vous ne le remarquerez peut-\u00eatre m\u00eame pas - car pendant la dur\u00e9e de l'examen, nous vous fournirons des \u00e9couteurs qui vous permettront d'\u00e9couter la musique de votre choix. Non seulement l'am\u00e9lioration du bruit de fond, mais aussi l'environnement contribuent \u00e0 cr\u00e9er une atmosph\u00e8re d'examen aussi d\u00e9tendue que possible : Le rev\u00eatement de notre appareil IRM est \u00e9quip\u00e9 d'un \u00e9clairage MoodLight. Dans la salle d'examen, il y a \u00e9galement un \u201eciel\u201c \u00e9clair\u00e9.<\/p>\n<p>Comme vous pouvez le constater, nous nous effor\u00e7ons de cr\u00e9er un environnement convivial et agr\u00e9able, dans lequel vous vous sentez \u00e0 l'aise et pouvez - autant que possible - oublier l'examen.<\/p>\n<\/div><\/div><div class=\"w-separator size_small\"><\/div><div class=\"w-iconbox iconpos_top style_default color_custom align_left no_title\"><div class=\"w-iconbox-icon\" style=\"font-size:2rem;--icon-color:#37bde5;\"><i class=\"fal fa-syringe\"><\/i><\/div><div class=\"w-iconbox-meta\"><div class=\"w-iconbox-text\"><h5>Possibilit\u00e9 de s\u00e9dation<\/h5>\n<\/div><\/div><\/div><div class=\"wpb_text_column us_custom_96f8c16e us_animate_this\"><div class=\"wpb_wrapper\"><p>Si toutefois vous avez peur de l'examen, par exemple parce que vous souffrez d'une claustrophobie particuli\u00e8rement prononc\u00e9e, veuillez nous en informer d\u00e8s la prise de rendez-vous. Nous aurons ainsi la possibilit\u00e9 de vous administrer un calmant avant l'examen. Dans ce cas, nous vous prions de nous rejoindre 30 minutes avant la date de l'examen dans la salle d'attente. <a href=\"https:\/\/www.radiologie-dr-jung.de\/fr\/radiologie-frankfurt\/\">Cabinet m\u00e9dical<\/a> de venir. Ils re\u00e7oivent le s\u00e9datif sous forme de boisson. Nos patients ont fait de tr\u00e8s bonnes exp\u00e9riences avec cette m\u00e9thode.<\/p>\n<p>Il est important que vous veniez \u00e0 l'examen avec un accompagnateur et que vous vous fassiez ensuite raccompagner chez vous. Apr\u00e8s l'administration d'un s\u00e9datif, vous ne devez plus participer activement \u00e0 la circulation routi\u00e8re, conduire des machines ou monter sur des \u00e9chelles pendant 24 heures.<\/p>\n<\/div><\/div><div class=\"w-separator size_small\"><\/div><div class=\"w-iconbox iconpos_top style_default color_custom align_left no_title\"><div class=\"w-iconbox-icon\" style=\"font-size:2rem;--icon-color:#37bde5;\"><i class=\"fal fa-question-circle\"><\/i><\/div><div class=\"w-iconbox-meta\"><div class=\"w-iconbox-text\"><h5>D'o\u00f9 vient le terme \u201eIRM ouverte\u201c ?<\/h5>\n<\/div><\/div><\/div><div class=\"wpb_text_column us_custom_96f8c16e us_animate_this\"><div class=\"wpb_wrapper\"><p>Le terme \u201eIRM ouverte\u201c pr\u00eate \u00e0 confusion et est volontiers utilis\u00e9 dans le langage courant par les patients pour d\u00e9crire des conditions d'examen particuli\u00e8rement avantageuses et \u201eouvertes\u201c (comme celles que nous proposons). Dans ce contexte, le terme \u201eouvert\u201c ne d\u00e9crit donc pas le fait que l'appareil est ouvert vers le haut, mais que le tube IRM n'occupe que tr\u00e8s peu d'espace et que la t\u00eate, dans de nombreux cas, n'est pas en contact avec le sol. <a href=\"https:\/\/www.radiologie-dr-jung.de\/fr\/mrt-frankfurt\/\">Enqu\u00eates<\/a>\u00a0peut rester \u00e0 l'ext\u00e9rieur du tube (comme d\u00e9j\u00e0 d\u00e9crit ci-dessus).<\/p>\n<\/div><\/div><div class=\"w-separator size_small\"><\/div><div class=\"w-iconbox iconpos_top style_default color_custom align_left no_title\"><div class=\"w-iconbox-icon\" style=\"font-size:2rem;--icon-color:#37bde5;\"><i class=\"fal fa-comment-check\"><\/i><\/div><div class=\"w-iconbox-meta\"><div class=\"w-iconbox-text\"><h5>R\u00e9ponse \u00e0 vos questions pour plus de s\u00e9curit\u00e9<\/h5>\n<\/div><\/div><\/div><div class=\"wpb_text_column us_custom_96f8c16e us_animate_this\"><div class=\"wpb_wrapper\"><p>Si vous avez encore des questions ou d'autres incertitudes avant votre examen IRM, le bas de la page peut vous aider avec les questions pos\u00e9es le <a href=\"https:\/\/www.radiologie-dr-jung.de\/fr\/demander-un-mrt\/\">questions les plus fr\u00e9quemment pos\u00e9es (FAQ)<\/a> vous aideront dans votre d\u00e9marche. Pour les demandes individuelles, vous pouvez nous envoyer un <a href=\"https:\/\/www.radiologie-dr-jung.de\/fr\/contact\/\">Message<\/a> ou demandez-nous personnellement.<\/p>\n<\/div><\/div><\/div><\/div><div class=\"wpb_column vc_column_container us_custom_af54450f type_sticky\"><div class=\"vc_column-inner\"><div class=\"w-separator size_custom\" style=\"height:0rem\" id=\"h761\"><style>@media(max-width:1024px){ #h761{height:2rem!important}}@media(max-width:600px){ #h761{height:4rem!important}}<\/style><\/div><div class=\"w-image us_custom_d0aaf76f us_animate_this align_none\"><div class=\"w-image-h\"><img decoding=\"async\" width=\"1181\" height=\"787\" src=\"https:\/\/www.radiologie-dr-jung.de\/wp-content\/uploads\/2025\/12\/0214_Jung-Impressionen_26.jpg\" class=\"attachment-full size-full\" alt=\"IRM ouverte\" loading=\"lazy\" srcset=\"https:\/\/www.radiologie-dr-jung.de\/wp-content\/uploads\/2025\/12\/0214_Jung-Impressionen_26.jpg 1181w, https:\/\/www.radiologie-dr-jung.de\/wp-content\/uploads\/2025\/12\/0214_Jung-Impressionen_26-300x200.jpg 300w, https:\/\/www.radiologie-dr-jung.de\/wp-content\/uploads\/2025\/12\/0214_Jung-Impressionen_26-1024x682.jpg 1024w, https:\/\/www.radiologie-dr-jung.de\/wp-content\/uploads\/2025\/12\/0214_Jung-Impressionen_26-50x33.jpg 50w, https:\/\/www.radiologie-dr-jung.de\/wp-content\/uploads\/2025\/12\/0214_Jung-Impressionen_26-70x47.jpg 70w\" sizes=\"auto, (max-width: 1181px) 100vw, 1181px\" \/><\/div><\/div><div class=\"w-separator size_custom\" style=\"height:4rem\" id=\"ic96\"><style>@media(max-width:1024px){ #ic96{height:2rem!important}}@media(max-width:600px){ #ic96{height:2rem!important}}<\/style><\/div><\/div><\/div><\/div><\/div><\/section>","protected":false},"excerpt":{"rendered":"IRM ouverte Francfort La claustrophobie est inutile chez nous Avantages de notre appareil IRM pour les patients claustrophobes : gr\u00e2ce \u00e0 la grande ouverture et \u00e0 l'aimant extr\u00eamement court, de nombreux examens peuvent \u00eatre r\u00e9alis\u00e9s de mani\u00e8re \u00e0 ce que la t\u00eate puisse rester en dehors du tube. De nombreux patients se sentent mal \u00e0 l'aise lorsqu'on leur prescrit un examen IRM \u00e0 des fins de diagnostic. Ils ont...","protected":false},"author":2,"featured_media":1844,"parent":0,"menu_order":0,"comment_status":"closed","ping_status":"closed","template":"","meta":{"footnotes":""},"class_list":["post-1497","page","type-page","status-publish","has-post-thumbnail","hentry"],"yoast_head":"<!-- This site is optimized with the Yoast SEO plugin v27.3 - https:\/\/yoast.com\/product\/yoast-seo-wordpress\/ -->\n<title>Offenes MRT \u1405 Radiologische Privatpraxis Dr. Jung<\/title>\n<meta name=\"description\" content=\"Offenes MRT \u2713 Wir bieten in unserer Praxis in Frankfurt genau das an, was man (f\u00e4lschlicherweise) als offenes MRT bezeichnet.\" \/>\n<meta name=\"robots\" content=\"index, follow, max-snippet:-1, max-image-preview:large, max-video-preview:-1\" \/>\n<link rel=\"canonical\" href=\"https:\/\/www.radiologie-dr-jung.de\/fr\/mrt-ouvert-francfort\/\" \/>\n<meta property=\"og:locale\" content=\"fr_FR\" \/>\n<meta property=\"og:type\" content=\"article\" \/>\n<meta property=\"og:title\" content=\"Offenes MRT \u1405 Radiologische Privatpraxis Dr. Jung\" \/>\n<meta property=\"og:description\" content=\"Offenes MRT \u2713 Wir bieten in unserer Praxis in Frankfurt genau das an, was man (f\u00e4lschlicherweise) als offenes MRT bezeichnet.\" \/>\n<meta property=\"og:url\" content=\"https:\/\/www.radiologie-dr-jung.de\/fr\/mrt-ouvert-francfort\/\" \/>\n<meta property=\"og:site_name\" content=\"Dr. Catarina Jung\" \/>\n<meta property=\"article:modified_time\" content=\"2026-02-20T17:18:53+00:00\" \/>\n<meta property=\"og:image\" content=\"https:\/\/www.radiologie-dr-jung.de\/wp-content\/uploads\/2025\/12\/0214_Jung-Impressionen_28.jpg\" \/>\n\t<meta property=\"og:image:width\" content=\"1000\" \/>\n\t<meta property=\"og:image:height\" content=\"800\" \/>\n\t<meta property=\"og:image:type\" content=\"image\/jpeg\" \/>\n<meta name=\"twitter:card\" content=\"summary_large_image\" \/>\n<meta name=\"twitter:label1\" content=\"Dur\u00e9e de lecture estim\u00e9e\" \/>\n\t<meta name=\"twitter:data1\" content=\"5 minutes\" \/>\n<script type=\"application\/ld+json\" class=\"yoast-schema-graph\">{\"@context\":\"https:\\\/\\\/schema.org\",\"@graph\":[{\"@type\":\"WebPage\",\"@id\":\"https:\\\/\\\/www.radiologie-dr-jung.de\\\/offenes-mrt-frankfurt\\\/\",\"url\":\"https:\\\/\\\/www.radiologie-dr-jung.de\\\/offenes-mrt-frankfurt\\\/\",\"name\":\"Offenes MRT \u1405 Radiologische Privatpraxis Dr. Jung\",\"isPartOf\":{\"@id\":\"https:\\\/\\\/www.radiologie-dr-jung.de\\\/#website\"},\"primaryImageOfPage\":{\"@id\":\"https:\\\/\\\/www.radiologie-dr-jung.de\\\/offenes-mrt-frankfurt\\\/#primaryimage\"},\"image\":{\"@id\":\"https:\\\/\\\/www.radiologie-dr-jung.de\\\/offenes-mrt-frankfurt\\\/#primaryimage\"},\"thumbnailUrl\":\"https:\\\/\\\/www.radiologie-dr-jung.de\\\/wp-content\\\/uploads\\\/2025\\\/12\\\/0214_Jung-Impressionen_28.jpg\",\"datePublished\":\"2025-12-08T06:54:09+00:00\",\"dateModified\":\"2026-02-20T17:18:53+00:00\",\"description\":\"Offenes MRT \u2713 Wir bieten in unserer Praxis in Frankfurt genau das an, was man (f\u00e4lschlicherweise) als offenes MRT bezeichnet.\",\"breadcrumb\":{\"@id\":\"https:\\\/\\\/www.radiologie-dr-jung.de\\\/offenes-mrt-frankfurt\\\/#breadcrumb\"},\"inLanguage\":\"fr-FR\",\"potentialAction\":[{\"@type\":\"ReadAction\",\"target\":[\"https:\\\/\\\/www.radiologie-dr-jung.de\\\/offenes-mrt-frankfurt\\\/\"]}]},{\"@type\":\"ImageObject\",\"inLanguage\":\"fr-FR\",\"@id\":\"https:\\\/\\\/www.radiologie-dr-jung.de\\\/offenes-mrt-frankfurt\\\/#primaryimage\",\"url\":\"https:\\\/\\\/www.radiologie-dr-jung.de\\\/wp-content\\\/uploads\\\/2025\\\/12\\\/0214_Jung-Impressionen_28.jpg\",\"contentUrl\":\"https:\\\/\\\/www.radiologie-dr-jung.de\\\/wp-content\\\/uploads\\\/2025\\\/12\\\/0214_Jung-Impressionen_28.jpg\",\"width\":1000,\"height\":800,\"caption\":\"Offenes MRT\"},{\"@type\":\"BreadcrumbList\",\"@id\":\"https:\\\/\\\/www.radiologie-dr-jung.de\\\/offenes-mrt-frankfurt\\\/#breadcrumb\",\"itemListElement\":[{\"@type\":\"ListItem\",\"position\":1,\"name\":\"Startseite\",\"item\":\"https:\\\/\\\/www.radiologie-dr-jung.de\\\/\"},{\"@type\":\"ListItem\",\"position\":2,\"name\":\"Keine Platzangst\"}]},{\"@type\":\"WebSite\",\"@id\":\"https:\\\/\\\/www.radiologie-dr-jung.de\\\/#website\",\"url\":\"https:\\\/\\\/www.radiologie-dr-jung.de\\\/\",\"name\":\"Dr. Catarina Jung\",\"description\":\"Fach\u00e4rztin f\u00fcr Diagnostische Radiologie\",\"potentialAction\":[{\"@type\":\"SearchAction\",\"target\":{\"@type\":\"EntryPoint\",\"urlTemplate\":\"https:\\\/\\\/www.radiologie-dr-jung.de\\\/?s={search_term_string}\"},\"query-input\":{\"@type\":\"PropertyValueSpecification\",\"valueRequired\":true,\"valueName\":\"search_term_string\"}}],\"inLanguage\":\"fr-FR\"}]}<\/script>\n<!-- \/ Yoast SEO plugin. -->","yoast_head_json":{"title":"IRM ouverte \u1405 Cabinet priv\u00e9 de radiologie Dr. Jung","description":"IRM ouverte \u2713 Dans notre cabinet de Francfort, nous proposons pr\u00e9cis\u00e9ment ce que l'on appelle (\u00e0 tort) une IRM ouverte.","robots":{"index":"index","follow":"follow","max-snippet":"max-snippet:-1","max-image-preview":"max-image-preview:large","max-video-preview":"max-video-preview:-1"},"canonical":"https:\/\/www.radiologie-dr-jung.de\/fr\/mrt-ouvert-francfort\/","og_locale":"fr_FR","og_type":"article","og_title":"Offenes MRT \u1405 Radiologische Privatpraxis Dr. Jung","og_description":"Offenes MRT \u2713 Wir bieten in unserer Praxis in Frankfurt genau das an, was man (f\u00e4lschlicherweise) als offenes MRT bezeichnet.","og_url":"https:\/\/www.radiologie-dr-jung.de\/fr\/mrt-ouvert-francfort\/","og_site_name":"Dr. Catarina Jung","article_modified_time":"2026-02-20T17:18:53+00:00","og_image":[{"width":1000,"height":800,"url":"https:\/\/www.radiologie-dr-jung.de\/wp-content\/uploads\/2025\/12\/0214_Jung-Impressionen_28.jpg","type":"image\/jpeg"}],"twitter_card":"summary_large_image","twitter_misc":{"Dur\u00e9e de lecture estim\u00e9e":"5 minutes"},"schema":{"@context":"https:\/\/schema.org","@graph":[{"@type":"WebPage","@id":"https:\/\/www.radiologie-dr-jung.de\/offenes-mrt-frankfurt\/","url":"https:\/\/www.radiologie-dr-jung.de\/offenes-mrt-frankfurt\/","name":"IRM ouverte \u1405 Cabinet priv\u00e9 de radiologie Dr. Jung","isPartOf":{"@id":"https:\/\/www.radiologie-dr-jung.de\/#website"},"primaryImageOfPage":{"@id":"https:\/\/www.radiologie-dr-jung.de\/offenes-mrt-frankfurt\/#primaryimage"},"image":{"@id":"https:\/\/www.radiologie-dr-jung.de\/offenes-mrt-frankfurt\/#primaryimage"},"thumbnailUrl":"https:\/\/www.radiologie-dr-jung.de\/wp-content\/uploads\/2025\/12\/0214_Jung-Impressionen_28.jpg","datePublished":"2025-12-08T06:54:09+00:00","dateModified":"2026-02-20T17:18:53+00:00","description":"IRM ouverte \u2713 Dans notre cabinet de Francfort, nous proposons pr\u00e9cis\u00e9ment ce que l'on appelle (\u00e0 tort) une IRM ouverte.","breadcrumb":{"@id":"https:\/\/www.radiologie-dr-jung.de\/offenes-mrt-frankfurt\/#breadcrumb"},"inLanguage":"fr-FR","potentialAction":[{"@type":"ReadAction","target":["https:\/\/www.radiologie-dr-jung.de\/offenes-mrt-frankfurt\/"]}]},{"@type":"ImageObject","inLanguage":"fr-FR","@id":"https:\/\/www.radiologie-dr-jung.de\/offenes-mrt-frankfurt\/#primaryimage","url":"https:\/\/www.radiologie-dr-jung.de\/wp-content\/uploads\/2025\/12\/0214_Jung-Impressionen_28.jpg","contentUrl":"https:\/\/www.radiologie-dr-jung.de\/wp-content\/uploads\/2025\/12\/0214_Jung-Impressionen_28.jpg","width":1000,"height":800,"caption":"Offenes MRT"},{"@type":"BreadcrumbList","@id":"https:\/\/www.radiologie-dr-jung.de\/offenes-mrt-frankfurt\/#breadcrumb","itemListElement":[{"@type":"ListItem","position":1,"name":"Startseite","item":"https:\/\/www.radiologie-dr-jung.de\/"},{"@type":"ListItem","position":2,"name":"Keine Platzangst"}]},{"@type":"WebSite","@id":"https:\/\/www.radiologie-dr-jung.de\/#website","url":"https:\/\/www.radiologie-dr-jung.de\/","name":"Dr. Catarina Jung","description":"Sp\u00e9cialiste en radiologie diagnostique","potentialAction":[{"@type":"SearchAction","target":{"@type":"EntryPoint","urlTemplate":"https:\/\/www.radiologie-dr-jung.de\/?s={search_term_string}"},"query-input":{"@type":"PropertyValueSpecification","valueRequired":true,"valueName":"search_term_string"}}],"inLanguage":"fr-FR"}]}},"_links":{"self":[{"href":"https:\/\/www.radiologie-dr-jung.de\/fr\/wp-json\/wp\/v2\/pages\/1497","targetHints":{"allow":["GET"]}}],"collection":[{"href":"https:\/\/www.radiologie-dr-jung.de\/fr\/wp-json\/wp\/v2\/pages"}],"about":[{"href":"https:\/\/www.radiologie-dr-jung.de\/fr\/wp-json\/wp\/v2\/types\/page"}],"author":[{"embeddable":true,"href":"https:\/\/www.radiologie-dr-jung.de\/fr\/wp-json\/wp\/v2\/users\/2"}],"replies":[{"embeddable":true,"href":"https:\/\/www.radiologie-dr-jung.de\/fr\/wp-json\/wp\/v2\/comments?post=1497"}],"version-history":[{"count":22,"href":"https:\/\/www.radiologie-dr-jung.de\/fr\/wp-json\/wp\/v2\/pages\/1497\/revisions"}],"predecessor-version":[{"id":2281,"href":"https:\/\/www.radiologie-dr-jung.de\/fr\/wp-json\/wp\/v2\/pages\/1497\/revisions\/2281"}],"wp:featuredmedia":[{"embeddable":true,"href":"https:\/\/www.radiologie-dr-jung.de\/fr\/wp-json\/wp\/v2\/media\/1844"}],"wp:attachment":[{"href":"https:\/\/www.radiologie-dr-jung.de\/fr\/wp-json\/wp\/v2\/media?parent=1497"}],"curies":[{"name":"wp","href":"https:\/\/api.w.org\/{rel}","templated":true}]}}