{"id":1495,"date":"2025-12-05T14:23:15","date_gmt":"2025-12-05T13:23:15","guid":{"rendered":"https:\/\/www.radiologie-dr-jung.de\/?page_id=1495"},"modified":"2026-01-18T16:03:21","modified_gmt":"2026-01-18T15:03:21","slug":"radiologue-westend","status":"publish","type":"page","link":"https:\/\/www.radiologie-dr-jung.de\/fr\/radiologe-westend\/","title":{"rendered":"\u1405 Radiologue Westend"},"content":{"rendered":"<section class=\"l-section wpb_row height_small\"><div class=\"l-section-h i-cf\"><div class=\"g-cols vc_row via_grid cols_2 laptops-cols_inherit tablets-cols_inherit mobiles-cols_1 valign_top type_default stacking_default\" style=\"--columns-gap:0rem;\"><div class=\"wpb_column vc_column_container\"><div class=\"vc_column-inner\"><div class=\"wpb_text_column us_custom_7d39fe36 us_animate_this\"><div class=\"wpb_wrapper\"><h1>Radiologue Westend<\/h1>\n<h6>Dans le cabinet priv\u00e9 du Dr Catarina Jung<\/h6>\n<\/div><\/div><div class=\"w-separator size_custom\" style=\"height:2rem\"><\/div><div class=\"wpb_text_column us_custom_5d8e9ec2 us_animate_this\"><div class=\"wpb_wrapper\"><p>\u00c0 Francfort, il y a de nombreux m\u00e9decins qui ont une sp\u00e9cialit\u00e9 particuli\u00e8re et qui sont consid\u00e9r\u00e9s comme des sp\u00e9cialistes : Rien que dans le Westend, vous trouverez diff\u00e9rents m\u00e9decins g\u00e9n\u00e9ralistes et de famille, des gyn\u00e9cologues, des neurologues, des dermatologues, des orthop\u00e9distes, des psychiatres - et aussi des cabinets de radiologie. En tant que radiologue dans le Westend, le Dr Catarina Jung propose son aide pour le diagnostic des maladies les plus diverses et aide ainsi votre m\u00e9decin traitant \u00e0 trouver la th\u00e9rapie qui vous convient.<\/p>\n<\/div><\/div><div class=\"w-separator size_custom\" style=\"height:1.5rem\"><\/div><\/div><\/div><div class=\"wpb_column vc_column_container us_custom_e21e87b0\"><div class=\"vc_column-inner\"><div class=\"w-separator size_custom\" style=\"height:0rem\" id=\"u20a\"><style>@media(max-width:1024px){ #u20a{height:2rem!important}}@media(max-width:600px){ #u20a{height:2rem!important}}<\/style><\/div><div class=\"w-image us_custom_837d9be0 us_animate_this align_none\"><div class=\"w-image-h\"><img decoding=\"async\" width=\"1000\" height=\"800\" src=\"https:\/\/www.radiologie-dr-jung.de\/wp-content\/uploads\/2025\/12\/0214_Radiologe-Westend_01.jpg\" class=\"attachment-full size-full\" alt=\"Radiologue Westend\" loading=\"lazy\" srcset=\"https:\/\/www.radiologie-dr-jung.de\/wp-content\/uploads\/2025\/12\/0214_Radiologe-Westend_01.jpg 1000w, https:\/\/www.radiologie-dr-jung.de\/wp-content\/uploads\/2025\/12\/0214_Radiologe-Westend_01-300x240.jpg 300w, https:\/\/www.radiologie-dr-jung.de\/wp-content\/uploads\/2025\/12\/0214_Radiologe-Westend_01-50x40.jpg 50w, https:\/\/www.radiologie-dr-jung.de\/wp-content\/uploads\/2025\/12\/0214_Radiologe-Westend_01-70x56.jpg 70w\" sizes=\"auto, (max-width: 1000px) 100vw, 1000px\" \/><\/div><\/div><\/div><\/div><\/div><\/div><\/section><section class=\"l-section wpb_row height_small\"><div class=\"l-section-h i-cf\"><div class=\"g-cols vc_row via_grid cols_2 laptops-cols_inherit tablets-cols_inherit mobiles-cols_1 valign_top type_default reversed stacking_default\" style=\"--columns-gap:0rem;\"><div class=\"wpb_column vc_column_container us_custom_633a3c77 type_sticky\"><div class=\"vc_column-inner\"><div class=\"w-image us_custom_24a1ce58 us_animate_this align_none\"><div class=\"w-image-h\"><img decoding=\"async\" width=\"800\" height=\"1000\" src=\"https:\/\/www.radiologie-dr-jung.de\/wp-content\/uploads\/2025\/12\/0214_Jung-Impressionen_11.jpg\" class=\"attachment-full size-full\" alt=\"Radiologue Westend\" loading=\"lazy\" srcset=\"https:\/\/www.radiologie-dr-jung.de\/wp-content\/uploads\/2025\/12\/0214_Jung-Impressionen_11.jpg 800w, https:\/\/www.radiologie-dr-jung.de\/wp-content\/uploads\/2025\/12\/0214_Jung-Impressionen_11-240x300.jpg 240w, https:\/\/www.radiologie-dr-jung.de\/wp-content\/uploads\/2025\/12\/0214_Jung-Impressionen_11-40x50.jpg 40w, https:\/\/www.radiologie-dr-jung.de\/wp-content\/uploads\/2025\/12\/0214_Jung-Impressionen_11-56x70.jpg 56w\" sizes=\"auto, (max-width: 800px) 100vw, 800px\" \/><\/div><\/div><div class=\"w-separator hide_on_default hide_on_laptops hide_on_tablets size_custom\" style=\"height:0\" id=\"u099\"><style>@media(max-width:1024px){ #u099{height:0rem!important}}@media(max-width:600px){ #u099{height:0rem!important}}<\/style><\/div><\/div><\/div><div class=\"wpb_column vc_column_container\"><div class=\"vc_column-inner\"><div class=\"wpb_text_column us_custom_5d8e9ec2 us_animate_this\"><div class=\"wpb_wrapper\"><h4>Radiologue Westend : Dr. Catarina Jung<\/h4>\n<p>En tant que sp\u00e9cialiste en radiologie, elle est <a href=\"https:\/\/www.radiologie-dr-jung.de\/fr\/radiologue-frankfurt\/\">Dr. Catarina Jung<\/a> un m\u00e9decin hautement sp\u00e9cialis\u00e9 qui s'occupe de ce que l'on appelle l'imagerie diagnostique. Elle examine par IRM des patients adress\u00e9s \u00e0 un radiologue \u00e0 la demande d'autres m\u00e9decins (par exemple, des orthop\u00e9distes ou des sp\u00e9cialistes en m\u00e9decine interne).<\/p>\n<p>Cela permet de d\u00e9tecter des pathologies ou des blessures et, gr\u00e2ce au r\u00e9sultat de l'examen, d'aider votre m\u00e9decin traitant \u00e0 d\u00e9cider de la th\u00e9rapie n\u00e9cessaire. En raison de l'aimant tr\u00e8s court, l'appareil permet de nombreux examens au cours desquels la t\u00eate du patient peut \u00eatre positionn\u00e9e en dehors du tube.<\/p>\n<h4>Radiologue Westend : examen avec une IRM sp\u00e9ciale innovante<\/h4>\n<p>Le site <a href=\"https:\/\/www.radiologie-dr-jung.de\/fr\/mrt-frankfurt\/\">Th\u00e9rapie par r\u00e9sonance magn\u00e9tique (en abr\u00e9g\u00e9 : IRM)<\/a>\u00a0est l'une des m\u00e9thodes d'imagerie utilis\u00e9es par les radiologues. Un ordinateur, un champ magn\u00e9tique puissant, des champs alternatifs suppl\u00e9mentaires et des antennes de mesure produisent des images en coupe tr\u00e8s d\u00e9taill\u00e9es de l'int\u00e9rieur du corps. Ces images permettent de d\u00e9tecter ou, dans le meilleur des cas, d'exclure diff\u00e9rentes maladies ou blessures. L'IRM permet \u00e9galement de contr\u00f4ler et d'\u00e9valuer le d\u00e9roulement d'un traitement m\u00e9dical.<\/p>\n<p>Le Dr Catarina Jung n'utilise toutefois pas d'appareil IRM standard pour ses examens. Elle utilise une IRM sp\u00e9ciale innovante qui, avec un diam\u00e8tre de tube de 70 cm, est nettement plus large que les appareils habituels. De plus, le tunnel est ouvert. Cela offre aux patients plus d'espace et donc plus de confort. En particulier les personnes avec <a href=\"https:\/\/www.radiologie-dr-jung.de\/fr\/mrt-ouvert-francfort\/\">Claustrophobie<\/a>, Les personnes en surpoids ou handicap\u00e9es, par exemple, peuvent ainsi \u00eatre examin\u00e9es de mani\u00e8re optimale.<\/p>\n<\/div><\/div><div class=\"w-separator hide_on_default hide_on_laptops hide_on_tablets size_custom\" style=\"height:0\" id=\"k567\"><style>@media(max-width:1024px){ #k567{height:2rem!important}}@media(max-width:600px){ #k567{height:4rem!important}}<\/style><\/div><\/div><\/div><\/div><\/div><\/section><section class=\"l-section wpb_row height_small\"><div class=\"l-section-h i-cf\"><div class=\"g-cols vc_row via_grid cols_2 laptops-cols_inherit tablets-cols_inherit mobiles-cols_1 valign_top type_default stacking_default\" style=\"--columns-gap:0rem;\"><div class=\"wpb_column vc_column_container\"><div class=\"vc_column-inner\"><div class=\"wpb_text_column us_custom_96f8c16e us_animate_this\"><div class=\"wpb_wrapper\"><p>Une atmosph\u00e8re de bien-\u00eatre est cr\u00e9\u00e9e pendant l'examen gr\u00e2ce \u00e0 un \u00e9clairage MoodLight et \u00e0 une musique personnalis\u00e9e. La technique innovante garantit une excellente qualit\u00e9 d'image et fournit des proc\u00e9dures de diagnostic de tr\u00e8s haut niveau. C'est ce qui vaut au Dr Catarina Jung le titre de <a href=\"https:\/\/www.radiologie-dr-jung.de\/fr\/\">cabinet de radiologie sp\u00e9cialis\u00e9 dans le Westend de Francfort<\/a> un.<\/p>\n<h4>Radiologue Westend : Pourquoi aller chez le Dr. Catarina Jung ?<\/h4>\n<p>Le site <a href=\"https:\/\/www.radiologie-dr-jung.de\/fr\/radiologie-frankfurt\/\">Cabinet m\u00e9dical<\/a> dans la Bockenheimer Landstra\u00dfe 23 \u00e0 Westend, n'est pas seulement la bonne adresse pour une technique extraordinairement innovante. <a href=\"https:\/\/www.radiologie-dr-jung.de\/fr\/mrt-a-francfort\/\">IRM \u00e0 Francfort<\/a>.<\/p>\n<p>Le Dr Catarina Jung est un m\u00e9decin tr\u00e8s exp\u00e9riment\u00e9 et est class\u00e9e sur le portail de recommandation de m\u00e9decins <a href=\"https:\/\/www.jameda.de\/frankfurt\/aerzte\/radiologen-bildgebende-verfahren\/dr-catarina-jung\/uebersicht\/81491339_1\/?utm_source=Kunden-Homepages&amp;utm_medium=Badges&amp;utm_term=81491339&amp;utm_campaign=Badges&amp;utm_content=ButtonBig\" target=\"_blank\" rel=\"noopener noreferrer\">jameda<\/a> figure depuis longtemps en t\u00eate de liste des radiologues les mieux not\u00e9s de Francfort. Elle dispose en outre d'un vaste r\u00e9seau de coll\u00e8gues de toutes les sp\u00e9cialit\u00e9s et est \u00e9galement en contact avec des cliniques renomm\u00e9es dans les environs.<\/p>\n<\/div><\/div><\/div><\/div><div class=\"wpb_column vc_column_container us_custom_af54450f type_sticky\"><div class=\"vc_column-inner\"><div class=\"w-separator size_custom\" style=\"height:0rem\" id=\"ce0e\"><style>@media(max-width:1024px){ #ce0e{height:2rem!important}}@media(max-width:600px){ #ce0e{height:4rem!important}}<\/style><\/div><div class=\"w-image us_custom_f84c865d us_animate_this align_none\"><div class=\"w-image-h\"><img decoding=\"async\" width=\"1000\" height=\"800\" src=\"https:\/\/www.radiologie-dr-jung.de\/wp-content\/uploads\/2025\/12\/0214_Jung-Impressionen_19.jpg\" class=\"attachment-full size-full\" alt=\"Radiologue Westend\" loading=\"lazy\" srcset=\"https:\/\/www.radiologie-dr-jung.de\/wp-content\/uploads\/2025\/12\/0214_Jung-Impressionen_19.jpg 1000w, https:\/\/www.radiologie-dr-jung.de\/wp-content\/uploads\/2025\/12\/0214_Jung-Impressionen_19-300x240.jpg 300w, https:\/\/www.radiologie-dr-jung.de\/wp-content\/uploads\/2025\/12\/0214_Jung-Impressionen_19-50x40.jpg 50w, https:\/\/www.radiologie-dr-jung.de\/wp-content\/uploads\/2025\/12\/0214_Jung-Impressionen_19-70x56.jpg 70w\" sizes=\"auto, (max-width: 1000px) 100vw, 1000px\" \/><\/div><\/div><div class=\"w-separator size_custom\" style=\"height:4rem\" id=\"k2de\"><style>@media(max-width:1024px){ #k2de{height:2rem!important}}@media(max-width:600px){ #k2de{height:2rem!important}}<\/style><\/div><\/div><\/div><\/div><\/div><\/section>","protected":false},"excerpt":{"rendered":"Radiologue Westend Dans le cabinet priv\u00e9 du Dr Catarina Jung A Francfort, il existe de nombreux m\u00e9decins qui ont une sp\u00e9cialit\u00e9 particuli\u00e8re et qui sont consid\u00e9r\u00e9s comme des sp\u00e9cialistes : Rien que dans le Westend, vous trouverez diff\u00e9rents m\u00e9decins g\u00e9n\u00e9ralistes et de famille, des gyn\u00e9cologues, des neurologues, des dermatologues, des orthop\u00e9distes, des psychiatres - et aussi des cabinets de radiologie. En tant que radiologue dans le Westend, le Dr Catarina Jung propose son aide pour le diagnostic...","protected":false},"author":2,"featured_media":1791,"parent":0,"menu_order":0,"comment_status":"closed","ping_status":"closed","template":"","meta":{"footnotes":""},"class_list":["post-1495","page","type-page","status-publish","has-post-thumbnail","hentry"],"yoast_head":"<!-- This site is optimized with the Yoast SEO plugin v27.3 - https:\/\/yoast.com\/product\/yoast-seo-wordpress\/ -->\n<title>Radiologe Westend \u1405 Radiologie Frankfurt, Dr. Jung<\/title>\n<meta name=\"description\" content=\"Radiologe Westend \u2713 Als Radiologe im Westend bietet Dr. Catarina Jung Hilfe bei der Diagnostik verschiedenster Erkrankungen.\" \/>\n<meta name=\"robots\" content=\"index, follow, max-snippet:-1, max-image-preview:large, max-video-preview:-1\" \/>\n<link rel=\"canonical\" href=\"https:\/\/www.radiologie-dr-jung.de\/fr\/radiologue-westend\/\" \/>\n<meta property=\"og:locale\" content=\"fr_FR\" \/>\n<meta property=\"og:type\" content=\"article\" \/>\n<meta property=\"og:title\" content=\"Radiologe Westend \u1405 Radiologie Frankfurt, Dr. Jung\" \/>\n<meta property=\"og:description\" content=\"Radiologe Westend \u2713 Als Radiologe im Westend bietet Dr. Catarina Jung Hilfe bei der Diagnostik verschiedenster Erkrankungen.\" \/>\n<meta property=\"og:url\" content=\"https:\/\/www.radiologie-dr-jung.de\/fr\/radiologue-westend\/\" \/>\n<meta property=\"og:site_name\" content=\"Dr. Catarina Jung\" \/>\n<meta property=\"article:modified_time\" content=\"2026-01-18T15:03:21+00:00\" \/>\n<meta property=\"og:image\" content=\"https:\/\/www.radiologie-dr-jung.de\/wp-content\/uploads\/2025\/12\/0214_Radiologe-Westend_01.jpg\" \/>\n\t<meta property=\"og:image:width\" content=\"1000\" \/>\n\t<meta property=\"og:image:height\" content=\"800\" \/>\n\t<meta property=\"og:image:type\" content=\"image\/jpeg\" \/>\n<meta name=\"twitter:card\" content=\"summary_large_image\" \/>\n<meta name=\"twitter:label1\" content=\"Dur\u00e9e de lecture estim\u00e9e\" \/>\n\t<meta name=\"twitter:data1\" content=\"3 minutes\" \/>\n<script type=\"application\/ld+json\" class=\"yoast-schema-graph\">{\"@context\":\"https:\\\/\\\/schema.org\",\"@graph\":[{\"@type\":\"WebPage\",\"@id\":\"https:\\\/\\\/www.radiologie-dr-jung.de\\\/radiologe-westend\\\/\",\"url\":\"https:\\\/\\\/www.radiologie-dr-jung.de\\\/radiologe-westend\\\/\",\"name\":\"Radiologe Westend \u1405 Radiologie Frankfurt, Dr. Jung\",\"isPartOf\":{\"@id\":\"https:\\\/\\\/www.radiologie-dr-jung.de\\\/#website\"},\"primaryImageOfPage\":{\"@id\":\"https:\\\/\\\/www.radiologie-dr-jung.de\\\/radiologe-westend\\\/#primaryimage\"},\"image\":{\"@id\":\"https:\\\/\\\/www.radiologie-dr-jung.de\\\/radiologe-westend\\\/#primaryimage\"},\"thumbnailUrl\":\"https:\\\/\\\/www.radiologie-dr-jung.de\\\/wp-content\\\/uploads\\\/2025\\\/12\\\/0214_Radiologe-Westend_01.jpg\",\"datePublished\":\"2025-12-05T13:23:15+00:00\",\"dateModified\":\"2026-01-18T15:03:21+00:00\",\"description\":\"Radiologe Westend \u2713 Als Radiologe im Westend bietet Dr. Catarina Jung Hilfe bei der Diagnostik verschiedenster Erkrankungen.\",\"breadcrumb\":{\"@id\":\"https:\\\/\\\/www.radiologie-dr-jung.de\\\/radiologe-westend\\\/#breadcrumb\"},\"inLanguage\":\"fr-FR\",\"potentialAction\":[{\"@type\":\"ReadAction\",\"target\":[\"https:\\\/\\\/www.radiologie-dr-jung.de\\\/radiologe-westend\\\/\"]}]},{\"@type\":\"ImageObject\",\"inLanguage\":\"fr-FR\",\"@id\":\"https:\\\/\\\/www.radiologie-dr-jung.de\\\/radiologe-westend\\\/#primaryimage\",\"url\":\"https:\\\/\\\/www.radiologie-dr-jung.de\\\/wp-content\\\/uploads\\\/2025\\\/12\\\/0214_Radiologe-Westend_01.jpg\",\"contentUrl\":\"https:\\\/\\\/www.radiologie-dr-jung.de\\\/wp-content\\\/uploads\\\/2025\\\/12\\\/0214_Radiologe-Westend_01.jpg\",\"width\":1000,\"height\":800,\"caption\":\"Radiologe Westend\"},{\"@type\":\"BreadcrumbList\",\"@id\":\"https:\\\/\\\/www.radiologie-dr-jung.de\\\/radiologe-westend\\\/#breadcrumb\",\"itemListElement\":[{\"@type\":\"ListItem\",\"position\":1,\"name\":\"Startseite\",\"item\":\"https:\\\/\\\/www.radiologie-dr-jung.de\\\/\"},{\"@type\":\"ListItem\",\"position\":2,\"name\":\"\u1405 Radiologe Westend\"}]},{\"@type\":\"WebSite\",\"@id\":\"https:\\\/\\\/www.radiologie-dr-jung.de\\\/#website\",\"url\":\"https:\\\/\\\/www.radiologie-dr-jung.de\\\/\",\"name\":\"Dr. Catarina Jung\",\"description\":\"Fach\u00e4rztin f\u00fcr Diagnostische Radiologie\",\"potentialAction\":[{\"@type\":\"SearchAction\",\"target\":{\"@type\":\"EntryPoint\",\"urlTemplate\":\"https:\\\/\\\/www.radiologie-dr-jung.de\\\/?s={search_term_string}\"},\"query-input\":{\"@type\":\"PropertyValueSpecification\",\"valueRequired\":true,\"valueName\":\"search_term_string\"}}],\"inLanguage\":\"fr-FR\"}]}<\/script>\n<!-- \/ Yoast SEO plugin. -->","yoast_head_json":{"title":"Radiologue Westend \u1405 Radiologie Frankfurt, Dr. Jung","description":"Radiologue Westend \u2713 En tant que radiologue \u00e0 Westend, le Dr Catarina Jung propose son aide pour le diagnostic de diverses maladies.","robots":{"index":"index","follow":"follow","max-snippet":"max-snippet:-1","max-image-preview":"max-image-preview:large","max-video-preview":"max-video-preview:-1"},"canonical":"https:\/\/www.radiologie-dr-jung.de\/fr\/radiologue-westend\/","og_locale":"fr_FR","og_type":"article","og_title":"Radiologe Westend \u1405 Radiologie Frankfurt, Dr. Jung","og_description":"Radiologe Westend \u2713 Als Radiologe im Westend bietet Dr. Catarina Jung Hilfe bei der Diagnostik verschiedenster Erkrankungen.","og_url":"https:\/\/www.radiologie-dr-jung.de\/fr\/radiologue-westend\/","og_site_name":"Dr. Catarina Jung","article_modified_time":"2026-01-18T15:03:21+00:00","og_image":[{"width":1000,"height":800,"url":"https:\/\/www.radiologie-dr-jung.de\/wp-content\/uploads\/2025\/12\/0214_Radiologe-Westend_01.jpg","type":"image\/jpeg"}],"twitter_card":"summary_large_image","twitter_misc":{"Dur\u00e9e de lecture estim\u00e9e":"3 minutes"},"schema":{"@context":"https:\/\/schema.org","@graph":[{"@type":"WebPage","@id":"https:\/\/www.radiologie-dr-jung.de\/radiologe-westend\/","url":"https:\/\/www.radiologie-dr-jung.de\/radiologe-westend\/","name":"Radiologue Westend \u1405 Radiologie Frankfurt, Dr. Jung","isPartOf":{"@id":"https:\/\/www.radiologie-dr-jung.de\/#website"},"primaryImageOfPage":{"@id":"https:\/\/www.radiologie-dr-jung.de\/radiologe-westend\/#primaryimage"},"image":{"@id":"https:\/\/www.radiologie-dr-jung.de\/radiologe-westend\/#primaryimage"},"thumbnailUrl":"https:\/\/www.radiologie-dr-jung.de\/wp-content\/uploads\/2025\/12\/0214_Radiologe-Westend_01.jpg","datePublished":"2025-12-05T13:23:15+00:00","dateModified":"2026-01-18T15:03:21+00:00","description":"Radiologue Westend \u2713 En tant que radiologue \u00e0 Westend, le Dr Catarina Jung propose son aide pour le diagnostic de diverses maladies.","breadcrumb":{"@id":"https:\/\/www.radiologie-dr-jung.de\/radiologe-westend\/#breadcrumb"},"inLanguage":"fr-FR","potentialAction":[{"@type":"ReadAction","target":["https:\/\/www.radiologie-dr-jung.de\/radiologe-westend\/"]}]},{"@type":"ImageObject","inLanguage":"fr-FR","@id":"https:\/\/www.radiologie-dr-jung.de\/radiologe-westend\/#primaryimage","url":"https:\/\/www.radiologie-dr-jung.de\/wp-content\/uploads\/2025\/12\/0214_Radiologe-Westend_01.jpg","contentUrl":"https:\/\/www.radiologie-dr-jung.de\/wp-content\/uploads\/2025\/12\/0214_Radiologe-Westend_01.jpg","width":1000,"height":800,"caption":"Radiologe Westend"},{"@type":"BreadcrumbList","@id":"https:\/\/www.radiologie-dr-jung.de\/radiologe-westend\/#breadcrumb","itemListElement":[{"@type":"ListItem","position":1,"name":"Startseite","item":"https:\/\/www.radiologie-dr-jung.de\/"},{"@type":"ListItem","position":2,"name":"\u1405 Radiologe Westend"}]},{"@type":"WebSite","@id":"https:\/\/www.radiologie-dr-jung.de\/#website","url":"https:\/\/www.radiologie-dr-jung.de\/","name":"Dr. Catarina Jung","description":"Sp\u00e9cialiste en radiologie diagnostique","potentialAction":[{"@type":"SearchAction","target":{"@type":"EntryPoint","urlTemplate":"https:\/\/www.radiologie-dr-jung.de\/?s={search_term_string}"},"query-input":{"@type":"PropertyValueSpecification","valueRequired":true,"valueName":"search_term_string"}}],"inLanguage":"fr-FR"}]}},"_links":{"self":[{"href":"https:\/\/www.radiologie-dr-jung.de\/fr\/wp-json\/wp\/v2\/pages\/1495","targetHints":{"allow":["GET"]}}],"collection":[{"href":"https:\/\/www.radiologie-dr-jung.de\/fr\/wp-json\/wp\/v2\/pages"}],"about":[{"href":"https:\/\/www.radiologie-dr-jung.de\/fr\/wp-json\/wp\/v2\/types\/page"}],"author":[{"embeddable":true,"href":"https:\/\/www.radiologie-dr-jung.de\/fr\/wp-json\/wp\/v2\/users\/2"}],"replies":[{"embeddable":true,"href":"https:\/\/www.radiologie-dr-jung.de\/fr\/wp-json\/wp\/v2\/comments?post=1495"}],"version-history":[{"count":6,"href":"https:\/\/www.radiologie-dr-jung.de\/fr\/wp-json\/wp\/v2\/pages\/1495\/revisions"}],"predecessor-version":[{"id":1815,"href":"https:\/\/www.radiologie-dr-jung.de\/fr\/wp-json\/wp\/v2\/pages\/1495\/revisions\/1815"}],"wp:featuredmedia":[{"embeddable":true,"href":"https:\/\/www.radiologie-dr-jung.de\/fr\/wp-json\/wp\/v2\/media\/1791"}],"wp:attachment":[{"href":"https:\/\/www.radiologie-dr-jung.de\/fr\/wp-json\/wp\/v2\/media?parent=1495"}],"curies":[{"name":"wp","href":"https:\/\/api.w.org\/{rel}","templated":true}]}}