{"id":1490,"date":"2025-12-05T14:15:51","date_gmt":"2025-12-05T13:15:51","guid":{"rendered":"https:\/\/www.radiologie-dr-jung.de\/?page_id=1490"},"modified":"2026-01-18T16:01:40","modified_gmt":"2026-01-18T15:01:40","slug":"mrt-westend","status":"publish","type":"page","link":"https:\/\/www.radiologie-dr-jung.de\/fr\/mrt-westend\/","title":{"rendered":"\u1405 IRM Westend"},"content":{"rendered":"<section class=\"l-section wpb_row height_small\"><div class=\"l-section-h i-cf\"><div class=\"g-cols vc_row via_grid cols_2 laptops-cols_inherit tablets-cols_inherit mobiles-cols_1 valign_top type_default stacking_default\" style=\"--columns-gap:0rem;\"><div class=\"wpb_column vc_column_container\"><div class=\"vc_column-inner\"><div class=\"wpb_text_column us_custom_7d39fe36 us_animate_this\"><div class=\"wpb_wrapper\"><h1>IRM de Westend<\/h1>\n<h6>Dans le cabinet priv\u00e9 du Dr Catarina Jung<\/h6>\n<\/div><\/div><div class=\"w-separator size_custom\" style=\"height:2rem\"><\/div><div class=\"wpb_text_column us_custom_5d8e9ec2 us_animate_this\"><div class=\"wpb_wrapper\"><p>Ce n'est que r\u00e9cemment que l'\u00e9mission Hessenschau a annonc\u00e9 que Francfort n'\u00e9tait pas seulement la plus grande ville de Hesse, mais aussi une ville tr\u00e8s populaire : d'apr\u00e8s les statistiques, le nombre d'habitants de Francfort augmente chaque mois d'environ 563 personnes, r\u00e9parties dans les 124 quartiers autour de la vieille ville, Ostend, Gallus ou Sachsenhausen.<\/p>\n<p>Le quartier de Westend est \u00e9galement tr\u00e8s appr\u00e9ci\u00e9. C'est dans ce quartier que se trouve le cabinet de radiologie du Dr. med. Catarina Jung. Donc, si vous habitez, travaillez ou passez souvent \u00e0 Westend et que vous avez besoin d'une IRM, vous \u00eates entre de bonnes mains chez nous.<\/p>\n<\/div><\/div><div class=\"w-separator size_custom\" style=\"height:1.5rem\"><\/div><\/div><\/div><div class=\"wpb_column vc_column_container us_custom_e21e87b0\"><div class=\"vc_column-inner\"><div class=\"w-separator size_custom\" style=\"height:0rem\" id=\"dce2\"><style>@media(max-width:1024px){ #dce2{height:2rem!important}}@media(max-width:600px){ #dce2{height:2rem!important}}<\/style><\/div><div class=\"w-image us_custom_837d9be0 us_animate_this align_none\"><div class=\"w-image-h\"><img decoding=\"async\" width=\"1000\" height=\"800\" src=\"https:\/\/www.radiologie-dr-jung.de\/wp-content\/uploads\/2025\/12\/0214_MRT-Westend_01.jpg\" class=\"attachment-full size-full\" alt=\"IRM de Westend\" loading=\"lazy\" srcset=\"https:\/\/www.radiologie-dr-jung.de\/wp-content\/uploads\/2025\/12\/0214_MRT-Westend_01.jpg 1000w, https:\/\/www.radiologie-dr-jung.de\/wp-content\/uploads\/2025\/12\/0214_MRT-Westend_01-300x240.jpg 300w, https:\/\/www.radiologie-dr-jung.de\/wp-content\/uploads\/2025\/12\/0214_MRT-Westend_01-50x40.jpg 50w, https:\/\/www.radiologie-dr-jung.de\/wp-content\/uploads\/2025\/12\/0214_MRT-Westend_01-70x56.jpg 70w\" sizes=\"auto, (max-width: 1000px) 100vw, 1000px\" \/><\/div><\/div><\/div><\/div><\/div><\/div><\/section><section class=\"l-section wpb_row height_small\"><div class=\"l-section-h i-cf\"><div class=\"g-cols vc_row via_grid cols_2 laptops-cols_inherit tablets-cols_inherit mobiles-cols_1 valign_top type_default reversed stacking_default\" style=\"--columns-gap:0rem;\"><div class=\"wpb_column vc_column_container us_custom_633a3c77 type_sticky\"><div class=\"vc_column-inner\"><div class=\"w-image us_custom_24a1ce58 us_animate_this align_none\"><div class=\"w-image-h\"><img decoding=\"async\" width=\"800\" height=\"1000\" src=\"https:\/\/www.radiologie-dr-jung.de\/wp-content\/uploads\/2025\/12\/0214_Jung-Impressionen_07.jpg\" class=\"attachment-full size-full\" alt=\"IRM de Westend\" loading=\"lazy\" srcset=\"https:\/\/www.radiologie-dr-jung.de\/wp-content\/uploads\/2025\/12\/0214_Jung-Impressionen_07.jpg 800w, https:\/\/www.radiologie-dr-jung.de\/wp-content\/uploads\/2025\/12\/0214_Jung-Impressionen_07-240x300.jpg 240w, https:\/\/www.radiologie-dr-jung.de\/wp-content\/uploads\/2025\/12\/0214_Jung-Impressionen_07-40x50.jpg 40w, https:\/\/www.radiologie-dr-jung.de\/wp-content\/uploads\/2025\/12\/0214_Jung-Impressionen_07-56x70.jpg 56w\" sizes=\"auto, (max-width: 800px) 100vw, 800px\" \/><\/div><\/div><div class=\"w-separator hide_on_default hide_on_laptops hide_on_tablets size_custom\" style=\"height:0\" id=\"ja48\"><style>@media(max-width:1024px){ #ja48{height:0rem!important}}@media(max-width:600px){ #ja48{height:0rem!important}}<\/style><\/div><\/div><\/div><div class=\"wpb_column vc_column_container\"><div class=\"vc_column-inner\"><div class=\"wpb_text_column us_custom_5d8e9ec2 us_animate_this\"><div class=\"wpb_wrapper\"><h4>IRM Westend : qui a besoin d'une imagerie par r\u00e9sonance magn\u00e9tique ?<\/h4>\n<p>Dans certains cas, les patients dont le corps ne fonctionne pas correctement se voient prescrire un examen IRM par leur m\u00e9decin traitant. Cet examen, appel\u00e9 <a href=\"https:\/\/www.radiologie-dr-jung.de\/fr\/demander-un-mrt\/\">Imagerie par r\u00e9sonance magn\u00e9tique (en abr\u00e9g\u00e9 : IRM)<\/a>peut \u00eatre utilis\u00e9 pour diagnostiquer des maladies, des troubles fonctionnels et des blessures dans toutes les parties du corps. Elle permet souvent de d\u00e9tecter ou d'exclure des fractures osseuses, des h\u00e9morragies, des inflammations, des modifications vasculaires et des st\u00e9noses, des \u00e9tirements et des d\u00e9chirures de ligaments et de tendons ou des tumeurs\/m\u00e9tastases. L'IRM sert \u00e9galement \u00e0 contr\u00f4ler l'\u00e9volution d'un traitement\/d'une th\u00e9rapie.<\/p>\n<h4>IRM Westend : pourquoi aller dans un cabinet sp\u00e9cialis\u00e9 ?<\/h4>\n<p>De nombreux patients n\u00e9cessitant un diagnostic par imagerie IRM ne savent pas dans quel cabinet se rendre. Dans le Westend de Francfort, le <a href=\"https:\/\/www.radiologie-dr-jung.de\/fr\/\">Cabinet priv\u00e9 de radiologie du Dr. med. Catarina Jung<\/a> le point de contact id\u00e9al.<\/p>\n<p>Ici, on travaille avec un appareil IRM particuli\u00e8rement innovant : Le tunnel est ouvert et offre un diam\u00e8tre de tube de 70 cm, et un aimant extr\u00eamement court est utilis\u00e9. Cela signifie pour vous un confort suppl\u00e9mentaire ! Les patients qui <a href=\"https:\/\/www.radiologie-dr-jung.de\/fr\/mrt-ouvert-francfort\/\">La peur de l'enfermement<\/a> ou qui ont besoin de plus d'espace en raison de leur volume corporel (ob\u00e9sit\u00e9), mais bien entendu, les patients \u201enormaux\u201c peuvent \u00e9galement profiter de l'espace \u00e9largi. Mais l'espace disponible et la technologie optimis\u00e9e de l'IRM ne sont pas les seuls arguments en faveur du cabinet priv\u00e9 de radiologie du Dr. med. Catarina Jung.<\/p>\n<p><a href=\"https:\/\/www.radiologie-dr-jung.de\/fr\/radiologue-frankfurt\/\">Dr. med. Catarina Jung<\/a> est une radiologue tr\u00e8s exp\u00e9riment\u00e9e qui examine vos patients non seulement avec intelligence, mais aussi et surtout avec c\u0153ur. Cela se voit aussi dans les \u00e9valuations que vos patients font sur le portail de recommandation des m\u00e9decins <a href=\"https:\/\/www.jameda.de\/frankfurt\/aerzte\/radiologen-bildgebende-verfahren\/dr-catarina-jung\/uebersicht\/81491339_1\/?utm_source=Kunden-Homepages&amp;utm_medium=Badges&amp;utm_term=81491339&amp;utm_campaign=Badges&amp;utm_content=ButtonBig\">jameda<\/a> pour eux : <a href=\"https:\/\/www.radiologie-dr-jung.de\/fr\/radiologue-frankfurt\/\">Dr. Jung<\/a> y est d\u00e9crite comme un \u201em\u00e9decin comp\u00e9tent et tr\u00e8s aimable\u201c, comme \u201etr\u00e8s bien organis\u00e9e\u201c et \u201e.\u201e<a href=\"https:\/\/www.radiologie-dr-jung.de\/fr\/mrt-enfants-francfort\/\">adapt\u00e9 aux enfants<\/a>\u201c.<\/p>\n<\/div><\/div><div class=\"w-separator hide_on_default hide_on_laptops hide_on_tablets size_custom\" style=\"height:0\" id=\"kda3\"><style>@media(max-width:1024px){ #kda3{height:2rem!important}}@media(max-width:600px){ #kda3{height:4rem!important}}<\/style><\/div><\/div><\/div><\/div><\/div><\/section><section class=\"l-section wpb_row height_small\"><div class=\"l-section-h i-cf\"><div class=\"g-cols vc_row via_grid cols_2 laptops-cols_inherit tablets-cols_inherit mobiles-cols_1 valign_top type_default stacking_default\" style=\"--columns-gap:0rem;\"><div class=\"wpb_column vc_column_container\"><div class=\"vc_column-inner\"><div class=\"wpb_text_column us_custom_96f8c16e us_animate_this\"><div class=\"wpb_wrapper\"><p>Les patients louent la rapidit\u00e9 <a href=\"https:\/\/www.radiologie-dr-jung.de\/fr\/mrt-frankfurt-reservation-de-rendez-vous-en-ligne\/\">Prise de rendez-vous<\/a> et le \u201etraitement de premi\u00e8re classe, avec tout ce que cela implique\u201c. \u201eIci, tout est comme il faut\u201c. De plus, elle est class\u00e9e depuis longtemps en premi\u00e8re position sur jameda avec les meilleures \u00e9valuations \u00e0 Francfort.<\/p>\n<p>Et il y a encore un autre avantage notable du Dr Jung et de sa <a href=\"https:\/\/www.radiologie-dr-jung.de\/fr\/radiologie-frankfurt\/\">Cabinet m\u00e9dical<\/a>La doctoresse dispose d'un grand r\u00e9seau de coll\u00e8gues de toutes les sp\u00e9cialit\u00e9s et est en contact avec des cliniques renomm\u00e9es dans les environs. Sur demande, elle peut organiser des consultations \u00e0 court terme.<\/p>\n<h4>MRT Westend : comment trouver le cabinet du Dr. med. Catarina Jung<\/h4>\n<p>Le site <a href=\"https:\/\/www.radiologie-dr-jung.de\/fr\/\">Cabinet priv\u00e9 de radiologie<\/a> se trouve dans la Bockenheimer Landstra\u00dfe 23, dans le site exceptionnel de Francfort-Westend. Elle se trouve dans le b\u00e2timent Castanea et est accessible aux personnes \u00e0 mobilit\u00e9 r\u00e9duite gr\u00e2ce \u00e0 un ascenseur.<\/p>\n<p>La tour de l'Op\u00e9ra, l'Alte Oper ainsi que l'Opernplatz avec la station de m\u00e9tro Alte Oper se trouvent \u00e0 proximit\u00e9. La chambre des m\u00e9tiers de Francfort-Rhin-Main, des chancelleries, des consulats ainsi que la Schroders Private Bank ont leur si\u00e8ge dans les b\u00e2timents voisins.<\/p>\n<\/div><\/div><\/div><\/div><div class=\"wpb_column vc_column_container us_custom_af54450f type_sticky\"><div class=\"vc_column-inner\"><div class=\"w-separator size_custom\" style=\"height:0rem\" id=\"k506\"><style>@media(max-width:1024px){ #k506{height:2rem!important}}@media(max-width:600px){ #k506{height:4rem!important}}<\/style><\/div><div class=\"w-image us_custom_f84c865d us_animate_this align_none\"><div class=\"w-image-h\"><img decoding=\"async\" width=\"1000\" height=\"800\" src=\"https:\/\/www.radiologie-dr-jung.de\/wp-content\/uploads\/2025\/12\/0214_Jung-Impressionen_16.jpg\" class=\"attachment-full size-full\" alt=\"IRM de Westend\" loading=\"lazy\" srcset=\"https:\/\/www.radiologie-dr-jung.de\/wp-content\/uploads\/2025\/12\/0214_Jung-Impressionen_16.jpg 1000w, https:\/\/www.radiologie-dr-jung.de\/wp-content\/uploads\/2025\/12\/0214_Jung-Impressionen_16-300x240.jpg 300w, https:\/\/www.radiologie-dr-jung.de\/wp-content\/uploads\/2025\/12\/0214_Jung-Impressionen_16-50x40.jpg 50w, https:\/\/www.radiologie-dr-jung.de\/wp-content\/uploads\/2025\/12\/0214_Jung-Impressionen_16-70x56.jpg 70w\" sizes=\"auto, (max-width: 1000px) 100vw, 1000px\" \/><\/div><\/div><div class=\"w-separator size_custom\" style=\"height:4rem\" id=\"k9f0\"><style>@media(max-width:1024px){ #k9f0{height:2rem!important}}@media(max-width:600px){ #k9f0{height:2rem!important}}<\/style><\/div><\/div><\/div><\/div><\/div><\/section>","protected":false},"excerpt":{"rendered":"MRT Westend In der Privatpraxis von Dr. Catarina Jung Erst vor kurzem hat die Hessenschau gemeldet, dass Frankfurt nicht nur die gr\u00f6\u00dfte Stadt Hessens ist, sondern auch eine sehr beliebte: Statistisch gesehen steigt die Einwohnerzahl Frankfurts monatlich um etwa 563 Personen, die sich auf die 124 Stadtviertel rund um Altstadt, Ostend, Gallus oder Sachsenhausen verteilen....","protected":false},"author":2,"featured_media":1786,"parent":0,"menu_order":0,"comment_status":"closed","ping_status":"closed","template":"","meta":{"footnotes":""},"class_list":["post-1490","page","type-page","status-publish","has-post-thumbnail","hentry"],"yoast_head":"<!-- This site is optimized with the Yoast SEO plugin v27.3 - https:\/\/yoast.com\/product\/yoast-seo-wordpress\/ -->\n<title>MRT Westend \u1405 Radiologie Frankfurt, Dr. Catarina Jung<\/title>\n<meta name=\"description\" content=\"MRT Westend \u2713 Im beliebten Stadtviertel Frankfurt Westend befindet sich die Radiologische Praxis von Dr. med. Catarina Jung.\" \/>\n<meta name=\"robots\" content=\"index, follow, max-snippet:-1, max-image-preview:large, max-video-preview:-1\" \/>\n<link rel=\"canonical\" href=\"https:\/\/www.radiologie-dr-jung.de\/fr\/mrt-westend\/\" \/>\n<meta property=\"og:locale\" content=\"fr_FR\" \/>\n<meta property=\"og:type\" content=\"article\" \/>\n<meta property=\"og:title\" content=\"MRT Westend \u1405 Radiologie Frankfurt, Dr. Catarina Jung\" \/>\n<meta property=\"og:description\" content=\"MRT Westend \u2713 Im beliebten Stadtviertel Frankfurt Westend befindet sich die Radiologische Praxis von Dr. med. Catarina Jung.\" \/>\n<meta property=\"og:url\" content=\"https:\/\/www.radiologie-dr-jung.de\/fr\/mrt-westend\/\" \/>\n<meta property=\"og:site_name\" content=\"Dr. Catarina Jung\" \/>\n<meta property=\"article:modified_time\" content=\"2026-01-18T15:01:40+00:00\" \/>\n<meta property=\"og:image\" content=\"https:\/\/www.radiologie-dr-jung.de\/wp-content\/uploads\/2025\/12\/0214_MRT-Westend_01.jpg\" \/>\n\t<meta property=\"og:image:width\" content=\"1000\" \/>\n\t<meta property=\"og:image:height\" content=\"800\" \/>\n\t<meta property=\"og:image:type\" content=\"image\/jpeg\" \/>\n<meta name=\"twitter:card\" content=\"summary_large_image\" \/>\n<meta name=\"twitter:label1\" content=\"Dur\u00e9e de lecture estim\u00e9e\" \/>\n\t<meta name=\"twitter:data1\" content=\"4 minutes\" \/>\n<script type=\"application\/ld+json\" class=\"yoast-schema-graph\">{\"@context\":\"https:\\\/\\\/schema.org\",\"@graph\":[{\"@type\":\"WebPage\",\"@id\":\"https:\\\/\\\/www.radiologie-dr-jung.de\\\/mrt-westend\\\/\",\"url\":\"https:\\\/\\\/www.radiologie-dr-jung.de\\\/mrt-westend\\\/\",\"name\":\"MRT Westend \u1405 Radiologie Frankfurt, Dr. Catarina Jung\",\"isPartOf\":{\"@id\":\"https:\\\/\\\/www.radiologie-dr-jung.de\\\/#website\"},\"primaryImageOfPage\":{\"@id\":\"https:\\\/\\\/www.radiologie-dr-jung.de\\\/mrt-westend\\\/#primaryimage\"},\"image\":{\"@id\":\"https:\\\/\\\/www.radiologie-dr-jung.de\\\/mrt-westend\\\/#primaryimage\"},\"thumbnailUrl\":\"https:\\\/\\\/www.radiologie-dr-jung.de\\\/wp-content\\\/uploads\\\/2025\\\/12\\\/0214_MRT-Westend_01.jpg\",\"datePublished\":\"2025-12-05T13:15:51+00:00\",\"dateModified\":\"2026-01-18T15:01:40+00:00\",\"description\":\"MRT Westend \u2713 Im beliebten Stadtviertel Frankfurt Westend befindet sich die Radiologische Praxis von Dr. med. Catarina Jung.\",\"breadcrumb\":{\"@id\":\"https:\\\/\\\/www.radiologie-dr-jung.de\\\/mrt-westend\\\/#breadcrumb\"},\"inLanguage\":\"fr-FR\",\"potentialAction\":[{\"@type\":\"ReadAction\",\"target\":[\"https:\\\/\\\/www.radiologie-dr-jung.de\\\/mrt-westend\\\/\"]}]},{\"@type\":\"ImageObject\",\"inLanguage\":\"fr-FR\",\"@id\":\"https:\\\/\\\/www.radiologie-dr-jung.de\\\/mrt-westend\\\/#primaryimage\",\"url\":\"https:\\\/\\\/www.radiologie-dr-jung.de\\\/wp-content\\\/uploads\\\/2025\\\/12\\\/0214_MRT-Westend_01.jpg\",\"contentUrl\":\"https:\\\/\\\/www.radiologie-dr-jung.de\\\/wp-content\\\/uploads\\\/2025\\\/12\\\/0214_MRT-Westend_01.jpg\",\"width\":1000,\"height\":800,\"caption\":\"MRT Westend\"},{\"@type\":\"BreadcrumbList\",\"@id\":\"https:\\\/\\\/www.radiologie-dr-jung.de\\\/mrt-westend\\\/#breadcrumb\",\"itemListElement\":[{\"@type\":\"ListItem\",\"position\":1,\"name\":\"Startseite\",\"item\":\"https:\\\/\\\/www.radiologie-dr-jung.de\\\/\"},{\"@type\":\"ListItem\",\"position\":2,\"name\":\"\u1405 MRT Westend\"}]},{\"@type\":\"WebSite\",\"@id\":\"https:\\\/\\\/www.radiologie-dr-jung.de\\\/#website\",\"url\":\"https:\\\/\\\/www.radiologie-dr-jung.de\\\/\",\"name\":\"Dr. Catarina Jung\",\"description\":\"Fach\u00e4rztin f\u00fcr Diagnostische Radiologie\",\"potentialAction\":[{\"@type\":\"SearchAction\",\"target\":{\"@type\":\"EntryPoint\",\"urlTemplate\":\"https:\\\/\\\/www.radiologie-dr-jung.de\\\/?s={search_term_string}\"},\"query-input\":{\"@type\":\"PropertyValueSpecification\",\"valueRequired\":true,\"valueName\":\"search_term_string\"}}],\"inLanguage\":\"fr-FR\"}]}<\/script>\n<!-- \/ Yoast SEO plugin. -->","yoast_head_json":{"title":"IRM Westend \u1405 Radiologie Frankfurt, Dr. Catarina Jung","description":"IRM Westend \u2713 C'est dans le quartier populaire de Francfort Westend que se trouve le cabinet de radiologie du Dr. med. Catarina Jung.","robots":{"index":"index","follow":"follow","max-snippet":"max-snippet:-1","max-image-preview":"max-image-preview:large","max-video-preview":"max-video-preview:-1"},"canonical":"https:\/\/www.radiologie-dr-jung.de\/fr\/mrt-westend\/","og_locale":"fr_FR","og_type":"article","og_title":"MRT Westend \u1405 Radiologie Frankfurt, Dr. Catarina Jung","og_description":"MRT Westend \u2713 Im beliebten Stadtviertel Frankfurt Westend befindet sich die Radiologische Praxis von Dr. med. Catarina Jung.","og_url":"https:\/\/www.radiologie-dr-jung.de\/fr\/mrt-westend\/","og_site_name":"Dr. Catarina Jung","article_modified_time":"2026-01-18T15:01:40+00:00","og_image":[{"width":1000,"height":800,"url":"https:\/\/www.radiologie-dr-jung.de\/wp-content\/uploads\/2025\/12\/0214_MRT-Westend_01.jpg","type":"image\/jpeg"}],"twitter_card":"summary_large_image","twitter_misc":{"Dur\u00e9e de lecture estim\u00e9e":"4 minutes"},"schema":{"@context":"https:\/\/schema.org","@graph":[{"@type":"WebPage","@id":"https:\/\/www.radiologie-dr-jung.de\/mrt-westend\/","url":"https:\/\/www.radiologie-dr-jung.de\/mrt-westend\/","name":"IRM Westend \u1405 Radiologie Frankfurt, Dr. Catarina Jung","isPartOf":{"@id":"https:\/\/www.radiologie-dr-jung.de\/#website"},"primaryImageOfPage":{"@id":"https:\/\/www.radiologie-dr-jung.de\/mrt-westend\/#primaryimage"},"image":{"@id":"https:\/\/www.radiologie-dr-jung.de\/mrt-westend\/#primaryimage"},"thumbnailUrl":"https:\/\/www.radiologie-dr-jung.de\/wp-content\/uploads\/2025\/12\/0214_MRT-Westend_01.jpg","datePublished":"2025-12-05T13:15:51+00:00","dateModified":"2026-01-18T15:01:40+00:00","description":"IRM Westend \u2713 C'est dans le quartier populaire de Francfort Westend que se trouve le cabinet de radiologie du Dr. med. Catarina Jung.","breadcrumb":{"@id":"https:\/\/www.radiologie-dr-jung.de\/mrt-westend\/#breadcrumb"},"inLanguage":"fr-FR","potentialAction":[{"@type":"ReadAction","target":["https:\/\/www.radiologie-dr-jung.de\/mrt-westend\/"]}]},{"@type":"ImageObject","inLanguage":"fr-FR","@id":"https:\/\/www.radiologie-dr-jung.de\/mrt-westend\/#primaryimage","url":"https:\/\/www.radiologie-dr-jung.de\/wp-content\/uploads\/2025\/12\/0214_MRT-Westend_01.jpg","contentUrl":"https:\/\/www.radiologie-dr-jung.de\/wp-content\/uploads\/2025\/12\/0214_MRT-Westend_01.jpg","width":1000,"height":800,"caption":"MRT Westend"},{"@type":"BreadcrumbList","@id":"https:\/\/www.radiologie-dr-jung.de\/mrt-westend\/#breadcrumb","itemListElement":[{"@type":"ListItem","position":1,"name":"Startseite","item":"https:\/\/www.radiologie-dr-jung.de\/"},{"@type":"ListItem","position":2,"name":"\u1405 MRT Westend"}]},{"@type":"WebSite","@id":"https:\/\/www.radiologie-dr-jung.de\/#website","url":"https:\/\/www.radiologie-dr-jung.de\/","name":"Dr. Catarina Jung","description":"Sp\u00e9cialiste en radiologie diagnostique","potentialAction":[{"@type":"SearchAction","target":{"@type":"EntryPoint","urlTemplate":"https:\/\/www.radiologie-dr-jung.de\/?s={search_term_string}"},"query-input":{"@type":"PropertyValueSpecification","valueRequired":true,"valueName":"search_term_string"}}],"inLanguage":"fr-FR"}]}},"_links":{"self":[{"href":"https:\/\/www.radiologie-dr-jung.de\/fr\/wp-json\/wp\/v2\/pages\/1490","targetHints":{"allow":["GET"]}}],"collection":[{"href":"https:\/\/www.radiologie-dr-jung.de\/fr\/wp-json\/wp\/v2\/pages"}],"about":[{"href":"https:\/\/www.radiologie-dr-jung.de\/fr\/wp-json\/wp\/v2\/types\/page"}],"author":[{"embeddable":true,"href":"https:\/\/www.radiologie-dr-jung.de\/fr\/wp-json\/wp\/v2\/users\/2"}],"replies":[{"embeddable":true,"href":"https:\/\/www.radiologie-dr-jung.de\/fr\/wp-json\/wp\/v2\/comments?post=1490"}],"version-history":[{"count":7,"href":"https:\/\/www.radiologie-dr-jung.de\/fr\/wp-json\/wp\/v2\/pages\/1490\/revisions"}],"predecessor-version":[{"id":1807,"href":"https:\/\/www.radiologie-dr-jung.de\/fr\/wp-json\/wp\/v2\/pages\/1490\/revisions\/1807"}],"wp:featuredmedia":[{"embeddable":true,"href":"https:\/\/www.radiologie-dr-jung.de\/fr\/wp-json\/wp\/v2\/media\/1786"}],"wp:attachment":[{"href":"https:\/\/www.radiologie-dr-jung.de\/fr\/wp-json\/wp\/v2\/media?parent=1490"}],"curies":[{"name":"wp","href":"https:\/\/api.w.org\/{rel}","templated":true}]}}