{"id":1484,"date":"2025-12-05T13:45:35","date_gmt":"2025-12-05T12:45:35","guid":{"rendered":"https:\/\/www.radiologie-dr-jung.de\/?page_id=1484"},"modified":"2026-02-20T18:52:53","modified_gmt":"2026-02-20T17:52:53","slug":"mrt-avec-tatouage","status":"publish","type":"page","link":"https:\/\/www.radiologie-dr-jung.de\/fr\/mrt-mit-tattoo\/","title":{"rendered":"\u1405 IRM avec tatouage"},"content":{"rendered":"<section class=\"l-section wpb_row height_small\"><div class=\"l-section-h i-cf\"><div class=\"g-cols vc_row via_grid cols_2 laptops-cols_inherit tablets-cols_inherit mobiles-cols_1 valign_top type_default stacking_default\" style=\"--columns-gap:0rem;\"><div class=\"wpb_column vc_column_container\"><div class=\"vc_column-inner\"><div class=\"wpb_text_column us_custom_7d39fe36 us_animate_this\"><div class=\"wpb_wrapper\"><h1>tatouage IRM<\/h1>\n<h6>L'examen IRM avec tatouage est-il sans danger ?<\/h6>\n<\/div><\/div><div class=\"w-separator size_custom\" style=\"height:2rem\"><\/div><div class=\"wpb_text_column us_custom_5d8e9ec2 us_animate_this\"><div class=\"wpb_wrapper\"><p>Alors qu'il y a de nombreuses ann\u00e9es, le tatouage \u00e9tait plut\u00f4t rel\u00e9gu\u00e9 au rang de \u201esalet\u00e9\u201c, l'attitude \u00e0 son \u00e9gard a nettement chang\u00e9 : Les tatouages sont plus tendance que jamais. Ils sont consid\u00e9r\u00e9s comme une forme d'art et sont presque devenus un \"must-have\" pour de nombreuses personnes. Mais aussi beaux et attrayants que soient ces ornements corporels, les couleurs utilis\u00e9es peuvent contenir du fer (ou de petites traces de fer).<\/p>\n<p>\u00c9tant donn\u00e9 qu'une IRM, en tant que m\u00e9thode de diagnostic, repose sur un champ magn\u00e9tique puissant, de nombreux patients se posent les questions suivantes : \u201ePuis-je passer une IRM avec un tatouage ? Y a-t-il des risques pour mon corps ou pour le tatouage ? Et quel est l'impact de mon tatouage sur le r\u00e9sultat de l'examen\u201c ? Nous r\u00e9pondons \u00e0 ces questions sur cette page.<\/p>\n<\/div><\/div><div class=\"w-separator size_custom\" style=\"height:1.5rem\"><\/div><\/div><\/div><div class=\"wpb_column vc_column_container us_custom_e21e87b0\"><div class=\"vc_column-inner\"><div class=\"w-separator size_custom\" style=\"height:0rem\" id=\"o353\"><style>@media(max-width:1024px){ #o353{height:2rem!important}}@media(max-width:600px){ #o353{height:2rem!important}}<\/style><\/div><div class=\"w-image us_custom_f90cf93a us_animate_this align_none\"><div class=\"w-image-h\"><img decoding=\"async\" width=\"1000\" height=\"800\" src=\"https:\/\/www.radiologie-dr-jung.de\/wp-content\/uploads\/2025\/12\/0214_MRT-Tattoo_01.jpg\" class=\"attachment-full size-full\" alt=\"IRM avec tatouage\" loading=\"lazy\" srcset=\"https:\/\/www.radiologie-dr-jung.de\/wp-content\/uploads\/2025\/12\/0214_MRT-Tattoo_01.jpg 1000w, https:\/\/www.radiologie-dr-jung.de\/wp-content\/uploads\/2025\/12\/0214_MRT-Tattoo_01-300x240.jpg 300w, https:\/\/www.radiologie-dr-jung.de\/wp-content\/uploads\/2025\/12\/0214_MRT-Tattoo_01-50x40.jpg 50w, https:\/\/www.radiologie-dr-jung.de\/wp-content\/uploads\/2025\/12\/0214_MRT-Tattoo_01-70x56.jpg 70w\" sizes=\"auto, (max-width: 1000px) 100vw, 1000px\" \/><\/div><\/div><\/div><\/div><\/div><\/div><\/section><section class=\"l-section wpb_row height_small\"><div class=\"l-section-h i-cf\"><div class=\"g-cols vc_row via_grid cols_2 laptops-cols_inherit tablets-cols_inherit mobiles-cols_1 valign_top type_default reversed stacking_default\" style=\"--columns-gap:0rem;\"><div class=\"wpb_column vc_column_container us_custom_633a3c77 type_sticky\"><div class=\"vc_column-inner\"><div class=\"w-image us_custom_b42782a4 us_animate_this align_none\"><div class=\"w-image-h\"><img decoding=\"async\" width=\"800\" height=\"1000\" src=\"https:\/\/www.radiologie-dr-jung.de\/wp-content\/uploads\/2025\/12\/0214_Jung-Impressionen_09.jpg\" class=\"attachment-full size-full\" alt=\"IRM avec tatouage\" loading=\"lazy\" srcset=\"https:\/\/www.radiologie-dr-jung.de\/wp-content\/uploads\/2025\/12\/0214_Jung-Impressionen_09.jpg 800w, https:\/\/www.radiologie-dr-jung.de\/wp-content\/uploads\/2025\/12\/0214_Jung-Impressionen_09-240x300.jpg 240w, https:\/\/www.radiologie-dr-jung.de\/wp-content\/uploads\/2025\/12\/0214_Jung-Impressionen_09-40x50.jpg 40w, https:\/\/www.radiologie-dr-jung.de\/wp-content\/uploads\/2025\/12\/0214_Jung-Impressionen_09-56x70.jpg 56w\" sizes=\"auto, (max-width: 800px) 100vw, 800px\" \/><\/div><\/div><div class=\"w-separator hide_on_default hide_on_laptops hide_on_tablets size_custom\" style=\"height:0\" id=\"i12c\"><style>@media(max-width:1024px){ #i12c{height:0rem!important}}@media(max-width:600px){ #i12c{height:0rem!important}}<\/style><\/div><\/div><\/div><div class=\"wpb_column vc_column_container\"><div class=\"vc_column-inner\"><div class=\"wpb_text_column us_custom_5d8e9ec2 us_animate_this\"><div class=\"wpb_wrapper\"><h4>L'IRM peut \u00eatre faite avec un tatouage<\/h4>\n<p>En principe, une imagerie par r\u00e9sonance magn\u00e9tique peut \u00eatre r\u00e9alis\u00e9e sans probl\u00e8me chez les personnes qui sont tatou\u00e9es. Toutefois, avant l'examen et par mesure de s\u00e9curit\u00e9, certains aspects doivent \u00eatre v\u00e9rifi\u00e9s avec l'inscription au <a href=\"https:\/\/www.radiologie-dr-jung.de\/fr\/\">Cabinet priv\u00e9 de radiologie<\/a> de <a href=\"https:\/\/www.radiologie-dr-jung.de\/fr\/radiologue-frankfurt\/\">Dr. Catarina Jung<\/a> \u00eatre discut\u00e9.<\/p>\n<h6>Encres de tatouage utilis\u00e9es<\/h6>\n<p>Il est important que vous nous informiez sur les composants de vos encres de tatouage. Les tatouages plus anciens (avant 1990) peuvent avoir \u00e9t\u00e9 r\u00e9alis\u00e9s avec des encres contenant des ingr\u00e9dients actifs magn\u00e9tiquement (par exemple carbonates de fer, hydroxyde de fer, oxyde de fer). En Allemagne, on utilise depuis les ann\u00e9es 1990 des encres qui ne contiennent g\u00e9n\u00e9ralement que peu ou pas de composants magn\u00e9tiques et qui sont donc adapt\u00e9es \u00e0 l'IRM. Toutefois, l'utilisation de substances \u00e0 effet magn\u00e9tique n'est pas interdite. Ainsi, des substances magn\u00e9tiques peuvent continuer \u00e0 \u00eatre pr\u00e9sentes dans certaines couleurs, m\u00eame si c'est en tr\u00e8s petites quantit\u00e9s : Il s'agit notamment de l'hydroxyde de fer et du carbonate de fer en blanc, de l'oxyde de fer en rouge et du ferrocyanure de fer ammoniacal en bleu. C'est pourquoi les couleurs rouge, blanche et noire peuvent, dans de rares cas, poser des probl\u00e8mes lors de l'examen IRM.<\/p>\n<h6>Localisation et taille du tatouage<\/h6>\n<p>En outre, l'endroit o\u00f9 vous portez votre tatouage et sa taille peuvent limiter le succ\u00e8s de l'examen IRM. Les tatouages qui se trouvent dans la zone du corps \u00e0 examiner peuvent, dans certains cas, perturber l'imagerie. Il en va de m\u00eame pour les tatouages particuli\u00e8rement grands qui se trouvent dans la zone du corps \u00e0 examiner. En cons\u00e9quence, les tatouages situ\u00e9s sur une toute autre zone du corps ne posent absolument aucun probl\u00e8me. Cela signifie, par exemple, qu'un tatouage sur le bras n'entrave en aucun cas l'IRM si celle-ci est effectu\u00e9e sur le genou.<\/p>\n<h4>l'IRM n'endommage pas le tatouage (exception : les tatouages fra\u00eechement piqu\u00e9s)<\/h4>\n<p>Si vous devez passer un examen IRM, vous n'avez pas \u00e0 craindre qu'il affecte l'aspect et la texture de votre tatouage : une IRM n'est pas nocive pour votre tatouage. Il n'y a pas de cons\u00e9quences ou d'effets n\u00e9gatifs \u00e0 craindre.<\/p>\n<p>Il convient toutefois de faire attention aux tatouages r\u00e9cemment r\u00e9alis\u00e9s. Pendant les six semaines suivant la \u201edate butoir\u201c, il convient - si possible - de renoncer \u00e0 un examen IRM. Lors du tatouage, les cellules superficielles de la peau sont temporairement endommag\u00e9es ou affect\u00e9es par le contact de cellule \u00e0 cellule. C'est pourquoi les couleurs fra\u00eechement piqu\u00e9es peuvent \u00e9ventuellement s'effacer sous l'effet du champ magn\u00e9tique.<\/p>\n<h4>Risque de br\u00fblures cutan\u00e9es chez les personnes tatou\u00e9es en IRM ?<\/h4>\n<p>En th\u00e9orie, l'orientation des contenus magn\u00e9tiques des tatouages dans le cadre de l'examen IRM peut entra\u00eener des br\u00fblures superficielles au premier degr\u00e9 de la peau. Cela est toutefois extr\u00eamement rare.<\/p>\n<p>Pour \u00e9viter d'en arriver l\u00e0, nous mettons un bouton-poussoir dans la main du patient pendant l'examen. Il peut l'actionner \u00e0 tout moment s'il ressent un \u00e9chauffement. L'examen est alors interrompu. En r\u00e8gle g\u00e9n\u00e9rale, une br\u00fblure ne se d\u00e9veloppe pas imm\u00e9diatement, mais le patient peut la ressentir. De cette mani\u00e8re, il peut r\u00e9agir \u00e0 temps en cas de besoin.<\/p>\n<\/div><\/div><div class=\"w-separator hide_on_default hide_on_laptops hide_on_tablets size_custom\" style=\"height:0\" id=\"c47d\"><style>@media(max-width:1024px){ #c47d{height:2rem!important}}@media(max-width:600px){ #c47d{height:4rem!important}}<\/style><\/div><\/div><\/div><\/div><\/div><\/section><section class=\"l-section wpb_row height_small\"><div class=\"l-section-h i-cf\"><div class=\"g-cols vc_row via_grid cols_2 laptops-cols_inherit tablets-cols_inherit mobiles-cols_1 valign_top type_default stacking_default\" style=\"--columns-gap:0rem;\"><div class=\"wpb_column vc_column_container\"><div class=\"vc_column-inner\"><div class=\"wpb_text_column us_custom_96f8c16e us_animate_this\"><div class=\"wpb_wrapper\"><h4>\u00c9tude sur les tatouages en IRM : seuls 2 sujets sur 330 ayant des tatouages ont eu des effets secondaires<\/h4>\n<p>Une \u00e9tude men\u00e9e par Nikolaus Weiskopf (actuellement directeur de l'Institut Max Plank pour les sciences cognitives et neurologiques \u00e0 Leipzig) et sa coll\u00e8gue londonienne Martina Callaghan s'est concentr\u00e9e sur la question de savoir si les tatouages \u00e9taient dangereux \u00e0 l'IRM. L'\u00e9tude s'est d\u00e9roul\u00e9e sur plusieurs ann\u00e9es et les r\u00e9sultats ont \u00e9t\u00e9 publi\u00e9s d\u00e9but 2019 dans le New England Journal of Medicine.<\/p>\n<p>L'\u00e9tude a port\u00e9 sur 330 personnes, qui avaient au total 932 tatouages. Les patients dont les tatouages individuels mesuraient plus de 20 cm de long et dont les images couvraient plus de cinq pour cent de la surface corporelle \u00e9taient exclus de l'\u00e9tude. En outre, les sujets qui avaient des tatouages sur la t\u00eate, le cou et\/ou les organes g\u00e9nitaux n'\u00e9taient pas autoris\u00e9s \u00e0 participer \u00e0 l'\u00e9tude. Cela limite \u00e9videmment la port\u00e9e de l'\u00e9tude, mais les scientifiques ont voulu jouer la carte de la s\u00e9curit\u00e9.<\/p>\n<p>Avant que les patients ne soient <a href=\"https:\/\/www.radiologie-dr-jung.de\/fr\/mrt-ouvert-francfort\/\">Tube d'IRM<\/a> l'\u00e9quipe de recherche a enregistr\u00e9 la taille exacte de chaque tatouage, leur emplacement, les couleurs utilis\u00e9es et le pays d'origine de l'\u0153uvre d'art corporel. Les patients ont ensuite \u00e9t\u00e9 examin\u00e9s \u00e0 l'aide de puissants appareils IRM de trois Tesla. Il s'agit d'une puissance utilis\u00e9e dans de nombreuses cliniques (\u00e0 titre de comparaison, l'appareil de notre <a href=\"https:\/\/www.radiologie-dr-jung.de\/fr\/mrt-a-francfort\/\">Cabinet d'IRM \u00e0 Francfort<\/a> fonctionne avec un syst\u00e8me \u00e0 haut champ de 1,5 tesla).<\/p>\n<p>R\u00e9sultat : seuls deux des 330 sujets tatou\u00e9s ont pr\u00e9sent\u00e9 des effets secondaires. L'un d'entre eux a signal\u00e9 un l\u00e9ger picotement, l'autre a remarqu\u00e9 un \u00e9chauffement et une sensation de tension, apr\u00e8s quoi l'examen a \u00e9t\u00e9 interrompu. Le patient s'est r\u00e9tabli en une journ\u00e9e sans aucun signe de br\u00fblure.<\/p>\n<p>L'\u00e9quipe de recherche explique cet effet par le champ \u00e0 haute fr\u00e9quence utilis\u00e9 dans l'IRM pour produire les images. La fr\u00e9quence habituelle est de quelques centaines de m\u00e9gahertz. On obtient ainsi des longueurs de r\u00e9sonance de structures conductrices qui correspondent \u00e0 peu pr\u00e8s \u00e0 la longueur d'un tatouage. Le tatouage peut alors absorber une grande partie de l'\u00e9nergie de ce champ haute fr\u00e9quence, qui serait normalement r\u00e9partie sur une plus grande surface.<\/p>\n<p>N\u00e9anmoins, la majorit\u00e9 des sujets tatou\u00e9s n'ont ressenti aucun effet secondaire \u00e0 l'IRM. Les effets secondaires ind\u00e9sirables qui ont touch\u00e9 deux personnes doivent \u00eatre consid\u00e9r\u00e9s comme des cas isol\u00e9s.<\/p>\n<h4>IRM de Francfort<\/h4>\n<p>Conclusion : dans la plupart des cas, une IRM peut \u00e9galement \u00eatre r\u00e9alis\u00e9e sans effets secondaires ni restrictions chez les personnes ayant des tatouages. Veuillez toutefois nous parler de votre tatouage avant l'examen.<\/p>\n<p>Nous sommes consid\u00e9r\u00e9s comme un cabinet sp\u00e9cialis\u00e9 dans <a href=\"https:\/\/www.radiologie-dr-jung.de\/fr\/\">Radiologie \u00e0 Francfort<\/a> et nous proposons une technologie de pointe. L'appareil IRM que nous utilisons pour l'examen a un diam\u00e8tre de tube de 70 cm. Il est donc beaucoup plus large que les appareils habituels. Un \u00e9clairage MoodLight et une musique individuelle de votre choix permettent de cr\u00e9er une atmosph\u00e8re agr\u00e9able pendant l'examen.<\/p>\n<\/div><\/div><\/div><\/div><div class=\"wpb_column vc_column_container us_custom_af54450f type_sticky\"><div class=\"vc_column-inner\"><div class=\"w-separator size_custom\" style=\"height:0rem\" id=\"abcf\"><style>@media(max-width:1024px){ #abcf{height:2rem!important}}@media(max-width:600px){ #abcf{height:4rem!important}}<\/style><\/div><div class=\"w-image us_custom_d0aaf76f us_animate_this align_none\"><div class=\"w-image-h\"><img decoding=\"async\" width=\"1000\" height=\"800\" src=\"https:\/\/www.radiologie-dr-jung.de\/wp-content\/uploads\/2025\/12\/0214_Jung-Impressionen_15.jpg\" class=\"attachment-full size-full\" alt=\"IRM avec tatouage\" loading=\"lazy\" srcset=\"https:\/\/www.radiologie-dr-jung.de\/wp-content\/uploads\/2025\/12\/0214_Jung-Impressionen_15.jpg 1000w, https:\/\/www.radiologie-dr-jung.de\/wp-content\/uploads\/2025\/12\/0214_Jung-Impressionen_15-300x240.jpg 300w, https:\/\/www.radiologie-dr-jung.de\/wp-content\/uploads\/2025\/12\/0214_Jung-Impressionen_15-50x40.jpg 50w, https:\/\/www.radiologie-dr-jung.de\/wp-content\/uploads\/2025\/12\/0214_Jung-Impressionen_15-70x56.jpg 70w\" sizes=\"auto, (max-width: 1000px) 100vw, 1000px\" \/><\/div><\/div><div class=\"w-separator size_custom\" style=\"height:4rem\" id=\"w141\"><style>@media(max-width:1024px){ #w141{height:2rem!important}}@media(max-width:600px){ #w141{height:2rem!important}}<\/style><\/div><\/div><\/div><\/div><\/div><\/section>","protected":false},"excerpt":{"rendered":"MRT Tattoo Ist die MRT-Untersuchung mit Tattoo unbedenklich? W\u00e4hrend ein Tattoo vor vielen Jahren noch eher in die \u201eSchmuddelecke\u201c geschoben wurde, so hat sich die Einstellung dazu deutlich ge\u00e4ndert: T\u00e4towierungen liegen mehr im Trend denn je. Sie gelten als Kunstform und sind f\u00fcr viele Personen fast schon ein Must-have geworden. Doch so sch\u00f6n und attraktiv...","protected":false},"author":2,"featured_media":1778,"parent":0,"menu_order":0,"comment_status":"closed","ping_status":"closed","template":"","meta":{"footnotes":""},"class_list":["post-1484","page","type-page","status-publish","has-post-thumbnail","hentry"],"yoast_head":"<!-- This site is optimized with the Yoast SEO plugin v27.3 - https:\/\/yoast.com\/product\/yoast-seo-wordpress\/ -->\n<title>MRT mit Tattoo \u2013 ist das unbedenklich? \u1405 MRT Frankfurt<\/title>\n<meta name=\"description\" content=\"MRT mit Tattoo \u2713 Da ein MRT auf einem starken Magnetfeld beruht, stellen sich t\u00e4ttowierte Patienten viele Fragen.\" \/>\n<meta name=\"robots\" content=\"index, follow, max-snippet:-1, max-image-preview:large, max-video-preview:-1\" \/>\n<link rel=\"canonical\" href=\"https:\/\/www.radiologie-dr-jung.de\/fr\/mrt-avec-tatouage\/\" \/>\n<meta property=\"og:locale\" content=\"fr_FR\" \/>\n<meta property=\"og:type\" content=\"article\" \/>\n<meta property=\"og:title\" content=\"MRT mit Tattoo \u2013 ist das unbedenklich? \u1405 MRT Frankfurt\" \/>\n<meta property=\"og:description\" content=\"MRT mit Tattoo \u2713 Da ein MRT auf einem starken Magnetfeld beruht, stellen sich t\u00e4ttowierte Patienten viele Fragen.\" \/>\n<meta property=\"og:url\" content=\"https:\/\/www.radiologie-dr-jung.de\/fr\/mrt-avec-tatouage\/\" \/>\n<meta property=\"og:site_name\" content=\"Dr. Catarina Jung\" \/>\n<meta property=\"article:modified_time\" content=\"2026-02-20T17:52:53+00:00\" \/>\n<meta property=\"og:image\" content=\"https:\/\/www.radiologie-dr-jung.de\/wp-content\/uploads\/2025\/12\/0214_MRT-Tattoo_01.jpg\" \/>\n\t<meta property=\"og:image:width\" content=\"1000\" \/>\n\t<meta property=\"og:image:height\" content=\"800\" \/>\n\t<meta property=\"og:image:type\" content=\"image\/jpeg\" \/>\n<meta name=\"twitter:card\" content=\"summary_large_image\" \/>\n<meta name=\"twitter:label1\" content=\"Dur\u00e9e de lecture estim\u00e9e\" \/>\n\t<meta name=\"twitter:data1\" content=\"6 minutes\" \/>\n<script type=\"application\/ld+json\" class=\"yoast-schema-graph\">{\"@context\":\"https:\\\/\\\/schema.org\",\"@graph\":[{\"@type\":\"WebPage\",\"@id\":\"https:\\\/\\\/www.radiologie-dr-jung.de\\\/mrt-mit-tattoo\\\/\",\"url\":\"https:\\\/\\\/www.radiologie-dr-jung.de\\\/mrt-mit-tattoo\\\/\",\"name\":\"MRT mit Tattoo \u2013 ist das unbedenklich? \u1405 MRT Frankfurt\",\"isPartOf\":{\"@id\":\"https:\\\/\\\/www.radiologie-dr-jung.de\\\/#website\"},\"primaryImageOfPage\":{\"@id\":\"https:\\\/\\\/www.radiologie-dr-jung.de\\\/mrt-mit-tattoo\\\/#primaryimage\"},\"image\":{\"@id\":\"https:\\\/\\\/www.radiologie-dr-jung.de\\\/mrt-mit-tattoo\\\/#primaryimage\"},\"thumbnailUrl\":\"https:\\\/\\\/www.radiologie-dr-jung.de\\\/wp-content\\\/uploads\\\/2025\\\/12\\\/0214_MRT-Tattoo_01.jpg\",\"datePublished\":\"2025-12-05T12:45:35+00:00\",\"dateModified\":\"2026-02-20T17:52:53+00:00\",\"description\":\"MRT mit Tattoo \u2713 Da ein MRT auf einem starken Magnetfeld beruht, stellen sich t\u00e4ttowierte Patienten viele Fragen.\",\"breadcrumb\":{\"@id\":\"https:\\\/\\\/www.radiologie-dr-jung.de\\\/mrt-mit-tattoo\\\/#breadcrumb\"},\"inLanguage\":\"fr-FR\",\"potentialAction\":[{\"@type\":\"ReadAction\",\"target\":[\"https:\\\/\\\/www.radiologie-dr-jung.de\\\/mrt-mit-tattoo\\\/\"]}]},{\"@type\":\"ImageObject\",\"inLanguage\":\"fr-FR\",\"@id\":\"https:\\\/\\\/www.radiologie-dr-jung.de\\\/mrt-mit-tattoo\\\/#primaryimage\",\"url\":\"https:\\\/\\\/www.radiologie-dr-jung.de\\\/wp-content\\\/uploads\\\/2025\\\/12\\\/0214_MRT-Tattoo_01.jpg\",\"contentUrl\":\"https:\\\/\\\/www.radiologie-dr-jung.de\\\/wp-content\\\/uploads\\\/2025\\\/12\\\/0214_MRT-Tattoo_01.jpg\",\"width\":1000,\"height\":800,\"caption\":\"MRT mit Tattoo\"},{\"@type\":\"BreadcrumbList\",\"@id\":\"https:\\\/\\\/www.radiologie-dr-jung.de\\\/mrt-mit-tattoo\\\/#breadcrumb\",\"itemListElement\":[{\"@type\":\"ListItem\",\"position\":1,\"name\":\"Startseite\",\"item\":\"https:\\\/\\\/www.radiologie-dr-jung.de\\\/\"},{\"@type\":\"ListItem\",\"position\":2,\"name\":\"\u1405 MRT mit Tattoo\"}]},{\"@type\":\"WebSite\",\"@id\":\"https:\\\/\\\/www.radiologie-dr-jung.de\\\/#website\",\"url\":\"https:\\\/\\\/www.radiologie-dr-jung.de\\\/\",\"name\":\"Dr. Catarina Jung\",\"description\":\"Fach\u00e4rztin f\u00fcr Diagnostische Radiologie\",\"potentialAction\":[{\"@type\":\"SearchAction\",\"target\":{\"@type\":\"EntryPoint\",\"urlTemplate\":\"https:\\\/\\\/www.radiologie-dr-jung.de\\\/?s={search_term_string}\"},\"query-input\":{\"@type\":\"PropertyValueSpecification\",\"valueRequired\":true,\"valueName\":\"search_term_string\"}}],\"inLanguage\":\"fr-FR\"}]}<\/script>\n<!-- \/ Yoast SEO plugin. -->","yoast_head_json":{"title":"IRM avec tatouage - est-ce sans danger ? \u1405 IRM de Francfort","description":"IRM avec tatouage \u2713 Comme une IRM repose sur un champ magn\u00e9tique puissant, les patients tatou\u00e9s se posent beaucoup de questions.","robots":{"index":"index","follow":"follow","max-snippet":"max-snippet:-1","max-image-preview":"max-image-preview:large","max-video-preview":"max-video-preview:-1"},"canonical":"https:\/\/www.radiologie-dr-jung.de\/fr\/mrt-avec-tatouage\/","og_locale":"fr_FR","og_type":"article","og_title":"MRT mit Tattoo \u2013 ist das unbedenklich? \u1405 MRT Frankfurt","og_description":"MRT mit Tattoo \u2713 Da ein MRT auf einem starken Magnetfeld beruht, stellen sich t\u00e4ttowierte Patienten viele Fragen.","og_url":"https:\/\/www.radiologie-dr-jung.de\/fr\/mrt-avec-tatouage\/","og_site_name":"Dr. Catarina Jung","article_modified_time":"2026-02-20T17:52:53+00:00","og_image":[{"width":1000,"height":800,"url":"https:\/\/www.radiologie-dr-jung.de\/wp-content\/uploads\/2025\/12\/0214_MRT-Tattoo_01.jpg","type":"image\/jpeg"}],"twitter_card":"summary_large_image","twitter_misc":{"Dur\u00e9e de lecture estim\u00e9e":"6 minutes"},"schema":{"@context":"https:\/\/schema.org","@graph":[{"@type":"WebPage","@id":"https:\/\/www.radiologie-dr-jung.de\/mrt-mit-tattoo\/","url":"https:\/\/www.radiologie-dr-jung.de\/mrt-mit-tattoo\/","name":"IRM avec tatouage - est-ce sans danger ? \u1405 IRM de Francfort","isPartOf":{"@id":"https:\/\/www.radiologie-dr-jung.de\/#website"},"primaryImageOfPage":{"@id":"https:\/\/www.radiologie-dr-jung.de\/mrt-mit-tattoo\/#primaryimage"},"image":{"@id":"https:\/\/www.radiologie-dr-jung.de\/mrt-mit-tattoo\/#primaryimage"},"thumbnailUrl":"https:\/\/www.radiologie-dr-jung.de\/wp-content\/uploads\/2025\/12\/0214_MRT-Tattoo_01.jpg","datePublished":"2025-12-05T12:45:35+00:00","dateModified":"2026-02-20T17:52:53+00:00","description":"IRM avec tatouage \u2713 Comme une IRM repose sur un champ magn\u00e9tique puissant, les patients tatou\u00e9s se posent beaucoup de questions.","breadcrumb":{"@id":"https:\/\/www.radiologie-dr-jung.de\/mrt-mit-tattoo\/#breadcrumb"},"inLanguage":"fr-FR","potentialAction":[{"@type":"ReadAction","target":["https:\/\/www.radiologie-dr-jung.de\/mrt-mit-tattoo\/"]}]},{"@type":"ImageObject","inLanguage":"fr-FR","@id":"https:\/\/www.radiologie-dr-jung.de\/mrt-mit-tattoo\/#primaryimage","url":"https:\/\/www.radiologie-dr-jung.de\/wp-content\/uploads\/2025\/12\/0214_MRT-Tattoo_01.jpg","contentUrl":"https:\/\/www.radiologie-dr-jung.de\/wp-content\/uploads\/2025\/12\/0214_MRT-Tattoo_01.jpg","width":1000,"height":800,"caption":"MRT mit Tattoo"},{"@type":"BreadcrumbList","@id":"https:\/\/www.radiologie-dr-jung.de\/mrt-mit-tattoo\/#breadcrumb","itemListElement":[{"@type":"ListItem","position":1,"name":"Startseite","item":"https:\/\/www.radiologie-dr-jung.de\/"},{"@type":"ListItem","position":2,"name":"\u1405 MRT mit Tattoo"}]},{"@type":"WebSite","@id":"https:\/\/www.radiologie-dr-jung.de\/#website","url":"https:\/\/www.radiologie-dr-jung.de\/","name":"Dr. Catarina Jung","description":"Sp\u00e9cialiste en radiologie diagnostique","potentialAction":[{"@type":"SearchAction","target":{"@type":"EntryPoint","urlTemplate":"https:\/\/www.radiologie-dr-jung.de\/?s={search_term_string}"},"query-input":{"@type":"PropertyValueSpecification","valueRequired":true,"valueName":"search_term_string"}}],"inLanguage":"fr-FR"}]}},"_links":{"self":[{"href":"https:\/\/www.radiologie-dr-jung.de\/fr\/wp-json\/wp\/v2\/pages\/1484","targetHints":{"allow":["GET"]}}],"collection":[{"href":"https:\/\/www.radiologie-dr-jung.de\/fr\/wp-json\/wp\/v2\/pages"}],"about":[{"href":"https:\/\/www.radiologie-dr-jung.de\/fr\/wp-json\/wp\/v2\/types\/page"}],"author":[{"embeddable":true,"href":"https:\/\/www.radiologie-dr-jung.de\/fr\/wp-json\/wp\/v2\/users\/2"}],"replies":[{"embeddable":true,"href":"https:\/\/www.radiologie-dr-jung.de\/fr\/wp-json\/wp\/v2\/comments?post=1484"}],"version-history":[{"count":10,"href":"https:\/\/www.radiologie-dr-jung.de\/fr\/wp-json\/wp\/v2\/pages\/1484\/revisions"}],"predecessor-version":[{"id":2289,"href":"https:\/\/www.radiologie-dr-jung.de\/fr\/wp-json\/wp\/v2\/pages\/1484\/revisions\/2289"}],"wp:featuredmedia":[{"embeddable":true,"href":"https:\/\/www.radiologie-dr-jung.de\/fr\/wp-json\/wp\/v2\/media\/1778"}],"wp:attachment":[{"href":"https:\/\/www.radiologie-dr-jung.de\/fr\/wp-json\/wp\/v2\/media?parent=1484"}],"curies":[{"name":"wp","href":"https:\/\/api.w.org\/{rel}","templated":true}]}}