{"id":1456,"date":"2025-12-05T13:15:05","date_gmt":"2025-12-05T12:15:05","guid":{"rendered":"https:\/\/www.radiologie-dr-jung.de\/?page_id=1456"},"modified":"2026-02-07T16:25:37","modified_gmt":"2026-02-07T15:25:37","slug":"mrt-grossesse","status":"publish","type":"page","link":"https:\/\/www.radiologie-dr-jung.de\/fr\/mrt-schwangerschaft\/","title":{"rendered":"\u1405 IRM grossesse"},"content":{"rendered":"<section class=\"l-section wpb_row height_small\"><div class=\"l-section-h i-cf\"><div class=\"g-cols vc_row via_grid cols_2 laptops-cols_inherit tablets-cols_inherit mobiles-cols_1 valign_top type_default stacking_default\" style=\"--columns-gap:0rem;\"><div class=\"wpb_column vc_column_container\"><div class=\"vc_column-inner\"><div class=\"wpb_text_column us_custom_7d39fe36 us_animate_this\"><div class=\"wpb_wrapper\"><h1>IRM grossesse<\/h1>\n<h6>Est-il possible de passer un examen IRM pendant la grossesse ?<\/h6>\n<\/div><\/div><div class=\"w-separator size_custom\" style=\"height:2rem\"><\/div><div class=\"wpb_text_column us_custom_5d8e9ec2 us_animate_this\"><div class=\"wpb_wrapper\"><p>Pendant la grossesse, la sant\u00e9 de la m\u00e8re et de l'enfant est une priorit\u00e9 absolue. Pour cela, il faut d'une part suivre de nombreuses r\u00e8gles et comportements, par exemple une alimentation sp\u00e9ciale ou l'absence de nicotine et d'alcool, et d'autre part, la femme enceinte doit se rendre \u00e0 diff\u00e9rents rendez-vous de pr\u00e9vention et de contr\u00f4le.<\/p>\n<p>Mais que se passe-t-il si quelque chose ne va pas dans le corps de la femme et que le r\u00e9sultat est obtenu au moyen d'un test de grossesse ? <b>IRM<\/b>\u2013<b>Enqu\u00eate <\/b>devrait \u00eatre clarifi\u00e9e ? Est-ce que la <b>Imagerie par r\u00e9sonance magn\u00e9tique\u00a0<\/b>(aussi : imagerie par r\u00e9sonance magn\u00e9tique) est-elle nocive pour l'embryon ?<\/p>\n<\/div><\/div><div class=\"w-separator size_custom\" style=\"height:1.5rem\"><\/div><\/div><\/div><div class=\"wpb_column vc_column_container us_custom_e21e87b0\"><div class=\"vc_column-inner\"><div class=\"w-separator size_custom\" style=\"height:0rem\" id=\"vbcf\"><style>@media(max-width:1024px){ #vbcf{height:2rem!important}}@media(max-width:600px){ #vbcf{height:2rem!important}}<\/style><\/div><div class=\"w-image us_custom_f90cf93a us_animate_this align_none\"><div class=\"w-image-h\"><img decoding=\"async\" width=\"1000\" height=\"800\" src=\"https:\/\/www.radiologie-dr-jung.de\/wp-content\/uploads\/2025\/12\/0214_MRT-Schwangerschaft_01.jpg\" class=\"attachment-full size-full\" alt=\"IRM grossesse\" loading=\"lazy\" srcset=\"https:\/\/www.radiologie-dr-jung.de\/wp-content\/uploads\/2025\/12\/0214_MRT-Schwangerschaft_01.jpg 1000w, https:\/\/www.radiologie-dr-jung.de\/wp-content\/uploads\/2025\/12\/0214_MRT-Schwangerschaft_01-300x240.jpg 300w, https:\/\/www.radiologie-dr-jung.de\/wp-content\/uploads\/2025\/12\/0214_MRT-Schwangerschaft_01-50x40.jpg 50w, https:\/\/www.radiologie-dr-jung.de\/wp-content\/uploads\/2025\/12\/0214_MRT-Schwangerschaft_01-70x56.jpg 70w\" sizes=\"auto, (max-width: 1000px) 100vw, 1000px\" \/><\/div><\/div><\/div><\/div><\/div><\/div><\/section><section class=\"l-section wpb_row height_small\"><div class=\"l-section-h i-cf\"><div class=\"g-cols vc_row via_grid cols_2 laptops-cols_inherit tablets-cols_inherit mobiles-cols_1 valign_top type_default reversed stacking_default\" style=\"--columns-gap:0rem;\"><div class=\"wpb_column vc_column_container us_custom_633a3c77 type_sticky\"><div class=\"vc_column-inner\"><div class=\"w-image us_custom_b42782a4 us_animate_this align_none\"><div class=\"w-image-h\"><img decoding=\"async\" width=\"800\" height=\"1000\" src=\"https:\/\/www.radiologie-dr-jung.de\/wp-content\/uploads\/2025\/12\/0214_Jung-Impressionen_10.jpg\" class=\"attachment-full size-full\" alt=\"IRM grossesse\" loading=\"lazy\" srcset=\"https:\/\/www.radiologie-dr-jung.de\/wp-content\/uploads\/2025\/12\/0214_Jung-Impressionen_10.jpg 800w, https:\/\/www.radiologie-dr-jung.de\/wp-content\/uploads\/2025\/12\/0214_Jung-Impressionen_10-240x300.jpg 240w, https:\/\/www.radiologie-dr-jung.de\/wp-content\/uploads\/2025\/12\/0214_Jung-Impressionen_10-40x50.jpg 40w, https:\/\/www.radiologie-dr-jung.de\/wp-content\/uploads\/2025\/12\/0214_Jung-Impressionen_10-56x70.jpg 56w\" sizes=\"auto, (max-width: 800px) 100vw, 800px\" \/><\/div><\/div><div class=\"w-separator hide_on_default hide_on_laptops hide_on_tablets size_custom\" style=\"height:0\" id=\"g87a\"><style>@media(max-width:1024px){ #g87a{height:0rem!important}}@media(max-width:600px){ #g87a{height:0rem!important}}<\/style><\/div><\/div><\/div><div class=\"wpb_column vc_column_container\"><div class=\"vc_column-inner\"><div class=\"wpb_text_column us_custom_5d8e9ec2 us_animate_this\"><div class=\"wpb_wrapper\"><h4>Une remarque pr\u00e9alable<\/h4>\n<p>De nombreux m\u00e9decins et scientifiques parlent d'une innocuit\u00e9 g\u00e9n\u00e9rale de l'IRM pendant la grossesse, si l'examen est n\u00e9cessaire. Malgr\u00e9 l'attitude de base positive de certains coll\u00e8gues et experts en IRM, nous voyons un risque potentiel pour le b\u00e9b\u00e9. C'est pourquoi, dans notre cabinet, nous nous distan\u00e7ons des examens IRM chez les femmes enceintes et effectuons des examens de routine. <strong>pas d'IRM chez les femmes enceintes\u00a0<\/strong>par le biais de. D'autres cabinets proc\u00e8dent diff\u00e9remment. Nous sommes d'avis que l'imagerie par r\u00e9sonance magn\u00e9tique chez les femmes enceintes ne devrait \u00eatre r\u00e9alis\u00e9e dans des \u00e9tablissements sp\u00e9cialis\u00e9s ou des h\u00f4pitaux qu'en cas d'indication dite vitale, c'est-\u00e0-dire en cas de pathologies mettant en jeu le pronostic vital et n\u00e9cessitant des mesures de sauvetage.<\/p>\n<h4>L'IRM est une m\u00e9thode d'examen fiable et sans danger<\/h4>\n<p>De nombreux pr\u00e9jug\u00e9s circulent au sujet de l'IRM : L'examen est r\u00e9alis\u00e9 \u00e0 l'aide de rayons radioactifs, les temp\u00e9ratures sont \u00e9lev\u00e9es, les bruits sont forts, les battements sont nocifs. Tout cela peut inqui\u00e9ter les patients. <b><\/b>Mais ne vous inqui\u00e9tez pas : il ne s'agit que de rumeurs !<\/p>\n<p>Le fait est que les <a href=\"https:\/\/www.radiologie-dr-jung.de\/fr\/demander-un-mrt\/\">Diagnostic par IRM<\/a> est actuellement l'une des meilleures m\u00e9thodes d'imagerie. Elle permet d'obtenir des images pr\u00e9cises des organes, des tissus mous, des os et des vaisseaux sanguins. L'IRM est g\u00e9n\u00e9ralement utilis\u00e9e pour d\u00e9tecter les fractures osseuses, les h\u00e9morragies, les inflammations, les modifications vasculaires et les st\u00e9noses, par exemple. Elle permet \u00e9galement de diagnostiquer de mani\u00e8re fiable les \u00e9tirements et les d\u00e9chirures des ligaments et des tendons. Cet examen permet \u00e9galement d'\u00e9valuer la gravit\u00e9 de l'arthrose. L'IRM est en outre une aide pr\u00e9cieuse pour le diagnostic des tumeurs.<\/p>\n<p>Et surtout, aucun effet n\u00e9faste de cette m\u00e9thode d'examen n'est connu \u00e0 ce jour.<\/p>\n<h4>L'IRM chez les femmes enceintes : Des avis partag\u00e9s<\/h4>\n<p>Les femmes enceintes qui pourraient avoir besoin d'un diagnostic par IRM ont bien s\u00fbr peur pour leur b\u00e9b\u00e9, s'inqui\u00e8tent des malformations physiques de l'enfant, voire d'une perte de grossesse suite \u00e0 l'examen.<\/p>\n<p>De nombreux m\u00e9decins sont d'avis que l'IRM n'est dangereuse ni pour la m\u00e8re ni pour l'enfant. Ils appuient leur th\u00e8se sur le fait que, contrairement \u00e0 un examen radiologique traditionnel ou \u00e0 un scanner, l'examen ne comporte pas de <a href=\"https:\/\/de.wikipedia.org\/wiki\/Ionisierende_Strahlung\" target=\"_blank\" rel=\"noopener\">les rayonnements ionisants<\/a> sont utilis\u00e9s. La patiente et son b\u00e9b\u00e9 ne sont donc pas non plus expos\u00e9s aux radiations ou \u00e0 la radioactivit\u00e9.<\/p>\n<p>Un deuxi\u00e8me aspect concerne l'\u00e9chauffement des tissus qui peut se produire au cours d'une IRM et qui peut m\u00eame \u00eatre ressenti par la patiente.<\/p>\n<\/div><\/div><div class=\"w-separator hide_on_default hide_on_laptops hide_on_tablets size_custom\" style=\"height:0\" id=\"eb9b\"><style>@media(max-width:1024px){ #eb9b{height:2rem!important}}@media(max-width:600px){ #eb9b{height:4rem!important}}<\/style><\/div><\/div><\/div><\/div><\/div><\/section><section class=\"l-section wpb_row height_small\"><div class=\"l-section-h i-cf\"><div class=\"g-cols vc_row via_grid cols_2 laptops-cols_inherit tablets-cols_inherit mobiles-cols_1 valign_top type_default stacking_default\" style=\"--columns-gap:0rem;\"><div class=\"wpb_column vc_column_container\"><div class=\"vc_column-inner\"><div class=\"wpb_text_column us_custom_96f8c16e us_animate_this\"><div class=\"wpb_wrapper\"><p>De nombreuses futures mamans s'inqui\u00e8tent donc que l'augmentation de la temp\u00e9rature puisse \u00eatre nocive pour le b\u00e9b\u00e9. Certains m\u00e9decins pensent que ce n'est pas le cas, car l'augmentation potentielle de la temp\u00e9rature est tr\u00e8s faible.<\/p>\n<p>Le troisi\u00e8me point potentiellement critique concerne les bruits de battement de l'IRM, qui sont per\u00e7us comme tr\u00e8s forts par certaines patientes. Ici aussi, on craint souvent que le niveau sonore \u00e9lev\u00e9 soit pr\u00e9judiciable \u00e0 l'embryon. Les d\u00e9fenseurs de l'IRM chez les femmes enceintes invoquent le fait qu'il n'existe aucune donn\u00e9e scientifiquement prouv\u00e9e pour le d\u00e9montrer.<\/p>\n<p>Mais il y a aussi un consensus sur certains points : cela concerne aussi bien le moment de l'examen pendant la grossesse que l'administration de produits de contraste.<\/p>\n<p>Ainsi, par pr\u00e9caution, la m\u00e9thode d'examen ne devrait pas \u00eatre effectu\u00e9e au cours du premier tiers de la grossesse (exception : une indication vitale pour la m\u00e8re).<\/p>\n<p>Les experts conseillent en outre de renoncer \u00e0 l'administration de produits de contraste pendant la grossesse. Le gadolinium, par exemple, est soup\u00e7onn\u00e9 de favoriser les rhumatismes ou d'autres maladies inflammatoires chez les enfants durant les quatre premi\u00e8res ann\u00e9es de leur vie, si la m\u00e8re a d\u00fb en prendre pour un examen pendant la grossesse.<\/p>\n<h4>Conclusion : oui \u00e0 l'IRM chez les femmes enceintes<\/h4>\n<p>En principe, la grossesse n'exclut pas la r\u00e9alisation d'une IRM. Cependant, il faut toujours r\u00e9fl\u00e9chir \u00e0 l'indication (\u201eL'IRM nous fait-elle avancer dans le diagnostic ?\u201c). Si la n\u00e9cessit\u00e9 et l'utilit\u00e9 d'une IRM sont discutables, il est pr\u00e9f\u00e9rable d'y renoncer pendant la grossesse.<\/p>\n<h4>IRM de Francfort<\/h4>\n<p>Nous sommes sp\u00e9cialis\u00e9s dans l'imagerie par r\u00e9sonance magn\u00e9tique et proposons, dans notre <a href=\"\/fr\/radiologie-frankfurt\/\">Pratique \u00e0 Francfort<\/a> la technique la plus moderne. Notre appareil IRM a une <a href=\"https:\/\/www.radiologie-dr-jung.de\/fr\/mrt-ouvert-francfort\/\">Diam\u00e8tre du tube<\/a> de 70 cm et est donc beaucoup plus large que les appareils habituels. Gr\u00e2ce \u00e0 un \u00e9clairage MoodLight et \u00e0 une musique personnalis\u00e9e, nous cr\u00e9ons une atmosph\u00e8re agr\u00e9able pendant l'examen. Par pr\u00e9caution, nous n'examinons toutefois pas les femmes enceintes, car nous ne pouvons pas exclure totalement tout risque pour le b\u00e9b\u00e9.<\/p>\n<\/div><\/div><\/div><\/div><div class=\"wpb_column vc_column_container us_custom_af54450f type_sticky\"><div class=\"vc_column-inner\"><div class=\"w-separator size_custom\" style=\"height:0rem\" id=\"t2a1\"><style>@media(max-width:1024px){ #t2a1{height:2rem!important}}@media(max-width:600px){ #t2a1{height:4rem!important}}<\/style><\/div><div class=\"w-image us_custom_d0aaf76f us_animate_this align_none\"><div class=\"w-image-h\"><img decoding=\"async\" width=\"1000\" height=\"800\" src=\"https:\/\/www.radiologie-dr-jung.de\/wp-content\/uploads\/2025\/12\/0214_Jung-Impressionen_13.jpg\" class=\"attachment-full size-full\" alt=\"IRM grossesse\" loading=\"lazy\" srcset=\"https:\/\/www.radiologie-dr-jung.de\/wp-content\/uploads\/2025\/12\/0214_Jung-Impressionen_13.jpg 1000w, https:\/\/www.radiologie-dr-jung.de\/wp-content\/uploads\/2025\/12\/0214_Jung-Impressionen_13-300x240.jpg 300w, https:\/\/www.radiologie-dr-jung.de\/wp-content\/uploads\/2025\/12\/0214_Jung-Impressionen_13-50x40.jpg 50w, https:\/\/www.radiologie-dr-jung.de\/wp-content\/uploads\/2025\/12\/0214_Jung-Impressionen_13-70x56.jpg 70w\" sizes=\"auto, (max-width: 1000px) 100vw, 1000px\" \/><\/div><\/div><div class=\"w-separator size_custom\" style=\"height:4rem\" id=\"u706\"><style>@media(max-width:1024px){ #u706{height:2rem!important}}@media(max-width:600px){ #u706{height:2rem!important}}<\/style><\/div><\/div><\/div><\/div><\/div><\/section>","protected":false},"excerpt":{"rendered":"MRT Schwangerschaft Ist eine MRT-Untersuchung w\u00e4hrend der Schwangerschaft m\u00f6glich? W\u00e4hrend der Schwangerschaft stellen die Gesundheit von Mutter und Kind oberste Priorit\u00e4t dar. Dazu sind zum einen viele Regeln und Verhaltensweisen zu befolgen, z. B. eine spezielle Ern\u00e4hrung oder der Verzicht auf Nikotin und Alkohol, zum anderen muss die schwangere Frau verschiedenste Termine zur Vorsorge und...","protected":false},"author":2,"featured_media":1780,"parent":0,"menu_order":0,"comment_status":"closed","ping_status":"closed","template":"","meta":{"footnotes":""},"class_list":["post-1456","page","type-page","status-publish","has-post-thumbnail","hentry"],"yoast_head":"<!-- This site is optimized with the Yoast SEO plugin v27.3 - https:\/\/yoast.com\/product\/yoast-seo-wordpress\/ -->\n<title>MRT Schwangerschaft \u2013 ja oder nein? \u1405 MRT<\/title>\n<meta name=\"description\" content=\"MRT Schwangerschaft \u2713 Eine Schwangerschaft schlie\u00dft eine MRT grunds\u00e4tzlich nicht aus. Jedoch sollte immer die Indikation bedacht werden.\" \/>\n<meta name=\"robots\" content=\"index, follow, max-snippet:-1, max-image-preview:large, max-video-preview:-1\" \/>\n<link rel=\"canonical\" href=\"https:\/\/www.radiologie-dr-jung.de\/fr\/mrt-grossesse\/\" \/>\n<meta property=\"og:locale\" content=\"fr_FR\" \/>\n<meta property=\"og:type\" content=\"article\" \/>\n<meta property=\"og:title\" content=\"MRT Schwangerschaft \u2013 ja oder nein? \u1405 MRT\" \/>\n<meta property=\"og:description\" content=\"MRT Schwangerschaft \u2713 Eine Schwangerschaft schlie\u00dft eine MRT grunds\u00e4tzlich nicht aus. Jedoch sollte immer die Indikation bedacht werden.\" \/>\n<meta property=\"og:url\" content=\"https:\/\/www.radiologie-dr-jung.de\/fr\/mrt-grossesse\/\" \/>\n<meta property=\"og:site_name\" content=\"Dr. Catarina Jung\" \/>\n<meta property=\"article:modified_time\" content=\"2026-02-07T15:25:37+00:00\" \/>\n<meta property=\"og:image\" content=\"https:\/\/www.radiologie-dr-jung.de\/wp-content\/uploads\/2025\/12\/0214_MRT-Schwangerschaft_01.jpg\" \/>\n\t<meta property=\"og:image:width\" content=\"1000\" \/>\n\t<meta property=\"og:image:height\" content=\"800\" \/>\n\t<meta property=\"og:image:type\" content=\"image\/jpeg\" \/>\n<meta name=\"twitter:card\" content=\"summary_large_image\" \/>\n<meta name=\"twitter:label1\" content=\"Dur\u00e9e de lecture estim\u00e9e\" \/>\n\t<meta name=\"twitter:data1\" content=\"5 minutes\" \/>\n<script type=\"application\/ld+json\" class=\"yoast-schema-graph\">{\"@context\":\"https:\\\/\\\/schema.org\",\"@graph\":[{\"@type\":\"WebPage\",\"@id\":\"https:\\\/\\\/www.radiologie-dr-jung.de\\\/mrt-schwangerschaft\\\/\",\"url\":\"https:\\\/\\\/www.radiologie-dr-jung.de\\\/mrt-schwangerschaft\\\/\",\"name\":\"MRT Schwangerschaft \u2013 ja oder nein? \u1405 MRT\",\"isPartOf\":{\"@id\":\"https:\\\/\\\/www.radiologie-dr-jung.de\\\/#website\"},\"primaryImageOfPage\":{\"@id\":\"https:\\\/\\\/www.radiologie-dr-jung.de\\\/mrt-schwangerschaft\\\/#primaryimage\"},\"image\":{\"@id\":\"https:\\\/\\\/www.radiologie-dr-jung.de\\\/mrt-schwangerschaft\\\/#primaryimage\"},\"thumbnailUrl\":\"https:\\\/\\\/www.radiologie-dr-jung.de\\\/wp-content\\\/uploads\\\/2025\\\/12\\\/0214_MRT-Schwangerschaft_01.jpg\",\"datePublished\":\"2025-12-05T12:15:05+00:00\",\"dateModified\":\"2026-02-07T15:25:37+00:00\",\"description\":\"MRT Schwangerschaft \u2713 Eine Schwangerschaft schlie\u00dft eine MRT grunds\u00e4tzlich nicht aus. Jedoch sollte immer die Indikation bedacht werden.\",\"breadcrumb\":{\"@id\":\"https:\\\/\\\/www.radiologie-dr-jung.de\\\/mrt-schwangerschaft\\\/#breadcrumb\"},\"inLanguage\":\"fr-FR\",\"potentialAction\":[{\"@type\":\"ReadAction\",\"target\":[\"https:\\\/\\\/www.radiologie-dr-jung.de\\\/mrt-schwangerschaft\\\/\"]}]},{\"@type\":\"ImageObject\",\"inLanguage\":\"fr-FR\",\"@id\":\"https:\\\/\\\/www.radiologie-dr-jung.de\\\/mrt-schwangerschaft\\\/#primaryimage\",\"url\":\"https:\\\/\\\/www.radiologie-dr-jung.de\\\/wp-content\\\/uploads\\\/2025\\\/12\\\/0214_MRT-Schwangerschaft_01.jpg\",\"contentUrl\":\"https:\\\/\\\/www.radiologie-dr-jung.de\\\/wp-content\\\/uploads\\\/2025\\\/12\\\/0214_MRT-Schwangerschaft_01.jpg\",\"width\":1000,\"height\":800,\"caption\":\"MRT Schwangerschaft\"},{\"@type\":\"BreadcrumbList\",\"@id\":\"https:\\\/\\\/www.radiologie-dr-jung.de\\\/mrt-schwangerschaft\\\/#breadcrumb\",\"itemListElement\":[{\"@type\":\"ListItem\",\"position\":1,\"name\":\"Startseite\",\"item\":\"https:\\\/\\\/www.radiologie-dr-jung.de\\\/\"},{\"@type\":\"ListItem\",\"position\":2,\"name\":\"\u1405 MRT Schwanger\u00adschaft\"}]},{\"@type\":\"WebSite\",\"@id\":\"https:\\\/\\\/www.radiologie-dr-jung.de\\\/#website\",\"url\":\"https:\\\/\\\/www.radiologie-dr-jung.de\\\/\",\"name\":\"Dr. Catarina Jung\",\"description\":\"Fach\u00e4rztin f\u00fcr Diagnostische Radiologie\",\"potentialAction\":[{\"@type\":\"SearchAction\",\"target\":{\"@type\":\"EntryPoint\",\"urlTemplate\":\"https:\\\/\\\/www.radiologie-dr-jung.de\\\/?s={search_term_string}\"},\"query-input\":{\"@type\":\"PropertyValueSpecification\",\"valueRequired\":true,\"valueName\":\"search_term_string\"}}],\"inLanguage\":\"fr-FR\"}]}<\/script>\n<!-- \/ Yoast SEO plugin. -->","yoast_head_json":{"title":"IRM grossesse - oui ou non ? \u1405 IRM","description":"IRM grossesse \u2713 La grossesse n'exclut en principe pas la r\u00e9alisation d'une IRM. Cependant, l'indication doit toujours \u00eatre prise en compte.","robots":{"index":"index","follow":"follow","max-snippet":"max-snippet:-1","max-image-preview":"max-image-preview:large","max-video-preview":"max-video-preview:-1"},"canonical":"https:\/\/www.radiologie-dr-jung.de\/fr\/mrt-grossesse\/","og_locale":"fr_FR","og_type":"article","og_title":"MRT Schwangerschaft \u2013 ja oder nein? \u1405 MRT","og_description":"MRT Schwangerschaft \u2713 Eine Schwangerschaft schlie\u00dft eine MRT grunds\u00e4tzlich nicht aus. Jedoch sollte immer die Indikation bedacht werden.","og_url":"https:\/\/www.radiologie-dr-jung.de\/fr\/mrt-grossesse\/","og_site_name":"Dr. Catarina Jung","article_modified_time":"2026-02-07T15:25:37+00:00","og_image":[{"width":1000,"height":800,"url":"https:\/\/www.radiologie-dr-jung.de\/wp-content\/uploads\/2025\/12\/0214_MRT-Schwangerschaft_01.jpg","type":"image\/jpeg"}],"twitter_card":"summary_large_image","twitter_misc":{"Dur\u00e9e de lecture estim\u00e9e":"5 minutes"},"schema":{"@context":"https:\/\/schema.org","@graph":[{"@type":"WebPage","@id":"https:\/\/www.radiologie-dr-jung.de\/mrt-schwangerschaft\/","url":"https:\/\/www.radiologie-dr-jung.de\/mrt-schwangerschaft\/","name":"IRM grossesse - oui ou non ? \u1405 IRM","isPartOf":{"@id":"https:\/\/www.radiologie-dr-jung.de\/#website"},"primaryImageOfPage":{"@id":"https:\/\/www.radiologie-dr-jung.de\/mrt-schwangerschaft\/#primaryimage"},"image":{"@id":"https:\/\/www.radiologie-dr-jung.de\/mrt-schwangerschaft\/#primaryimage"},"thumbnailUrl":"https:\/\/www.radiologie-dr-jung.de\/wp-content\/uploads\/2025\/12\/0214_MRT-Schwangerschaft_01.jpg","datePublished":"2025-12-05T12:15:05+00:00","dateModified":"2026-02-07T15:25:37+00:00","description":"IRM grossesse \u2713 La grossesse n'exclut en principe pas la r\u00e9alisation d'une IRM. Cependant, l'indication doit toujours \u00eatre prise en compte.","breadcrumb":{"@id":"https:\/\/www.radiologie-dr-jung.de\/mrt-schwangerschaft\/#breadcrumb"},"inLanguage":"fr-FR","potentialAction":[{"@type":"ReadAction","target":["https:\/\/www.radiologie-dr-jung.de\/mrt-schwangerschaft\/"]}]},{"@type":"ImageObject","inLanguage":"fr-FR","@id":"https:\/\/www.radiologie-dr-jung.de\/mrt-schwangerschaft\/#primaryimage","url":"https:\/\/www.radiologie-dr-jung.de\/wp-content\/uploads\/2025\/12\/0214_MRT-Schwangerschaft_01.jpg","contentUrl":"https:\/\/www.radiologie-dr-jung.de\/wp-content\/uploads\/2025\/12\/0214_MRT-Schwangerschaft_01.jpg","width":1000,"height":800,"caption":"MRT Schwangerschaft"},{"@type":"BreadcrumbList","@id":"https:\/\/www.radiologie-dr-jung.de\/mrt-schwangerschaft\/#breadcrumb","itemListElement":[{"@type":"ListItem","position":1,"name":"Startseite","item":"https:\/\/www.radiologie-dr-jung.de\/"},{"@type":"ListItem","position":2,"name":"\u1405 MRT Schwanger\u00adschaft"}]},{"@type":"WebSite","@id":"https:\/\/www.radiologie-dr-jung.de\/#website","url":"https:\/\/www.radiologie-dr-jung.de\/","name":"Dr. Catarina Jung","description":"Sp\u00e9cialiste en radiologie diagnostique","potentialAction":[{"@type":"SearchAction","target":{"@type":"EntryPoint","urlTemplate":"https:\/\/www.radiologie-dr-jung.de\/?s={search_term_string}"},"query-input":{"@type":"PropertyValueSpecification","valueRequired":true,"valueName":"search_term_string"}}],"inLanguage":"fr-FR"}]}},"_links":{"self":[{"href":"https:\/\/www.radiologie-dr-jung.de\/fr\/wp-json\/wp\/v2\/pages\/1456","targetHints":{"allow":["GET"]}}],"collection":[{"href":"https:\/\/www.radiologie-dr-jung.de\/fr\/wp-json\/wp\/v2\/pages"}],"about":[{"href":"https:\/\/www.radiologie-dr-jung.de\/fr\/wp-json\/wp\/v2\/types\/page"}],"author":[{"embeddable":true,"href":"https:\/\/www.radiologie-dr-jung.de\/fr\/wp-json\/wp\/v2\/users\/2"}],"replies":[{"embeddable":true,"href":"https:\/\/www.radiologie-dr-jung.de\/fr\/wp-json\/wp\/v2\/comments?post=1456"}],"version-history":[{"count":21,"href":"https:\/\/www.radiologie-dr-jung.de\/fr\/wp-json\/wp\/v2\/pages\/1456\/revisions"}],"predecessor-version":[{"id":2237,"href":"https:\/\/www.radiologie-dr-jung.de\/fr\/wp-json\/wp\/v2\/pages\/1456\/revisions\/2237"}],"wp:featuredmedia":[{"embeddable":true,"href":"https:\/\/www.radiologie-dr-jung.de\/fr\/wp-json\/wp\/v2\/media\/1780"}],"wp:attachment":[{"href":"https:\/\/www.radiologie-dr-jung.de\/fr\/wp-json\/wp\/v2\/media?parent=1456"}],"curies":[{"name":"wp","href":"https:\/\/api.w.org\/{rel}","templated":true}]}}