{"id":1419,"date":"2025-12-05T11:50:15","date_gmt":"2025-12-05T10:50:15","guid":{"rendered":"https:\/\/www.radiologie-dr-jung.de\/?page_id=1419"},"modified":"2026-02-07T16:06:31","modified_gmt":"2026-02-07T15:06:31","slug":"rayonnement-mrt","status":"publish","type":"page","link":"https:\/\/www.radiologie-dr-jung.de\/fr\/mrt-strahlung\/","title":{"rendered":"\u1405 Rayonnement IRM"},"content":{"rendered":"<section class=\"l-section wpb_row height_small\"><div class=\"l-section-h i-cf\"><div class=\"g-cols vc_row via_grid cols_2 laptops-cols_inherit tablets-cols_inherit mobiles-cols_1 valign_top type_default stacking_default\" style=\"--columns-gap:0rem;\"><div class=\"wpb_column vc_column_container\"><div class=\"vc_column-inner\"><div class=\"wpb_text_column us_custom_7d39fe36 us_animate_this\"><div class=\"wpb_wrapper\"><h1>Rayonnement IRM<\/h1>\n<h6>Des radiations nocives pour la sant\u00e9 lors d'une IRM ?<\/h6>\n<\/div><\/div><div class=\"w-separator size_custom\" style=\"height:2rem\"><\/div><div class=\"wpb_text_column us_custom_96f8c16e us_animate_this\"><div class=\"wpb_wrapper\"><p>L'imagerie par r\u00e9sonance magn\u00e9tique (IRM) compte aujourd'hui parmi les m\u00e9thodes d'imagerie les plus importantes et les plus pertinentes. Gr\u00e2ce \u00e0 une \u00e9volution technologique remarquablement rapide, cet examen s'est solidement \u00e9tabli comme un \u00e9l\u00e9ment indispensable du diagnostic.<\/p>\n<p>Une <a href=\"https:\/\/www.radiologie-dr-jung.de\/fr\/mrt-frankfurt\/\">IRM<\/a> peut aider \u00e0 r\u00e9pondre \u00e0 des questions m\u00e9dicales - et \u00e0 confirmer des hypoth\u00e8ses ou \u00e0 exclure des diagnostics. Elle permet par exemple de d\u00e9tecter des maladies inflammatoires, des modifications de tissus, d'organes, d'os, de ligaments et de tendons ou encore des tumeurs et des m\u00e9tastases. Outre ses nombreux domaines d'application, cette m\u00e9thode d'examen pr\u00e9sente un autre avantage de taille : contrairement \u00e0 d'autres m\u00e9thodes, elle n'est pas utilis\u00e9e dans le cadre d'un examen clinique. <b>lors de l'IRM\u00a0<\/b><b>pas de rayonnement potentiellement dangereux pour la sant\u00e9\u00a0<\/b>est utilis\u00e9.<\/p>\n<\/div><\/div><div class=\"w-separator size_custom\" style=\"height:1.5rem\"><\/div><\/div><\/div><div class=\"wpb_column vc_column_container us_custom_e21e87b0\"><div class=\"vc_column-inner\"><div class=\"w-separator size_custom\" style=\"height:0rem\" id=\"sda7\"><style>@media(max-width:1024px){ #sda7{height:2rem!important}}@media(max-width:600px){ #sda7{height:2rem!important}}<\/style><\/div><div class=\"w-image us_custom_f90cf93a us_animate_this align_none\"><div class=\"w-image-h\"><img decoding=\"async\" width=\"1000\" height=\"800\" src=\"https:\/\/www.radiologie-dr-jung.de\/wp-content\/uploads\/2025\/12\/0214_MRT-Strahlung_01.jpg\" class=\"attachment-full size-full\" alt=\"Rayonnement IRM\" loading=\"lazy\" srcset=\"https:\/\/www.radiologie-dr-jung.de\/wp-content\/uploads\/2025\/12\/0214_MRT-Strahlung_01.jpg 1000w, https:\/\/www.radiologie-dr-jung.de\/wp-content\/uploads\/2025\/12\/0214_MRT-Strahlung_01-300x240.jpg 300w, https:\/\/www.radiologie-dr-jung.de\/wp-content\/uploads\/2025\/12\/0214_MRT-Strahlung_01-50x40.jpg 50w, https:\/\/www.radiologie-dr-jung.de\/wp-content\/uploads\/2025\/12\/0214_MRT-Strahlung_01-70x56.jpg 70w\" sizes=\"auto, (max-width: 1000px) 100vw, 1000px\" \/><\/div><\/div><\/div><\/div><\/div><\/div><\/section><section class=\"l-section wpb_row height_small\"><div class=\"l-section-h i-cf\"><div class=\"g-cols vc_row via_grid cols_2 laptops-cols_inherit tablets-cols_inherit mobiles-cols_1 valign_top type_default reversed stacking_default\" style=\"--columns-gap:0rem;\"><div class=\"wpb_column vc_column_container us_custom_633a3c77 type_sticky\"><div class=\"vc_column-inner\"><div class=\"w-image us_custom_b42782a4 us_animate_this align_none\"><div class=\"w-image-h\"><img decoding=\"async\" width=\"800\" height=\"1000\" src=\"https:\/\/www.radiologie-dr-jung.de\/wp-content\/uploads\/2025\/12\/0214_Jung-Impressionen_07.jpg\" class=\"attachment-full size-full\" alt=\"IRM de Westend\" loading=\"lazy\" srcset=\"https:\/\/www.radiologie-dr-jung.de\/wp-content\/uploads\/2025\/12\/0214_Jung-Impressionen_07.jpg 800w, https:\/\/www.radiologie-dr-jung.de\/wp-content\/uploads\/2025\/12\/0214_Jung-Impressionen_07-240x300.jpg 240w, https:\/\/www.radiologie-dr-jung.de\/wp-content\/uploads\/2025\/12\/0214_Jung-Impressionen_07-40x50.jpg 40w, https:\/\/www.radiologie-dr-jung.de\/wp-content\/uploads\/2025\/12\/0214_Jung-Impressionen_07-56x70.jpg 56w\" sizes=\"auto, (max-width: 800px) 100vw, 800px\" \/><\/div><\/div><div class=\"w-separator hide_on_default hide_on_laptops hide_on_tablets size_custom\" style=\"height:0\" id=\"jd74\"><style>@media(max-width:1024px){ #jd74{height:0rem!important}}@media(max-width:600px){ #jd74{height:0rem!important}}<\/style><\/div><\/div><\/div><div class=\"wpb_column vc_column_container\"><div class=\"vc_column-inner\"><div class=\"wpb_text_column us_custom_5d8e9ec2 us_animate_this\"><div class=\"wpb_wrapper\"><h4>Les risques des rayonnements ionisants<\/h4>\n<p>Le rayonnement transporte de l'\u00e9nergie \u00e0 partir de la source de rayonnement. Celle-ci est transport\u00e9e sous forme d'\u00e9nergie ionisante, par exemple dans le cas des rayons X. Le transport d'\u00e9nergie est ici plus important que dans le cas de la lumi\u00e8re visible ou du rayonnement infrarouge.<\/p>\n<p>Les rayonnements ionisants pr\u00e9sentent un risque : la mati\u00e8re dans laquelle ce type de rayonnement p\u00e9n\u00e8tre peut \u00eatre modifi\u00e9e par la rupture de liaisons chimiques ou l'ionisation d'atomes et de mol\u00e9cules. Cela signifie qu'un ou plusieurs \u00e9lectrons sont retir\u00e9s d'un atome ou d'une mol\u00e9cule, qui reste alors un ion charg\u00e9 positivement (cation).<\/p>\n<p>Lorsque des rayonnements ionisants atteignent des cellules ou des organismes vivants, il est possible que des dommages y soient provoqu\u00e9s par les processus chimiques et physiques correspondants. Les examens bas\u00e9s sur les rayonnements ionisants (radiographies, radioscopies et tomodensitom\u00e9tries) peuvent provoquer des dommages au patrimoine g\u00e9n\u00e9tique en traversant les tissus. Ces dommages \u00e0 l'ADN sont soup\u00e7onn\u00e9s d'\u00eatre nocifs pour la sant\u00e9 \u00e0 long terme. Ils peuvent, dans certains cas, entra\u00eener un cancer. \u00c9tant donn\u00e9 qu'il faut partir du principe que toute exposition aux radiations peut comporter un certain risque, il convient d'\u00e9viter les examens radiologiques et les scanners trop fr\u00e9quents (surtout les examens r\u00e9p\u00e9titifs fr\u00e9quents qui ne sont pas indispensables).<\/p>\n<h4>\u00c9viter les rayonnements ionisants dans l'IRM<\/h4>\n<p>Comme nous l'avons d\u00e9j\u00e0 mentionn\u00e9 au d\u00e9but, l'imagerie par r\u00e9sonance magn\u00e9tique renonce aux rayonnements ionisants. Au lieu de cela, elle s'appuie sur trois champs diff\u00e9rents pour cr\u00e9er des images :<\/p>\n<\/div><\/div><div class=\"w-separator hide_on_default hide_on_laptops hide_on_tablets size_custom\" style=\"height:0\" id=\"b10d\"><style>@media(max-width:1024px){ #b10d{height:2rem!important}}@media(max-width:600px){ #b10d{height:4rem!important}}<\/style><\/div><\/div><\/div><\/div><\/div><\/section><section class=\"l-section wpb_row height_small\"><div class=\"l-section-h i-cf\"><div class=\"g-cols vc_row via_grid cols_2 laptops-cols_inherit tablets-cols_inherit mobiles-cols_1 valign_top type_default stacking_default\" style=\"--columns-gap:0rem;\"><div class=\"wpb_column vc_column_container\"><div class=\"vc_column-inner\"><div class=\"wpb_text_column us_custom_96f8c16e us_animate_this\"><div class=\"wpb_wrapper\"><h6>Champ magn\u00e9tique statique<\/h6>\n<p>Pour g\u00e9n\u00e9rer la magn\u00e9tisation nucl\u00e9aire, l'IRM utilise un champ magn\u00e9tique statique puissant. De nombreuses \u00e9tudes ont \u00e9t\u00e9 men\u00e9es \u00e0 ce sujet et aucune n'a pu mettre en \u00e9vidence un effet n\u00e9gatif sur la sant\u00e9. Le seul risque possible r\u00e9side dans la force d'attraction magn\u00e9tique des objets m\u00e9talliques et ferromagn\u00e9tiques. Ils sont fortement acc\u00e9l\u00e9r\u00e9s dans le champ d'action de l'aimant et peuvent ainsi se transformer en projectiles dangereux. C'est pourquoi il n'y a pas d'objets de ce type dans la salle d'IRM. Une information minutieuse et compl\u00e8te de nos patients et, le cas \u00e9ch\u00e9ant, des personnes qui les accompagnent, permet d'exclure tout danger propre \u00e0 l'organisme.<\/p>\n<p>Si un patient a subi une op\u00e9ration impliquant l'utilisation d'un implant (par exemple une proth\u00e8se orthop\u00e9dique), il re\u00e7oit de son m\u00e9decin traitant une carte d'implant qui indique si une IRM peut \u00eatre r\u00e9alis\u00e9e. Par exemple, pour les proth\u00e8ses de hanche et de genou, l'examen peut g\u00e9n\u00e9ralement \u00eatre effectu\u00e9 sans crainte. Les proth\u00e8ses peuvent tout au plus entra\u00eener une restriction de l'image.<\/p>\n<p>Les porteurs de stimulateurs cardiaques, de pompes \u00e0 insuline, de neurostimulateurs ou d'implants cochl\u00e9aires ne peuvent malheureusement pas \u00eatre examin\u00e9s par IRM (ou seulement avec une autorisation sp\u00e9ciale du m\u00e9decin examinateur). Les \u00e9clats de m\u00e9tal dans la r\u00e9gion du visage peuvent \u00e9galement \u00eatre critiques. Une IRM ne peut pas non plus \u00eatre r\u00e9alis\u00e9e si une op\u00e9ration a \u00e9t\u00e9 effectu\u00e9e sur les vaisseaux c\u00e9r\u00e9braux ou si les osselets de la cavit\u00e9 tympanique ont \u00e9t\u00e9 remplac\u00e9s chirurgicalement il y a longtemps.<\/p>\n<p>Veuillez nous informer lors de la <a href=\"https:\/\/www.radiologie-dr-jung.de\/fr\/mrt-frankfurt-reservation-de-rendez-vous-en-ligne\/\">Prise de rendez-vous<\/a> Si vous \u00eates concern\u00e9(e) par une restriction \u00e9ventuelle, veuillez nous en informer.<\/p>\n<h6>Champs \u00e9lectromagn\u00e9tiques \u00e0 haute fr\u00e9quence<strong><br \/>\n<\/strong><\/h6>\n<p>En outre, l'IRM utilise des champs \u00e9lectromagn\u00e9tiques puls\u00e9s \u00e0 haute fr\u00e9quence qui stimulent le syst\u00e8me de spins. Cela peut entra\u00eener un r\u00e9chauffement des tissus corporels du patient de 1 degr\u00e9 Celsius maximum. Il se produit toutefois une compensation rapide et naturelle de la temp\u00e9rature. Il n'y a donc aucun risque pour la sant\u00e9. De plus, des syst\u00e8mes de contr\u00f4le complexes garantissent que la temp\u00e9rature ou le degr\u00e9 d'\u00e9chauffement lors de l'examen ne pr\u00e9sentent aucun danger.<\/p>\n<h6>Champs de gradient<strong><br \/>\n<\/strong><\/h6>\n<p>Le troisi\u00e8me champ n\u00e9cessaire pour r\u00e9ussir une imagerie par r\u00e9sonance magn\u00e9tique est ce que l'on appelle un champ magn\u00e9tique puls\u00e9 de faible intensit\u00e9. On l'appelle champ \u00e0 gradient. S'il est activ\u00e9 tr\u00e8s rapidement, les cellules nerveuses ou musculaires du corps du patient peuvent \u00eatre stimul\u00e9es. Il peut en r\u00e9sulter des contractions dans la poitrine, les \u00e9paules, les hanches, les fesses ou le nez. Des palpitations cardiaques sont \u00e9galement possibles. Mais pas d'inqui\u00e9tude - un syst\u00e8me de contr\u00f4le lors de l'IRM garantit que les champs de gradient ne sont pas r\u00e9gl\u00e9s trop rapidement et ne nuisent donc pas au patient.<\/p>\n<h4>IRM de Francfort : pas d'examen nocif pour la sant\u00e9<\/h4>\n<p>Comme vous pouvez le constater, l'un des grands avantages de l'IRM est qu'elle est sans danger pour la sant\u00e9, car elle n'utilise pas de rayons ionisants et n'est donc pas nocive pour le corps. De cette mani\u00e8re, m\u00eame des examens plus fr\u00e9quents ne pr\u00e9sentent aucun risque.<\/p>\n<p>Convenez maintenant de votre <a href=\"https:\/\/www.radiologie-dr-jung.de\/fr\/mrt-frankfurt-reservation-de-rendez-vous-en-ligne\/\">Rendez-vous<\/a>\u00a0dans la pratique radiologique de <a href=\"https:\/\/www.radiologie-dr-jung.de\/fr\/radiologue-frankfurt\/\">Dr. med. Catarina Jung<\/a>!<\/p>\n<\/div><\/div><\/div><\/div><div class=\"wpb_column vc_column_container us_custom_af54450f type_sticky\"><div class=\"vc_column-inner\"><div class=\"w-separator size_custom\" style=\"height:0rem\" id=\"ha40\"><style>@media(max-width:1024px){ #ha40{height:2rem!important}}@media(max-width:600px){ #ha40{height:4rem!important}}<\/style><\/div><div class=\"w-image us_custom_d0aaf76f us_animate_this align_none\"><div class=\"w-image-h\"><img decoding=\"async\" width=\"1000\" height=\"800\" src=\"https:\/\/www.radiologie-dr-jung.de\/wp-content\/uploads\/2025\/12\/0214_Jung-Impressionen_17.jpg\" class=\"attachment-full size-full\" alt=\"Rayonnement IRM\" loading=\"lazy\" srcset=\"https:\/\/www.radiologie-dr-jung.de\/wp-content\/uploads\/2025\/12\/0214_Jung-Impressionen_17.jpg 1000w, https:\/\/www.radiologie-dr-jung.de\/wp-content\/uploads\/2025\/12\/0214_Jung-Impressionen_17-300x240.jpg 300w, https:\/\/www.radiologie-dr-jung.de\/wp-content\/uploads\/2025\/12\/0214_Jung-Impressionen_17-50x40.jpg 50w, https:\/\/www.radiologie-dr-jung.de\/wp-content\/uploads\/2025\/12\/0214_Jung-Impressionen_17-70x56.jpg 70w\" sizes=\"auto, (max-width: 1000px) 100vw, 1000px\" \/><\/div><\/div><div class=\"w-separator size_custom\" style=\"height:4rem\" id=\"o00b\"><style>@media(max-width:1024px){ #o00b{height:2rem!important}}@media(max-width:600px){ #o00b{height:2rem!important}}<\/style><\/div><\/div><\/div><\/div><\/div><\/section>","protected":false},"excerpt":{"rendered":"Rayonnement IRM Rayonnement nocif pour la sant\u00e9 lors d'une IRM ? L'imagerie par r\u00e9sonance magn\u00e9tique (IRM) compte aujourd'hui parmi les m\u00e9thodes d'imagerie les plus importantes et les plus pertinentes. Gr\u00e2ce \u00e0 l'excellente et rapide \u00e9volution technologique, cet examen s'est fermement \u00e9tabli comme un \u00e9l\u00e9ment indispensable du diagnostic. L'IRM peut aider \u00e0 r\u00e9pondre \u00e0 des questions m\u00e9dicales - et \u00e0 confirmer des hypoth\u00e8ses ou \u00e0 exclure des diagnostics. Elle permet par exemple de...","protected":false},"author":2,"featured_media":1781,"parent":0,"menu_order":0,"comment_status":"closed","ping_status":"closed","template":"","meta":{"footnotes":""},"class_list":["post-1419","page","type-page","status-publish","has-post-thumbnail","hentry"],"yoast_head":"<!-- This site is optimized with the Yoast SEO plugin v27.3 - https:\/\/yoast.com\/product\/yoast-seo-wordpress\/ -->\n<title>MRT Strahlung \u1405 Sch\u00e4dliche Strahlung bei MRT?<\/title>\n<meta name=\"description\" content=\"MRT Strahlung \u2713 Im Gegensatz zu anderen Verfahren wird bei der MRT keine potenziell gesundheitssch\u00e4dliche Strahlung verwendet.\" \/>\n<meta name=\"robots\" content=\"index, follow, max-snippet:-1, max-image-preview:large, max-video-preview:-1\" \/>\n<link rel=\"canonical\" href=\"https:\/\/www.radiologie-dr-jung.de\/fr\/rayonnement-mrt\/\" \/>\n<meta property=\"og:locale\" content=\"fr_FR\" \/>\n<meta property=\"og:type\" content=\"article\" \/>\n<meta property=\"og:title\" content=\"MRT Strahlung \u1405 Sch\u00e4dliche Strahlung bei MRT?\" \/>\n<meta property=\"og:description\" content=\"MRT Strahlung \u2713 Im Gegensatz zu anderen Verfahren wird bei der MRT keine potenziell gesundheitssch\u00e4dliche Strahlung verwendet.\" \/>\n<meta property=\"og:url\" content=\"https:\/\/www.radiologie-dr-jung.de\/fr\/rayonnement-mrt\/\" \/>\n<meta property=\"og:site_name\" content=\"Dr. Catarina Jung\" \/>\n<meta property=\"article:modified_time\" content=\"2026-02-07T15:06:31+00:00\" \/>\n<meta property=\"og:image\" content=\"https:\/\/www.radiologie-dr-jung.de\/wp-content\/uploads\/2025\/12\/0214_MRT-Strahlung_01.jpg\" \/>\n\t<meta property=\"og:image:width\" content=\"1000\" \/>\n\t<meta property=\"og:image:height\" content=\"800\" \/>\n\t<meta property=\"og:image:type\" content=\"image\/jpeg\" \/>\n<meta name=\"twitter:card\" content=\"summary_large_image\" \/>\n<meta name=\"twitter:label1\" content=\"Dur\u00e9e de lecture estim\u00e9e\" \/>\n\t<meta name=\"twitter:data1\" content=\"5 minutes\" \/>\n<script type=\"application\/ld+json\" class=\"yoast-schema-graph\">{\"@context\":\"https:\\\/\\\/schema.org\",\"@graph\":[{\"@type\":\"WebPage\",\"@id\":\"https:\\\/\\\/www.radiologie-dr-jung.de\\\/mrt-strahlung\\\/\",\"url\":\"https:\\\/\\\/www.radiologie-dr-jung.de\\\/mrt-strahlung\\\/\",\"name\":\"MRT Strahlung \u1405 Sch\u00e4dliche Strahlung bei MRT?\",\"isPartOf\":{\"@id\":\"https:\\\/\\\/www.radiologie-dr-jung.de\\\/#website\"},\"primaryImageOfPage\":{\"@id\":\"https:\\\/\\\/www.radiologie-dr-jung.de\\\/mrt-strahlung\\\/#primaryimage\"},\"image\":{\"@id\":\"https:\\\/\\\/www.radiologie-dr-jung.de\\\/mrt-strahlung\\\/#primaryimage\"},\"thumbnailUrl\":\"https:\\\/\\\/www.radiologie-dr-jung.de\\\/wp-content\\\/uploads\\\/2025\\\/12\\\/0214_MRT-Strahlung_01.jpg\",\"datePublished\":\"2025-12-05T10:50:15+00:00\",\"dateModified\":\"2026-02-07T15:06:31+00:00\",\"description\":\"MRT Strahlung \u2713 Im Gegensatz zu anderen Verfahren wird bei der MRT keine potenziell gesundheitssch\u00e4dliche Strahlung verwendet.\",\"breadcrumb\":{\"@id\":\"https:\\\/\\\/www.radiologie-dr-jung.de\\\/mrt-strahlung\\\/#breadcrumb\"},\"inLanguage\":\"fr-FR\",\"potentialAction\":[{\"@type\":\"ReadAction\",\"target\":[\"https:\\\/\\\/www.radiologie-dr-jung.de\\\/mrt-strahlung\\\/\"]}]},{\"@type\":\"ImageObject\",\"inLanguage\":\"fr-FR\",\"@id\":\"https:\\\/\\\/www.radiologie-dr-jung.de\\\/mrt-strahlung\\\/#primaryimage\",\"url\":\"https:\\\/\\\/www.radiologie-dr-jung.de\\\/wp-content\\\/uploads\\\/2025\\\/12\\\/0214_MRT-Strahlung_01.jpg\",\"contentUrl\":\"https:\\\/\\\/www.radiologie-dr-jung.de\\\/wp-content\\\/uploads\\\/2025\\\/12\\\/0214_MRT-Strahlung_01.jpg\",\"width\":1000,\"height\":800,\"caption\":\"MRT Strahlung\"},{\"@type\":\"BreadcrumbList\",\"@id\":\"https:\\\/\\\/www.radiologie-dr-jung.de\\\/mrt-strahlung\\\/#breadcrumb\",\"itemListElement\":[{\"@type\":\"ListItem\",\"position\":1,\"name\":\"Startseite\",\"item\":\"https:\\\/\\\/www.radiologie-dr-jung.de\\\/\"},{\"@type\":\"ListItem\",\"position\":2,\"name\":\"\u1405 MRT Strahlung\"}]},{\"@type\":\"WebSite\",\"@id\":\"https:\\\/\\\/www.radiologie-dr-jung.de\\\/#website\",\"url\":\"https:\\\/\\\/www.radiologie-dr-jung.de\\\/\",\"name\":\"Dr. Catarina Jung\",\"description\":\"Fach\u00e4rztin f\u00fcr Diagnostische Radiologie\",\"potentialAction\":[{\"@type\":\"SearchAction\",\"target\":{\"@type\":\"EntryPoint\",\"urlTemplate\":\"https:\\\/\\\/www.radiologie-dr-jung.de\\\/?s={search_term_string}\"},\"query-input\":{\"@type\":\"PropertyValueSpecification\",\"valueRequired\":true,\"valueName\":\"search_term_string\"}}],\"inLanguage\":\"fr-FR\"}]}<\/script>\n<!-- \/ Yoast SEO plugin. -->","yoast_head_json":{"title":"Rayonnement IRM \u1405 Rayonnement nocif en IRM ?","description":"Rayonnement IRM \u2713 Contrairement \u00e0 d'autres proc\u00e9dures, l'IRM n'utilise pas de rayonnement potentiellement nocif pour la sant\u00e9.","robots":{"index":"index","follow":"follow","max-snippet":"max-snippet:-1","max-image-preview":"max-image-preview:large","max-video-preview":"max-video-preview:-1"},"canonical":"https:\/\/www.radiologie-dr-jung.de\/fr\/rayonnement-mrt\/","og_locale":"fr_FR","og_type":"article","og_title":"MRT Strahlung \u1405 Sch\u00e4dliche Strahlung bei MRT?","og_description":"MRT Strahlung \u2713 Im Gegensatz zu anderen Verfahren wird bei der MRT keine potenziell gesundheitssch\u00e4dliche Strahlung verwendet.","og_url":"https:\/\/www.radiologie-dr-jung.de\/fr\/rayonnement-mrt\/","og_site_name":"Dr. Catarina Jung","article_modified_time":"2026-02-07T15:06:31+00:00","og_image":[{"width":1000,"height":800,"url":"https:\/\/www.radiologie-dr-jung.de\/wp-content\/uploads\/2025\/12\/0214_MRT-Strahlung_01.jpg","type":"image\/jpeg"}],"twitter_card":"summary_large_image","twitter_misc":{"Dur\u00e9e de lecture estim\u00e9e":"5 minutes"},"schema":{"@context":"https:\/\/schema.org","@graph":[{"@type":"WebPage","@id":"https:\/\/www.radiologie-dr-jung.de\/mrt-strahlung\/","url":"https:\/\/www.radiologie-dr-jung.de\/mrt-strahlung\/","name":"Rayonnement IRM \u1405 Rayonnement nocif en IRM ?","isPartOf":{"@id":"https:\/\/www.radiologie-dr-jung.de\/#website"},"primaryImageOfPage":{"@id":"https:\/\/www.radiologie-dr-jung.de\/mrt-strahlung\/#primaryimage"},"image":{"@id":"https:\/\/www.radiologie-dr-jung.de\/mrt-strahlung\/#primaryimage"},"thumbnailUrl":"https:\/\/www.radiologie-dr-jung.de\/wp-content\/uploads\/2025\/12\/0214_MRT-Strahlung_01.jpg","datePublished":"2025-12-05T10:50:15+00:00","dateModified":"2026-02-07T15:06:31+00:00","description":"Rayonnement IRM \u2713 Contrairement \u00e0 d'autres proc\u00e9dures, l'IRM n'utilise pas de rayonnement potentiellement nocif pour la sant\u00e9.","breadcrumb":{"@id":"https:\/\/www.radiologie-dr-jung.de\/mrt-strahlung\/#breadcrumb"},"inLanguage":"fr-FR","potentialAction":[{"@type":"ReadAction","target":["https:\/\/www.radiologie-dr-jung.de\/mrt-strahlung\/"]}]},{"@type":"ImageObject","inLanguage":"fr-FR","@id":"https:\/\/www.radiologie-dr-jung.de\/mrt-strahlung\/#primaryimage","url":"https:\/\/www.radiologie-dr-jung.de\/wp-content\/uploads\/2025\/12\/0214_MRT-Strahlung_01.jpg","contentUrl":"https:\/\/www.radiologie-dr-jung.de\/wp-content\/uploads\/2025\/12\/0214_MRT-Strahlung_01.jpg","width":1000,"height":800,"caption":"MRT Strahlung"},{"@type":"BreadcrumbList","@id":"https:\/\/www.radiologie-dr-jung.de\/mrt-strahlung\/#breadcrumb","itemListElement":[{"@type":"ListItem","position":1,"name":"Startseite","item":"https:\/\/www.radiologie-dr-jung.de\/"},{"@type":"ListItem","position":2,"name":"\u1405 MRT Strahlung"}]},{"@type":"WebSite","@id":"https:\/\/www.radiologie-dr-jung.de\/#website","url":"https:\/\/www.radiologie-dr-jung.de\/","name":"Dr. Catarina Jung","description":"Sp\u00e9cialiste en radiologie diagnostique","potentialAction":[{"@type":"SearchAction","target":{"@type":"EntryPoint","urlTemplate":"https:\/\/www.radiologie-dr-jung.de\/?s={search_term_string}"},"query-input":{"@type":"PropertyValueSpecification","valueRequired":true,"valueName":"search_term_string"}}],"inLanguage":"fr-FR"}]}},"_links":{"self":[{"href":"https:\/\/www.radiologie-dr-jung.de\/fr\/wp-json\/wp\/v2\/pages\/1419","targetHints":{"allow":["GET"]}}],"collection":[{"href":"https:\/\/www.radiologie-dr-jung.de\/fr\/wp-json\/wp\/v2\/pages"}],"about":[{"href":"https:\/\/www.radiologie-dr-jung.de\/fr\/wp-json\/wp\/v2\/types\/page"}],"author":[{"embeddable":true,"href":"https:\/\/www.radiologie-dr-jung.de\/fr\/wp-json\/wp\/v2\/users\/2"}],"replies":[{"embeddable":true,"href":"https:\/\/www.radiologie-dr-jung.de\/fr\/wp-json\/wp\/v2\/comments?post=1419"}],"version-history":[{"count":19,"href":"https:\/\/www.radiologie-dr-jung.de\/fr\/wp-json\/wp\/v2\/pages\/1419\/revisions"}],"predecessor-version":[{"id":2228,"href":"https:\/\/www.radiologie-dr-jung.de\/fr\/wp-json\/wp\/v2\/pages\/1419\/revisions\/2228"}],"wp:featuredmedia":[{"embeddable":true,"href":"https:\/\/www.radiologie-dr-jung.de\/fr\/wp-json\/wp\/v2\/media\/1781"}],"wp:attachment":[{"href":"https:\/\/www.radiologie-dr-jung.de\/fr\/wp-json\/wp\/v2\/media?parent=1419"}],"curies":[{"name":"wp","href":"https:\/\/api.w.org\/{rel}","templated":true}]}}