{"id":1405,"date":"2025-10-31T11:17:18","date_gmt":"2025-10-31T10:17:18","guid":{"rendered":"https:\/\/www.radiologie-dr-jung.de\/?page_id=1405"},"modified":"2026-02-20T16:52:56","modified_gmt":"2026-02-20T15:52:56","slug":"mrt-couts-francfort","status":"publish","type":"page","link":"https:\/\/www.radiologie-dr-jung.de\/fr\/mrt-kosten-frankfurt\/","title":{"rendered":"Co\u00fbts de l'IRM"},"content":{"rendered":"<section class=\"l-section wpb_row height_small\"><div class=\"l-section-h i-cf\"><div class=\"g-cols vc_row via_grid cols_2 laptops-cols_inherit tablets-cols_inherit mobiles-cols_1 valign_top type_default stacking_default\" style=\"--columns-gap:0rem;\"><div class=\"wpb_column vc_column_container\"><div class=\"vc_column-inner\"><div class=\"wpb_text_column us_custom_7d39fe36 us_animate_this\"><div class=\"wpb_wrapper\"><h1>Co\u00fbts de l'IRM \u00e0 Francfort<\/h1>\n<h6>Nos frais d'IRM pour les personnes payant elles-m\u00eames leur assurance maladie obligatoire (GKV)<\/h6>\n<\/div><\/div><div class=\"w-separator size_custom\" style=\"height:2rem\"><\/div><div class=\"wpb_text_column us_custom_5d8e9ec2 us_animate_this\"><div class=\"wpb_wrapper\"><p>Les co\u00fbts indiqu\u00e9s se rapportent au traitement des patients nationaux payant eux-m\u00eames leur assurance maladie, d'autres prix s'appliquent aux patients internationaux payant eux-m\u00eames leur assurance maladie. Les produits de contraste ne sont pas encore inclus dans ces prix - en cas de n\u00e9cessit\u00e9, ils sont appliqu\u00e9s apr\u00e8s concertation avec le patient et co\u00fbtent environ entre 120,00 et 150,00 euros. Nous vous proposons dans notre <a href=\"\/fr\/radiologie-frankfurt\/\">Cabinet m\u00e9dical<\/a> une liquidation sp\u00e9cifi\u00e9e selon le bar\u00e8me des honoraires des m\u00e9decins (GO\u00c4).<\/p>\n<p>Pour les personnes payant elles-m\u00eames, un examen IRM peut \u00e9galement \u00eatre effectu\u00e9 sans r\u00e9f\u00e9rence. Les frais d'examen sont factur\u00e9s directement sur place.<\/p>\n<p>*Les co\u00fbts indiqu\u00e9s ne doivent pas \u00eatre consid\u00e9r\u00e9s comme des prix forfaitaires, mais comme une simple indication. Les co\u00fbts exacts varient en fonction de l'\u00e9tat initial individuel.<\/p>\n<\/div><\/div><div class=\"w-separator size_custom\" style=\"height:1.5rem\"><\/div><\/div><\/div><div class=\"wpb_column vc_column_container us_custom_e21e87b0\"><div class=\"vc_column-inner\"><div class=\"w-separator size_custom\" style=\"height:0rem\" id=\"o2b4\"><style>@media(max-width:1024px){ #o2b4{height:2rem!important}}@media(max-width:600px){ #o2b4{height:2rem!important}}<\/style><\/div><div class=\"w-image us_custom_f90cf93a us_animate_this align_none\"><div class=\"w-image-h\"><img decoding=\"async\" width=\"1000\" height=\"800\" src=\"https:\/\/www.radiologie-dr-jung.de\/wp-content\/uploads\/2025\/12\/0214_Jung-Impressionen_23.jpg\" class=\"attachment-full size-full\" alt=\"Co\u00fbt de l&#039;IRM \u00e0 Francfort\" loading=\"lazy\" srcset=\"https:\/\/www.radiologie-dr-jung.de\/wp-content\/uploads\/2025\/12\/0214_Jung-Impressionen_23.jpg 1000w, https:\/\/www.radiologie-dr-jung.de\/wp-content\/uploads\/2025\/12\/0214_Jung-Impressionen_23-300x240.jpg 300w, https:\/\/www.radiologie-dr-jung.de\/wp-content\/uploads\/2025\/12\/0214_Jung-Impressionen_23-50x40.jpg 50w, https:\/\/www.radiologie-dr-jung.de\/wp-content\/uploads\/2025\/12\/0214_Jung-Impressionen_23-70x56.jpg 70w\" sizes=\"auto, (max-width: 1000px) 100vw, 1000px\" \/><\/div><\/div><\/div><\/div><\/div><\/div><\/section><section class=\"l-section wpb_row height_small\"><div class=\"l-section-h i-cf\"><div class=\"g-cols vc_row via_grid cols_2 laptops-cols_inherit tablets-cols_inherit mobiles-cols_1 valign_top type_default reversed stacking_default\" style=\"--columns-gap:0rem;\"><div class=\"wpb_column vc_column_container us_custom_3c973021\"><div class=\"vc_column-inner\"><div class=\"w-image us_custom_b42782a4 us_animate_this align_none\"><div class=\"w-image-h\"><img decoding=\"async\" width=\"800\" height=\"1000\" src=\"https:\/\/www.radiologie-dr-jung.de\/wp-content\/uploads\/2025\/12\/0214_Jung-Impressionen_22.jpg\" class=\"attachment-full size-full\" alt=\"Co\u00fbt de l&#039;IRM \u00e0 Francfort\" loading=\"lazy\" srcset=\"https:\/\/www.radiologie-dr-jung.de\/wp-content\/uploads\/2025\/12\/0214_Jung-Impressionen_22.jpg 800w, https:\/\/www.radiologie-dr-jung.de\/wp-content\/uploads\/2025\/12\/0214_Jung-Impressionen_22-240x300.jpg 240w, https:\/\/www.radiologie-dr-jung.de\/wp-content\/uploads\/2025\/12\/0214_Jung-Impressionen_22-40x50.jpg 40w, https:\/\/www.radiologie-dr-jung.de\/wp-content\/uploads\/2025\/12\/0214_Jung-Impressionen_22-56x70.jpg 56w\" sizes=\"auto, (max-width: 800px) 100vw, 800px\" \/><\/div><\/div><div class=\"w-separator size_custom\" style=\"height:2rem\" id=\"x47b\"><style><\/style><\/div><\/div><\/div><div class=\"wpb_column vc_column_container\"><div class=\"vc_column-inner\"><div class=\"wpb_text_column\"><div class=\"wpb_wrapper\"><h4>Aper\u00e7u de nos co\u00fbts<\/h4>\n<\/div><\/div><div class=\"w-separator size_custom\" style=\"height:1.5rem\"><\/div><div class=\"w-tabs style_default switch_click accordion has_scrolling\" style=\"--sections-title-size:inherit\"><div class=\"w-tabs-sections titles-align_none icon_chevron cpos_right\"><div class=\"w-tabs-section\" id=\"1643096891445-53a5d436-fb16\"><button class=\"w-tabs-section-header with_icon\" aria-controls=\"content-1643096891445-53a5d436-fb16\" aria-expanded=\"false\"><i class=\"far fa-head-side\"><\/i><div class=\"w-tabs-section-title\">Zone de t\u00eate<\/div><div class=\"w-tabs-section-control\"><\/div><\/button><div  class=\"w-tabs-section-content\" id=\"content-1643096891445-53a5d436-fb16\"><div class=\"w-tabs-section-content-h i-cf\"><div class=\"wpb_text_column\"><div class=\"wpb_wrapper\"><table class=\"table-preise\">\n<thead>\n<tr class=\"row-1 odd\">\n<th class=\"column-1\" style=\"text-align: left;\">Zone d'\u00e9tude<\/th>\n<th class=\"column-2\">vs. co\u00fbt total*<\/th>\n<\/tr>\n<\/thead>\n<tbody>\n<tr class=\"row-2 even\">\n<td class=\"column-1\">Neurocr\u00e2ne\/t\u00eate<\/td>\n<td class=\"column-2\">640 \u20ac<\/td>\n<\/tr>\n<tr class=\"row-3 odd\">\n<td class=\"column-1\">T\u00eate et vert\u00e8bres cervicales<\/td>\n<td class=\"column-2\">870 \u20ac<\/td>\n<\/tr>\n<tr class=\"row-4 odd\">\n<td class=\"column-1\">Sph\u00e8res nasales<\/td>\n<td class=\"column-2\">640 \u20ac<\/td>\n<\/tr>\n<tr class=\"row-5 even\">\n<td class=\"column-1\">Parties molles du cou<\/td>\n<td class=\"column-2\">640 \u20ac<\/td>\n<\/tr>\n<\/tbody>\n<\/table>\n<p><small>*Les co\u00fbts indiqu\u00e9s ne doivent pas \u00eatre consid\u00e9r\u00e9s comme des prix forfaitaires, mais comme une simple indication. Les co\u00fbts exacts varient en fonction de l'\u00e9tat initial individuel.<\/small><\/p>\n<\/div><\/div><div class=\"w-separator size_small\"><\/div><\/div><\/div><\/div><div class=\"w-tabs-section\" id=\"1643096890645-8432f99e-30a6\"><button class=\"w-tabs-section-header with_icon\" aria-controls=\"content-1643096890645-8432f99e-30a6\" aria-expanded=\"false\"><i class=\"far fa-x-ray\"><\/i><div class=\"w-tabs-section-title\">Colonne vert\u00e9brale<\/div><div class=\"w-tabs-section-control\"><\/div><\/button><div  class=\"w-tabs-section-content\" id=\"content-1643096890645-8432f99e-30a6\"><div class=\"w-tabs-section-content-h i-cf\"><div class=\"wpb_text_column\"><div class=\"wpb_wrapper\"><table>\n<thead>\n<tr class=\"row-1 odd\">\n<th class=\"column-1\" style=\"text-align: left;\">Zone d'\u00e9tude<\/th>\n<th class=\"column-2\">vs. co\u00fbt total*<\/th>\n<\/tr>\n<\/thead>\n<tbody>\n<tr class=\"row-6 odd\">\n<td class=\"column-1\">Colonne cervicale<\/td>\n<td class=\"column-2\">620 \u20ac<\/td>\n<\/tr>\n<tr class=\"row-3 odd\">\n<td class=\"column-1\">Colonne vert\u00e9brale thoracique<\/td>\n<td class=\"column-2\">680 \u20ac<\/td>\n<\/tr>\n<tr class=\"row-4 even\">\n<td class=\"column-1\">Colonne vert\u00e9brale lombaire<\/td>\n<td class=\"column-2\">680 \u20ac<\/td>\n<\/tr>\n<tr class=\"row-4 even\">\n<td class=\"column-1\">Colonne vert\u00e9brale lombaire et ISG<\/td>\n<td class=\"column-2\">710 \u20ac<\/td>\n<\/tr>\n<tr class=\"row-4 even\">\n<td class=\"column-1\">Os coccygien (coccyx)<\/td>\n<td class=\"column-2\">680 \u20ac<\/td>\n<\/tr>\n<tr class=\"row-5 odd\">\n<td class=\"column-1\">Articulation sacro-iliaque<\/td>\n<td class=\"column-2\">680 \u20ac<\/td>\n<\/tr>\n<\/tbody>\n<\/table>\n<p><small>*Les co\u00fbts indiqu\u00e9s ne doivent pas \u00eatre consid\u00e9r\u00e9s comme des prix forfaitaires, mais comme une simple indication. Les co\u00fbts exacts varient en fonction de l'\u00e9tat initial individuel.<\/small><\/p>\n<\/div><\/div><div class=\"w-separator size_small\"><\/div><\/div><\/div><\/div><div class=\"w-tabs-section\" id=\"1643095715130-115c5e5f-749a\"><button class=\"w-tabs-section-header with_icon\" aria-controls=\"content-1643095715130-115c5e5f-749a\" aria-expanded=\"false\"><i class=\"far fa-tshirt\"><\/i><div class=\"w-tabs-section-title\">Poitrine<\/div><div class=\"w-tabs-section-control\"><\/div><\/button><div  class=\"w-tabs-section-content\" id=\"content-1643095715130-115c5e5f-749a\"><div class=\"w-tabs-section-content-h i-cf\"><div class=\"wpb_text_column\"><div class=\"wpb_wrapper\"><table>\n<thead>\n<tr class=\"row-1 odd\">\n<th class=\"column-1\" style=\"text-align: left;\">Zone d'\u00e9tude<\/th>\n<th class=\"column-2\">vs. co\u00fbt total*<\/th>\n<\/tr>\n<\/thead>\n<tbody>\n<tr class=\"row-2 even\">\n<td class=\"column-1\">Sternum (sternum)<\/td>\n<td class=\"column-2\">630 \u20ac<\/td>\n<\/tr>\n<tr class=\"row-4 odd\">\n<td class=\"column-1\">Thorax (cage thoracique)<\/td>\n<td class=\"column-2\">630 \u20ac<\/td>\n<\/tr>\n<\/tbody>\n<\/table>\n<p><small>*Les co\u00fbts indiqu\u00e9s ne doivent pas \u00eatre consid\u00e9r\u00e9s comme des prix forfaitaires, mais comme une simple indication. Les co\u00fbts exacts varient en fonction de l'\u00e9tat initial individuel.<\/small><\/p>\n<\/div><\/div><div class=\"w-separator size_small\"><\/div><\/div><\/div><\/div><div class=\"w-tabs-section\" id=\"1643095715130-115c5e5f-749a\"><button class=\"w-tabs-section-header with_icon\" aria-controls=\"content-1643095715130-115c5e5f-749a\" aria-expanded=\"false\"><i class=\"far fa-hand-paper\"><\/i><div class=\"w-tabs-section-title\">Extr\u00e9mit\u00e9s sup\u00e9rieures<\/div><div class=\"w-tabs-section-control\"><\/div><\/button><div  class=\"w-tabs-section-content\" id=\"content-1643095715130-115c5e5f-749a\"><div class=\"w-tabs-section-content-h i-cf\"><div class=\"wpb_text_column\"><div class=\"wpb_wrapper\"><table>\n<thead>\n<tr class=\"row-1 odd\">\n<th class=\"column-1\" style=\"text-align: left;\">Zone d'\u00e9tude<\/th>\n<th class=\"column-2\">vs. co\u00fbt total*<\/th>\n<\/tr>\n<\/thead>\n<tbody>\n<tr class=\"row-2 even\">\n<td class=\"column-1\">\u00c9paule<\/td>\n<td class=\"column-2\">430 \u20ac<\/td>\n<\/tr>\n<tr class=\"row-3 odd\">\n<td class=\"column-1\">clavicule (clavicule)<\/td>\n<td class=\"column-2\">630 \u20ac<\/td>\n<\/tr>\n<tr class=\"row-4 even\">\n<td class=\"column-1\">Bras sup\u00e9rieur<\/td>\n<td class=\"column-2\">430 \u20ac<\/td>\n<\/tr>\n<tr class=\"row-5 odd\">\n<td class=\"column-1\">Coude<\/td>\n<td class=\"column-2\">430 \u20ac<\/td>\n<\/tr>\n<tr class=\"row-6 even\">\n<td class=\"column-1\">Avant-bras<\/td>\n<td class=\"column-2\">430 \u20ac<\/td>\n<\/tr>\n<tr class=\"row-7 odd\">\n<td class=\"column-1\">Poignet<\/td>\n<td class=\"column-2\">430 \u20ac<\/td>\n<\/tr>\n<tr class=\"row-8 even\">\n<td class=\"column-1\">M\u00e9tacarpe et doigts droit\/gauche<\/td>\n<td class=\"column-2\">430 \u20ac<\/td>\n<\/tr>\n<\/tbody>\n<\/table>\n<p><small>*Les co\u00fbts indiqu\u00e9s ne doivent pas \u00eatre consid\u00e9r\u00e9s comme des prix forfaitaires, mais comme une simple indication. Les co\u00fbts exacts varient en fonction de l'\u00e9tat initial individuel.<\/small><\/p>\n<\/div><\/div><div class=\"w-separator size_small\"><\/div><\/div><\/div><\/div><div class=\"w-tabs-section\" id=\"1643095715130-115c5e5f-749a\"><button class=\"w-tabs-section-header with_icon\" aria-controls=\"content-1643095715130-115c5e5f-749a\" aria-expanded=\"false\"><i class=\"far fa-stomach\"><\/i><div class=\"w-tabs-section-title\">Abdomen<\/div><div class=\"w-tabs-section-control\"><\/div><\/button><div  class=\"w-tabs-section-content\" id=\"content-1643095715130-115c5e5f-749a\"><div class=\"w-tabs-section-content-h i-cf\"><div class=\"wpb_text_column\"><div class=\"wpb_wrapper\"><table>\n<tbody>\n<tr class=\"row-1 odd\">\n<th class=\"column-1\" style=\"text-align: left;\">Zone d'\u00e9tude<\/th>\n<th class=\"column-2\">vs. co\u00fbt total*<\/th>\n<\/tr>\n<tr class=\"row-2\">\n<td class=\"column-1\">Haut de l'abdomen<\/td>\n<td class=\"column-2\">640 \u20ac<\/td>\n<\/tr>\n<tr class=\"row-3\">\n<td class=\"column-1\">Bas-ventre<\/td>\n<td class=\"column-2\">640 \u20ac<\/td>\n<\/tr>\n<tr class=\"row-3\">\n<td class=\"column-1\">Bassin femelle<\/td>\n<td class=\"column-2\">640 \u20ac<\/td>\n<\/tr>\n<tr class=\"row-4\">\n<td class=\"column-1\">Tout l'abdomen (haut et bas)<br \/>\n(avec changement de position suppl\u00e9mentaire)<\/td>\n<td class=\"column-2\">700 \u20ac<\/td>\n<\/tr>\n<\/tbody>\n<\/table>\n<p><small>*Les co\u00fbts indiqu\u00e9s ne doivent pas \u00eatre consid\u00e9r\u00e9s comme des prix forfaitaires, mais comme une simple indication. Les co\u00fbts exacts varient en fonction de l'\u00e9tat initial individuel.<\/small><\/p>\n<\/div><\/div><div class=\"w-separator size_small\"><\/div><\/div><\/div><\/div><div class=\"w-tabs-section\" id=\"1643095715130-115c5e5f-749a\"><button class=\"w-tabs-section-header with_icon\" aria-controls=\"content-1643095715130-115c5e5f-749a\" aria-expanded=\"false\"><i class=\"far fa-socks\"><\/i><div class=\"w-tabs-section-title\">Extr\u00e9mit\u00e9s inf\u00e9rieures<\/div><div class=\"w-tabs-section-control\"><\/div><\/button><div  class=\"w-tabs-section-content\" id=\"content-1643095715130-115c5e5f-749a\"><div class=\"w-tabs-section-content-h i-cf\"><div class=\"wpb_text_column\"><div class=\"wpb_wrapper\"><table>\n<tbody>\n<tr class=\"row-1 odd\">\n<th class=\"column-1\" style=\"text-align: left;\">Zone d'\u00e9tude<\/th>\n<th class=\"column-2\">vs. co\u00fbt total*<\/th>\n<\/tr>\n<tr class=\"row-3\">\n<td class=\"column-1\">Articulations de la hanche des deux c\u00f4t\u00e9s<\/td>\n<td class=\"column-2\">640 \u20ac<\/td>\n<\/tr>\n<tr class=\"row-4\">\n<td class=\"column-1\">Cuisse<\/td>\n<td class=\"column-2\">430 \u20ac<\/td>\n<\/tr>\n<tr class=\"row-5\">\n<td class=\"column-1\">Genou<\/td>\n<td class=\"column-2\">430 \u20ac<\/td>\n<\/tr>\n<tr class=\"row-6\">\n<td class=\"column-1\">Jambe inf\u00e9rieure<\/td>\n<td class=\"column-2\">430 \u20ac<\/td>\n<\/tr>\n<tr class=\"row-7\">\n<td class=\"column-1\">Cheville<\/td>\n<td class=\"column-2\">430 \u20ac<\/td>\n<\/tr>\n<tr class=\"row-8\">\n<td class=\"column-1\">Tendon d'Achille<\/td>\n<td class=\"column-2\">430 \u20ac<\/td>\n<\/tr>\n<tr class=\"row-9\">\n<td class=\"column-1\">Pied<\/td>\n<td class=\"column-2\">430 \u20ac<\/td>\n<\/tr>\n<\/tbody>\n<\/table>\n<p><small>*Les co\u00fbts indiqu\u00e9s ne doivent pas \u00eatre consid\u00e9r\u00e9s comme des prix forfaitaires, mais comme une simple indication. Les co\u00fbts exacts varient en fonction de l'\u00e9tat initial individuel.<\/small><\/p>\n<\/div><\/div><div class=\"w-separator size_small\"><\/div><\/div><\/div><\/div><\/div><\/div><div class=\"w-separator hide_on_default hide_on_laptops hide_on_tablets size_custom\" style=\"height:0\" id=\"mba6\"><style>@media(max-width:1024px){ #mba6{height:2rem!important}}@media(max-width:600px){ #mba6{height:4rem!important}}<\/style><\/div><\/div><\/div><\/div><\/div><\/section>","protected":false},"excerpt":{"rendered":"Co\u00fbts de l'IRM \u00e0 Francfort Nos co\u00fbts de l'IRM pour les personnes payant elles-m\u00eames leur assurance maladie (GKV) Les indications de co\u00fbts se r\u00e9f\u00e8rent au traitement des personnes payant elles-m\u00eames leur assurance maladie (GKV) au niveau national, d'autres prix s'appliquent aux personnes payant elles-m\u00eames leur assurance maladie au niveau international. Les produits de contraste ne sont pas encore inclus dans ces prix - en cas de n\u00e9cessit\u00e9, ils sont appliqu\u00e9s apr\u00e8s accord avec le patient et co\u00fbtent environ entre 120,00 et 150,00 euros. Nous ...","protected":false},"author":2,"featured_media":1824,"parent":0,"menu_order":0,"comment_status":"closed","ping_status":"closed","template":"","meta":{"footnotes":""},"class_list":["post-1405","page","type-page","status-publish","has-post-thumbnail","hentry"],"yoast_head":"<!-- This site is optimized with the Yoast SEO plugin v27.3 - https:\/\/yoast.com\/product\/yoast-seo-wordpress\/ -->\n<title>MRT Kosten Frankfurt \u1405 MRT Kosten f\u00fcr Selbstzahler<\/title>\n<meta name=\"description\" content=\"MRT Kosten Frankfurt \u2713 MRT-Kosten\u00fcbersicht. Hier erfahren Selbstzahler die unterschiedlichen Preise f\u00fcr die verschiedenen Behandlungen.\" \/>\n<meta name=\"robots\" content=\"index, follow, max-snippet:-1, max-image-preview:large, max-video-preview:-1\" \/>\n<link rel=\"canonical\" href=\"https:\/\/www.radiologie-dr-jung.de\/fr\/mrt-couts-francfort\/\" \/>\n<meta property=\"og:locale\" content=\"fr_FR\" \/>\n<meta property=\"og:type\" content=\"article\" \/>\n<meta property=\"og:title\" content=\"MRT Kosten Frankfurt \u1405 MRT Kosten f\u00fcr Selbstzahler\" \/>\n<meta property=\"og:description\" content=\"MRT Kosten Frankfurt \u2713 MRT-Kosten\u00fcbersicht. Hier erfahren Selbstzahler die unterschiedlichen Preise f\u00fcr die verschiedenen Behandlungen.\" \/>\n<meta property=\"og:url\" content=\"https:\/\/www.radiologie-dr-jung.de\/fr\/mrt-couts-francfort\/\" \/>\n<meta property=\"og:site_name\" content=\"Dr. Catarina Jung\" \/>\n<meta property=\"article:modified_time\" content=\"2026-02-20T15:52:56+00:00\" \/>\n<meta property=\"og:image\" content=\"https:\/\/www.radiologie-dr-jung.de\/wp-content\/uploads\/2025\/12\/0214_Jung-Impressionen_22.jpg\" \/>\n\t<meta property=\"og:image:width\" content=\"800\" \/>\n\t<meta property=\"og:image:height\" content=\"1000\" \/>\n\t<meta property=\"og:image:type\" content=\"image\/jpeg\" \/>\n<meta name=\"twitter:card\" content=\"summary_large_image\" \/>\n<meta name=\"twitter:label1\" content=\"Dur\u00e9e de lecture estim\u00e9e\" \/>\n\t<meta name=\"twitter:data1\" content=\"3 minutes\" \/>\n<script type=\"application\/ld+json\" class=\"yoast-schema-graph\">{\"@context\":\"https:\\\/\\\/schema.org\",\"@graph\":[{\"@type\":\"WebPage\",\"@id\":\"https:\\\/\\\/www.radiologie-dr-jung.de\\\/mrt-kosten-frankfurt\\\/\",\"url\":\"https:\\\/\\\/www.radiologie-dr-jung.de\\\/mrt-kosten-frankfurt\\\/\",\"name\":\"MRT Kosten Frankfurt \u1405 MRT Kosten f\u00fcr Selbstzahler\",\"isPartOf\":{\"@id\":\"https:\\\/\\\/www.radiologie-dr-jung.de\\\/#website\"},\"primaryImageOfPage\":{\"@id\":\"https:\\\/\\\/www.radiologie-dr-jung.de\\\/mrt-kosten-frankfurt\\\/#primaryimage\"},\"image\":{\"@id\":\"https:\\\/\\\/www.radiologie-dr-jung.de\\\/mrt-kosten-frankfurt\\\/#primaryimage\"},\"thumbnailUrl\":\"https:\\\/\\\/www.radiologie-dr-jung.de\\\/wp-content\\\/uploads\\\/2025\\\/12\\\/0214_Jung-Impressionen_22.jpg\",\"datePublished\":\"2025-10-31T10:17:18+00:00\",\"dateModified\":\"2026-02-20T15:52:56+00:00\",\"description\":\"MRT Kosten Frankfurt \u2713 MRT-Kosten\u00fcbersicht. Hier erfahren Selbstzahler die unterschiedlichen Preise f\u00fcr die verschiedenen Behandlungen.\",\"breadcrumb\":{\"@id\":\"https:\\\/\\\/www.radiologie-dr-jung.de\\\/mrt-kosten-frankfurt\\\/#breadcrumb\"},\"inLanguage\":\"fr-FR\",\"potentialAction\":[{\"@type\":\"ReadAction\",\"target\":[\"https:\\\/\\\/www.radiologie-dr-jung.de\\\/mrt-kosten-frankfurt\\\/\"]}]},{\"@type\":\"ImageObject\",\"inLanguage\":\"fr-FR\",\"@id\":\"https:\\\/\\\/www.radiologie-dr-jung.de\\\/mrt-kosten-frankfurt\\\/#primaryimage\",\"url\":\"https:\\\/\\\/www.radiologie-dr-jung.de\\\/wp-content\\\/uploads\\\/2025\\\/12\\\/0214_Jung-Impressionen_22.jpg\",\"contentUrl\":\"https:\\\/\\\/www.radiologie-dr-jung.de\\\/wp-content\\\/uploads\\\/2025\\\/12\\\/0214_Jung-Impressionen_22.jpg\",\"width\":800,\"height\":1000,\"caption\":\"MRT Kosten Frankfurt\"},{\"@type\":\"BreadcrumbList\",\"@id\":\"https:\\\/\\\/www.radiologie-dr-jung.de\\\/mrt-kosten-frankfurt\\\/#breadcrumb\",\"itemListElement\":[{\"@type\":\"ListItem\",\"position\":1,\"name\":\"Startseite\",\"item\":\"https:\\\/\\\/www.radiologie-dr-jung.de\\\/\"},{\"@type\":\"ListItem\",\"position\":2,\"name\":\"MRT Kosten\"}]},{\"@type\":\"WebSite\",\"@id\":\"https:\\\/\\\/www.radiologie-dr-jung.de\\\/#website\",\"url\":\"https:\\\/\\\/www.radiologie-dr-jung.de\\\/\",\"name\":\"Dr. Catarina Jung\",\"description\":\"Fach\u00e4rztin f\u00fcr Diagnostische Radiologie\",\"potentialAction\":[{\"@type\":\"SearchAction\",\"target\":{\"@type\":\"EntryPoint\",\"urlTemplate\":\"https:\\\/\\\/www.radiologie-dr-jung.de\\\/?s={search_term_string}\"},\"query-input\":{\"@type\":\"PropertyValueSpecification\",\"valueRequired\":true,\"valueName\":\"search_term_string\"}}],\"inLanguage\":\"fr-FR\"}]}<\/script>\n<!-- \/ Yoast SEO plugin. -->","yoast_head_json":{"title":"Co\u00fbt de l'IRM \u00e0 Francfort \u1405 Co\u00fbt de l'IRM pour les patients payants","description":"Co\u00fbts de l'IRM \u00e0 Francfort \u2713 Aper\u00e7u des co\u00fbts de l'IRM. Les personnes qui payent elles-m\u00eames leur IRM y d\u00e9couvrent les diff\u00e9rents prix pour les diff\u00e9rents traitements.","robots":{"index":"index","follow":"follow","max-snippet":"max-snippet:-1","max-image-preview":"max-image-preview:large","max-video-preview":"max-video-preview:-1"},"canonical":"https:\/\/www.radiologie-dr-jung.de\/fr\/mrt-couts-francfort\/","og_locale":"fr_FR","og_type":"article","og_title":"MRT Kosten Frankfurt \u1405 MRT Kosten f\u00fcr Selbstzahler","og_description":"MRT Kosten Frankfurt \u2713 MRT-Kosten\u00fcbersicht. Hier erfahren Selbstzahler die unterschiedlichen Preise f\u00fcr die verschiedenen Behandlungen.","og_url":"https:\/\/www.radiologie-dr-jung.de\/fr\/mrt-couts-francfort\/","og_site_name":"Dr. Catarina Jung","article_modified_time":"2026-02-20T15:52:56+00:00","og_image":[{"width":800,"height":1000,"url":"https:\/\/www.radiologie-dr-jung.de\/wp-content\/uploads\/2025\/12\/0214_Jung-Impressionen_22.jpg","type":"image\/jpeg"}],"twitter_card":"summary_large_image","twitter_misc":{"Dur\u00e9e de lecture estim\u00e9e":"3 minutes"},"schema":{"@context":"https:\/\/schema.org","@graph":[{"@type":"WebPage","@id":"https:\/\/www.radiologie-dr-jung.de\/mrt-kosten-frankfurt\/","url":"https:\/\/www.radiologie-dr-jung.de\/mrt-kosten-frankfurt\/","name":"Co\u00fbt de l'IRM \u00e0 Francfort \u1405 Co\u00fbt de l'IRM pour les patients payants","isPartOf":{"@id":"https:\/\/www.radiologie-dr-jung.de\/#website"},"primaryImageOfPage":{"@id":"https:\/\/www.radiologie-dr-jung.de\/mrt-kosten-frankfurt\/#primaryimage"},"image":{"@id":"https:\/\/www.radiologie-dr-jung.de\/mrt-kosten-frankfurt\/#primaryimage"},"thumbnailUrl":"https:\/\/www.radiologie-dr-jung.de\/wp-content\/uploads\/2025\/12\/0214_Jung-Impressionen_22.jpg","datePublished":"2025-10-31T10:17:18+00:00","dateModified":"2026-02-20T15:52:56+00:00","description":"Co\u00fbts de l'IRM \u00e0 Francfort \u2713 Aper\u00e7u des co\u00fbts de l'IRM. Les personnes qui payent elles-m\u00eames leur IRM y d\u00e9couvrent les diff\u00e9rents prix pour les diff\u00e9rents traitements.","breadcrumb":{"@id":"https:\/\/www.radiologie-dr-jung.de\/mrt-kosten-frankfurt\/#breadcrumb"},"inLanguage":"fr-FR","potentialAction":[{"@type":"ReadAction","target":["https:\/\/www.radiologie-dr-jung.de\/mrt-kosten-frankfurt\/"]}]},{"@type":"ImageObject","inLanguage":"fr-FR","@id":"https:\/\/www.radiologie-dr-jung.de\/mrt-kosten-frankfurt\/#primaryimage","url":"https:\/\/www.radiologie-dr-jung.de\/wp-content\/uploads\/2025\/12\/0214_Jung-Impressionen_22.jpg","contentUrl":"https:\/\/www.radiologie-dr-jung.de\/wp-content\/uploads\/2025\/12\/0214_Jung-Impressionen_22.jpg","width":800,"height":1000,"caption":"MRT Kosten Frankfurt"},{"@type":"BreadcrumbList","@id":"https:\/\/www.radiologie-dr-jung.de\/mrt-kosten-frankfurt\/#breadcrumb","itemListElement":[{"@type":"ListItem","position":1,"name":"Startseite","item":"https:\/\/www.radiologie-dr-jung.de\/"},{"@type":"ListItem","position":2,"name":"MRT Kosten"}]},{"@type":"WebSite","@id":"https:\/\/www.radiologie-dr-jung.de\/#website","url":"https:\/\/www.radiologie-dr-jung.de\/","name":"Dr. Catarina Jung","description":"Sp\u00e9cialiste en radiologie diagnostique","potentialAction":[{"@type":"SearchAction","target":{"@type":"EntryPoint","urlTemplate":"https:\/\/www.radiologie-dr-jung.de\/?s={search_term_string}"},"query-input":{"@type":"PropertyValueSpecification","valueRequired":true,"valueName":"search_term_string"}}],"inLanguage":"fr-FR"}]}},"_links":{"self":[{"href":"https:\/\/www.radiologie-dr-jung.de\/fr\/wp-json\/wp\/v2\/pages\/1405","targetHints":{"allow":["GET"]}}],"collection":[{"href":"https:\/\/www.radiologie-dr-jung.de\/fr\/wp-json\/wp\/v2\/pages"}],"about":[{"href":"https:\/\/www.radiologie-dr-jung.de\/fr\/wp-json\/wp\/v2\/types\/page"}],"author":[{"embeddable":true,"href":"https:\/\/www.radiologie-dr-jung.de\/fr\/wp-json\/wp\/v2\/users\/2"}],"replies":[{"embeddable":true,"href":"https:\/\/www.radiologie-dr-jung.de\/fr\/wp-json\/wp\/v2\/comments?post=1405"}],"version-history":[{"count":18,"href":"https:\/\/www.radiologie-dr-jung.de\/fr\/wp-json\/wp\/v2\/pages\/1405\/revisions"}],"predecessor-version":[{"id":2270,"href":"https:\/\/www.radiologie-dr-jung.de\/fr\/wp-json\/wp\/v2\/pages\/1405\/revisions\/2270"}],"wp:featuredmedia":[{"embeddable":true,"href":"https:\/\/www.radiologie-dr-jung.de\/fr\/wp-json\/wp\/v2\/media\/1824"}],"wp:attachment":[{"href":"https:\/\/www.radiologie-dr-jung.de\/fr\/wp-json\/wp\/v2\/media?parent=1405"}],"curies":[{"name":"wp","href":"https:\/\/api.w.org\/{rel}","templated":true}]}}