{"id":1397,"date":"2025-10-31T10:45:06","date_gmt":"2025-10-31T09:45:06","guid":{"rendered":"https:\/\/www.radiologie-dr-jung.de\/?page_id=1397"},"modified":"2026-02-20T17:07:20","modified_gmt":"2026-02-20T16:07:20","slug":"voir-les-images-mrt","status":"publish","type":"page","link":"https:\/\/www.radiologie-dr-jung.de\/fr\/mrt-bilder-ansehen\/","title":{"rendered":"Vos images IRM"},"content":{"rendered":"<section class=\"l-section wpb_row height_small\"><div class=\"l-section-h i-cf\"><div class=\"g-cols vc_row via_grid cols_2 laptops-cols_inherit tablets-cols_inherit mobiles-cols_1 valign_top type_default stacking_default\" style=\"--columns-gap:0rem;\"><div class=\"wpb_column vc_column_container\"><div class=\"vc_column-inner\"><div class=\"wpb_text_column us_custom_7d39fe36 us_animate_this\"><div class=\"wpb_wrapper\"><h1>Vos images IRM<\/h1>\n<h6>Voir les images IRM - directement apr\u00e8s l'examen<\/h6>\n<\/div><\/div><div class=\"w-separator size_custom\" style=\"height:2rem\"><\/div><div class=\"wpb_text_column us_custom_5d8e9ec2 us_animate_this\"><div class=\"wpb_wrapper\"><p>L'imagerie par r\u00e9sonance magn\u00e9tique (tomographie du grec ancien \u03c4\u03bf\u03bc\u03ae\/tome (fran\u00e7ais : coupe) et \u03b3\u03c1\u03ac\u03c6\u03b5\u03b9\u03bd\/graphein (fran\u00e7ais : \u00e9crire), en abr\u00e9g\u00e9 IRM, est une technique d'imagerie utilis\u00e9e dans le diagnostic m\u00e9dical. Elle est utilis\u00e9e pour repr\u00e9senter la structure et la fonction des tissus et des organes du corps et est totalement indolore.<\/p>\n<p>L'IRM \u00e0 Francfort permet d'obtenir des images en coupe du corps humain qui permettent d'\u00e9valuer les organes et de nombreuses modifications pathologiques des organes. Elle n'utilise ni rayons X ni radiations ionisantes. <a href=\"\/fr\/rayonnement-mrt\/\">Rayons<\/a> (<a href=\"https:\/\/de.wikipedia.org\/wiki\/Radioaktivit%C3%A4t\" target=\"_blank\" rel=\"noopener\">Radioactivit\u00e9<\/a>) sont utilis\u00e9es. La production d'images se fait exclusivement \u00e0 l'aide de champs magn\u00e9tiques et d'ondes radio.<\/p>\n<\/div><\/div><div class=\"w-separator size_custom\" style=\"height:1.5rem\"><\/div><\/div><\/div><div class=\"wpb_column vc_column_container us_custom_e21e87b0\"><div class=\"vc_column-inner\"><div class=\"w-separator size_custom\" style=\"height:0rem\" id=\"q700\"><style>@media(max-width:1024px){ #q700{height:2rem!important}}@media(max-width:600px){ #q700{height:2rem!important}}<\/style><\/div><div class=\"w-image us_custom_f90cf93a us_animate_this align_none\"><div class=\"w-image-h\"><img decoding=\"async\" width=\"800\" height=\"1000\" src=\"https:\/\/www.radiologie-dr-jung.de\/wp-content\/uploads\/2025\/12\/0214_Jung-Impressionen_04b.jpg\" class=\"attachment-full size-full\" alt=\"Images d&#039;IRM\" loading=\"lazy\" srcset=\"https:\/\/www.radiologie-dr-jung.de\/wp-content\/uploads\/2025\/12\/0214_Jung-Impressionen_04b.jpg 800w, https:\/\/www.radiologie-dr-jung.de\/wp-content\/uploads\/2025\/12\/0214_Jung-Impressionen_04b-240x300.jpg 240w, https:\/\/www.radiologie-dr-jung.de\/wp-content\/uploads\/2025\/12\/0214_Jung-Impressionen_04b-40x50.jpg 40w, https:\/\/www.radiologie-dr-jung.de\/wp-content\/uploads\/2025\/12\/0214_Jung-Impressionen_04b-56x70.jpg 56w\" sizes=\"auto, (max-width: 800px) 100vw, 800px\" \/><\/div><\/div><\/div><\/div><\/div><\/div><\/section><section class=\"l-section wpb_row height_small\"><div class=\"l-section-h i-cf\"><div class=\"g-cols vc_row via_grid cols_2 laptops-cols_inherit tablets-cols_inherit mobiles-cols_1 valign_top type_default reversed stacking_default\" style=\"--columns-gap:0rem;\"><div class=\"wpb_column vc_column_container us_custom_3c973021\"><div class=\"vc_column-inner\"><div class=\"w-image us_custom_b42782a4 us_animate_this align_none\"><div class=\"w-image-h\"><img decoding=\"async\" width=\"1000\" height=\"800\" src=\"https:\/\/www.radiologie-dr-jung.de\/wp-content\/uploads\/2025\/12\/0214_MRT-Bilder_01.jpg\" class=\"attachment-full size-full\" alt=\"Images d&#039;IRM\" loading=\"lazy\" srcset=\"https:\/\/www.radiologie-dr-jung.de\/wp-content\/uploads\/2025\/12\/0214_MRT-Bilder_01.jpg 1000w, https:\/\/www.radiologie-dr-jung.de\/wp-content\/uploads\/2025\/12\/0214_MRT-Bilder_01-300x240.jpg 300w, https:\/\/www.radiologie-dr-jung.de\/wp-content\/uploads\/2025\/12\/0214_MRT-Bilder_01-50x40.jpg 50w, https:\/\/www.radiologie-dr-jung.de\/wp-content\/uploads\/2025\/12\/0214_MRT-Bilder_01-70x56.jpg 70w\" sizes=\"auto, (max-width: 1000px) 100vw, 1000px\" \/><\/div><\/div><div class=\"w-separator hide_on_default hide_on_laptops hide_on_tablets size_custom\" style=\"height:0\" id=\"c876\"><style>@media(max-width:1024px){ #c876{height:2rem!important}}@media(max-width:600px){ #c876{height:2rem!important}}<\/style><\/div><\/div><\/div><div class=\"wpb_column vc_column_container\"><div class=\"vc_column-inner\"><div class=\"wpb_text_column us_custom_5d8e9ec2 us_animate_this\"><div class=\"wpb_wrapper\"><h4>1er examen IRM et r\u00e9ception du code d'acc\u00e8s<\/h4>\n<p>Comme d'habitude, vous serez examin\u00e9 dans mon cabinet d'IRM.<\/p>\n<p>Il est possible de prendre rendez-vous rapidement par t\u00e9l\u00e9phone ou de r\u00e9server en ligne via le site web du cabinet :<br \/>\n&gt; <span style=\"color: #37bde5;\"><a style=\"color: #37bde5;\" href=\"\/fr\/mrt-frankfurt-reservation-de-rendez-vous-en-ligne\/\">R\u00e9server un rendez-vous pour une IRM \u00e0 Francfort<\/a><\/span><\/p>\n<p>Imm\u00e9diatement apr\u00e8s l'examen IRM, vous recevrez un imprim\u00e9 sur lequel figure un code d'acc\u00e8s personnel.<\/p>\n<\/div><\/div><div class=\"w-separator hide_on_default hide_on_laptops hide_on_tablets size_custom\" style=\"height:0\" id=\"mbb1\"><style>@media(max-width:1024px){ #mbb1{height:2rem!important}}@media(max-width:600px){ #mbb1{height:4rem!important}}<\/style><\/div><\/div><\/div><\/div><\/div><\/section><section class=\"l-section wpb_row height_small\"><div class=\"l-section-h i-cf\"><div class=\"g-cols vc_row via_grid cols_2 laptops-cols_inherit tablets-cols_inherit mobiles-cols_1 valign_top type_default stacking_default\" style=\"--columns-gap:0rem;\"><div class=\"wpb_column vc_column_container\"><div class=\"vc_column-inner\"><div class=\"wpb_text_column us_custom_96f8c16e us_animate_this\"><div class=\"wpb_wrapper\"><h4>2. acc\u00e8s en ligne \u00e0 vos images IRM<\/h4>\n<p>Vous scannez votre code personnel sur votre lettre d'accompagnement avec votre t\u00e9l\u00e9phone portable - et acc\u00e9dez directement \u00e0 vos enregistrements. Ou vous appelez avec votre smartphone, tablette, ordinateur portable ou PC <a href=\"https:\/\/app.medneo.com\/portal\/\" target=\"_blank\" rel=\"noopener\">app.medneo.com\/portail<\/a> sur<\/p>\n<ul>\n<li>Donnez votre\u00a0<b>Nom d'utilisateur<\/b><\/li>\n<li>Donnez votre <strong>Mot de passe<\/strong>\u00a0un.<\/li>\n<li>Vous pouvez maintenant visualiser les images de l'IRM.<\/li>\n<\/ul>\n<p>Un logiciel sp\u00e9cial n'est pas n\u00e9cessaire et ce service est gratuit pour vous.<\/p>\n<\/div><\/div><\/div><\/div><div class=\"wpb_column vc_column_container us_custom_4db21d99\"><div class=\"vc_column-inner\"><div class=\"w-separator size_custom\" style=\"height:0rem\" id=\"z2ce\"><style>@media(max-width:1024px){ #z2ce{height:2rem!important}}@media(max-width:600px){ #z2ce{height:4rem!important}}<\/style><\/div><div class=\"w-image us_custom_d0aaf76f us_animate_this align_none\"><div class=\"w-image-h\"><img decoding=\"async\" width=\"1000\" height=\"800\" src=\"https:\/\/www.radiologie-dr-jung.de\/wp-content\/uploads\/2025\/12\/0214_Jung-Impressionen_05.jpg\" class=\"attachment-full size-full\" alt=\"Images d&#039;IRM\" loading=\"lazy\" srcset=\"https:\/\/www.radiologie-dr-jung.de\/wp-content\/uploads\/2025\/12\/0214_Jung-Impressionen_05.jpg 1000w, https:\/\/www.radiologie-dr-jung.de\/wp-content\/uploads\/2025\/12\/0214_Jung-Impressionen_05-300x240.jpg 300w, https:\/\/www.radiologie-dr-jung.de\/wp-content\/uploads\/2025\/12\/0214_Jung-Impressionen_05-50x40.jpg 50w, https:\/\/www.radiologie-dr-jung.de\/wp-content\/uploads\/2025\/12\/0214_Jung-Impressionen_05-70x56.jpg 70w\" sizes=\"auto, (max-width: 1000px) 100vw, 1000px\" \/><\/div><\/div><div class=\"w-separator hide_on_default hide_on_laptops hide_on_tablets size_custom\" style=\"height:0\" id=\"maf6\"><style>@media(max-width:1024px){ #maf6{height:2rem!important}}@media(max-width:600px){ #maf6{height:2rem!important}}<\/style><\/div><\/div><\/div><\/div><\/div><\/section><section class=\"l-section wpb_row height_small\"><div class=\"l-section-h i-cf\"><div class=\"g-cols vc_row via_grid cols_2 laptops-cols_inherit tablets-cols_inherit mobiles-cols_1 valign_top type_default reversed stacking_default\" style=\"--columns-gap:0rem;\"><div class=\"wpb_column vc_column_container us_custom_3c973021\"><div class=\"vc_column-inner\"><div class=\"w-image us_custom_b42782a4 us_animate_this align_none\"><div class=\"w-image-h\"><img decoding=\"async\" width=\"1000\" height=\"800\" src=\"https:\/\/www.radiologie-dr-jung.de\/wp-content\/uploads\/2025\/12\/0214_Website-Aerztin_02a.jpg\" class=\"attachment-full size-full\" alt=\"IRM \u00e0 Francfort\" loading=\"lazy\" srcset=\"https:\/\/www.radiologie-dr-jung.de\/wp-content\/uploads\/2025\/12\/0214_Website-Aerztin_02a.jpg 1000w, https:\/\/www.radiologie-dr-jung.de\/wp-content\/uploads\/2025\/12\/0214_Website-Aerztin_02a-300x240.jpg 300w, https:\/\/www.radiologie-dr-jung.de\/wp-content\/uploads\/2025\/12\/0214_Website-Aerztin_02a-50x40.jpg 50w, https:\/\/www.radiologie-dr-jung.de\/wp-content\/uploads\/2025\/12\/0214_Website-Aerztin_02a-70x56.jpg 70w\" sizes=\"auto, (max-width: 1000px) 100vw, 1000px\" \/><\/div><\/div><div class=\"w-separator size_custom\" style=\"height:4rem\" id=\"ze01\"><style>@media(max-width:1024px){ #ze01{height:2rem!important}}@media(max-width:600px){ #ze01{height:2rem!important}}<\/style><\/div><\/div><\/div><div class=\"wpb_column vc_column_container\"><div class=\"vc_column-inner\"><div class=\"wpb_text_column us_custom_5d8e9ec2 us_animate_this\"><div class=\"wpb_wrapper\"><h4>3. normes de s\u00e9curit\u00e9<\/h4>\n<p><i class=\"fas fa-check\"><\/i> Gr\u00e2ce au cryptage des enregistrements, aucun acc\u00e8s non autoris\u00e9 n'est possible.<\/p>\n<p><i class=\"fas fa-check\"><\/i> Les enregistrements sont transmis selon les normes de s\u00e9curit\u00e9 les plus r\u00e9centes, sans que des tiers puissent y avoir acc\u00e8s.<\/p>\n<p><i class=\"fas fa-check\"><\/i> Ce faisant, nous respectons toutes les directives en vigueur en mati\u00e8re de protection des donn\u00e9es, par exemple le r\u00e8glement g\u00e9n\u00e9ral sur la protection des donn\u00e9es.<\/p>\n<p><i class=\"fas fa-check\"><\/i> La transmission des images est conforme au r\u00e8glement g\u00e9n\u00e9ral de l'UE sur la protection des donn\u00e9es (RGPD).<\/p>\n<\/div><\/div><div class=\"w-separator hide_on_default hide_on_laptops hide_on_tablets size_custom\" style=\"height:0\" id=\"b2ce\"><style>@media(max-width:1024px){ #b2ce{height:2rem!important}}@media(max-width:600px){ #b2ce{height:4rem!important}}<\/style><\/div><\/div><\/div><\/div><\/div><\/section>","protected":false},"excerpt":{"rendered":"Vos images IRM Voir les images IRM - directement apr\u00e8s l'examen L'imagerie par r\u00e9sonance magn\u00e9tique (tomographie du grec ancien \u03c4\u03bf\u03bc\u03ae\/tome (fran\u00e7ais : coupe) et \u03b3\u03c1\u03ac\u03c6\u03b5\u03b9\u03bd\/graphein (fran\u00e7ais : \u00e9crire), en abr\u00e9g\u00e9 IRM, est une technique d'imagerie utilis\u00e9e dans le diagnostic m\u00e9dical. Elle est utilis\u00e9e pour repr\u00e9senter la structure et la fonction des tissus et des organes du corps et est totalement indolore. Gr\u00e2ce \u00e0 l'IRM en...","protected":false},"author":2,"featured_media":1752,"parent":0,"menu_order":0,"comment_status":"closed","ping_status":"closed","template":"","meta":{"footnotes":""},"class_list":["post-1397","page","type-page","status-publish","has-post-thumbnail","hentry"],"yoast_head":"<!-- This site is optimized with the Yoast SEO plugin v27.3 - https:\/\/yoast.com\/product\/yoast-seo-wordpress\/ -->\n<title>MRT-Bilder ansehen \u1405 Radiologie Frankfurt, Dr. Jung<\/title>\n<meta name=\"description\" content=\"MRT-Bilder ansehen \u2713 Nach der Untersuchung in unserer Praxis in Frankfurt k\u00f6nnen Sie Ihre MRT-Bilder online abrufen.\" \/>\n<meta name=\"robots\" content=\"index, follow, max-snippet:-1, max-image-preview:large, max-video-preview:-1\" \/>\n<link rel=\"canonical\" href=\"https:\/\/www.radiologie-dr-jung.de\/fr\/voir-les-images-mrt\/\" \/>\n<meta property=\"og:locale\" content=\"fr_FR\" \/>\n<meta property=\"og:type\" content=\"article\" \/>\n<meta property=\"og:title\" content=\"MRT-Bilder ansehen \u1405 Radiologie Frankfurt, Dr. Jung\" \/>\n<meta property=\"og:description\" content=\"MRT-Bilder ansehen \u2713 Nach der Untersuchung in unserer Praxis in Frankfurt k\u00f6nnen Sie Ihre MRT-Bilder online abrufen.\" \/>\n<meta property=\"og:url\" content=\"https:\/\/www.radiologie-dr-jung.de\/fr\/voir-les-images-mrt\/\" \/>\n<meta property=\"og:site_name\" content=\"Dr. Catarina Jung\" \/>\n<meta property=\"article:modified_time\" content=\"2026-02-20T16:07:20+00:00\" \/>\n<meta property=\"og:image\" content=\"https:\/\/www.radiologie-dr-jung.de\/wp-content\/uploads\/2025\/12\/0214_Website-Aerztin_02a.jpg\" \/>\n\t<meta property=\"og:image:width\" content=\"1000\" \/>\n\t<meta property=\"og:image:height\" content=\"800\" \/>\n\t<meta property=\"og:image:type\" content=\"image\/jpeg\" \/>\n<meta name=\"twitter:card\" content=\"summary_large_image\" \/>\n<meta name=\"twitter:label1\" content=\"Dur\u00e9e de lecture estim\u00e9e\" \/>\n\t<meta name=\"twitter:data1\" content=\"3 minutes\" \/>\n<script type=\"application\/ld+json\" class=\"yoast-schema-graph\">{\"@context\":\"https:\\\/\\\/schema.org\",\"@graph\":[{\"@type\":\"WebPage\",\"@id\":\"https:\\\/\\\/www.radiologie-dr-jung.de\\\/mrt-bilder-ansehen\\\/\",\"url\":\"https:\\\/\\\/www.radiologie-dr-jung.de\\\/mrt-bilder-ansehen\\\/\",\"name\":\"MRT-Bilder ansehen \u1405 Radiologie Frankfurt, Dr. Jung\",\"isPartOf\":{\"@id\":\"https:\\\/\\\/www.radiologie-dr-jung.de\\\/#website\"},\"primaryImageOfPage\":{\"@id\":\"https:\\\/\\\/www.radiologie-dr-jung.de\\\/mrt-bilder-ansehen\\\/#primaryimage\"},\"image\":{\"@id\":\"https:\\\/\\\/www.radiologie-dr-jung.de\\\/mrt-bilder-ansehen\\\/#primaryimage\"},\"thumbnailUrl\":\"https:\\\/\\\/www.radiologie-dr-jung.de\\\/wp-content\\\/uploads\\\/2025\\\/12\\\/0214_Website-Aerztin_02a.jpg\",\"datePublished\":\"2025-10-31T09:45:06+00:00\",\"dateModified\":\"2026-02-20T16:07:20+00:00\",\"description\":\"MRT-Bilder ansehen \u2713 Nach der Untersuchung in unserer Praxis in Frankfurt k\u00f6nnen Sie Ihre MRT-Bilder online abrufen.\",\"breadcrumb\":{\"@id\":\"https:\\\/\\\/www.radiologie-dr-jung.de\\\/mrt-bilder-ansehen\\\/#breadcrumb\"},\"inLanguage\":\"fr-FR\",\"potentialAction\":[{\"@type\":\"ReadAction\",\"target\":[\"https:\\\/\\\/www.radiologie-dr-jung.de\\\/mrt-bilder-ansehen\\\/\"]}]},{\"@type\":\"ImageObject\",\"inLanguage\":\"fr-FR\",\"@id\":\"https:\\\/\\\/www.radiologie-dr-jung.de\\\/mrt-bilder-ansehen\\\/#primaryimage\",\"url\":\"https:\\\/\\\/www.radiologie-dr-jung.de\\\/wp-content\\\/uploads\\\/2025\\\/12\\\/0214_Website-Aerztin_02a.jpg\",\"contentUrl\":\"https:\\\/\\\/www.radiologie-dr-jung.de\\\/wp-content\\\/uploads\\\/2025\\\/12\\\/0214_Website-Aerztin_02a.jpg\",\"width\":1000,\"height\":800,\"caption\":\"MRT in Frankfurt\"},{\"@type\":\"BreadcrumbList\",\"@id\":\"https:\\\/\\\/www.radiologie-dr-jung.de\\\/mrt-bilder-ansehen\\\/#breadcrumb\",\"itemListElement\":[{\"@type\":\"ListItem\",\"position\":1,\"name\":\"Startseite\",\"item\":\"https:\\\/\\\/www.radiologie-dr-jung.de\\\/\"},{\"@type\":\"ListItem\",\"position\":2,\"name\":\"Ihre MRT-Bilder\"}]},{\"@type\":\"WebSite\",\"@id\":\"https:\\\/\\\/www.radiologie-dr-jung.de\\\/#website\",\"url\":\"https:\\\/\\\/www.radiologie-dr-jung.de\\\/\",\"name\":\"Dr. Catarina Jung\",\"description\":\"Fach\u00e4rztin f\u00fcr Diagnostische Radiologie\",\"potentialAction\":[{\"@type\":\"SearchAction\",\"target\":{\"@type\":\"EntryPoint\",\"urlTemplate\":\"https:\\\/\\\/www.radiologie-dr-jung.de\\\/?s={search_term_string}\"},\"query-input\":{\"@type\":\"PropertyValueSpecification\",\"valueRequired\":true,\"valueName\":\"search_term_string\"}}],\"inLanguage\":\"fr-FR\"}]}<\/script>\n<!-- \/ Yoast SEO plugin. -->","yoast_head_json":{"title":"Voir les images IRM \u1405 Radiologie Frankfurt, Dr. Jung","description":"Consulter les images IRM \u2713 Apr\u00e8s l'examen dans notre cabinet \u00e0 Francfort, vous pouvez consulter vos images IRM en ligne.","robots":{"index":"index","follow":"follow","max-snippet":"max-snippet:-1","max-image-preview":"max-image-preview:large","max-video-preview":"max-video-preview:-1"},"canonical":"https:\/\/www.radiologie-dr-jung.de\/fr\/voir-les-images-mrt\/","og_locale":"fr_FR","og_type":"article","og_title":"MRT-Bilder ansehen \u1405 Radiologie Frankfurt, Dr. Jung","og_description":"MRT-Bilder ansehen \u2713 Nach der Untersuchung in unserer Praxis in Frankfurt k\u00f6nnen Sie Ihre MRT-Bilder online abrufen.","og_url":"https:\/\/www.radiologie-dr-jung.de\/fr\/voir-les-images-mrt\/","og_site_name":"Dr. Catarina Jung","article_modified_time":"2026-02-20T16:07:20+00:00","og_image":[{"width":1000,"height":800,"url":"https:\/\/www.radiologie-dr-jung.de\/wp-content\/uploads\/2025\/12\/0214_Website-Aerztin_02a.jpg","type":"image\/jpeg"}],"twitter_card":"summary_large_image","twitter_misc":{"Dur\u00e9e de lecture estim\u00e9e":"3 minutes"},"schema":{"@context":"https:\/\/schema.org","@graph":[{"@type":"WebPage","@id":"https:\/\/www.radiologie-dr-jung.de\/mrt-bilder-ansehen\/","url":"https:\/\/www.radiologie-dr-jung.de\/mrt-bilder-ansehen\/","name":"Voir les images IRM \u1405 Radiologie Frankfurt, Dr. Jung","isPartOf":{"@id":"https:\/\/www.radiologie-dr-jung.de\/#website"},"primaryImageOfPage":{"@id":"https:\/\/www.radiologie-dr-jung.de\/mrt-bilder-ansehen\/#primaryimage"},"image":{"@id":"https:\/\/www.radiologie-dr-jung.de\/mrt-bilder-ansehen\/#primaryimage"},"thumbnailUrl":"https:\/\/www.radiologie-dr-jung.de\/wp-content\/uploads\/2025\/12\/0214_Website-Aerztin_02a.jpg","datePublished":"2025-10-31T09:45:06+00:00","dateModified":"2026-02-20T16:07:20+00:00","description":"Consulter les images IRM \u2713 Apr\u00e8s l'examen dans notre cabinet \u00e0 Francfort, vous pouvez consulter vos images IRM en ligne.","breadcrumb":{"@id":"https:\/\/www.radiologie-dr-jung.de\/mrt-bilder-ansehen\/#breadcrumb"},"inLanguage":"fr-FR","potentialAction":[{"@type":"ReadAction","target":["https:\/\/www.radiologie-dr-jung.de\/mrt-bilder-ansehen\/"]}]},{"@type":"ImageObject","inLanguage":"fr-FR","@id":"https:\/\/www.radiologie-dr-jung.de\/mrt-bilder-ansehen\/#primaryimage","url":"https:\/\/www.radiologie-dr-jung.de\/wp-content\/uploads\/2025\/12\/0214_Website-Aerztin_02a.jpg","contentUrl":"https:\/\/www.radiologie-dr-jung.de\/wp-content\/uploads\/2025\/12\/0214_Website-Aerztin_02a.jpg","width":1000,"height":800,"caption":"MRT in Frankfurt"},{"@type":"BreadcrumbList","@id":"https:\/\/www.radiologie-dr-jung.de\/mrt-bilder-ansehen\/#breadcrumb","itemListElement":[{"@type":"ListItem","position":1,"name":"Startseite","item":"https:\/\/www.radiologie-dr-jung.de\/"},{"@type":"ListItem","position":2,"name":"Ihre MRT-Bilder"}]},{"@type":"WebSite","@id":"https:\/\/www.radiologie-dr-jung.de\/#website","url":"https:\/\/www.radiologie-dr-jung.de\/","name":"Dr. Catarina Jung","description":"Sp\u00e9cialiste en radiologie diagnostique","potentialAction":[{"@type":"SearchAction","target":{"@type":"EntryPoint","urlTemplate":"https:\/\/www.radiologie-dr-jung.de\/?s={search_term_string}"},"query-input":{"@type":"PropertyValueSpecification","valueRequired":true,"valueName":"search_term_string"}}],"inLanguage":"fr-FR"}]}},"_links":{"self":[{"href":"https:\/\/www.radiologie-dr-jung.de\/fr\/wp-json\/wp\/v2\/pages\/1397","targetHints":{"allow":["GET"]}}],"collection":[{"href":"https:\/\/www.radiologie-dr-jung.de\/fr\/wp-json\/wp\/v2\/pages"}],"about":[{"href":"https:\/\/www.radiologie-dr-jung.de\/fr\/wp-json\/wp\/v2\/types\/page"}],"author":[{"embeddable":true,"href":"https:\/\/www.radiologie-dr-jung.de\/fr\/wp-json\/wp\/v2\/users\/2"}],"replies":[{"embeddable":true,"href":"https:\/\/www.radiologie-dr-jung.de\/fr\/wp-json\/wp\/v2\/comments?post=1397"}],"version-history":[{"count":17,"href":"https:\/\/www.radiologie-dr-jung.de\/fr\/wp-json\/wp\/v2\/pages\/1397\/revisions"}],"predecessor-version":[{"id":2275,"href":"https:\/\/www.radiologie-dr-jung.de\/fr\/wp-json\/wp\/v2\/pages\/1397\/revisions\/2275"}],"wp:featuredmedia":[{"embeddable":true,"href":"https:\/\/www.radiologie-dr-jung.de\/fr\/wp-json\/wp\/v2\/media\/1752"}],"wp:attachment":[{"href":"https:\/\/www.radiologie-dr-jung.de\/fr\/wp-json\/wp\/v2\/media?parent=1397"}],"curies":[{"name":"wp","href":"https:\/\/api.w.org\/{rel}","templated":true}]}}