{"id":1373,"date":"2025-10-31T09:51:33","date_gmt":"2025-10-31T08:51:33","guid":{"rendered":"https:\/\/www.radiologie-dr-jung.de\/?page_id=1373"},"modified":"2026-02-20T16:27:35","modified_gmt":"2026-02-20T15:27:35","slug":"mrt-enfants-francfort","status":"publish","type":"page","link":"https:\/\/www.radiologie-dr-jung.de\/fr\/mrt-kinder-frankfurt\/","title":{"rendered":"IRM enfants"},"content":{"rendered":"<section class=\"l-section wpb_row height_small\"><div class=\"l-section-h i-cf\"><div class=\"g-cols vc_row via_grid cols_2 laptops-cols_inherit tablets-cols_inherit mobiles-cols_1 valign_top type_default stacking_default\" style=\"--columns-gap:0rem;\"><div class=\"wpb_column vc_column_container\"><div class=\"vc_column-inner\"><div class=\"wpb_text_column us_custom_7d39fe36 us_animate_this\"><div class=\"wpb_wrapper\"><h1>IRM enfants<\/h1>\n<h6>En de bonnes mains avec la radiologue Dr Catarina Jung<\/h6>\n<\/div><\/div><div class=\"w-separator size_custom\" style=\"height:2rem\"><\/div><div class=\"wpb_text_column us_custom_5d8e9ec2 us_animate_this\"><div class=\"wpb_wrapper\"><p>Lorsqu'un enfant doit passer un examen d'imagerie par r\u00e9sonance magn\u00e9tique (IRM), c'est souvent une exp\u00e9rience inhabituelle pour les parents et l'enfant. Les images de l'int\u00e9rieur du corps aident \u00e0 trouver les bons diagnostics et donc \u00e0 assurer un traitement optimal d'une \u00e9ventuelle maladie ou blessure.<\/p>\n<p>Examens avec des techniques d'imagerie comme la <a href=\"https:\/\/www.radiologie-dr-jung.de\/fr\/mrt-frankfurt\/\">IRM<\/a> sont li\u00e9es \u00e0 la technique et aux grands appareils. Ils suscitent chez les enfants les r\u00e9actions les plus diverses, de la curiosit\u00e9 \u00e0 l'incertitude et \u00e0 la peur.<\/p>\n<\/div><\/div><div class=\"w-separator size_custom\" style=\"height:1.5rem\"><\/div><\/div><\/div><div class=\"wpb_column vc_column_container us_custom_e21e87b0\"><div class=\"vc_column-inner\"><div class=\"w-separator size_custom\" style=\"height:0rem\" id=\"j9f3\"><style>@media(max-width:1024px){ #j9f3{height:2rem!important}}@media(max-width:600px){ #j9f3{height:2rem!important}}<\/style><\/div><div class=\"w-image us_custom_42853d8b us_animate_this align_none\"><div class=\"w-image-h\"><img decoding=\"async\" width=\"1000\" height=\"800\" src=\"https:\/\/www.radiologie-dr-jung.de\/wp-content\/uploads\/2025\/12\/0214_MRT-Kinder_02.jpg\" class=\"attachment-full size-full\" alt=\"IRM enfants Francfort\" loading=\"lazy\" srcset=\"https:\/\/www.radiologie-dr-jung.de\/wp-content\/uploads\/2025\/12\/0214_MRT-Kinder_02.jpg 1000w, https:\/\/www.radiologie-dr-jung.de\/wp-content\/uploads\/2025\/12\/0214_MRT-Kinder_02-300x240.jpg 300w, https:\/\/www.radiologie-dr-jung.de\/wp-content\/uploads\/2025\/12\/0214_MRT-Kinder_02-50x40.jpg 50w, https:\/\/www.radiologie-dr-jung.de\/wp-content\/uploads\/2025\/12\/0214_MRT-Kinder_02-70x56.jpg 70w\" sizes=\"auto, (max-width: 1000px) 100vw, 1000px\" \/><\/div><\/div><\/div><\/div><\/div><\/div><\/section><section class=\"l-section wpb_row height_small\"><div class=\"l-section-h i-cf\"><div class=\"g-cols vc_row via_grid cols_2 laptops-cols_inherit tablets-cols_inherit mobiles-cols_1 valign_top type_default reversed stacking_default\" style=\"--columns-gap:0rem;\"><div class=\"wpb_column vc_column_container us_custom_633a3c77 type_sticky\"><div class=\"vc_column-inner\"><div class=\"w-image us_custom_fe2fdf6a us_animate_this align_none\"><div class=\"w-image-h\"><img decoding=\"async\" width=\"800\" height=\"1000\" src=\"https:\/\/www.radiologie-dr-jung.de\/wp-content\/uploads\/2025\/12\/0214_MRT-Kinder_03.jpg\" class=\"attachment-full size-full\" alt=\"IRM enfants Francfort\" loading=\"lazy\" srcset=\"https:\/\/www.radiologie-dr-jung.de\/wp-content\/uploads\/2025\/12\/0214_MRT-Kinder_03.jpg 800w, https:\/\/www.radiologie-dr-jung.de\/wp-content\/uploads\/2025\/12\/0214_MRT-Kinder_03-240x300.jpg 240w, https:\/\/www.radiologie-dr-jung.de\/wp-content\/uploads\/2025\/12\/0214_MRT-Kinder_03-40x50.jpg 40w, https:\/\/www.radiologie-dr-jung.de\/wp-content\/uploads\/2025\/12\/0214_MRT-Kinder_03-56x70.jpg 56w\" sizes=\"auto, (max-width: 800px) 100vw, 800px\" \/><\/div><\/div><div class=\"w-separator hide_on_default hide_on_laptops hide_on_tablets size_custom\" style=\"height:0\" id=\"w990\"><style>@media(max-width:1024px){ #w990{height:0rem!important}}@media(max-width:600px){ #w990{height:0rem!important}}<\/style><\/div><\/div><\/div><div class=\"wpb_column vc_column_container\"><div class=\"vc_column-inner\"><div class=\"wpb_text_column us_custom_5d8e9ec2 us_animate_this\"><div class=\"wpb_wrapper\"><h4>Cabinet priv\u00e9 de radiologie Dr. med. Catarina Jung<\/h4>\n<p>Si vous \u00eates \u00e0 la recherche d'une <a href=\"https:\/\/www.radiologie-dr-jung.de\/fr\/radiologie-frankfurt\/\">cabinet de radiologie<\/a> qui s'y conna\u00eet particuli\u00e8rement bien en mati\u00e8re d'examens IRM chez les enfants, vous \u00eates \u00e0 la bonne adresse chez le Dr. med. Catarina Jung. <a href=\"https:\/\/www.radiologie-dr-jung.de\/fr\/\">Cabinet priv\u00e9 de radiologie \u00e0 Francfort<\/a> juste \u00e0 temps, car<\/p>\n<ul>\n<li>Nous motivons votre enfant pour l'examen en lui disant que l'on regarde son corps de l'ext\u00e9rieur - sans que cela fasse mal - pour savoir pourquoi il ne va pas bien et que, de cette mani\u00e8re, le m\u00e9decin pourra mieux l'aider.<\/li>\n<li>Il s'agit d'un examen sans risque qui peut \u00eatre interrompu si n\u00e9cessaire.<\/li>\n<li>Dans notre cabinet, les examens IRM sont \u00e9galement r\u00e9alis\u00e9s sans s\u00e9dation chez les jeunes enfants \u00e0 partir de 4 ans environ.<\/li>\n<li>Notre \u00e9quipe est sp\u00e9cialis\u00e9e dans les enfants. Aussi bien <a href=\"https:\/\/www.radiologie-dr-jung.de\/fr\/radiologue-frankfurt\/\">Dr. Catarina Jung<\/a> et l'ensemble de l'\u00e9quipe sont tr\u00e8s accueillants pour les enfants, empathiques, et font d\u00e9couvrir les examens aux enfants de mani\u00e8re ludique.<\/li>\n<li>L'utilisation de l'IRM est indolore et convient particuli\u00e8rement aux enfants en raison de l'absence d'exposition aux radiations.<\/li>\n<\/ul>\n<h4>La radioprotection chez les enfants et les adolescents<\/h4>\n<p>La radioprotection joue un r\u00f4le particulier chez les enfants et les adolescents, car ils sont encore en pleine croissance : leurs cellules corporelles se divisent plus souvent et sont plus sensibles aux rayons X que les cellules corporelles adultes.<\/p>\n<h4>D\u00e9roulement organisationnel<\/h4>\n<ul>\n<li><a href=\"https:\/\/www.radiologie-dr-jung.de\/fr\/mrt-frankfurt-reservation-de-rendez-vous-en-ligne\/\">Dates des examens<\/a> peuvent \u00eatre convenus \u00e0 court terme par t\u00e9l\u00e9phone. Vous pouvez \u00e9galement r\u00e9server en ligne 24 heures sur 24 la date et l'heure qui vous conviennent le mieux pour venir chez nous avec votre enfant.<\/li>\n<li>Les temps d'attente sont \u00e9vit\u00e9s dans le cabinet gr\u00e2ce \u00e0 une organisation optimale.<\/li>\n<li>Dans la salle d'attente, il y a un livre pour enfants qui explique tout ce qu'il faut savoir sur les examens IRM avec des images et un texte simple pour les enfants.<\/li>\n<li>Les parents sont impliqu\u00e9s dans le d\u00e9roulement de l'examen et peuvent rester avec leur enfant dans la salle d'examen pendant toute la dur\u00e9e de l'IRM.<\/li>\n<li>L'enfant peut avoir un animal en peluche avec lui pendant l'examen et \u00e9couter de la musique pour enfants ou des histoires au moyen d'un casque.<\/li>\n<li>Une fois l'examen IRM termin\u00e9, l'enfant est r\u00e9compens\u00e9 par un certificat de bravoure.<\/li>\n<\/ul>\n<\/div><\/div><div class=\"w-separator hide_on_default hide_on_laptops hide_on_tablets size_custom\" style=\"height:0\" id=\"ncc3\"><style>@media(max-width:1024px){ #ncc3{height:2rem!important}}@media(max-width:600px){ #ncc3{height:4rem!important}}<\/style><\/div><\/div><\/div><\/div><\/div><\/section><section class=\"l-section wpb_row height_small\"><div class=\"l-section-h i-cf\"><div class=\"g-cols vc_row via_grid cols_2 laptops-cols_inherit tablets-cols_inherit mobiles-cols_1 valign_top type_default stacking_default\" style=\"--columns-gap:0rem;\"><div class=\"wpb_column vc_column_container\"><div class=\"vc_column-inner\"><div class=\"wpb_text_column us_custom_96f8c16e us_animate_this\"><div class=\"wpb_wrapper\"><h4>Comment se d\u00e9roule l'examen IRM ?<\/h4>\n<p>Tout d'abord, tous les objets m\u00e9talliques tels que les montres, les bijoux, les barrettes \u00e0 cheveux ou les t\u00e9l\u00e9phones portables doivent \u00eatre retir\u00e9s. Il est possible d'emporter un animal en peluche ou une poup\u00e9e, \u00e0 condition qu'ils ne contiennent pas de m\u00e9tal. Les v\u00eatements confortables sans pi\u00e8ces m\u00e9talliques, comme les fermetures \u00e9clair, peuvent \u00eatre conserv\u00e9s.<\/p>\n<p>L'examen dure environ 20 minutes, pendant lesquelles on est allong\u00e9 sur une table qui, en fonction de la r\u00e9gion examin\u00e9e, est amen\u00e9e plus ou moins loin dans un tube ouvert. Au cours de l'examen, de forts bruits de coups sont \u00e9mis. Pour \u00e9viter que ces bruits ne soient trop g\u00eanants, les jeunes patients re\u00e7oivent des bouchons d'oreille ou des \u00e9couteurs qui leur permettent d'\u00e9couter de la musique, des chansons ou leurs histoires pr\u00e9f\u00e9r\u00e9es.<\/p>\n<p>Imm\u00e9diatement apr\u00e8s l'examen, les images de l'IRM sont montr\u00e9es sur un grand \u00e9cran dans le cabinet m\u00e9dical du Dr Catarina Jung et le r\u00e9sultat est expliqu\u00e9 en d\u00e9tail. Les questions en suspens sont trait\u00e9es avec l'enfant et ses parents. Un certificat de bravoure d\u00e9livr\u00e9 personnellement r\u00e9compense l'enfant \u00e0 la fin de l'examen. Les images de l'examen sont remises sous la forme d'un CD et d'un code QR suppl\u00e9mentaire permettant de voir les images en ligne sur Internet.<\/p>\n<h4>Comment fonctionne une IRM ?<\/h4>\n<p>Pour comprendre le fonctionnement de l'IRM, faisons un petit tour dans le monde des atomes. Toutes les substances pr\u00e9sentes dans l'environnement, y compris le corps humain, sont compos\u00e9es d'atomes. Ce sont de minuscules particules invisibles \u00e0 l'\u0153il nu, m\u00eame au microscope, compos\u00e9es d'une enveloppe ext\u00e9rieure et d'un noyau.<\/p>\n<p>Les tissus et les organes du corps sont principalement constitu\u00e9s d'eau, elle-m\u00eame compos\u00e9e d'atomes d'hydrog\u00e8ne. Les noyaux des atomes d'hydrog\u00e8ne jouent un r\u00f4le d\u00e9cisif dans l'IRM, ils se comportent en effet comme des mini-aimants dans le corps.<\/p>\n<p>D\u00e8s que le patient est allong\u00e9 dans le tube de l'IRM, ces mini-aimants s'organisent dans les tissus dans le champ magn\u00e9tique de l'IRM. C'est alors que les ondes radio entrent en jeu. Elles sont dirig\u00e9es de l'ext\u00e9rieur vers la r\u00e9gion examin\u00e9e et d\u00e9tournent les noyaux atomiques de la position qu'ils ont adopt\u00e9e peu de temps auparavant. Lorsque les ondes radio sont d\u00e9sactiv\u00e9es, les noyaux atomiques reviennent imm\u00e9diatement \u00e0 leur position initiale dans le champ magn\u00e9tique. Ils \u00e9mettent alors des signaux qui peuvent \u00eatre mesur\u00e9s \u00e0 l'aide d'antennes ultrasensibles.<\/p>\n<p>Un ordinateur calcule des chiffres \u00e0 partir de ces signaux, qui sont ensuite convertis en diff\u00e9rentes nuances de gris sur l'image. Les tissus malades ou bless\u00e9s apparaissent alors dans une autre nuance de gris que les tissus sains. Lors de l'examen du genou, on obtient ainsi au total 100 \u00e0 200 images en coupe tr\u00e8s fines dans diff\u00e9rents plans, sans que le patient doive changer de position.<\/p>\n<p>L'examen IRM est une m\u00e9thode de diagnostic tr\u00e8s pr\u00e9cieuse, particuli\u00e8rement adapt\u00e9e aux enfants et aux adolescents. Elle permet de d\u00e9celer de nombreuses blessures ou maladies \u00e0 un stade pr\u00e9coce. La premi\u00e8re pierre du succ\u00e8s du traitement est ainsi pos\u00e9e.<\/p>\n<h4>Examen IRM pour enfants : prendre rendez-vous maintenant<\/h4>\n<p>Si vous avez encore des questions ou des doutes avant votre examen IRM, n'h\u00e9sitez pas \u00e0 nous envoyer un message ou \u00e0 nous demander personnellement. Convenez maintenant de votre rendez-vous <a href=\"https:\/\/www.radiologie-dr-jung.de\/fr\/mrt-frankfurt-reservation-de-rendez-vous-en-ligne\/\">Rendez-vous<\/a> dans le cabinet de radiologie <a href=\"https:\/\/www.radiologie-dr-jung.de\/fr\/radiologue-frankfurt\/\">Dr. med. Catarina Jung<\/a>!<\/p>\n<\/div><\/div><\/div><\/div><div class=\"wpb_column vc_column_container us_custom_af54450f type_sticky\"><div class=\"vc_column-inner\"><div class=\"w-separator size_custom\" style=\"height:0rem\" id=\"u415\"><style>@media(max-width:1024px){ #u415{height:2rem!important}}@media(max-width:600px){ #u415{height:4rem!important}}<\/style><\/div><div class=\"w-image us_custom_7cfef53e us_animate_this align_none\"><div class=\"w-image-h\"><img decoding=\"async\" width=\"800\" height=\"1000\" src=\"https:\/\/www.radiologie-dr-jung.de\/wp-content\/uploads\/2025\/12\/0214_MRT-Kinder_01.jpg\" class=\"attachment-full size-full\" alt=\"IRM enfants Francfort\" loading=\"lazy\" srcset=\"https:\/\/www.radiologie-dr-jung.de\/wp-content\/uploads\/2025\/12\/0214_MRT-Kinder_01.jpg 800w, https:\/\/www.radiologie-dr-jung.de\/wp-content\/uploads\/2025\/12\/0214_MRT-Kinder_01-240x300.jpg 240w, https:\/\/www.radiologie-dr-jung.de\/wp-content\/uploads\/2025\/12\/0214_MRT-Kinder_01-40x50.jpg 40w, https:\/\/www.radiologie-dr-jung.de\/wp-content\/uploads\/2025\/12\/0214_MRT-Kinder_01-56x70.jpg 56w\" sizes=\"auto, (max-width: 800px) 100vw, 800px\" \/><\/div><\/div><div class=\"w-separator size_custom\" style=\"height:4rem\" id=\"d888\"><style>@media(max-width:1024px){ #d888{height:2rem!important}}@media(max-width:600px){ #d888{height:2rem!important}}<\/style><\/div><\/div><\/div><\/div><\/div><\/section>","protected":false},"excerpt":{"rendered":"IRM enfants En de bonnes mains avec la radiologue Dr Catarina Jung Lorsqu'un enfant doit passer une imagerie par r\u00e9sonance magn\u00e9tique (IRM), c'est souvent une exp\u00e9rience inhabituelle pour les parents et l'enfant. Les images de l'int\u00e9rieur du corps aident \u00e0 trouver les bons diagnostics et donc \u00e0 assurer un traitement optimal d'une \u00e9ventuelle maladie ou blessure. Les examens par imagerie m\u00e9dicale.","protected":false},"author":2,"featured_media":1757,"parent":0,"menu_order":0,"comment_status":"closed","ping_status":"closed","template":"","meta":{"footnotes":""},"class_list":["post-1373","page","type-page","status-publish","has-post-thumbnail","hentry"],"yoast_head":"<!-- This site is optimized with the Yoast SEO plugin v27.3 - https:\/\/yoast.com\/product\/yoast-seo-wordpress\/ -->\n<title>MRT Kinder \u1405 Dr. Catarina Jung in Frankfurt<\/title>\n<meta name=\"description\" content=\"MRT Kinder \u2713 In unserer Praxis in Frankfurt begr\u00fc\u00dfen wir oft kleine Patienten. Sie erhalten nach der Untersuchung eine Tapferkeitsurkunde.\" \/>\n<meta name=\"robots\" content=\"index, follow, max-snippet:-1, max-image-preview:large, max-video-preview:-1\" \/>\n<link rel=\"canonical\" href=\"https:\/\/www.radiologie-dr-jung.de\/fr\/mrt-enfants-francfort\/\" \/>\n<meta property=\"og:locale\" content=\"fr_FR\" \/>\n<meta property=\"og:type\" content=\"article\" \/>\n<meta property=\"og:title\" content=\"MRT Kinder \u1405 Dr. Catarina Jung in Frankfurt\" \/>\n<meta property=\"og:description\" content=\"MRT Kinder \u2713 In unserer Praxis in Frankfurt begr\u00fc\u00dfen wir oft kleine Patienten. Sie erhalten nach der Untersuchung eine Tapferkeitsurkunde.\" \/>\n<meta property=\"og:url\" content=\"https:\/\/www.radiologie-dr-jung.de\/fr\/mrt-enfants-francfort\/\" \/>\n<meta property=\"og:site_name\" content=\"Dr. Catarina Jung\" \/>\n<meta property=\"article:modified_time\" content=\"2026-02-20T15:27:35+00:00\" \/>\n<meta property=\"og:image\" content=\"https:\/\/www.radiologie-dr-jung.de\/wp-content\/uploads\/2025\/12\/0214_MRT-Kinder_02.jpg\" \/>\n\t<meta property=\"og:image:width\" content=\"1000\" \/>\n\t<meta property=\"og:image:height\" content=\"800\" \/>\n\t<meta property=\"og:image:type\" content=\"image\/jpeg\" \/>\n<meta name=\"twitter:card\" content=\"summary_large_image\" \/>\n<meta name=\"twitter:label1\" content=\"Dur\u00e9e de lecture estim\u00e9e\" \/>\n\t<meta name=\"twitter:data1\" content=\"6 minutes\" \/>\n<script type=\"application\/ld+json\" class=\"yoast-schema-graph\">{\"@context\":\"https:\\\/\\\/schema.org\",\"@graph\":[{\"@type\":\"WebPage\",\"@id\":\"https:\\\/\\\/www.radiologie-dr-jung.de\\\/mrt-kinder-frankfurt\\\/\",\"url\":\"https:\\\/\\\/www.radiologie-dr-jung.de\\\/mrt-kinder-frankfurt\\\/\",\"name\":\"MRT Kinder \u1405 Dr. Catarina Jung in Frankfurt\",\"isPartOf\":{\"@id\":\"https:\\\/\\\/www.radiologie-dr-jung.de\\\/#website\"},\"primaryImageOfPage\":{\"@id\":\"https:\\\/\\\/www.radiologie-dr-jung.de\\\/mrt-kinder-frankfurt\\\/#primaryimage\"},\"image\":{\"@id\":\"https:\\\/\\\/www.radiologie-dr-jung.de\\\/mrt-kinder-frankfurt\\\/#primaryimage\"},\"thumbnailUrl\":\"https:\\\/\\\/www.radiologie-dr-jung.de\\\/wp-content\\\/uploads\\\/2025\\\/12\\\/0214_MRT-Kinder_02.jpg\",\"datePublished\":\"2025-10-31T08:51:33+00:00\",\"dateModified\":\"2026-02-20T15:27:35+00:00\",\"description\":\"MRT Kinder \u2713 In unserer Praxis in Frankfurt begr\u00fc\u00dfen wir oft kleine Patienten. Sie erhalten nach der Untersuchung eine Tapferkeitsurkunde.\",\"breadcrumb\":{\"@id\":\"https:\\\/\\\/www.radiologie-dr-jung.de\\\/mrt-kinder-frankfurt\\\/#breadcrumb\"},\"inLanguage\":\"fr-FR\",\"potentialAction\":[{\"@type\":\"ReadAction\",\"target\":[\"https:\\\/\\\/www.radiologie-dr-jung.de\\\/mrt-kinder-frankfurt\\\/\"]}]},{\"@type\":\"ImageObject\",\"inLanguage\":\"fr-FR\",\"@id\":\"https:\\\/\\\/www.radiologie-dr-jung.de\\\/mrt-kinder-frankfurt\\\/#primaryimage\",\"url\":\"https:\\\/\\\/www.radiologie-dr-jung.de\\\/wp-content\\\/uploads\\\/2025\\\/12\\\/0214_MRT-Kinder_02.jpg\",\"contentUrl\":\"https:\\\/\\\/www.radiologie-dr-jung.de\\\/wp-content\\\/uploads\\\/2025\\\/12\\\/0214_MRT-Kinder_02.jpg\",\"width\":1000,\"height\":800,\"caption\":\"MRT Kinder Frankfurt\"},{\"@type\":\"BreadcrumbList\",\"@id\":\"https:\\\/\\\/www.radiologie-dr-jung.de\\\/mrt-kinder-frankfurt\\\/#breadcrumb\",\"itemListElement\":[{\"@type\":\"ListItem\",\"position\":1,\"name\":\"Startseite\",\"item\":\"https:\\\/\\\/www.radiologie-dr-jung.de\\\/\"},{\"@type\":\"ListItem\",\"position\":2,\"name\":\"MRT Kinder\"}]},{\"@type\":\"WebSite\",\"@id\":\"https:\\\/\\\/www.radiologie-dr-jung.de\\\/#website\",\"url\":\"https:\\\/\\\/www.radiologie-dr-jung.de\\\/\",\"name\":\"Dr. Catarina Jung\",\"description\":\"Fach\u00e4rztin f\u00fcr Diagnostische Radiologie\",\"potentialAction\":[{\"@type\":\"SearchAction\",\"target\":{\"@type\":\"EntryPoint\",\"urlTemplate\":\"https:\\\/\\\/www.radiologie-dr-jung.de\\\/?s={search_term_string}\"},\"query-input\":{\"@type\":\"PropertyValueSpecification\",\"valueRequired\":true,\"valueName\":\"search_term_string\"}}],\"inLanguage\":\"fr-FR\"}]}<\/script>\n<!-- \/ Yoast SEO plugin. -->","yoast_head_json":{"title":"IRM enfants \u1405 Dr. Catarina Jung \u00e0 Francfort","description":"IRM enfants \u2713 Dans notre cabinet de Francfort, nous accueillons souvent de petits patients. Ils re\u00e7oivent un certificat de bravoure apr\u00e8s l'examen.","robots":{"index":"index","follow":"follow","max-snippet":"max-snippet:-1","max-image-preview":"max-image-preview:large","max-video-preview":"max-video-preview:-1"},"canonical":"https:\/\/www.radiologie-dr-jung.de\/fr\/mrt-enfants-francfort\/","og_locale":"fr_FR","og_type":"article","og_title":"MRT Kinder \u1405 Dr. Catarina Jung in Frankfurt","og_description":"MRT Kinder \u2713 In unserer Praxis in Frankfurt begr\u00fc\u00dfen wir oft kleine Patienten. Sie erhalten nach der Untersuchung eine Tapferkeitsurkunde.","og_url":"https:\/\/www.radiologie-dr-jung.de\/fr\/mrt-enfants-francfort\/","og_site_name":"Dr. Catarina Jung","article_modified_time":"2026-02-20T15:27:35+00:00","og_image":[{"width":1000,"height":800,"url":"https:\/\/www.radiologie-dr-jung.de\/wp-content\/uploads\/2025\/12\/0214_MRT-Kinder_02.jpg","type":"image\/jpeg"}],"twitter_card":"summary_large_image","twitter_misc":{"Dur\u00e9e de lecture estim\u00e9e":"6 minutes"},"schema":{"@context":"https:\/\/schema.org","@graph":[{"@type":"WebPage","@id":"https:\/\/www.radiologie-dr-jung.de\/mrt-kinder-frankfurt\/","url":"https:\/\/www.radiologie-dr-jung.de\/mrt-kinder-frankfurt\/","name":"IRM enfants \u1405 Dr. Catarina Jung \u00e0 Francfort","isPartOf":{"@id":"https:\/\/www.radiologie-dr-jung.de\/#website"},"primaryImageOfPage":{"@id":"https:\/\/www.radiologie-dr-jung.de\/mrt-kinder-frankfurt\/#primaryimage"},"image":{"@id":"https:\/\/www.radiologie-dr-jung.de\/mrt-kinder-frankfurt\/#primaryimage"},"thumbnailUrl":"https:\/\/www.radiologie-dr-jung.de\/wp-content\/uploads\/2025\/12\/0214_MRT-Kinder_02.jpg","datePublished":"2025-10-31T08:51:33+00:00","dateModified":"2026-02-20T15:27:35+00:00","description":"IRM enfants \u2713 Dans notre cabinet de Francfort, nous accueillons souvent de petits patients. Ils re\u00e7oivent un certificat de bravoure apr\u00e8s l'examen.","breadcrumb":{"@id":"https:\/\/www.radiologie-dr-jung.de\/mrt-kinder-frankfurt\/#breadcrumb"},"inLanguage":"fr-FR","potentialAction":[{"@type":"ReadAction","target":["https:\/\/www.radiologie-dr-jung.de\/mrt-kinder-frankfurt\/"]}]},{"@type":"ImageObject","inLanguage":"fr-FR","@id":"https:\/\/www.radiologie-dr-jung.de\/mrt-kinder-frankfurt\/#primaryimage","url":"https:\/\/www.radiologie-dr-jung.de\/wp-content\/uploads\/2025\/12\/0214_MRT-Kinder_02.jpg","contentUrl":"https:\/\/www.radiologie-dr-jung.de\/wp-content\/uploads\/2025\/12\/0214_MRT-Kinder_02.jpg","width":1000,"height":800,"caption":"MRT Kinder Frankfurt"},{"@type":"BreadcrumbList","@id":"https:\/\/www.radiologie-dr-jung.de\/mrt-kinder-frankfurt\/#breadcrumb","itemListElement":[{"@type":"ListItem","position":1,"name":"Startseite","item":"https:\/\/www.radiologie-dr-jung.de\/"},{"@type":"ListItem","position":2,"name":"MRT Kinder"}]},{"@type":"WebSite","@id":"https:\/\/www.radiologie-dr-jung.de\/#website","url":"https:\/\/www.radiologie-dr-jung.de\/","name":"Dr. Catarina Jung","description":"Sp\u00e9cialiste en radiologie diagnostique","potentialAction":[{"@type":"SearchAction","target":{"@type":"EntryPoint","urlTemplate":"https:\/\/www.radiologie-dr-jung.de\/?s={search_term_string}"},"query-input":{"@type":"PropertyValueSpecification","valueRequired":true,"valueName":"search_term_string"}}],"inLanguage":"fr-FR"}]}},"_links":{"self":[{"href":"https:\/\/www.radiologie-dr-jung.de\/fr\/wp-json\/wp\/v2\/pages\/1373","targetHints":{"allow":["GET"]}}],"collection":[{"href":"https:\/\/www.radiologie-dr-jung.de\/fr\/wp-json\/wp\/v2\/pages"}],"about":[{"href":"https:\/\/www.radiologie-dr-jung.de\/fr\/wp-json\/wp\/v2\/types\/page"}],"author":[{"embeddable":true,"href":"https:\/\/www.radiologie-dr-jung.de\/fr\/wp-json\/wp\/v2\/users\/2"}],"replies":[{"embeddable":true,"href":"https:\/\/www.radiologie-dr-jung.de\/fr\/wp-json\/wp\/v2\/comments?post=1373"}],"version-history":[{"count":21,"href":"https:\/\/www.radiologie-dr-jung.de\/fr\/wp-json\/wp\/v2\/pages\/1373\/revisions"}],"predecessor-version":[{"id":2265,"href":"https:\/\/www.radiologie-dr-jung.de\/fr\/wp-json\/wp\/v2\/pages\/1373\/revisions\/2265"}],"wp:featuredmedia":[{"embeddable":true,"href":"https:\/\/www.radiologie-dr-jung.de\/fr\/wp-json\/wp\/v2\/media\/1757"}],"wp:attachment":[{"href":"https:\/\/www.radiologie-dr-jung.de\/fr\/wp-json\/wp\/v2\/media?parent=1373"}],"curies":[{"name":"wp","href":"https:\/\/api.w.org\/{rel}","templated":true}]}}