{"id":1361,"date":"2025-10-30T15:27:07","date_gmt":"2025-10-30T14:27:07","guid":{"rendered":"https:\/\/www.radiologie-dr-jung.de\/?page_id=1361"},"modified":"2026-02-25T14:35:04","modified_gmt":"2026-02-25T13:35:04","slug":"mentions-legales","status":"publish","type":"page","link":"https:\/\/www.radiologie-dr-jung.de\/fr\/impressum\/","title":{"rendered":"Mentions l\u00e9gales"},"content":{"rendered":"<section class=\"l-section wpb_row height_small\"><div class=\"l-section-h i-cf\"><div class=\"g-cols vc_row via_grid cols_1 laptops-cols_inherit tablets-cols_inherit mobiles-cols_1 valign_top type_default stacking_default\"><div class=\"wpb_column vc_column_container\"><div class=\"vc_column-inner\"><div class=\"wpb_text_column us_custom_59ffc91f us_animate_this\"><div class=\"wpb_wrapper\"><h1>Mentions l\u00e9gales<\/h1>\n<h6>Cabinet priv\u00e9 de radiologie Dr. med. Catarina Jung<\/h6>\n<p>Les contenus de ce site web sont \u00e9labor\u00e9s avec le plus grand soin. Le fournisseur n'assume toutefois aucune garantie quant \u00e0 l'exactitude, l'exhaustivit\u00e9 et l'actualit\u00e9 des contenus mis \u00e0 disposition. L'utilisation des contenus du site web se fait aux risques et p\u00e9rils de l'utilisateur.<\/p>\n<\/div><\/div><div class=\"w-separator size_large\"><\/div><div class=\"w-separator size_custom\" style=\"height:0\" id=\"la27\"><style>@media(max-width:1024px){ #la27{height:2rem!important}}@media(max-width:600px){ #la27{height:2rem!important}}<\/style><\/div><div class=\"wpb_text_column us_custom_c9c3218d us_animate_this\"><div class=\"wpb_wrapper\"><h4>Cabinet priv\u00e9 de radiologie<\/h4>\n<p>Dr. med. Catarina Jung<br \/>\nCentre de diagnostic Beyond Imaging<br \/>\nBockenheimer Landstra\u00dfe 23<br \/>\n60325 Francfort-sur-le-Main<\/p>\n<h4>Contact<\/h4>\n<p>T\u00e9l\u00e9phone : (069) 677 016 350<br \/>\nT\u00e9l\u00e9copieur : (069) 677 016 399<br \/>\nCourrier \u00e9lectronique : <a href=\"mailto:info@radiologie-dr-jung.de\">info@radiologie-dr-jung.de<\/a><\/p>\n<h4>Num\u00e9ro d'identification fiscale<\/h4>\n<p>00383262159<\/p>\n<h4>Autorit\u00e9 de surveillance comp\u00e9tente<\/h4>\n<p>Chambre des m\u00e9decins du Land de Hesse<br \/>\n152, rue Hanauer Landstra\u00dfe<br \/>\n60314 Francfort<br \/>\n<a href=\"http:\/\/www.laekh.de\/\" target=\"_blank\" rel=\"noopener noreferrer\">www.laekh.de<\/a><\/p>\n<h4>Chambre comp\u00e9tente<\/h4>\n<p>Chambre des m\u00e9decins du Land de Hesse<br \/>\n152, rue Hanauer Landstra\u00dfe<br \/>\n60314 Francfort<br \/>\n<a href=\"http:\/\/www.laekh.de\/\" target=\"_blank\" rel=\"noopener noreferrer\">www.laekh.de<\/a><\/p>\n<h4>Titre professionnel et r\u00e8gles professionnelles<\/h4>\n<p><strong>Titre de la profession<\/strong><br \/>\nSp\u00e9cialiste en radiologie (d\u00e9cern\u00e9 par la chambre des m\u00e9decins du Land de Hesse)<\/p>\n<p><strong>Les r\u00e8gles professionnelles suivantes s'appliquent<\/strong><br \/>\n<a href=\"https:\/\/www.laekh.de\/fileadmin\/user_upload\/Aerzte\/Rund_ums_Recht\/Rechtsquellen\/Berufsordnung.pdf\" target=\"_blank\" rel=\"noopener noreferrer\">Code de d\u00e9ontologie des m\u00e9decins de Hesse<\/a><br \/>\n<a href=\"https:\/\/www.laekh.de\/fileadmin\/user_upload\/Aerzte\/Rund_ums_Recht\/Rechtsquellen\/Heilberufsgesetz.pdf\" target=\"_blank\" rel=\"noopener noreferrer\">Loi sur les professions m\u00e9dicales de Hesse<\/a><\/p>\n<h4>Informations sur l'assurance responsabilit\u00e9 civile professionnelle<strong><br \/>\n<\/strong><\/h4>\n<p><strong>Nom et si\u00e8ge de l'assureur : <\/strong><br \/>\nAlte Leipziger Versicherung AG<br \/>\nPlace Alte Leipziger 1<br \/>\n61440 Oberursel<\/p>\n<p><strong>Champ d'application de l'assurance : <\/strong><br \/>\nAllemagne<\/p>\n<h4>Responsable du contenu<\/h4>\n<p>Dr. med. Catarina Jung<br \/>\nBockenheimer Landstra\u00dfe 23<br \/>\n60325 Francfort-sur-le-Main<\/p>\n<h4>Protection des donn\u00e9es<\/h4>\n<p>Nous prenons la protection de vos donn\u00e9es personnelles tr\u00e8s au s\u00e9rieux et traitons vos donn\u00e9es personnelles de mani\u00e8re confidentielle et conform\u00e9ment aux dispositions l\u00e9gales en mati\u00e8re de protection des donn\u00e9es. Veuillez lire \u00e0 ce sujet notre <a href=\"\/fr\/protection-des-donnees\/\"><b style=\"color: #37bde5;\">Note d'information sur la protection des donn\u00e9es<\/b><\/a>.<\/p>\n<h4>R\u00e8glement des litiges<\/h4>\n<p>La Commission europ\u00e9enne met \u00e0 disposition une plateforme de r\u00e8glement en ligne des litiges (RLL) : <a href=\"https:\/\/ec.europa.eu\/consumers\/odr\" target=\"_blank\" rel=\"noopener\">https:\/\/ec.europa.eu\/consumers\/odr<\/a>. Vous trouverez notre adresse e-mail en haut de la page des mentions l\u00e9gales.<\/p>\n<p>Nous ne sommes pas pr\u00eats ou oblig\u00e9s de participer \u00e0 des proc\u00e9dures de r\u00e8glement des litiges devant un organisme de conciliation des consommateurs.<\/p>\n<h4>Cr\u00e9dits photographiques \/ Copyright des images externes<\/h4>\n<p><strong>Photographie de la pratique<br \/>\n<\/strong>Beyond Imaging Health GmbH<\/p>\n<p><strong>elements.envato.com<br \/>\n<\/strong>Mannequin masculin \u00a9 PixelSquid360<br \/>\nSyst\u00e8me digestif blanc \u00a9 PixelSquid360<br \/>\nWhite Perfect Home Accessory \u00a9 PixelSquid360<\/p>\n<p><strong>stock.adobe.com<\/strong><br \/>\n1794920062 \u00a9 shahpng<br \/>\n67690709 \u00a9 SeanPavonePhoto<br \/>\n81781225 \u00a9 VadimGuzhva<br \/>\n197285178 \u00a9 Rawpixel.com<br \/>\n202154705 \u00a9 LIGHTFIELD STUDIOS<br \/>\n240013290 \u00a9 Yakobchuk Olena<br \/>\n247594195 \u00a9 Foxstudio<br \/>\n275947615 \u00a9 saiko3p<br \/>\n305627801 \u00a9 finepoints<br \/>\n364645289 \u00a9 elxeneize<br \/>\n418163863 \u00a9 Aquarius<br \/>\n435168763 \u00a9 amnaj<br \/>\n488986809 \u00a9 \u0421\u0432\u0435\u0442\u043b\u0430\u043d\u0430 \u041b\u0430\u0437\u0430\u0440\u0435\u043d\u043a\u043e<br \/>\n608196047 \u00a9 Michael Cunningham\/peopleimages.com<br \/>\n1124290908 \u00a9 decle<br \/>\n1164935434 \u00a9 Nana<\/p>\n<\/div><\/div><div class=\"w-separator size_custom\" style=\"height:2rem\" id=\"gd17\"><style><\/style><\/div><\/div><\/div><\/div><\/div><\/section>","protected":false},"excerpt":{"rendered":"Impressum Cabinet priv\u00e9 de radiologie Dr. med. Catarina Jung Les contenus de ce site Internet ont \u00e9t\u00e9 \u00e9labor\u00e9s avec le plus grand soin. Le fournisseur ne garantit toutefois pas l'exactitude, l'exhaustivit\u00e9 et l'actualit\u00e9 des contenus mis \u00e0 disposition. L'utilisation des contenus du site web se fait aux risques et p\u00e9rils de l'utilisateur. Cabinet priv\u00e9 de radiologie Dr. med. Catarina Jung Beyond Imaging Diagnostikzentrum Bockenheimer Landstra\u00dfe 23...","protected":false},"author":2,"featured_media":17,"parent":0,"menu_order":0,"comment_status":"closed","ping_status":"closed","template":"","meta":{"footnotes":""},"class_list":["post-1361","page","type-page","status-publish","has-post-thumbnail","hentry"],"yoast_head":"<!-- This site is optimized with the Yoast SEO plugin v27.3 - https:\/\/yoast.com\/product\/yoast-seo-wordpress\/ -->\n<title>Impressum \u1405 Radiologische Privatpraxis Dr. Jung<\/title>\n<meta name=\"description\" content=\"Impressum \u2713 Pflichtangaben der radiologischen Privatpraxis Dr. Catarina Jung aus Frankfurt am Main im Haus Castanea.\" \/>\n<meta name=\"robots\" content=\"index, follow, max-snippet:-1, max-image-preview:large, max-video-preview:-1\" \/>\n<link rel=\"canonical\" href=\"https:\/\/www.radiologie-dr-jung.de\/fr\/mentions-legales\/\" \/>\n<meta property=\"og:locale\" content=\"fr_FR\" \/>\n<meta property=\"og:type\" content=\"article\" \/>\n<meta property=\"og:title\" content=\"Impressum \u1405 Radiologische Privatpraxis Dr. Jung\" \/>\n<meta property=\"og:description\" content=\"Impressum \u2713 Pflichtangaben der radiologischen Privatpraxis Dr. Catarina Jung aus Frankfurt am Main im Haus Castanea.\" \/>\n<meta property=\"og:url\" content=\"https:\/\/www.radiologie-dr-jung.de\/fr\/mentions-legales\/\" \/>\n<meta property=\"og:site_name\" content=\"Dr. Catarina Jung\" \/>\n<meta property=\"article:modified_time\" content=\"2026-02-25T13:35:04+00:00\" \/>\n<meta name=\"twitter:card\" content=\"summary_large_image\" \/>\n<meta name=\"twitter:label1\" content=\"Dur\u00e9e de lecture estim\u00e9e\" \/>\n\t<meta name=\"twitter:data1\" content=\"2 minutes\" \/>\n<script type=\"application\/ld+json\" class=\"yoast-schema-graph\">{\"@context\":\"https:\\\/\\\/schema.org\",\"@graph\":[{\"@type\":\"WebPage\",\"@id\":\"https:\\\/\\\/www.radiologie-dr-jung.de\\\/impressum\\\/\",\"url\":\"https:\\\/\\\/www.radiologie-dr-jung.de\\\/impressum\\\/\",\"name\":\"Impressum \u1405 Radiologische Privatpraxis Dr. Jung\",\"isPartOf\":{\"@id\":\"https:\\\/\\\/www.radiologie-dr-jung.de\\\/#website\"},\"primaryImageOfPage\":{\"@id\":\"https:\\\/\\\/www.radiologie-dr-jung.de\\\/impressum\\\/#primaryimage\"},\"image\":{\"@id\":\"https:\\\/\\\/www.radiologie-dr-jung.de\\\/impressum\\\/#primaryimage\"},\"thumbnailUrl\":\"https:\\\/\\\/www.radiologie-dr-jung.de\\\/wp-content\\\/uploads\\\/2025\\\/04\\\/0214_Jung_Logo-2025_01a.svg\",\"datePublished\":\"2025-10-30T14:27:07+00:00\",\"dateModified\":\"2026-02-25T13:35:04+00:00\",\"description\":\"Impressum \u2713 Pflichtangaben der radiologischen Privatpraxis Dr. Catarina Jung aus Frankfurt am Main im Haus Castanea.\",\"breadcrumb\":{\"@id\":\"https:\\\/\\\/www.radiologie-dr-jung.de\\\/impressum\\\/#breadcrumb\"},\"inLanguage\":\"fr-FR\",\"potentialAction\":[{\"@type\":\"ReadAction\",\"target\":[\"https:\\\/\\\/www.radiologie-dr-jung.de\\\/impressum\\\/\"]}]},{\"@type\":\"ImageObject\",\"inLanguage\":\"fr-FR\",\"@id\":\"https:\\\/\\\/www.radiologie-dr-jung.de\\\/impressum\\\/#primaryimage\",\"url\":\"https:\\\/\\\/www.radiologie-dr-jung.de\\\/wp-content\\\/uploads\\\/2025\\\/04\\\/0214_Jung_Logo-2025_01a.svg\",\"contentUrl\":\"https:\\\/\\\/www.radiologie-dr-jung.de\\\/wp-content\\\/uploads\\\/2025\\\/04\\\/0214_Jung_Logo-2025_01a.svg\",\"caption\":\"MRT Frankfurt\"},{\"@type\":\"BreadcrumbList\",\"@id\":\"https:\\\/\\\/www.radiologie-dr-jung.de\\\/impressum\\\/#breadcrumb\",\"itemListElement\":[{\"@type\":\"ListItem\",\"position\":1,\"name\":\"Startseite\",\"item\":\"https:\\\/\\\/www.radiologie-dr-jung.de\\\/\"},{\"@type\":\"ListItem\",\"position\":2,\"name\":\"Impressum\"}]},{\"@type\":\"WebSite\",\"@id\":\"https:\\\/\\\/www.radiologie-dr-jung.de\\\/#website\",\"url\":\"https:\\\/\\\/www.radiologie-dr-jung.de\\\/\",\"name\":\"Dr. Catarina Jung\",\"description\":\"Fach\u00e4rztin f\u00fcr Diagnostische Radiologie\",\"potentialAction\":[{\"@type\":\"SearchAction\",\"target\":{\"@type\":\"EntryPoint\",\"urlTemplate\":\"https:\\\/\\\/www.radiologie-dr-jung.de\\\/?s={search_term_string}\"},\"query-input\":{\"@type\":\"PropertyValueSpecification\",\"valueRequired\":true,\"valueName\":\"search_term_string\"}}],\"inLanguage\":\"fr-FR\"}]}<\/script>\n<!-- \/ Yoast SEO plugin. -->","yoast_head_json":{"title":"Mentions l\u00e9gales \u1405 Cabinet priv\u00e9 de radiologie Dr. Jung","description":"Mentions l\u00e9gales \u2713 Informations obligatoires du cabinet priv\u00e9 de radiologie du Dr Catarina Jung de Francfort-sur-le-Main dans la maison Castanea.","robots":{"index":"index","follow":"follow","max-snippet":"max-snippet:-1","max-image-preview":"max-image-preview:large","max-video-preview":"max-video-preview:-1"},"canonical":"https:\/\/www.radiologie-dr-jung.de\/fr\/mentions-legales\/","og_locale":"fr_FR","og_type":"article","og_title":"Impressum \u1405 Radiologische Privatpraxis Dr. Jung","og_description":"Impressum \u2713 Pflichtangaben der radiologischen Privatpraxis Dr. Catarina Jung aus Frankfurt am Main im Haus Castanea.","og_url":"https:\/\/www.radiologie-dr-jung.de\/fr\/mentions-legales\/","og_site_name":"Dr. Catarina Jung","article_modified_time":"2026-02-25T13:35:04+00:00","twitter_card":"summary_large_image","twitter_misc":{"Dur\u00e9e de lecture estim\u00e9e":"2 minutes"},"schema":{"@context":"https:\/\/schema.org","@graph":[{"@type":"WebPage","@id":"https:\/\/www.radiologie-dr-jung.de\/impressum\/","url":"https:\/\/www.radiologie-dr-jung.de\/impressum\/","name":"Mentions l\u00e9gales \u1405 Cabinet priv\u00e9 de radiologie Dr. Jung","isPartOf":{"@id":"https:\/\/www.radiologie-dr-jung.de\/#website"},"primaryImageOfPage":{"@id":"https:\/\/www.radiologie-dr-jung.de\/impressum\/#primaryimage"},"image":{"@id":"https:\/\/www.radiologie-dr-jung.de\/impressum\/#primaryimage"},"thumbnailUrl":"https:\/\/www.radiologie-dr-jung.de\/wp-content\/uploads\/2025\/04\/0214_Jung_Logo-2025_01a.svg","datePublished":"2025-10-30T14:27:07+00:00","dateModified":"2026-02-25T13:35:04+00:00","description":"Mentions l\u00e9gales \u2713 Informations obligatoires du cabinet priv\u00e9 de radiologie du Dr Catarina Jung de Francfort-sur-le-Main dans la maison Castanea.","breadcrumb":{"@id":"https:\/\/www.radiologie-dr-jung.de\/impressum\/#breadcrumb"},"inLanguage":"fr-FR","potentialAction":[{"@type":"ReadAction","target":["https:\/\/www.radiologie-dr-jung.de\/impressum\/"]}]},{"@type":"ImageObject","inLanguage":"fr-FR","@id":"https:\/\/www.radiologie-dr-jung.de\/impressum\/#primaryimage","url":"https:\/\/www.radiologie-dr-jung.de\/wp-content\/uploads\/2025\/04\/0214_Jung_Logo-2025_01a.svg","contentUrl":"https:\/\/www.radiologie-dr-jung.de\/wp-content\/uploads\/2025\/04\/0214_Jung_Logo-2025_01a.svg","caption":"MRT Frankfurt"},{"@type":"BreadcrumbList","@id":"https:\/\/www.radiologie-dr-jung.de\/impressum\/#breadcrumb","itemListElement":[{"@type":"ListItem","position":1,"name":"Startseite","item":"https:\/\/www.radiologie-dr-jung.de\/"},{"@type":"ListItem","position":2,"name":"Impressum"}]},{"@type":"WebSite","@id":"https:\/\/www.radiologie-dr-jung.de\/#website","url":"https:\/\/www.radiologie-dr-jung.de\/","name":"Dr. Catarina Jung","description":"Sp\u00e9cialiste en radiologie diagnostique","potentialAction":[{"@type":"SearchAction","target":{"@type":"EntryPoint","urlTemplate":"https:\/\/www.radiologie-dr-jung.de\/?s={search_term_string}"},"query-input":{"@type":"PropertyValueSpecification","valueRequired":true,"valueName":"search_term_string"}}],"inLanguage":"fr-FR"}]}},"_links":{"self":[{"href":"https:\/\/www.radiologie-dr-jung.de\/fr\/wp-json\/wp\/v2\/pages\/1361","targetHints":{"allow":["GET"]}}],"collection":[{"href":"https:\/\/www.radiologie-dr-jung.de\/fr\/wp-json\/wp\/v2\/pages"}],"about":[{"href":"https:\/\/www.radiologie-dr-jung.de\/fr\/wp-json\/wp\/v2\/types\/page"}],"author":[{"embeddable":true,"href":"https:\/\/www.radiologie-dr-jung.de\/fr\/wp-json\/wp\/v2\/users\/2"}],"replies":[{"embeddable":true,"href":"https:\/\/www.radiologie-dr-jung.de\/fr\/wp-json\/wp\/v2\/comments?post=1361"}],"version-history":[{"count":8,"href":"https:\/\/www.radiologie-dr-jung.de\/fr\/wp-json\/wp\/v2\/pages\/1361\/revisions"}],"predecessor-version":[{"id":2300,"href":"https:\/\/www.radiologie-dr-jung.de\/fr\/wp-json\/wp\/v2\/pages\/1361\/revisions\/2300"}],"wp:featuredmedia":[{"embeddable":true,"href":"https:\/\/www.radiologie-dr-jung.de\/fr\/wp-json\/wp\/v2\/media\/17"}],"wp:attachment":[{"href":"https:\/\/www.radiologie-dr-jung.de\/fr\/wp-json\/wp\/v2\/media?parent=1361"}],"curies":[{"name":"wp","href":"https:\/\/api.w.org\/{rel}","templated":true}]}}