{"id":1238,"date":"2025-08-12T11:22:30","date_gmt":"2025-08-12T09:22:30","guid":{"rendered":"https:\/\/www.radiologie-dr-jung.de\/?page_id=1238"},"modified":"2026-02-20T17:53:40","modified_gmt":"2026-02-20T16:53:40","slug":"mrt-frankfurt-westend","status":"publish","type":"page","link":"https:\/\/www.radiologie-dr-jung.de\/fr\/mrt-frankfurt-westend\/","title":{"rendered":"Diagnostic par IRM"},"content":{"rendered":"<section class=\"l-section wpb_row height_small\"><div class=\"l-section-h i-cf\"><div class=\"g-cols vc_row via_grid cols_2 laptops-cols_inherit tablets-cols_inherit mobiles-cols_1 valign_top type_default stacking_default\" style=\"--columns-gap:0rem;\"><div class=\"wpb_column vc_column_container\"><div class=\"vc_column-inner\"><div class=\"wpb_text_column us_custom_7d39fe36 us_animate_this\"><div class=\"wpb_wrapper\"><h1>Diagnostic par IRM<\/h1>\n<h6>Qu'est-ce qu'une IRM ?<\/h6>\n<\/div><\/div><div class=\"w-separator size_custom\" style=\"height:2rem\"><\/div><div class=\"wpb_text_column us_custom_5d8e9ec2 us_animate_this\"><div class=\"wpb_wrapper\"><p>L'imagerie par r\u00e9sonance magn\u00e9tique (tomographie du grec ancien \u03c4\u03bf\u03bc\u03ae\/tome (fran\u00e7ais : coupe) et \u03b3\u03c1\u03ac\u03c6\u03b5\u03b9\u03bd\/graphein (fran\u00e7ais : \u00e9crire), en abr\u00e9g\u00e9 IRM, est une technique d'imagerie utilis\u00e9e dans le diagnostic m\u00e9dical. Elle est utilis\u00e9e pour repr\u00e9senter la structure et la fonction des tissus et des organes du corps et est totalement indolore.<\/p>\n<p>L'IRM \u00e0 Francfort permet d'obtenir des images en coupe du corps humain qui permettent d'\u00e9valuer les organes et de nombreuses modifications pathologiques des organes. Elle n'utilise ni rayons X ni radiations ionisantes. <a href=\"\/fr\/rayonnement-mrt\/\">Rayons<\/a> (<a href=\"https:\/\/de.wikipedia.org\/wiki\/Radioaktivit%C3%A4t\" target=\"_blank\" rel=\"noopener\">Radioactivit\u00e9<\/a>) sont utilis\u00e9es. La production d'images se fait exclusivement \u00e0 l'aide de champs magn\u00e9tiques et d'ondes radio.<\/p>\n<\/div><\/div><div class=\"w-separator size_custom\" style=\"height:1.5rem\"><\/div><\/div><\/div><div class=\"wpb_column vc_column_container us_custom_e21e87b0\"><div class=\"vc_column-inner\"><div class=\"w-separator size_custom\" style=\"height:0rem\" id=\"r59e\"><style>@media(max-width:1024px){ #r59e{height:2rem!important}}@media(max-width:600px){ #r59e{height:2rem!important}}<\/style><\/div><div class=\"w-image us_custom_f90cf93a us_animate_this align_none\"><div class=\"w-image-h\"><img decoding=\"async\" width=\"1000\" height=\"800\" src=\"https:\/\/www.radiologie-dr-jung.de\/wp-content\/uploads\/2025\/12\/0214_Website-Aerztin_02a.jpg\" class=\"attachment-full size-full\" alt=\"IRM \u00e0 Francfort\" loading=\"lazy\" srcset=\"https:\/\/www.radiologie-dr-jung.de\/wp-content\/uploads\/2025\/12\/0214_Website-Aerztin_02a.jpg 1000w, https:\/\/www.radiologie-dr-jung.de\/wp-content\/uploads\/2025\/12\/0214_Website-Aerztin_02a-300x240.jpg 300w, https:\/\/www.radiologie-dr-jung.de\/wp-content\/uploads\/2025\/12\/0214_Website-Aerztin_02a-50x40.jpg 50w, https:\/\/www.radiologie-dr-jung.de\/wp-content\/uploads\/2025\/12\/0214_Website-Aerztin_02a-70x56.jpg 70w\" sizes=\"auto, (max-width: 1000px) 100vw, 1000px\" \/><\/div><\/div><\/div><\/div><\/div><\/div><\/section><section class=\"l-section wpb_row height_small\"><div class=\"l-section-h i-cf\"><div class=\"g-cols vc_row via_grid cols_2 laptops-cols_inherit tablets-cols_inherit mobiles-cols_1 valign_top type_default reversed stacking_default\" style=\"--columns-gap:0rem;\"><div class=\"wpb_column vc_column_container us_custom_633a3c77 type_sticky\"><div class=\"vc_column-inner\"><div class=\"w-image us_custom_b42782a4 us_animate_this align_none\"><div class=\"w-image-h\"><img decoding=\"async\" width=\"800\" height=\"1000\" src=\"https:\/\/www.radiologie-dr-jung.de\/wp-content\/uploads\/2025\/12\/0214_Jung-Impressionen_02.jpg\" class=\"attachment-full size-full\" alt=\"IRM \u00e0 Francfort\" loading=\"lazy\" srcset=\"https:\/\/www.radiologie-dr-jung.de\/wp-content\/uploads\/2025\/12\/0214_Jung-Impressionen_02.jpg 800w, https:\/\/www.radiologie-dr-jung.de\/wp-content\/uploads\/2025\/12\/0214_Jung-Impressionen_02-240x300.jpg 240w, https:\/\/www.radiologie-dr-jung.de\/wp-content\/uploads\/2025\/12\/0214_Jung-Impressionen_02-40x50.jpg 40w, https:\/\/www.radiologie-dr-jung.de\/wp-content\/uploads\/2025\/12\/0214_Jung-Impressionen_02-56x70.jpg 56w\" sizes=\"auto, (max-width: 800px) 100vw, 800px\" \/><\/div><\/div><div class=\"w-separator hide_on_default hide_on_laptops hide_on_tablets size_custom\" style=\"height:0\" id=\"t24f\"><style>@media(max-width:1024px){ #t24f{height:2rem!important}}@media(max-width:600px){ #t24f{height:2rem!important}}<\/style><\/div><\/div><\/div><div class=\"wpb_column vc_column_container\"><div class=\"vc_column-inner\"><div class=\"wpb_text_column us_custom_5d8e9ec2 us_animate_this\"><div class=\"wpb_wrapper\"><p>Pour le diagnostic m\u00e9dical moderne par imagerie, l'imagerie par r\u00e9sonance magn\u00e9tique (IRM) a une tr\u00e8s grande valeur : ce proc\u00e9d\u00e9 permet de visualiser en d\u00e9tail des structures anatomiques comme les os, les organes ou les vaisseaux sanguins. <a href=\"\/fr\/regions-dexamen-mrt\/\">examine<\/a> peuvent \u00eatre d\u00e9tect\u00e9s. Les blessures ou autres modifications peuvent \u00eatre localis\u00e9es avec pr\u00e9cision et les maladies peuvent \u00eatre d\u00e9tect\u00e9es \u00e0 un stade pr\u00e9coce.<\/p>\n<p>Depuis plus de 15 ans maintenant <a href=\"https:\/\/www.radiologie-dr-jung.de\/fr\/radiologue-frankfurt\/\">Dr. Catarina Jung<\/a> sp\u00e9cialis\u00e9e dans le diagnostic par IRM. Gr\u00e2ce \u00e0 ses connaissances, elle peut poser des diagnostics pour les patients, qui sont d'une grande importance pour la suite du traitement et la gu\u00e9rison.<\/p>\n<p>Dr. med. Catarina Jung travaille dans votre <a href=\"https:\/\/www.radiologie-dr-jung.de\/fr\/\">Cabinet priv\u00e9 \u00e0 Francfort-sur-le-Main<\/a> avec le magn\u00e9tome Aera, qui a une <a href=\"https:\/\/www.radiologie-dr-jung.de\/fr\/mrt-ouvert-francfort\/\">ouverture particuli\u00e8rement large<\/a> de 70 cm (actuellement la plus grande ouverture disponible sur le march\u00e9).<\/p>\n<\/div><\/div><div class=\"w-separator hide_on_default hide_on_laptops hide_on_tablets size_custom\" style=\"height:0\" id=\"u521\"><style>@media(max-width:1024px){ #u521{height:2rem!important}}@media(max-width:600px){ #u521{height:4rem!important}}<\/style><\/div><\/div><\/div><\/div><\/div><\/section><section class=\"l-section wpb_row us_custom_887a049b height_small\"><div class=\"l-section-h i-cf\"><div class=\"g-cols vc_row via_grid cols_1 laptops-cols_inherit tablets-cols_inherit mobiles-cols_1 valign_top type_default stacking_default\"><div class=\"wpb_column vc_column_container\"><div class=\"vc_column-inner\"><div class=\"w-separator size_small with_line width_default thick_2 style_solid color_border align_center\"><div class=\"w-separator-h\"><\/div><\/div><div class=\"wpb_text_column us_custom_59ffc91f us_animate_this\"><div class=\"wpb_wrapper\"><h2>IRM Francfort Westend<\/h2>\n<h6>Que se passe-t-il r\u00e9ellement lors d'une IRM ?<\/h6>\n<p>La vid\u00e9o suivante montre clairement ce qui se passe lors d'un examen IRM, en commen\u00e7ant par la pr\u00e9paration et le scan proprement dit dans l'appareil d'imagerie par r\u00e9sonance magn\u00e9tique jusqu'\u00e0 l'\u00e9valuation.<\/p>\n<p>Vous pourrez ainsi vous faire une id\u00e9e r\u00e9aliste de la mani\u00e8re dont l'examen se d\u00e9roule dans la pratique.<\/p>\n<\/div><\/div><div class=\"w-separator size_large\"><\/div><div class=\"w-separator size_custom\" style=\"height:0\" id=\"zc61\"><style>@media(max-width:1024px){ #zc61{height:2rem!important}}@media(max-width:600px){ #zc61{height:2rem!important}}<\/style><\/div><div class=\"w-video us_custom_5fc1b9b8 us_animate_this align_none ratio_16x9 has_iframe\"><div class=\"w-video-h\"><iframe title=\"Lecteur vid\u00e9o Youtube\" src=\"\/\/www.youtube.com\/embed\/yuoRLpWUv24?autoplay=0&controls=1&origin=https:\/\/www.radiologie-dr-jung.de\/fr&loop=0&mute=0\" allowfullscreen=\"1\" loading=\"lazy\"><\/iframe><\/div><\/div><div class=\"w-separator size_custom\" style=\"height:2rem\" id=\"t027\"><style><\/style><\/div><\/div><\/div><\/div><\/div><\/section>","protected":false},"excerpt":{"rendered":"Diagnostic par IRM Qu'est-ce qu'une IRM ? L'imagerie par r\u00e9sonance magn\u00e9tique (tomographie du grec ancien \u03c4\u03bf\u03bc\u03ae\/tome (fran\u00e7ais : coupe) et \u03b3\u03c1\u03ac\u03c6\u03b5\u03b9\u03bd\/graphein (fran\u00e7ais : \u00e9crire), en abr\u00e9g\u00e9 IRM, est une technique d'imagerie utilis\u00e9e dans le diagnostic m\u00e9dical. Elle est utilis\u00e9e pour repr\u00e9senter la structure et la fonction des tissus et des organes du corps et est totalement indolore. Gr\u00e2ce \u00e0 l'IRM \u00e0 Francfort, on peut...","protected":false},"author":2,"featured_media":1752,"parent":0,"menu_order":0,"comment_status":"closed","ping_status":"closed","template":"","meta":{"footnotes":""},"class_list":["post-1238","page","type-page","status-publish","has-post-thumbnail","hentry"],"yoast_head":"<!-- This site is optimized with the Yoast SEO plugin v27.3 - https:\/\/yoast.com\/product\/yoast-seo-wordpress\/ -->\n<title>MRT Frankfurt Westend \u1405 MRT bei Dr. Jung<\/title>\n<meta name=\"description\" content=\"MRT Frankfurt Westend \u2713 Mit der MRT erm\u00f6glichen wir die genaue Darstellung von Struktur und Funktion der Gewebe und Organe im K\u00f6rper.\" \/>\n<meta name=\"robots\" content=\"index, follow, max-snippet:-1, max-image-preview:large, max-video-preview:-1\" \/>\n<link rel=\"canonical\" href=\"https:\/\/www.radiologie-dr-jung.de\/fr\/mrt-frankfurt-westend\/\" \/>\n<meta property=\"og:locale\" content=\"fr_FR\" \/>\n<meta property=\"og:type\" content=\"article\" \/>\n<meta property=\"og:title\" content=\"MRT Frankfurt Westend \u1405 MRT bei Dr. Jung\" \/>\n<meta property=\"og:description\" content=\"MRT Frankfurt Westend \u2713 Mit der MRT erm\u00f6glichen wir die genaue Darstellung von Struktur und Funktion der Gewebe und Organe im K\u00f6rper.\" \/>\n<meta property=\"og:url\" content=\"https:\/\/www.radiologie-dr-jung.de\/fr\/mrt-frankfurt-westend\/\" \/>\n<meta property=\"og:site_name\" content=\"Dr. Catarina Jung\" \/>\n<meta property=\"article:modified_time\" content=\"2026-02-20T16:53:40+00:00\" \/>\n<meta property=\"og:image\" content=\"https:\/\/www.radiologie-dr-jung.de\/wp-content\/uploads\/2025\/12\/0214_Website-Aerztin_02a.jpg\" \/>\n\t<meta property=\"og:image:width\" content=\"1000\" \/>\n\t<meta property=\"og:image:height\" content=\"800\" \/>\n\t<meta property=\"og:image:type\" content=\"image\/jpeg\" \/>\n<meta name=\"twitter:card\" content=\"summary_large_image\" \/>\n<meta name=\"twitter:label1\" content=\"Dur\u00e9e de lecture estim\u00e9e\" \/>\n\t<meta name=\"twitter:data1\" content=\"2 minutes\" \/>\n<script type=\"application\/ld+json\" class=\"yoast-schema-graph\">{\"@context\":\"https:\\\/\\\/schema.org\",\"@graph\":[{\"@type\":\"WebPage\",\"@id\":\"https:\\\/\\\/www.radiologie-dr-jung.de\\\/mrt-frankfurt-westend\\\/\",\"url\":\"https:\\\/\\\/www.radiologie-dr-jung.de\\\/mrt-frankfurt-westend\\\/\",\"name\":\"MRT Frankfurt Westend \u1405 MRT bei Dr. Jung\",\"isPartOf\":{\"@id\":\"https:\\\/\\\/www.radiologie-dr-jung.de\\\/#website\"},\"primaryImageOfPage\":{\"@id\":\"https:\\\/\\\/www.radiologie-dr-jung.de\\\/mrt-frankfurt-westend\\\/#primaryimage\"},\"image\":{\"@id\":\"https:\\\/\\\/www.radiologie-dr-jung.de\\\/mrt-frankfurt-westend\\\/#primaryimage\"},\"thumbnailUrl\":\"https:\\\/\\\/www.radiologie-dr-jung.de\\\/wp-content\\\/uploads\\\/2025\\\/12\\\/0214_Website-Aerztin_02a.jpg\",\"datePublished\":\"2025-08-12T09:22:30+00:00\",\"dateModified\":\"2026-02-20T16:53:40+00:00\",\"description\":\"MRT Frankfurt Westend \u2713 Mit der MRT erm\u00f6glichen wir die genaue Darstellung von Struktur und Funktion der Gewebe und Organe im K\u00f6rper.\",\"breadcrumb\":{\"@id\":\"https:\\\/\\\/www.radiologie-dr-jung.de\\\/mrt-frankfurt-westend\\\/#breadcrumb\"},\"inLanguage\":\"fr-FR\",\"potentialAction\":[{\"@type\":\"ReadAction\",\"target\":[\"https:\\\/\\\/www.radiologie-dr-jung.de\\\/mrt-frankfurt-westend\\\/\"]}]},{\"@type\":\"ImageObject\",\"inLanguage\":\"fr-FR\",\"@id\":\"https:\\\/\\\/www.radiologie-dr-jung.de\\\/mrt-frankfurt-westend\\\/#primaryimage\",\"url\":\"https:\\\/\\\/www.radiologie-dr-jung.de\\\/wp-content\\\/uploads\\\/2025\\\/12\\\/0214_Website-Aerztin_02a.jpg\",\"contentUrl\":\"https:\\\/\\\/www.radiologie-dr-jung.de\\\/wp-content\\\/uploads\\\/2025\\\/12\\\/0214_Website-Aerztin_02a.jpg\",\"width\":1000,\"height\":800,\"caption\":\"MRT in Frankfurt\"},{\"@type\":\"BreadcrumbList\",\"@id\":\"https:\\\/\\\/www.radiologie-dr-jung.de\\\/mrt-frankfurt-westend\\\/#breadcrumb\",\"itemListElement\":[{\"@type\":\"ListItem\",\"position\":1,\"name\":\"Startseite\",\"item\":\"https:\\\/\\\/www.radiologie-dr-jung.de\\\/\"},{\"@type\":\"ListItem\",\"position\":2,\"name\":\"MRT Diagnostik\"}]},{\"@type\":\"WebSite\",\"@id\":\"https:\\\/\\\/www.radiologie-dr-jung.de\\\/#website\",\"url\":\"https:\\\/\\\/www.radiologie-dr-jung.de\\\/\",\"name\":\"Dr. Catarina Jung\",\"description\":\"Fach\u00e4rztin f\u00fcr Diagnostische Radiologie\",\"potentialAction\":[{\"@type\":\"SearchAction\",\"target\":{\"@type\":\"EntryPoint\",\"urlTemplate\":\"https:\\\/\\\/www.radiologie-dr-jung.de\\\/?s={search_term_string}\"},\"query-input\":{\"@type\":\"PropertyValueSpecification\",\"valueRequired\":true,\"valueName\":\"search_term_string\"}}],\"inLanguage\":\"fr-FR\"}]}<\/script>\n<!-- \/ Yoast SEO plugin. -->","yoast_head_json":{"title":"IRM Francfort Westend \u1405 IRM chez le Dr Jung","description":"IRM Francfort Westend \u2713 Avec l'IRM, nous permettons une repr\u00e9sentation pr\u00e9cise de la structure et de la fonction des tissus et des organes du corps.","robots":{"index":"index","follow":"follow","max-snippet":"max-snippet:-1","max-image-preview":"max-image-preview:large","max-video-preview":"max-video-preview:-1"},"canonical":"https:\/\/www.radiologie-dr-jung.de\/fr\/mrt-frankfurt-westend\/","og_locale":"fr_FR","og_type":"article","og_title":"MRT Frankfurt Westend \u1405 MRT bei Dr. Jung","og_description":"MRT Frankfurt Westend \u2713 Mit der MRT erm\u00f6glichen wir die genaue Darstellung von Struktur und Funktion der Gewebe und Organe im K\u00f6rper.","og_url":"https:\/\/www.radiologie-dr-jung.de\/fr\/mrt-frankfurt-westend\/","og_site_name":"Dr. Catarina Jung","article_modified_time":"2026-02-20T16:53:40+00:00","og_image":[{"width":1000,"height":800,"url":"https:\/\/www.radiologie-dr-jung.de\/wp-content\/uploads\/2025\/12\/0214_Website-Aerztin_02a.jpg","type":"image\/jpeg"}],"twitter_card":"summary_large_image","twitter_misc":{"Dur\u00e9e de lecture estim\u00e9e":"2 minutes"},"schema":{"@context":"https:\/\/schema.org","@graph":[{"@type":"WebPage","@id":"https:\/\/www.radiologie-dr-jung.de\/mrt-frankfurt-westend\/","url":"https:\/\/www.radiologie-dr-jung.de\/mrt-frankfurt-westend\/","name":"IRM Francfort Westend \u1405 IRM chez le Dr Jung","isPartOf":{"@id":"https:\/\/www.radiologie-dr-jung.de\/#website"},"primaryImageOfPage":{"@id":"https:\/\/www.radiologie-dr-jung.de\/mrt-frankfurt-westend\/#primaryimage"},"image":{"@id":"https:\/\/www.radiologie-dr-jung.de\/mrt-frankfurt-westend\/#primaryimage"},"thumbnailUrl":"https:\/\/www.radiologie-dr-jung.de\/wp-content\/uploads\/2025\/12\/0214_Website-Aerztin_02a.jpg","datePublished":"2025-08-12T09:22:30+00:00","dateModified":"2026-02-20T16:53:40+00:00","description":"IRM Francfort Westend \u2713 Avec l'IRM, nous permettons une repr\u00e9sentation pr\u00e9cise de la structure et de la fonction des tissus et des organes du corps.","breadcrumb":{"@id":"https:\/\/www.radiologie-dr-jung.de\/mrt-frankfurt-westend\/#breadcrumb"},"inLanguage":"fr-FR","potentialAction":[{"@type":"ReadAction","target":["https:\/\/www.radiologie-dr-jung.de\/mrt-frankfurt-westend\/"]}]},{"@type":"ImageObject","inLanguage":"fr-FR","@id":"https:\/\/www.radiologie-dr-jung.de\/mrt-frankfurt-westend\/#primaryimage","url":"https:\/\/www.radiologie-dr-jung.de\/wp-content\/uploads\/2025\/12\/0214_Website-Aerztin_02a.jpg","contentUrl":"https:\/\/www.radiologie-dr-jung.de\/wp-content\/uploads\/2025\/12\/0214_Website-Aerztin_02a.jpg","width":1000,"height":800,"caption":"MRT in Frankfurt"},{"@type":"BreadcrumbList","@id":"https:\/\/www.radiologie-dr-jung.de\/mrt-frankfurt-westend\/#breadcrumb","itemListElement":[{"@type":"ListItem","position":1,"name":"Startseite","item":"https:\/\/www.radiologie-dr-jung.de\/"},{"@type":"ListItem","position":2,"name":"MRT Diagnostik"}]},{"@type":"WebSite","@id":"https:\/\/www.radiologie-dr-jung.de\/#website","url":"https:\/\/www.radiologie-dr-jung.de\/","name":"Dr. Catarina Jung","description":"Sp\u00e9cialiste en radiologie diagnostique","potentialAction":[{"@type":"SearchAction","target":{"@type":"EntryPoint","urlTemplate":"https:\/\/www.radiologie-dr-jung.de\/?s={search_term_string}"},"query-input":{"@type":"PropertyValueSpecification","valueRequired":true,"valueName":"search_term_string"}}],"inLanguage":"fr-FR"}]}},"_links":{"self":[{"href":"https:\/\/www.radiologie-dr-jung.de\/fr\/wp-json\/wp\/v2\/pages\/1238","targetHints":{"allow":["GET"]}}],"collection":[{"href":"https:\/\/www.radiologie-dr-jung.de\/fr\/wp-json\/wp\/v2\/pages"}],"about":[{"href":"https:\/\/www.radiologie-dr-jung.de\/fr\/wp-json\/wp\/v2\/types\/page"}],"author":[{"embeddable":true,"href":"https:\/\/www.radiologie-dr-jung.de\/fr\/wp-json\/wp\/v2\/users\/2"}],"replies":[{"embeddable":true,"href":"https:\/\/www.radiologie-dr-jung.de\/fr\/wp-json\/wp\/v2\/comments?post=1238"}],"version-history":[{"count":36,"href":"https:\/\/www.radiologie-dr-jung.de\/fr\/wp-json\/wp\/v2\/pages\/1238\/revisions"}],"predecessor-version":[{"id":2278,"href":"https:\/\/www.radiologie-dr-jung.de\/fr\/wp-json\/wp\/v2\/pages\/1238\/revisions\/2278"}],"wp:featuredmedia":[{"embeddable":true,"href":"https:\/\/www.radiologie-dr-jung.de\/fr\/wp-json\/wp\/v2\/media\/1752"}],"wp:attachment":[{"href":"https:\/\/www.radiologie-dr-jung.de\/fr\/wp-json\/wp\/v2\/media?parent=1238"}],"curies":[{"name":"wp","href":"https:\/\/api.w.org\/{rel}","templated":true}]}}