{"id":1668,"date":"2025-12-09T09:14:00","date_gmt":"2025-12-09T08:14:00","guid":{"rendered":"https:\/\/www.radiologie-dr-jung.de\/?page_id=1668"},"modified":"2026-01-18T15:58:27","modified_gmt":"2026-01-18T14:58:27","slug":"appointment-booking-socials","status":"publish","type":"page","link":"https:\/\/www.radiologie-dr-jung.de\/en\/terminbuchung-socials\/","title":{"rendered":"Appointment booking socials"},"content":{"rendered":"<section class=\"l-section wpb_row height_small\"><div class=\"l-section-h i-cf\"><div class=\"g-cols vc_row via_grid cols_2 laptops-cols_inherit tablets-cols_inherit mobiles-cols_1 valign_top type_default stacking_default\" style=\"--columns-gap:0rem;\"><div class=\"wpb_column vc_column_container\"><div class=\"vc_column-inner\"><div class=\"wpb_text_column us_custom_7d39fe36 us_animate_this\"><div class=\"wpb_wrapper\"><h1>MRI appointment Frankfurt<\/h1>\n<h6>Enquire online now!<\/h6>\n<\/div><\/div><div class=\"w-separator size_custom\" style=\"height:2rem\"><\/div><div class=\"wpb_text_column us_custom_5d8e9ec2 us_animate_this\"><div class=\"wpb_wrapper\"><p>Dear patients, would you like to make an appointment for an MRI scan at our practice in Frankfurt am Main as soon as possible? Your next MRI appointment in our <a href=\"https:\/\/www.radiologie-dr-jung.de\/en\/\">Private practice in Frankfurt<\/a> you are welcome to enquire online:<\/p>\n<\/div><\/div><div class=\"w-separator size_custom\" style=\"height:1.5rem\"><\/div>\n<div class=\"wpcf7 no-js us_custom_7e20fa79 us_animate_this\" id=\"wpcf7-f1670-o1\" lang=\"de-DE\" dir=\"ltr\" data-wpcf7-id=\"1670\">\n<div class=\"screen-reader-response\"><p role=\"status\" aria-live=\"polite\" aria-atomic=\"true\"><\/p> <ul><\/ul><\/div>\n<form action=\"\/en\/wp-json\/wp\/v2\/pages\/1668#wpcf7-f1670-o1\" method=\"post\" class=\"wpcf7-form init\" aria-label=\"Contact form\" novalidate=\"novalidate\" data-status=\"init\" data-trp-original-action=\"\/en\/wp-json\/wp\/v2\/pages\/1668#wpcf7-f1670-o1\">\n<fieldset class=\"hidden-fields-container\"><input type=\"hidden\" name=\"_wpcf7\" value=\"1670\" \/><input type=\"hidden\" name=\"_wpcf7_version\" value=\"6.1.5\" \/><input type=\"hidden\" name=\"_wpcf7_locale\" value=\"de_DE\" \/><input type=\"hidden\" name=\"_wpcf7_unit_tag\" value=\"wpcf7-f1670-o1\" \/><input type=\"hidden\" name=\"_wpcf7_container_post\" value=\"0\" \/><input type=\"hidden\" name=\"_wpcf7_posted_data_hash\" value=\"\" \/>\n<\/fieldset>\n<p><span class=\"wpcf7-form-control-wrap\" data-name=\"your-name\"><input size=\"40\" maxlength=\"400\" class=\"wpcf7-form-control wpcf7-text wpcf7-validates-as-required\" aria-required=\"true\" aria-invalid=\"false\" placeholder=\"Name\" value=\"\" type=\"text\" name=\"your-name\" \/><\/span>\n<\/p>\n<p><span class=\"wpcf7-form-control-wrap\" data-name=\"your-birthday\"><input size=\"40\" maxlength=\"400\" class=\"wpcf7-form-control wpcf7-text wpcf7-validates-as-required\" aria-required=\"true\" aria-invalid=\"false\" placeholder=\"Date of birth (DD.MM.YYYY)\" value=\"\" type=\"text\" name=\"your-birthday\" \/><\/span>\n<\/p>\n<p><span class=\"wpcf7-form-control-wrap\" data-name=\"select-646\"><select class=\"wpcf7-form-control wpcf7-select\" aria-invalid=\"false\" name=\"select-646\"><option value=\"\">Please select<\/option><option value=\"Privat versichert\">Privately insured<\/option><option value=\"Gesetzlich versichert\">Legally insured<\/option><option value=\"BG\">BG<\/option><\/select><\/span>\n<\/p>\n<p><span class=\"wpcf7-form-control-wrap\" data-name=\"your-email\"><input size=\"40\" maxlength=\"400\" class=\"wpcf7-form-control wpcf7-email wpcf7-validates-as-required wpcf7-text wpcf7-validates-as-email\" aria-required=\"true\" aria-invalid=\"false\" placeholder=\"E-mail address\" value=\"\" type=\"email\" name=\"your-email\" \/><\/span>\n<\/p>\n<p><span class=\"wpcf7-form-control-wrap\" data-name=\"your-phone\"><input size=\"40\" maxlength=\"400\" class=\"wpcf7-form-control wpcf7-tel wpcf7-validates-as-required wpcf7-text wpcf7-validates-as-tel\" aria-required=\"true\" aria-invalid=\"false\" placeholder=\"Telephone number\" value=\"\" type=\"tel\" name=\"your-phone\" \/><\/span>\n<\/p>\n<p><span class=\"wpcf7-form-control-wrap\" data-name=\"your-message\"><textarea cols=\"40\" rows=\"10\" maxlength=\"2000\" class=\"wpcf7-form-control wpcf7-textarea\" aria-invalid=\"false\" placeholder=\"Please specify desired date (day, time) and desired examination (e.g. MRI head)\" name=\"your-message\"><\/textarea><\/span>\n<\/p>\n<p><label style=\"font-size:15px;\"><span class=\"wpcf7-form-control-wrap\" data-name=\"acceptance-363\"><span class=\"wpcf7-form-control wpcf7-acceptance\"><span class=\"wpcf7-list-item\"><label><input type=\"checkbox\" name=\"acceptance-363\" value=\"1\" aria-invalid=\"false\" \/><span class=\"wpcf7-list-item-label\">I consent to my data being processed and stored for the purpose of contacting me. The <a href=\"\/en\/data-protection\/\"><b>Data protection notice<\/b><\/a> I was able to take note of this. Consent can be revoked at any time with effect for the future. To do so, please simply send a short e-mail to <b><a href=\"mailto:info@radiologie-dr-jung.de\">info@radiologie-dr-jung.de<\/a><\/b> send. Please read the <a href=\"\/en\/data-protection\/\"><b>Data protection notice<\/b><\/a> for further information.<\/span><\/label><\/span><\/span><\/span><br \/>\n<input class=\"wpcf7-form-control wpcf7-submit has-spinner\" type=\"submit\" value=\"Sending\" \/><\/label>\n<\/p><div class=\"wpcf7-response-output\" aria-hidden=\"true\"><\/div>\n<input type=\"hidden\" name=\"trp-form-language\" value=\"en\"\/><\/form>\n<\/div>\n<div class=\"w-separator size_custom\" style=\"height:1rem\"><\/div><div class=\"wpb_text_column us_custom_5d8e9ec2 us_animate_this\"><div class=\"wpb_wrapper\"><p>The booking process only takes a few minutes.<\/p>\n<p><strong>Your Dr Catarina Jung<\/strong><br \/>\n<strong>Specialist in radiology<\/strong><\/p>\n<\/div><\/div><div class=\"w-separator size_custom\" style=\"height:1.5rem\"><\/div><\/div><\/div><div class=\"wpb_column vc_column_container us_custom_e21e87b0\"><div class=\"vc_column-inner\"><div class=\"w-separator size_custom\" style=\"height:0rem\" id=\"aead\"><style>@media(max-width:1024px){ #aead{height:2rem!important}}@media(max-width:600px){ #aead{height:2rem!important}}<\/style><\/div><div class=\"w-image us_custom_837d9be0 us_animate_this align_none\"><div class=\"w-image-h\"><img decoding=\"async\" width=\"1000\" height=\"800\" src=\"https:\/\/www.radiologie-dr-jung.de\/wp-content\/uploads\/2025\/12\/0214_Jung-Terminbuchung_01.jpg\" class=\"attachment-full size-full\" alt=\"MRI appointment Frankfurt\" loading=\"lazy\" srcset=\"https:\/\/www.radiologie-dr-jung.de\/wp-content\/uploads\/2025\/12\/0214_Jung-Terminbuchung_01.jpg 1000w, https:\/\/www.radiologie-dr-jung.de\/wp-content\/uploads\/2025\/12\/0214_Jung-Terminbuchung_01-300x240.jpg 300w, https:\/\/www.radiologie-dr-jung.de\/wp-content\/uploads\/2025\/12\/0214_Jung-Terminbuchung_01-50x40.jpg 50w, https:\/\/www.radiologie-dr-jung.de\/wp-content\/uploads\/2025\/12\/0214_Jung-Terminbuchung_01-70x56.jpg 70w\" sizes=\"auto, (max-width: 1000px) 100vw, 1000px\" \/><\/div><\/div><\/div><\/div><\/div><\/div><\/section><section class=\"l-section wpb_row us_custom_887a049b height_small\"><div class=\"l-section-h i-cf\"><div class=\"g-cols vc_row via_grid cols_1 laptops-cols_inherit tablets-cols_inherit mobiles-cols_1 valign_top type_default stacking_default\"><div class=\"wpb_column vc_column_container\"><div class=\"vc_column-inner\"><div class=\"wpb_text_column us_custom_59ffc91f us_animate_this\"><div class=\"wpb_wrapper\"><h2>Your advantages in our practice<\/h2>\n<\/div><\/div><div class=\"w-separator size_small\"><\/div><div class=\"w-separator size_custom\" style=\"height:0\" id=\"bae3\"><style>@media(max-width:1024px){ #bae3{height:2rem!important}}@media(max-width:600px){ #bae3{height:2rem!important}}<\/style><\/div><div class=\"w-separator us_custom_11d22d30 us_animate_this size_custom\" style=\"height:400px\"><\/div><div class=\"g-cols wpb_row us_custom_55ae7626 us_animate_this via_grid cols_3 laptops-cols_inherit tablets-cols_inherit mobiles-cols_1 valign_top type_default stacking_default\" style=\"--columns-gap:3rem;\"><div class=\"wpb_column vc_column_container\"><div class=\"vc_column-inner\"><div class=\"w-iconbox iconpos_left style_default color_primary align_left no_text no_title\"><div class=\"w-iconbox-icon\" style=\"font-size:4rem;\"><i class=\"fal fa-expand-arrows\"><\/i><\/div><div class=\"w-iconbox-meta\"><\/div><\/div><div class=\"wpb_text_column\"><div class=\"wpb_wrapper\"><h4>No claustrophobia<\/h4>\n<p>Through the <a href=\"https:\/\/www.radiologie-dr-jung.de\/en\/open-mrt-frankfurt\/\">Large opening<\/a> and the extremely short magnets of our scanner, many examinations can be performed in such a way that the head can remain outside the tube.<\/p>\n<\/div><\/div><\/div><\/div><div class=\"wpb_column vc_column_container\"><div class=\"vc_column-inner\"><div class=\"w-iconbox iconpos_left style_default color_primary align_left no_text no_title\"><div class=\"w-iconbox-icon\" style=\"font-size:4rem;\"><i class=\"fal fa-user-md\"><\/i><\/div><div class=\"w-iconbox-meta\"><\/div><\/div><div class=\"wpb_text_column\"><div class=\"wpb_wrapper\"><h4>Doctor's consultation after the examination<\/h4>\n<p>Directly after the examination, you will have a personal consultation with your <a href=\"https:\/\/www.radiologie-dr-jung.de\/en\/radiologist-frankfurt\/\">Specialist Dr Catarina Jung<\/a> who will explain the findings to you in detail.<\/p>\n<\/div><\/div><\/div><\/div><div class=\"wpb_column vc_column_container\"><div class=\"vc_column-inner\"><div class=\"w-iconbox iconpos_left style_default color_primary align_left no_text no_title\"><div class=\"w-iconbox-icon\" style=\"font-size:4rem;\"><i class=\"fal fa-comments\"><\/i><\/div><div class=\"w-iconbox-meta\"><\/div><\/div><div class=\"wpb_text_column\"><div class=\"wpb_wrapper\"><h4>Images directly available online<\/h4>\n<p>Immediately after the examination, the <a href=\"https:\/\/www.radiologie-dr-jung.de\/en\/view-mrt-images\/\">MRI images online<\/a> for viewing and\/or forwarding.<\/p>\n<\/div><\/div><\/div><\/div><\/div><div class=\"w-separator size_custom\" style=\"height:2rem\" id=\"k6fd\"><style><\/style><\/div><\/div><\/div><\/div><\/div><\/section><section class=\"l-section wpb_row us_custom_887a049b height_small\"><div class=\"l-section-h i-cf\"><div class=\"g-cols vc_row via_grid cols_1 laptops-cols_inherit tablets-cols_inherit mobiles-cols_1 valign_top type_default stacking_default\"><div class=\"wpb_column vc_column_container\"><div class=\"vc_column-inner\"><div class=\"wpb_text_column us_custom_59ffc91f us_animate_this\"><div class=\"wpb_wrapper\"><h2>Your private MRI practice in Frankfurt<\/h2>\n<p>I am personally available for your MRI examination at my private radiological practice Dr Catarina Jung in Haus Castanea in the heart of Frankfurt.<\/p>\n<\/div><\/div><div class=\"w-separator size_large\"><\/div><div class=\"w-separator size_custom\" style=\"height:0\" id=\"dd5d\"><style>@media(max-width:1024px){ #dd5d{height:2rem!important}}@media(max-width:600px){ #dd5d{height:2rem!important}}<\/style><\/div><div class=\"w-video us_custom_5fc1b9b8 us_animate_this align_none ratio_21x9 has_iframe\"><div class=\"w-video-h\"><iframe title=\"Youtube video player\" src=\"\/\/www.youtube.com\/embed\/Gu94zx4xlQQ?autoplay=0&controls=1&origin=https:\/\/www.radiologie-dr-jung.de\/en&loop=0&mute=0\" allowfullscreen=\"1\" loading=\"lazy\"><\/iframe><\/div><\/div><div class=\"w-separator size_custom\" style=\"height:2rem\" id=\"h183\"><style><\/style><\/div><\/div><\/div><\/div><\/div><\/section>","protected":false},"excerpt":{"rendered":"MRT-Termin Frankfurt Jetzt online anfragen! Liebe Patienten, Sie m\u00f6chten gerne zeitnah einen Termin f\u00fcr eine MRT-Untersuchung in unserer Praxis in Frankfurt am Main vereinbaren? Ihren n\u00e4chsten MRT-Termin in unserer Privatpraxis in Frankfurt k\u00f6nnen Sie gerne online anfragen: Bitte w\u00e4hlenPrivat versichertGesetzlich versichertBG Ich willige ein, dass meine Daten zur Kontaktaufnahme verarbeitet und gespeichert werden. Den Datenschutzhinweis...","protected":false},"author":2,"featured_media":1739,"parent":0,"menu_order":0,"comment_status":"closed","ping_status":"closed","template":"","meta":{"footnotes":""},"class_list":["post-1668","page","type-page","status-publish","has-post-thumbnail","hentry"],"yoast_head":"<!-- This site is optimized with the Yoast SEO plugin v27.3 - https:\/\/yoast.com\/product\/yoast-seo-wordpress\/ -->\n<title>MRT Termin in Frankfurt \u1405 Termin bequem online buchen<\/title>\n<meta name=\"description\" content=\"MRT Termin in Frankfurt \u2713 Termin bequem bei Doctena online buchen! Als MRT Praxis in Frankfurt bieten wir auch eine Online-Terminbuchung an.\" \/>\n<meta name=\"robots\" content=\"index, follow, max-snippet:-1, max-image-preview:large, max-video-preview:-1\" \/>\n<link rel=\"canonical\" href=\"https:\/\/www.radiologie-dr-jung.de\/en\/appointment-booking-socials\/\" \/>\n<meta property=\"og:locale\" content=\"en_GB\" \/>\n<meta property=\"og:type\" content=\"article\" \/>\n<meta property=\"og:title\" content=\"MRT Termin in Frankfurt \u1405 Termin bequem online buchen\" \/>\n<meta property=\"og:description\" content=\"MRT Termin in Frankfurt \u2713 Termin bequem bei Doctena online buchen! Als MRT Praxis in Frankfurt bieten wir auch eine Online-Terminbuchung an.\" \/>\n<meta property=\"og:url\" content=\"https:\/\/www.radiologie-dr-jung.de\/en\/appointment-booking-socials\/\" \/>\n<meta property=\"og:site_name\" content=\"Dr. Catarina Jung\" \/>\n<meta property=\"article:modified_time\" content=\"2026-01-18T14:58:27+00:00\" \/>\n<meta property=\"og:image\" content=\"https:\/\/www.radiologie-dr-jung.de\/wp-content\/uploads\/2025\/12\/0214_Jung-Terminbuchung_01.jpg\" \/>\n\t<meta property=\"og:image:width\" content=\"1000\" \/>\n\t<meta property=\"og:image:height\" content=\"800\" \/>\n\t<meta property=\"og:image:type\" content=\"image\/jpeg\" \/>\n<meta name=\"twitter:card\" content=\"summary_large_image\" \/>\n<meta name=\"twitter:label1\" content=\"Estimated reading time\" \/>\n\t<meta name=\"twitter:data1\" content=\"2 minutes\" \/>\n<script type=\"application\/ld+json\" class=\"yoast-schema-graph\">{\"@context\":\"https:\\\/\\\/schema.org\",\"@graph\":[{\"@type\":\"WebPage\",\"@id\":\"https:\\\/\\\/www.radiologie-dr-jung.de\\\/terminbuchung-socials\\\/\",\"url\":\"https:\\\/\\\/www.radiologie-dr-jung.de\\\/terminbuchung-socials\\\/\",\"name\":\"MRT Termin in Frankfurt \u1405 Termin bequem online buchen\",\"isPartOf\":{\"@id\":\"https:\\\/\\\/www.radiologie-dr-jung.de\\\/#website\"},\"primaryImageOfPage\":{\"@id\":\"https:\\\/\\\/www.radiologie-dr-jung.de\\\/terminbuchung-socials\\\/#primaryimage\"},\"image\":{\"@id\":\"https:\\\/\\\/www.radiologie-dr-jung.de\\\/terminbuchung-socials\\\/#primaryimage\"},\"thumbnailUrl\":\"https:\\\/\\\/www.radiologie-dr-jung.de\\\/wp-content\\\/uploads\\\/2025\\\/12\\\/0214_Jung-Terminbuchung_01.jpg\",\"datePublished\":\"2025-12-09T08:14:00+00:00\",\"dateModified\":\"2026-01-18T14:58:27+00:00\",\"description\":\"MRT Termin in Frankfurt \u2713 Termin bequem bei Doctena online buchen! Als MRT Praxis in Frankfurt bieten wir auch eine Online-Terminbuchung an.\",\"breadcrumb\":{\"@id\":\"https:\\\/\\\/www.radiologie-dr-jung.de\\\/terminbuchung-socials\\\/#breadcrumb\"},\"inLanguage\":\"en-GB\",\"potentialAction\":[{\"@type\":\"ReadAction\",\"target\":[\"https:\\\/\\\/www.radiologie-dr-jung.de\\\/terminbuchung-socials\\\/\"]}]},{\"@type\":\"ImageObject\",\"inLanguage\":\"en-GB\",\"@id\":\"https:\\\/\\\/www.radiologie-dr-jung.de\\\/terminbuchung-socials\\\/#primaryimage\",\"url\":\"https:\\\/\\\/www.radiologie-dr-jung.de\\\/wp-content\\\/uploads\\\/2025\\\/12\\\/0214_Jung-Terminbuchung_01.jpg\",\"contentUrl\":\"https:\\\/\\\/www.radiologie-dr-jung.de\\\/wp-content\\\/uploads\\\/2025\\\/12\\\/0214_Jung-Terminbuchung_01.jpg\",\"width\":1000,\"height\":800,\"caption\":\"MRT Termin Frankfurt\"},{\"@type\":\"BreadcrumbList\",\"@id\":\"https:\\\/\\\/www.radiologie-dr-jung.de\\\/terminbuchung-socials\\\/#breadcrumb\",\"itemListElement\":[{\"@type\":\"ListItem\",\"position\":1,\"name\":\"Startseite\",\"item\":\"https:\\\/\\\/www.radiologie-dr-jung.de\\\/\"},{\"@type\":\"ListItem\",\"position\":2,\"name\":\"Terminbuchung Socials\"}]},{\"@type\":\"WebSite\",\"@id\":\"https:\\\/\\\/www.radiologie-dr-jung.de\\\/#website\",\"url\":\"https:\\\/\\\/www.radiologie-dr-jung.de\\\/\",\"name\":\"Dr. Catarina Jung\",\"description\":\"Fach\u00e4rztin f\u00fcr Diagnostische Radiologie\",\"potentialAction\":[{\"@type\":\"SearchAction\",\"target\":{\"@type\":\"EntryPoint\",\"urlTemplate\":\"https:\\\/\\\/www.radiologie-dr-jung.de\\\/?s={search_term_string}\"},\"query-input\":{\"@type\":\"PropertyValueSpecification\",\"valueRequired\":true,\"valueName\":\"search_term_string\"}}],\"inLanguage\":\"en-GB\"}]}<\/script>\n<!-- \/ Yoast SEO plugin. -->","yoast_head_json":{"title":"MRI appointment in Frankfurt \u1405 Book an appointment conveniently online","description":"MRI appointment in Frankfurt \u2713 Book your appointment conveniently online at Doctena! As an MRI practice in Frankfurt, we also offer online appointment booking.","robots":{"index":"index","follow":"follow","max-snippet":"max-snippet:-1","max-image-preview":"max-image-preview:large","max-video-preview":"max-video-preview:-1"},"canonical":"https:\/\/www.radiologie-dr-jung.de\/en\/appointment-booking-socials\/","og_locale":"en_GB","og_type":"article","og_title":"MRT Termin in Frankfurt \u1405 Termin bequem online buchen","og_description":"MRT Termin in Frankfurt \u2713 Termin bequem bei Doctena online buchen! Als MRT Praxis in Frankfurt bieten wir auch eine Online-Terminbuchung an.","og_url":"https:\/\/www.radiologie-dr-jung.de\/en\/appointment-booking-socials\/","og_site_name":"Dr. Catarina Jung","article_modified_time":"2026-01-18T14:58:27+00:00","og_image":[{"width":1000,"height":800,"url":"https:\/\/www.radiologie-dr-jung.de\/wp-content\/uploads\/2025\/12\/0214_Jung-Terminbuchung_01.jpg","type":"image\/jpeg"}],"twitter_card":"summary_large_image","twitter_misc":{"Estimated reading time":"2 minutes"},"schema":{"@context":"https:\/\/schema.org","@graph":[{"@type":"WebPage","@id":"https:\/\/www.radiologie-dr-jung.de\/terminbuchung-socials\/","url":"https:\/\/www.radiologie-dr-jung.de\/terminbuchung-socials\/","name":"MRI appointment in Frankfurt \u1405 Book an appointment conveniently online","isPartOf":{"@id":"https:\/\/www.radiologie-dr-jung.de\/#website"},"primaryImageOfPage":{"@id":"https:\/\/www.radiologie-dr-jung.de\/terminbuchung-socials\/#primaryimage"},"image":{"@id":"https:\/\/www.radiologie-dr-jung.de\/terminbuchung-socials\/#primaryimage"},"thumbnailUrl":"https:\/\/www.radiologie-dr-jung.de\/wp-content\/uploads\/2025\/12\/0214_Jung-Terminbuchung_01.jpg","datePublished":"2025-12-09T08:14:00+00:00","dateModified":"2026-01-18T14:58:27+00:00","description":"MRI appointment in Frankfurt \u2713 Book your appointment conveniently online at Doctena! As an MRI practice in Frankfurt, we also offer online appointment booking.","breadcrumb":{"@id":"https:\/\/www.radiologie-dr-jung.de\/terminbuchung-socials\/#breadcrumb"},"inLanguage":"en-GB","potentialAction":[{"@type":"ReadAction","target":["https:\/\/www.radiologie-dr-jung.de\/terminbuchung-socials\/"]}]},{"@type":"ImageObject","inLanguage":"en-GB","@id":"https:\/\/www.radiologie-dr-jung.de\/terminbuchung-socials\/#primaryimage","url":"https:\/\/www.radiologie-dr-jung.de\/wp-content\/uploads\/2025\/12\/0214_Jung-Terminbuchung_01.jpg","contentUrl":"https:\/\/www.radiologie-dr-jung.de\/wp-content\/uploads\/2025\/12\/0214_Jung-Terminbuchung_01.jpg","width":1000,"height":800,"caption":"MRT Termin Frankfurt"},{"@type":"BreadcrumbList","@id":"https:\/\/www.radiologie-dr-jung.de\/terminbuchung-socials\/#breadcrumb","itemListElement":[{"@type":"ListItem","position":1,"name":"Startseite","item":"https:\/\/www.radiologie-dr-jung.de\/"},{"@type":"ListItem","position":2,"name":"Terminbuchung Socials"}]},{"@type":"WebSite","@id":"https:\/\/www.radiologie-dr-jung.de\/#website","url":"https:\/\/www.radiologie-dr-jung.de\/","name":"Dr Catarina Jung","description":"Specialist in diagnostic radiology","potentialAction":[{"@type":"SearchAction","target":{"@type":"EntryPoint","urlTemplate":"https:\/\/www.radiologie-dr-jung.de\/?s={search_term_string}"},"query-input":{"@type":"PropertyValueSpecification","valueRequired":true,"valueName":"search_term_string"}}],"inLanguage":"en-GB"}]}},"_links":{"self":[{"href":"https:\/\/www.radiologie-dr-jung.de\/en\/wp-json\/wp\/v2\/pages\/1668","targetHints":{"allow":["GET"]}}],"collection":[{"href":"https:\/\/www.radiologie-dr-jung.de\/en\/wp-json\/wp\/v2\/pages"}],"about":[{"href":"https:\/\/www.radiologie-dr-jung.de\/en\/wp-json\/wp\/v2\/types\/page"}],"author":[{"embeddable":true,"href":"https:\/\/www.radiologie-dr-jung.de\/en\/wp-json\/wp\/v2\/users\/2"}],"replies":[{"embeddable":true,"href":"https:\/\/www.radiologie-dr-jung.de\/en\/wp-json\/wp\/v2\/comments?post=1668"}],"version-history":[{"count":7,"href":"https:\/\/www.radiologie-dr-jung.de\/en\/wp-json\/wp\/v2\/pages\/1668\/revisions"}],"predecessor-version":[{"id":1773,"href":"https:\/\/www.radiologie-dr-jung.de\/en\/wp-json\/wp\/v2\/pages\/1668\/revisions\/1773"}],"wp:featuredmedia":[{"embeddable":true,"href":"https:\/\/www.radiologie-dr-jung.de\/en\/wp-json\/wp\/v2\/media\/1739"}],"wp:attachment":[{"href":"https:\/\/www.radiologie-dr-jung.de\/en\/wp-json\/wp\/v2\/media?parent=1668"}],"curies":[{"name":"wp","href":"https:\/\/api.w.org\/{rel}","templated":true}]}}