{"id":1484,"date":"2025-12-05T13:45:35","date_gmt":"2025-12-05T12:45:35","guid":{"rendered":"https:\/\/www.radiologie-dr-jung.de\/?page_id=1484"},"modified":"2026-02-20T18:52:53","modified_gmt":"2026-02-20T17:52:53","slug":"mrt-with-tattoo","status":"publish","type":"page","link":"https:\/\/www.radiologie-dr-jung.de\/en\/mrt-mit-tattoo\/","title":{"rendered":"\u1405 MRI with tattoo"},"content":{"rendered":"<section class=\"l-section wpb_row height_small\"><div class=\"l-section-h i-cf\"><div class=\"g-cols vc_row via_grid cols_2 laptops-cols_inherit tablets-cols_inherit mobiles-cols_1 valign_top type_default stacking_default\" style=\"--columns-gap:0rem;\"><div class=\"wpb_column vc_column_container\"><div class=\"vc_column-inner\"><div class=\"wpb_text_column us_custom_7d39fe36 us_animate_this\"><div class=\"wpb_wrapper\"><h1>MRI Tattoo<\/h1>\n<h6>Is an MRI scan with a tattoo safe?<\/h6>\n<\/div><\/div><div class=\"w-separator size_custom\" style=\"height:2rem\"><\/div><div class=\"wpb_text_column us_custom_5d8e9ec2 us_animate_this\"><div class=\"wpb_wrapper\"><p>While many years ago, tattoos tended to be relegated to the \u201edirty corner\u201c, attitudes towards them have changed considerably: Tattoos are more trendy than ever. They are considered an art form and have almost become a must-have for many people. But as beautiful and attractive as the body jewellery is, the colours used can contain iron (or small traces of it).<\/p>\n<p>Since an MRI is a diagnostic procedure based on a strong magnetic field, many patients ask themselves: \u201eCan I have an MRI with a tattoo? Is there any risk of damage to my body or the tattoo? And how will my tattoo affect the results of the examination?\u201c We answer these questions on this page.<\/p>\n<\/div><\/div><div class=\"w-separator size_custom\" style=\"height:1.5rem\"><\/div><\/div><\/div><div class=\"wpb_column vc_column_container us_custom_e21e87b0\"><div class=\"vc_column-inner\"><div class=\"w-separator size_custom\" style=\"height:0rem\" id=\"e52e\"><style>@media(max-width:1024px){ #e52e{height:2rem!important}}@media(max-width:600px){ #e52e{height:2rem!important}}<\/style><\/div><div class=\"w-image us_custom_f90cf93a us_animate_this align_none\"><div class=\"w-image-h\"><img decoding=\"async\" width=\"1000\" height=\"800\" src=\"https:\/\/www.radiologie-dr-jung.de\/wp-content\/uploads\/2025\/12\/0214_MRT-Tattoo_01.jpg\" class=\"attachment-full size-full\" alt=\"MRI with tattoo\" loading=\"lazy\" srcset=\"https:\/\/www.radiologie-dr-jung.de\/wp-content\/uploads\/2025\/12\/0214_MRT-Tattoo_01.jpg 1000w, https:\/\/www.radiologie-dr-jung.de\/wp-content\/uploads\/2025\/12\/0214_MRT-Tattoo_01-300x240.jpg 300w, https:\/\/www.radiologie-dr-jung.de\/wp-content\/uploads\/2025\/12\/0214_MRT-Tattoo_01-50x40.jpg 50w, https:\/\/www.radiologie-dr-jung.de\/wp-content\/uploads\/2025\/12\/0214_MRT-Tattoo_01-70x56.jpg 70w\" sizes=\"auto, (max-width: 1000px) 100vw, 1000px\" \/><\/div><\/div><\/div><\/div><\/div><\/div><\/section><section class=\"l-section wpb_row height_small\"><div class=\"l-section-h i-cf\"><div class=\"g-cols vc_row via_grid cols_2 laptops-cols_inherit tablets-cols_inherit mobiles-cols_1 valign_top type_default reversed stacking_default\" style=\"--columns-gap:0rem;\"><div class=\"wpb_column vc_column_container us_custom_633a3c77 type_sticky\"><div class=\"vc_column-inner\"><div class=\"w-image us_custom_b42782a4 us_animate_this align_none\"><div class=\"w-image-h\"><img decoding=\"async\" width=\"800\" height=\"1000\" src=\"https:\/\/www.radiologie-dr-jung.de\/wp-content\/uploads\/2025\/12\/0214_Jung-Impressionen_09.jpg\" class=\"attachment-full size-full\" alt=\"MRI with tattoo\" loading=\"lazy\" srcset=\"https:\/\/www.radiologie-dr-jung.de\/wp-content\/uploads\/2025\/12\/0214_Jung-Impressionen_09.jpg 800w, https:\/\/www.radiologie-dr-jung.de\/wp-content\/uploads\/2025\/12\/0214_Jung-Impressionen_09-240x300.jpg 240w, https:\/\/www.radiologie-dr-jung.de\/wp-content\/uploads\/2025\/12\/0214_Jung-Impressionen_09-40x50.jpg 40w, https:\/\/www.radiologie-dr-jung.de\/wp-content\/uploads\/2025\/12\/0214_Jung-Impressionen_09-56x70.jpg 56w\" sizes=\"auto, (max-width: 800px) 100vw, 800px\" \/><\/div><\/div><div class=\"w-separator hide_on_default hide_on_laptops hide_on_tablets size_custom\" style=\"height:0\" id=\"g243\"><style>@media(max-width:1024px){ #g243{height:0rem!important}}@media(max-width:600px){ #g243{height:0rem!important}}<\/style><\/div><\/div><\/div><div class=\"wpb_column vc_column_container\"><div class=\"vc_column-inner\"><div class=\"wpb_text_column us_custom_5d8e9ec2 us_animate_this\"><div class=\"wpb_wrapper\"><h4>MRI can be done with tattoo<\/h4>\n<p>In principle, magnetic resonance imaging can be carried out on people who have tattoos without any problems. However, to be on the safe side, some aspects should be discussed with the registration centre before the examination. <a href=\"https:\/\/www.radiologie-dr-jung.de\/en\/\">Radiological private practice<\/a> from <a href=\"https:\/\/www.radiologie-dr-jung.de\/en\/radiologist-frankfurt\/\">Dr Catarina Jung<\/a> be discussed.<\/p>\n<h6>Tattoo colours used<\/h6>\n<p>It is important that you inform us about the ingredients of your tattoo colours. Older tattoos (before 1990) may have been inked with colours that contain magnetically active ingredients (e.g. iron carbonates, iron hydroxide, iron oxide). Since the 1990s, colours have been used in Germany that generally contain few to no magnetic ingredients and are therefore suitable for MRI. However, the use of magnetic substances is not prohibited. This means that magnetic substances can still be found in certain colours - albeit in very small quantities: These include iron hydroxide and iron carbonate in white, iron oxide in red and iron ammonium ferrocyanide in blue. The colours red, white and black can therefore cause problems in rare cases during MRI examinations.<\/p>\n<h6>Localisation and size of the tattoo<\/h6>\n<p>Furthermore, the location and size of your tattoo may limit the success of the MRI scan. Tattoos that are located in the area of the body part to be examined can in certain cases lead to interference with the imaging. The situation is similar with particularly large tattoos that are located in the area of the body to be examined. Accordingly, tattoos that are located on a completely different part of the body are completely unproblematic. This means, for example, that a decorative image on the upper arm does not restrict the MRI in any way if it is carried out on the knee.<\/p>\n<h4>MRI does not damage the tattoo (exception: freshly engraved tattoos)<\/h4>\n<p>If you have to undergo an MRI scan, you do not need to worry that this will affect the look and texture of your tattoo: an MRI scan is not harmful to your tattoo. There are no consequences or negative effects to fear.<\/p>\n<p>However, care should be taken with newly engraved tattoos. During the first six weeks after the \u201ecut-off date\u201c, an MRI examination should be avoided if possible. During tattooing, superficial skin cells and cell-to-cell contact are temporarily damaged or impaired. Therefore, freshly tattooed colours may run due to the magnetic field.<\/p>\n<h4>Risk of skin burns in people with tattoos in MRI?<\/h4>\n<p>Theoretically, the alignment of magnetic substances in the tattoos during the MRI examination can cause superficial first-degree burns to the skin. However, this is extremely rare.<\/p>\n<p>To prevent this from happening, we give the patient a push button in their hand during the examination. They can press this at any time if they feel a warming sensation. This cancels the examination. A burn does not usually develop immediately, but the patient can feel it. This allows the patient to react in good time if the worst comes to the worst.<\/p>\n<\/div><\/div><div class=\"w-separator hide_on_default hide_on_laptops hide_on_tablets size_custom\" style=\"height:0\" id=\"y59b\"><style>@media(max-width:1024px){ #y59b{height:2rem!important}}@media(max-width:600px){ #y59b{height:4rem!important}}<\/style><\/div><\/div><\/div><\/div><\/div><\/section><section class=\"l-section wpb_row height_small\"><div class=\"l-section-h i-cf\"><div class=\"g-cols vc_row via_grid cols_2 laptops-cols_inherit tablets-cols_inherit mobiles-cols_1 valign_top type_default stacking_default\" style=\"--columns-gap:0rem;\"><div class=\"wpb_column vc_column_container\"><div class=\"vc_column-inner\"><div class=\"wpb_text_column us_custom_96f8c16e us_animate_this\"><div class=\"wpb_wrapper\"><h4>Study on tattoos in MRI: Only 2 out of 330 test subjects with tattoos had side effects<\/h4>\n<p>In a study conducted by Nikolaus Weiskopf (now Director at the Max Planck Institute for Human Cognitive and Brain Sciences in Leipzig) and his London colleague Martina Callaghan, the focus was on the question of whether tattoos are dangerous in MRI. The study was conducted over several years and the results were published in the New England Journal of Medicine at the beginning of 2019.<\/p>\n<p>A total of 330 people with 932 tattoos took part in the study. Patients whose individual tattoos were longer than 20 cm and whose tattoos covered more than five per cent of their body surface were excluded from the study. Furthermore, subjects who had tattoos on their head, neck and\/or genitals were not allowed to take part in the study. This naturally limits the significance of the study, but the scientists wanted to be on the safe side.<\/p>\n<p>Before patients are admitted to the <a href=\"https:\/\/www.radiologie-dr-jung.de\/en\/open-mrt-frankfurt\/\">MRI tube<\/a> the research team recorded the exact size of the individual tattoos, where they were located, which colours were used and which country the body artwork came from. The patients were then examined using powerful three Tesla MRI machines. This is a level of power that is used in many clinics (for comparison: the device in our <a href=\"https:\/\/www.radiologie-dr-jung.de\/en\/mrt-in-frankfurt\/\">MRI practice in Frankfurt<\/a> works with a 1.5 Tesla high-field system).<\/p>\n<p>The result: only two of the 330 test subjects with tattoos showed side effects. One reported a slight tingling sensation, the other noticed warming and a feeling of tension, whereupon the examination was cancelled. The patient recovered within a day without any signs of burning.<\/p>\n<p>The research team explains this effect by the high-frequency field used in MRI to generate the images. This usually has a frequency of a few hundred megahertz. This allows resonance lengths of conductive structures to be achieved that roughly correspond to the length of a tattoo. Here, the tattoo can absorb a lot of the energy from this high-frequency field, which would normally be distributed over a wider area.<\/p>\n<p>Nevertheless, the majority of the tattooed test subjects did not experience any side effects in the MRI. The undesirable side effects that affected two people are to be regarded as isolated cases.<\/p>\n<h4>MRI Frankfurt<\/h4>\n<p>Conclusion: In most cases, an MRI can also be carried out on people with tattoos without any side effects or restrictions. However, please talk to us about your tattoo before the examination.<\/p>\n<p>We are recognised as a specialist practice for <a href=\"https:\/\/www.radiologie-dr-jung.de\/en\/\">Radiology in Frankfurt<\/a> and offer state-of-the-art technology. The MRI machine that we use for the examination has a tube diameter of 70 cm. This is much wider than conventional devices. MoodLight illumination and customised music ensure a pleasant atmosphere during the examination.<\/p>\n<\/div><\/div><\/div><\/div><div class=\"wpb_column vc_column_container us_custom_af54450f type_sticky\"><div class=\"vc_column-inner\"><div class=\"w-separator size_custom\" style=\"height:0rem\" id=\"hd32\"><style>@media(max-width:1024px){ #hd32{height:2rem!important}}@media(max-width:600px){ #hd32{height:4rem!important}}<\/style><\/div><div class=\"w-image us_custom_d0aaf76f us_animate_this align_none\"><div class=\"w-image-h\"><img decoding=\"async\" width=\"1000\" height=\"800\" src=\"https:\/\/www.radiologie-dr-jung.de\/wp-content\/uploads\/2025\/12\/0214_Jung-Impressionen_15.jpg\" class=\"attachment-full size-full\" alt=\"MRI with tattoo\" loading=\"lazy\" srcset=\"https:\/\/www.radiologie-dr-jung.de\/wp-content\/uploads\/2025\/12\/0214_Jung-Impressionen_15.jpg 1000w, https:\/\/www.radiologie-dr-jung.de\/wp-content\/uploads\/2025\/12\/0214_Jung-Impressionen_15-300x240.jpg 300w, https:\/\/www.radiologie-dr-jung.de\/wp-content\/uploads\/2025\/12\/0214_Jung-Impressionen_15-50x40.jpg 50w, https:\/\/www.radiologie-dr-jung.de\/wp-content\/uploads\/2025\/12\/0214_Jung-Impressionen_15-70x56.jpg 70w\" sizes=\"auto, (max-width: 1000px) 100vw, 1000px\" \/><\/div><\/div><div class=\"w-separator size_custom\" style=\"height:4rem\" id=\"m1db\"><style>@media(max-width:1024px){ #m1db{height:2rem!important}}@media(max-width:600px){ #m1db{height:2rem!important}}<\/style><\/div><\/div><\/div><\/div><\/div><\/section>","protected":false},"excerpt":{"rendered":"MRT Tattoo Ist die MRT-Untersuchung mit Tattoo unbedenklich? W\u00e4hrend ein Tattoo vor vielen Jahren noch eher in die \u201eSchmuddelecke\u201c geschoben wurde, so hat sich die Einstellung dazu deutlich ge\u00e4ndert: T\u00e4towierungen liegen mehr im Trend denn je. Sie gelten als Kunstform und sind f\u00fcr viele Personen fast schon ein Must-have geworden. Doch so sch\u00f6n und attraktiv...","protected":false},"author":2,"featured_media":1778,"parent":0,"menu_order":0,"comment_status":"closed","ping_status":"closed","template":"","meta":{"footnotes":""},"class_list":["post-1484","page","type-page","status-publish","has-post-thumbnail","hentry"],"yoast_head":"<!-- This site is optimized with the Yoast SEO plugin v27.3 - https:\/\/yoast.com\/product\/yoast-seo-wordpress\/ -->\n<title>MRT mit Tattoo \u2013 ist das unbedenklich? \u1405 MRT Frankfurt<\/title>\n<meta name=\"description\" content=\"MRT mit Tattoo \u2713 Da ein MRT auf einem starken Magnetfeld beruht, stellen sich t\u00e4ttowierte Patienten viele Fragen.\" \/>\n<meta name=\"robots\" content=\"index, follow, max-snippet:-1, max-image-preview:large, max-video-preview:-1\" \/>\n<link rel=\"canonical\" href=\"https:\/\/www.radiologie-dr-jung.de\/en\/mrt-with-tattoo\/\" \/>\n<meta property=\"og:locale\" content=\"en_GB\" \/>\n<meta property=\"og:type\" content=\"article\" \/>\n<meta property=\"og:title\" content=\"MRT mit Tattoo \u2013 ist das unbedenklich? \u1405 MRT Frankfurt\" \/>\n<meta property=\"og:description\" content=\"MRT mit Tattoo \u2713 Da ein MRT auf einem starken Magnetfeld beruht, stellen sich t\u00e4ttowierte Patienten viele Fragen.\" \/>\n<meta property=\"og:url\" content=\"https:\/\/www.radiologie-dr-jung.de\/en\/mrt-with-tattoo\/\" \/>\n<meta property=\"og:site_name\" content=\"Dr. Catarina Jung\" \/>\n<meta property=\"article:modified_time\" content=\"2026-02-20T17:52:53+00:00\" \/>\n<meta property=\"og:image\" content=\"https:\/\/www.radiologie-dr-jung.de\/wp-content\/uploads\/2025\/12\/0214_MRT-Tattoo_01.jpg\" \/>\n\t<meta property=\"og:image:width\" content=\"1000\" \/>\n\t<meta property=\"og:image:height\" content=\"800\" \/>\n\t<meta property=\"og:image:type\" content=\"image\/jpeg\" \/>\n<meta name=\"twitter:card\" content=\"summary_large_image\" \/>\n<meta name=\"twitter:label1\" content=\"Estimated reading time\" \/>\n\t<meta name=\"twitter:data1\" content=\"6 minutes\" \/>\n<script type=\"application\/ld+json\" class=\"yoast-schema-graph\">{\"@context\":\"https:\\\/\\\/schema.org\",\"@graph\":[{\"@type\":\"WebPage\",\"@id\":\"https:\\\/\\\/www.radiologie-dr-jung.de\\\/mrt-mit-tattoo\\\/\",\"url\":\"https:\\\/\\\/www.radiologie-dr-jung.de\\\/mrt-mit-tattoo\\\/\",\"name\":\"MRT mit Tattoo \u2013 ist das unbedenklich? \u1405 MRT Frankfurt\",\"isPartOf\":{\"@id\":\"https:\\\/\\\/www.radiologie-dr-jung.de\\\/#website\"},\"primaryImageOfPage\":{\"@id\":\"https:\\\/\\\/www.radiologie-dr-jung.de\\\/mrt-mit-tattoo\\\/#primaryimage\"},\"image\":{\"@id\":\"https:\\\/\\\/www.radiologie-dr-jung.de\\\/mrt-mit-tattoo\\\/#primaryimage\"},\"thumbnailUrl\":\"https:\\\/\\\/www.radiologie-dr-jung.de\\\/wp-content\\\/uploads\\\/2025\\\/12\\\/0214_MRT-Tattoo_01.jpg\",\"datePublished\":\"2025-12-05T12:45:35+00:00\",\"dateModified\":\"2026-02-20T17:52:53+00:00\",\"description\":\"MRT mit Tattoo \u2713 Da ein MRT auf einem starken Magnetfeld beruht, stellen sich t\u00e4ttowierte Patienten viele Fragen.\",\"breadcrumb\":{\"@id\":\"https:\\\/\\\/www.radiologie-dr-jung.de\\\/mrt-mit-tattoo\\\/#breadcrumb\"},\"inLanguage\":\"en-GB\",\"potentialAction\":[{\"@type\":\"ReadAction\",\"target\":[\"https:\\\/\\\/www.radiologie-dr-jung.de\\\/mrt-mit-tattoo\\\/\"]}]},{\"@type\":\"ImageObject\",\"inLanguage\":\"en-GB\",\"@id\":\"https:\\\/\\\/www.radiologie-dr-jung.de\\\/mrt-mit-tattoo\\\/#primaryimage\",\"url\":\"https:\\\/\\\/www.radiologie-dr-jung.de\\\/wp-content\\\/uploads\\\/2025\\\/12\\\/0214_MRT-Tattoo_01.jpg\",\"contentUrl\":\"https:\\\/\\\/www.radiologie-dr-jung.de\\\/wp-content\\\/uploads\\\/2025\\\/12\\\/0214_MRT-Tattoo_01.jpg\",\"width\":1000,\"height\":800,\"caption\":\"MRT mit Tattoo\"},{\"@type\":\"BreadcrumbList\",\"@id\":\"https:\\\/\\\/www.radiologie-dr-jung.de\\\/mrt-mit-tattoo\\\/#breadcrumb\",\"itemListElement\":[{\"@type\":\"ListItem\",\"position\":1,\"name\":\"Startseite\",\"item\":\"https:\\\/\\\/www.radiologie-dr-jung.de\\\/\"},{\"@type\":\"ListItem\",\"position\":2,\"name\":\"\u1405 MRT mit Tattoo\"}]},{\"@type\":\"WebSite\",\"@id\":\"https:\\\/\\\/www.radiologie-dr-jung.de\\\/#website\",\"url\":\"https:\\\/\\\/www.radiologie-dr-jung.de\\\/\",\"name\":\"Dr. Catarina Jung\",\"description\":\"Fach\u00e4rztin f\u00fcr Diagnostische Radiologie\",\"potentialAction\":[{\"@type\":\"SearchAction\",\"target\":{\"@type\":\"EntryPoint\",\"urlTemplate\":\"https:\\\/\\\/www.radiologie-dr-jung.de\\\/?s={search_term_string}\"},\"query-input\":{\"@type\":\"PropertyValueSpecification\",\"valueRequired\":true,\"valueName\":\"search_term_string\"}}],\"inLanguage\":\"en-GB\"}]}<\/script>\n<!-- \/ Yoast SEO plugin. -->","yoast_head_json":{"title":"MRI with a tattoo - is it safe? \u1405 MRI Frankfurt","description":"MRI with tattoo \u2713 Since an MRI is based on a strong magnetic field, tattooed patients have many questions.","robots":{"index":"index","follow":"follow","max-snippet":"max-snippet:-1","max-image-preview":"max-image-preview:large","max-video-preview":"max-video-preview:-1"},"canonical":"https:\/\/www.radiologie-dr-jung.de\/en\/mrt-with-tattoo\/","og_locale":"en_GB","og_type":"article","og_title":"MRT mit Tattoo \u2013 ist das unbedenklich? \u1405 MRT Frankfurt","og_description":"MRT mit Tattoo \u2713 Da ein MRT auf einem starken Magnetfeld beruht, stellen sich t\u00e4ttowierte Patienten viele Fragen.","og_url":"https:\/\/www.radiologie-dr-jung.de\/en\/mrt-with-tattoo\/","og_site_name":"Dr. Catarina Jung","article_modified_time":"2026-02-20T17:52:53+00:00","og_image":[{"width":1000,"height":800,"url":"https:\/\/www.radiologie-dr-jung.de\/wp-content\/uploads\/2025\/12\/0214_MRT-Tattoo_01.jpg","type":"image\/jpeg"}],"twitter_card":"summary_large_image","twitter_misc":{"Estimated reading time":"6 minutes"},"schema":{"@context":"https:\/\/schema.org","@graph":[{"@type":"WebPage","@id":"https:\/\/www.radiologie-dr-jung.de\/mrt-mit-tattoo\/","url":"https:\/\/www.radiologie-dr-jung.de\/mrt-mit-tattoo\/","name":"MRI with a tattoo - is it safe? \u1405 MRI Frankfurt","isPartOf":{"@id":"https:\/\/www.radiologie-dr-jung.de\/#website"},"primaryImageOfPage":{"@id":"https:\/\/www.radiologie-dr-jung.de\/mrt-mit-tattoo\/#primaryimage"},"image":{"@id":"https:\/\/www.radiologie-dr-jung.de\/mrt-mit-tattoo\/#primaryimage"},"thumbnailUrl":"https:\/\/www.radiologie-dr-jung.de\/wp-content\/uploads\/2025\/12\/0214_MRT-Tattoo_01.jpg","datePublished":"2025-12-05T12:45:35+00:00","dateModified":"2026-02-20T17:52:53+00:00","description":"MRI with tattoo \u2713 Since an MRI is based on a strong magnetic field, tattooed patients have many questions.","breadcrumb":{"@id":"https:\/\/www.radiologie-dr-jung.de\/mrt-mit-tattoo\/#breadcrumb"},"inLanguage":"en-GB","potentialAction":[{"@type":"ReadAction","target":["https:\/\/www.radiologie-dr-jung.de\/mrt-mit-tattoo\/"]}]},{"@type":"ImageObject","inLanguage":"en-GB","@id":"https:\/\/www.radiologie-dr-jung.de\/mrt-mit-tattoo\/#primaryimage","url":"https:\/\/www.radiologie-dr-jung.de\/wp-content\/uploads\/2025\/12\/0214_MRT-Tattoo_01.jpg","contentUrl":"https:\/\/www.radiologie-dr-jung.de\/wp-content\/uploads\/2025\/12\/0214_MRT-Tattoo_01.jpg","width":1000,"height":800,"caption":"MRT mit Tattoo"},{"@type":"BreadcrumbList","@id":"https:\/\/www.radiologie-dr-jung.de\/mrt-mit-tattoo\/#breadcrumb","itemListElement":[{"@type":"ListItem","position":1,"name":"Startseite","item":"https:\/\/www.radiologie-dr-jung.de\/"},{"@type":"ListItem","position":2,"name":"\u1405 MRT mit Tattoo"}]},{"@type":"WebSite","@id":"https:\/\/www.radiologie-dr-jung.de\/#website","url":"https:\/\/www.radiologie-dr-jung.de\/","name":"Dr Catarina Jung","description":"Specialist in diagnostic radiology","potentialAction":[{"@type":"SearchAction","target":{"@type":"EntryPoint","urlTemplate":"https:\/\/www.radiologie-dr-jung.de\/?s={search_term_string}"},"query-input":{"@type":"PropertyValueSpecification","valueRequired":true,"valueName":"search_term_string"}}],"inLanguage":"en-GB"}]}},"_links":{"self":[{"href":"https:\/\/www.radiologie-dr-jung.de\/en\/wp-json\/wp\/v2\/pages\/1484","targetHints":{"allow":["GET"]}}],"collection":[{"href":"https:\/\/www.radiologie-dr-jung.de\/en\/wp-json\/wp\/v2\/pages"}],"about":[{"href":"https:\/\/www.radiologie-dr-jung.de\/en\/wp-json\/wp\/v2\/types\/page"}],"author":[{"embeddable":true,"href":"https:\/\/www.radiologie-dr-jung.de\/en\/wp-json\/wp\/v2\/users\/2"}],"replies":[{"embeddable":true,"href":"https:\/\/www.radiologie-dr-jung.de\/en\/wp-json\/wp\/v2\/comments?post=1484"}],"version-history":[{"count":10,"href":"https:\/\/www.radiologie-dr-jung.de\/en\/wp-json\/wp\/v2\/pages\/1484\/revisions"}],"predecessor-version":[{"id":2289,"href":"https:\/\/www.radiologie-dr-jung.de\/en\/wp-json\/wp\/v2\/pages\/1484\/revisions\/2289"}],"wp:featuredmedia":[{"embeddable":true,"href":"https:\/\/www.radiologie-dr-jung.de\/en\/wp-json\/wp\/v2\/media\/1778"}],"wp:attachment":[{"href":"https:\/\/www.radiologie-dr-jung.de\/en\/wp-json\/wp\/v2\/media?parent=1484"}],"curies":[{"name":"wp","href":"https:\/\/api.w.org\/{rel}","templated":true}]}}