{"id":1456,"date":"2025-12-05T13:15:05","date_gmt":"2025-12-05T12:15:05","guid":{"rendered":"https:\/\/www.radiologie-dr-jung.de\/?page_id=1456"},"modified":"2026-02-07T16:25:37","modified_gmt":"2026-02-07T15:25:37","slug":"mrt-pregnancy","status":"publish","type":"page","link":"https:\/\/www.radiologie-dr-jung.de\/en\/mrt-schwangerschaft\/","title":{"rendered":"\u1405 MRI pregnancy"},"content":{"rendered":"<section class=\"l-section wpb_row height_small\"><div class=\"l-section-h i-cf\"><div class=\"g-cols vc_row via_grid cols_2 laptops-cols_inherit tablets-cols_inherit mobiles-cols_1 valign_top type_default stacking_default\" style=\"--columns-gap:0rem;\"><div class=\"wpb_column vc_column_container\"><div class=\"vc_column-inner\"><div class=\"wpb_text_column us_custom_7d39fe36 us_animate_this\"><div class=\"wpb_wrapper\"><h1>MRI pregnancy<\/h1>\n<h6>Is an MRI scan possible during pregnancy?<\/h6>\n<\/div><\/div><div class=\"w-separator size_custom\" style=\"height:2rem\"><\/div><div class=\"wpb_text_column us_custom_5d8e9ec2 us_animate_this\"><div class=\"wpb_wrapper\"><p>During pregnancy, the health of mother and child is the top priority. On the one hand, many rules and behaviours must be followed, e.g. a special diet or abstaining from nicotine and alcohol, and on the other hand, the pregnant woman must attend a wide range of appointments for preventive care and check-ups.<\/p>\n<p>But what if there is something wrong with the woman's body and the findings are confirmed by means of a <b>MRI<\/b>\u2013<b>Investigation <\/b>needs to be clarified? Is the <b>Magnetic resonance imaging\u00a0<\/b>(also: magnetic resonance imaging) harmful to the embryo?<\/p>\n<\/div><\/div><div class=\"w-separator size_custom\" style=\"height:1.5rem\"><\/div><\/div><\/div><div class=\"wpb_column vc_column_container us_custom_e21e87b0\"><div class=\"vc_column-inner\"><div class=\"w-separator size_custom\" style=\"height:0rem\" id=\"e300\"><style>@media(max-width:1024px){ #e300{height:2rem!important}}@media(max-width:600px){ #e300{height:2rem!important}}<\/style><\/div><div class=\"w-image us_custom_f90cf93a us_animate_this align_none\"><div class=\"w-image-h\"><img decoding=\"async\" width=\"1000\" height=\"800\" src=\"https:\/\/www.radiologie-dr-jung.de\/wp-content\/uploads\/2025\/12\/0214_MRT-Schwangerschaft_01.jpg\" class=\"attachment-full size-full\" alt=\"MRI pregnancy\" loading=\"lazy\" srcset=\"https:\/\/www.radiologie-dr-jung.de\/wp-content\/uploads\/2025\/12\/0214_MRT-Schwangerschaft_01.jpg 1000w, https:\/\/www.radiologie-dr-jung.de\/wp-content\/uploads\/2025\/12\/0214_MRT-Schwangerschaft_01-300x240.jpg 300w, https:\/\/www.radiologie-dr-jung.de\/wp-content\/uploads\/2025\/12\/0214_MRT-Schwangerschaft_01-50x40.jpg 50w, https:\/\/www.radiologie-dr-jung.de\/wp-content\/uploads\/2025\/12\/0214_MRT-Schwangerschaft_01-70x56.jpg 70w\" sizes=\"auto, (max-width: 1000px) 100vw, 1000px\" \/><\/div><\/div><\/div><\/div><\/div><\/div><\/section><section class=\"l-section wpb_row height_small\"><div class=\"l-section-h i-cf\"><div class=\"g-cols vc_row via_grid cols_2 laptops-cols_inherit tablets-cols_inherit mobiles-cols_1 valign_top type_default reversed stacking_default\" style=\"--columns-gap:0rem;\"><div class=\"wpb_column vc_column_container us_custom_633a3c77 type_sticky\"><div class=\"vc_column-inner\"><div class=\"w-image us_custom_b42782a4 us_animate_this align_none\"><div class=\"w-image-h\"><img decoding=\"async\" width=\"800\" height=\"1000\" src=\"https:\/\/www.radiologie-dr-jung.de\/wp-content\/uploads\/2025\/12\/0214_Jung-Impressionen_10.jpg\" class=\"attachment-full size-full\" alt=\"MRI pregnancy\" loading=\"lazy\" srcset=\"https:\/\/www.radiologie-dr-jung.de\/wp-content\/uploads\/2025\/12\/0214_Jung-Impressionen_10.jpg 800w, https:\/\/www.radiologie-dr-jung.de\/wp-content\/uploads\/2025\/12\/0214_Jung-Impressionen_10-240x300.jpg 240w, https:\/\/www.radiologie-dr-jung.de\/wp-content\/uploads\/2025\/12\/0214_Jung-Impressionen_10-40x50.jpg 40w, https:\/\/www.radiologie-dr-jung.de\/wp-content\/uploads\/2025\/12\/0214_Jung-Impressionen_10-56x70.jpg 56w\" sizes=\"auto, (max-width: 800px) 100vw, 800px\" \/><\/div><\/div><div class=\"w-separator hide_on_default hide_on_laptops hide_on_tablets size_custom\" style=\"height:0\" id=\"b0f5\"><style>@media(max-width:1024px){ #b0f5{height:0rem!important}}@media(max-width:600px){ #b0f5{height:0rem!important}}<\/style><\/div><\/div><\/div><div class=\"wpb_column vc_column_container\"><div class=\"vc_column-inner\"><div class=\"wpb_text_column us_custom_5d8e9ec2 us_animate_this\"><div class=\"wpb_wrapper\"><h4>A note in advance<\/h4>\n<p>Many doctors and scientists speak of the general safety of an MRI during pregnancy if the examination is necessary. Despite the positive attitude of some colleagues and MRI experts, we recognise a possible risk for the baby. We therefore distance ourselves from MRI examinations in pregnant women in our practice and carry out <strong>No MRIs for pregnant women\u00a0<\/strong>through. Other practices handle this differently. We are of the opinion that magnetic resonance imaging in pregnant women should only be carried out in specialised facilities or hospitals if there is a vital indication, i.e. in the case of life-threatening conditions that require life-saving measures.<\/p>\n<h4>An MRI is a reliable, safe examination method<\/h4>\n<p>There are many preconceptions about MRI: The examination is carried out using radioactive radiation, there are high temperatures, the noises are loud, the knocking is harmful. All this can worry patients. <b><\/b>But don't worry: these are just rumours!<\/p>\n<p>The fact is that the <a href=\"https:\/\/www.radiologie-dr-jung.de\/en\/mrt-questions\/\">MRI diagnostics<\/a> is currently one of the best imaging techniques. It can produce precise images of organs, soft tissue, bones and blood vessels. Magnetic resonance imaging is generally used, for example, to recognise bone fractures, bleeding, inflammation, vascular changes and stenoses. It can also be used to reliably diagnose overstretching and tears in ligaments and tendons. The examination is also suitable for assessing the extent of osteoarthritis. An MRI is also a valuable aid in tumour diagnostics.<\/p>\n<p>And most importantly, there are no known harmful effects of this examination method.<\/p>\n<h4>MRI in pregnant women: Divided opinions<\/h4>\n<p>Pregnant women who may need an MRI scan are naturally afraid for their baby, worried about physical malformations of the child or even a pregnancy loss as a result of the examination.<\/p>\n<p>Many doctors are of the opinion that MRI is not dangerous for either the mother or the child. They base their theory on the fact that the examination - unlike a conventional X-ray or CT scan - does not produce any <a href=\"https:\/\/de.wikipedia.org\/wiki\/Ionisierende_Strahlung\" target=\"_blank\" rel=\"noopener\">ionising radiation<\/a> are used. This also means that the patient and her baby are not exposed to any radiation or radioactivity.<\/p>\n<p>A second aspect concerns tissue heating, which can occur during an MRI and may even be noticeable to the patient.<\/p>\n<\/div><\/div><div class=\"w-separator hide_on_default hide_on_laptops hide_on_tablets size_custom\" style=\"height:0\" id=\"o481\"><style>@media(max-width:1024px){ #o481{height:2rem!important}}@media(max-width:600px){ #o481{height:4rem!important}}<\/style><\/div><\/div><\/div><\/div><\/div><\/section><section class=\"l-section wpb_row height_small\"><div class=\"l-section-h i-cf\"><div class=\"g-cols vc_row via_grid cols_2 laptops-cols_inherit tablets-cols_inherit mobiles-cols_1 valign_top type_default stacking_default\" style=\"--columns-gap:0rem;\"><div class=\"wpb_column vc_column_container\"><div class=\"vc_column-inner\"><div class=\"wpb_text_column us_custom_96f8c16e us_animate_this\"><div class=\"wpb_wrapper\"><p>Many mothers-to-be are therefore concerned that the increased temperature could be harmful to the baby. Some doctors believe that this is not the case, as the potential increase in temperature is very small.<\/p>\n<p>The third potentially critical point concerns the knocking noises of the MRI, which are perceived as very loud by some patients. Here too, there is often a fear that the increased volume level could be harmful to the embryo. Advocates of magnetic resonance imaging in pregnant women argue that there is no scientific data to prove this.<\/p>\n<p>However, there is also agreement on some points: this concerns both the time of the examination during pregnancy and the administration of contrast media.<\/p>\n<p>The following applies: As a precaution, the examination method should not be carried out in the first trimester of pregnancy (exception: a vital indication for the mother).<\/p>\n<p>Experts also advise that contrast agents should not be administered during pregnancy. The drug gadolinium, for example, is suspected of favouring rheumatic or other inflammatory diseases in children in the first four years of life if the mother had to take it during pregnancy for an examination.<\/p>\n<h4>Conclusion: Jain on MRI in pregnant women<\/h4>\n<p>Pregnancy does not rule out magnetic resonance imaging in principle. However, the indication should always be considered (\u201eDoes an MRI help us with the diagnosis?\u201c). If the necessity and benefit of an MRI are questionable, it should be avoided during pregnancy.<\/p>\n<h4>MRI Frankfurt<\/h4>\n<p>We specialise in magnetic resonance imaging and offer the following services in our <a href=\"\/en\/radiology-frankfurt\/\">Practice in Frankfurt<\/a> state-of-the-art technology. Our MRI machine has a <a href=\"https:\/\/www.radiologie-dr-jung.de\/en\/open-mrt-frankfurt\/\">Tube diameter<\/a> of 70 cm and is therefore much wider than conventional devices. With MoodLight illumination and customised music, we ensure a pleasant atmosphere during the examination. As a precaution, however, we do not examine pregnant women, as we cannot completely rule out a risk to the baby.<\/p>\n<\/div><\/div><\/div><\/div><div class=\"wpb_column vc_column_container us_custom_af54450f type_sticky\"><div class=\"vc_column-inner\"><div class=\"w-separator size_custom\" style=\"height:0rem\" id=\"vbde\"><style>@media(max-width:1024px){ #vbde{height:2rem!important}}@media(max-width:600px){ #vbde{height:4rem!important}}<\/style><\/div><div class=\"w-image us_custom_d0aaf76f us_animate_this align_none\"><div class=\"w-image-h\"><img decoding=\"async\" width=\"1000\" height=\"800\" src=\"https:\/\/www.radiologie-dr-jung.de\/wp-content\/uploads\/2025\/12\/0214_Jung-Impressionen_13.jpg\" class=\"attachment-full size-full\" alt=\"MRI pregnancy\" loading=\"lazy\" srcset=\"https:\/\/www.radiologie-dr-jung.de\/wp-content\/uploads\/2025\/12\/0214_Jung-Impressionen_13.jpg 1000w, https:\/\/www.radiologie-dr-jung.de\/wp-content\/uploads\/2025\/12\/0214_Jung-Impressionen_13-300x240.jpg 300w, https:\/\/www.radiologie-dr-jung.de\/wp-content\/uploads\/2025\/12\/0214_Jung-Impressionen_13-50x40.jpg 50w, https:\/\/www.radiologie-dr-jung.de\/wp-content\/uploads\/2025\/12\/0214_Jung-Impressionen_13-70x56.jpg 70w\" sizes=\"auto, (max-width: 1000px) 100vw, 1000px\" \/><\/div><\/div><div class=\"w-separator size_custom\" style=\"height:4rem\" id=\"z16a\"><style>@media(max-width:1024px){ #z16a{height:2rem!important}}@media(max-width:600px){ #z16a{height:2rem!important}}<\/style><\/div><\/div><\/div><\/div><\/div><\/section>","protected":false},"excerpt":{"rendered":"MRT Schwangerschaft Ist eine MRT-Untersuchung w\u00e4hrend der Schwangerschaft m\u00f6glich? W\u00e4hrend der Schwangerschaft stellen die Gesundheit von Mutter und Kind oberste Priorit\u00e4t dar. Dazu sind zum einen viele Regeln und Verhaltensweisen zu befolgen, z. B. eine spezielle Ern\u00e4hrung oder der Verzicht auf Nikotin und Alkohol, zum anderen muss die schwangere Frau verschiedenste Termine zur Vorsorge und...","protected":false},"author":2,"featured_media":1780,"parent":0,"menu_order":0,"comment_status":"closed","ping_status":"closed","template":"","meta":{"footnotes":""},"class_list":["post-1456","page","type-page","status-publish","has-post-thumbnail","hentry"],"yoast_head":"<!-- This site is optimized with the Yoast SEO plugin v27.3 - https:\/\/yoast.com\/product\/yoast-seo-wordpress\/ -->\n<title>MRT Schwangerschaft \u2013 ja oder nein? \u1405 MRT<\/title>\n<meta name=\"description\" content=\"MRT Schwangerschaft \u2713 Eine Schwangerschaft schlie\u00dft eine MRT grunds\u00e4tzlich nicht aus. Jedoch sollte immer die Indikation bedacht werden.\" \/>\n<meta name=\"robots\" content=\"index, follow, max-snippet:-1, max-image-preview:large, max-video-preview:-1\" \/>\n<link rel=\"canonical\" href=\"https:\/\/www.radiologie-dr-jung.de\/en\/mrt-pregnancy\/\" \/>\n<meta property=\"og:locale\" content=\"en_GB\" \/>\n<meta property=\"og:type\" content=\"article\" \/>\n<meta property=\"og:title\" content=\"MRT Schwangerschaft \u2013 ja oder nein? \u1405 MRT\" \/>\n<meta property=\"og:description\" content=\"MRT Schwangerschaft \u2713 Eine Schwangerschaft schlie\u00dft eine MRT grunds\u00e4tzlich nicht aus. Jedoch sollte immer die Indikation bedacht werden.\" \/>\n<meta property=\"og:url\" content=\"https:\/\/www.radiologie-dr-jung.de\/en\/mrt-pregnancy\/\" \/>\n<meta property=\"og:site_name\" content=\"Dr. Catarina Jung\" \/>\n<meta property=\"article:modified_time\" content=\"2026-02-07T15:25:37+00:00\" \/>\n<meta property=\"og:image\" content=\"https:\/\/www.radiologie-dr-jung.de\/wp-content\/uploads\/2025\/12\/0214_MRT-Schwangerschaft_01.jpg\" \/>\n\t<meta property=\"og:image:width\" content=\"1000\" \/>\n\t<meta property=\"og:image:height\" content=\"800\" \/>\n\t<meta property=\"og:image:type\" content=\"image\/jpeg\" \/>\n<meta name=\"twitter:card\" content=\"summary_large_image\" \/>\n<meta name=\"twitter:label1\" content=\"Estimated reading time\" \/>\n\t<meta name=\"twitter:data1\" content=\"5 minutes\" \/>\n<script type=\"application\/ld+json\" class=\"yoast-schema-graph\">{\"@context\":\"https:\\\/\\\/schema.org\",\"@graph\":[{\"@type\":\"WebPage\",\"@id\":\"https:\\\/\\\/www.radiologie-dr-jung.de\\\/mrt-schwangerschaft\\\/\",\"url\":\"https:\\\/\\\/www.radiologie-dr-jung.de\\\/mrt-schwangerschaft\\\/\",\"name\":\"MRT Schwangerschaft \u2013 ja oder nein? \u1405 MRT\",\"isPartOf\":{\"@id\":\"https:\\\/\\\/www.radiologie-dr-jung.de\\\/#website\"},\"primaryImageOfPage\":{\"@id\":\"https:\\\/\\\/www.radiologie-dr-jung.de\\\/mrt-schwangerschaft\\\/#primaryimage\"},\"image\":{\"@id\":\"https:\\\/\\\/www.radiologie-dr-jung.de\\\/mrt-schwangerschaft\\\/#primaryimage\"},\"thumbnailUrl\":\"https:\\\/\\\/www.radiologie-dr-jung.de\\\/wp-content\\\/uploads\\\/2025\\\/12\\\/0214_MRT-Schwangerschaft_01.jpg\",\"datePublished\":\"2025-12-05T12:15:05+00:00\",\"dateModified\":\"2026-02-07T15:25:37+00:00\",\"description\":\"MRT Schwangerschaft \u2713 Eine Schwangerschaft schlie\u00dft eine MRT grunds\u00e4tzlich nicht aus. Jedoch sollte immer die Indikation bedacht werden.\",\"breadcrumb\":{\"@id\":\"https:\\\/\\\/www.radiologie-dr-jung.de\\\/mrt-schwangerschaft\\\/#breadcrumb\"},\"inLanguage\":\"en-GB\",\"potentialAction\":[{\"@type\":\"ReadAction\",\"target\":[\"https:\\\/\\\/www.radiologie-dr-jung.de\\\/mrt-schwangerschaft\\\/\"]}]},{\"@type\":\"ImageObject\",\"inLanguage\":\"en-GB\",\"@id\":\"https:\\\/\\\/www.radiologie-dr-jung.de\\\/mrt-schwangerschaft\\\/#primaryimage\",\"url\":\"https:\\\/\\\/www.radiologie-dr-jung.de\\\/wp-content\\\/uploads\\\/2025\\\/12\\\/0214_MRT-Schwangerschaft_01.jpg\",\"contentUrl\":\"https:\\\/\\\/www.radiologie-dr-jung.de\\\/wp-content\\\/uploads\\\/2025\\\/12\\\/0214_MRT-Schwangerschaft_01.jpg\",\"width\":1000,\"height\":800,\"caption\":\"MRT Schwangerschaft\"},{\"@type\":\"BreadcrumbList\",\"@id\":\"https:\\\/\\\/www.radiologie-dr-jung.de\\\/mrt-schwangerschaft\\\/#breadcrumb\",\"itemListElement\":[{\"@type\":\"ListItem\",\"position\":1,\"name\":\"Startseite\",\"item\":\"https:\\\/\\\/www.radiologie-dr-jung.de\\\/\"},{\"@type\":\"ListItem\",\"position\":2,\"name\":\"\u1405 MRT Schwanger\u00adschaft\"}]},{\"@type\":\"WebSite\",\"@id\":\"https:\\\/\\\/www.radiologie-dr-jung.de\\\/#website\",\"url\":\"https:\\\/\\\/www.radiologie-dr-jung.de\\\/\",\"name\":\"Dr. Catarina Jung\",\"description\":\"Fach\u00e4rztin f\u00fcr Diagnostische Radiologie\",\"potentialAction\":[{\"@type\":\"SearchAction\",\"target\":{\"@type\":\"EntryPoint\",\"urlTemplate\":\"https:\\\/\\\/www.radiologie-dr-jung.de\\\/?s={search_term_string}\"},\"query-input\":{\"@type\":\"PropertyValueSpecification\",\"valueRequired\":true,\"valueName\":\"search_term_string\"}}],\"inLanguage\":\"en-GB\"}]}<\/script>\n<!-- \/ Yoast SEO plugin. -->","yoast_head_json":{"title":"MRI pregnancy - yes or no? \u1405 MRI","description":"MRI pregnancy \u2713 Pregnancy does not generally preclude an MRI. However, the indication should always be considered.","robots":{"index":"index","follow":"follow","max-snippet":"max-snippet:-1","max-image-preview":"max-image-preview:large","max-video-preview":"max-video-preview:-1"},"canonical":"https:\/\/www.radiologie-dr-jung.de\/en\/mrt-pregnancy\/","og_locale":"en_GB","og_type":"article","og_title":"MRT Schwangerschaft \u2013 ja oder nein? \u1405 MRT","og_description":"MRT Schwangerschaft \u2713 Eine Schwangerschaft schlie\u00dft eine MRT grunds\u00e4tzlich nicht aus. Jedoch sollte immer die Indikation bedacht werden.","og_url":"https:\/\/www.radiologie-dr-jung.de\/en\/mrt-pregnancy\/","og_site_name":"Dr. Catarina Jung","article_modified_time":"2026-02-07T15:25:37+00:00","og_image":[{"width":1000,"height":800,"url":"https:\/\/www.radiologie-dr-jung.de\/wp-content\/uploads\/2025\/12\/0214_MRT-Schwangerschaft_01.jpg","type":"image\/jpeg"}],"twitter_card":"summary_large_image","twitter_misc":{"Estimated reading time":"5 minutes"},"schema":{"@context":"https:\/\/schema.org","@graph":[{"@type":"WebPage","@id":"https:\/\/www.radiologie-dr-jung.de\/mrt-schwangerschaft\/","url":"https:\/\/www.radiologie-dr-jung.de\/mrt-schwangerschaft\/","name":"MRI pregnancy - yes or no? \u1405 MRI","isPartOf":{"@id":"https:\/\/www.radiologie-dr-jung.de\/#website"},"primaryImageOfPage":{"@id":"https:\/\/www.radiologie-dr-jung.de\/mrt-schwangerschaft\/#primaryimage"},"image":{"@id":"https:\/\/www.radiologie-dr-jung.de\/mrt-schwangerschaft\/#primaryimage"},"thumbnailUrl":"https:\/\/www.radiologie-dr-jung.de\/wp-content\/uploads\/2025\/12\/0214_MRT-Schwangerschaft_01.jpg","datePublished":"2025-12-05T12:15:05+00:00","dateModified":"2026-02-07T15:25:37+00:00","description":"MRI pregnancy \u2713 Pregnancy does not generally preclude an MRI. However, the indication should always be considered.","breadcrumb":{"@id":"https:\/\/www.radiologie-dr-jung.de\/mrt-schwangerschaft\/#breadcrumb"},"inLanguage":"en-GB","potentialAction":[{"@type":"ReadAction","target":["https:\/\/www.radiologie-dr-jung.de\/mrt-schwangerschaft\/"]}]},{"@type":"ImageObject","inLanguage":"en-GB","@id":"https:\/\/www.radiologie-dr-jung.de\/mrt-schwangerschaft\/#primaryimage","url":"https:\/\/www.radiologie-dr-jung.de\/wp-content\/uploads\/2025\/12\/0214_MRT-Schwangerschaft_01.jpg","contentUrl":"https:\/\/www.radiologie-dr-jung.de\/wp-content\/uploads\/2025\/12\/0214_MRT-Schwangerschaft_01.jpg","width":1000,"height":800,"caption":"MRT Schwangerschaft"},{"@type":"BreadcrumbList","@id":"https:\/\/www.radiologie-dr-jung.de\/mrt-schwangerschaft\/#breadcrumb","itemListElement":[{"@type":"ListItem","position":1,"name":"Startseite","item":"https:\/\/www.radiologie-dr-jung.de\/"},{"@type":"ListItem","position":2,"name":"\u1405 MRT Schwanger\u00adschaft"}]},{"@type":"WebSite","@id":"https:\/\/www.radiologie-dr-jung.de\/#website","url":"https:\/\/www.radiologie-dr-jung.de\/","name":"Dr Catarina Jung","description":"Specialist in diagnostic radiology","potentialAction":[{"@type":"SearchAction","target":{"@type":"EntryPoint","urlTemplate":"https:\/\/www.radiologie-dr-jung.de\/?s={search_term_string}"},"query-input":{"@type":"PropertyValueSpecification","valueRequired":true,"valueName":"search_term_string"}}],"inLanguage":"en-GB"}]}},"_links":{"self":[{"href":"https:\/\/www.radiologie-dr-jung.de\/en\/wp-json\/wp\/v2\/pages\/1456","targetHints":{"allow":["GET"]}}],"collection":[{"href":"https:\/\/www.radiologie-dr-jung.de\/en\/wp-json\/wp\/v2\/pages"}],"about":[{"href":"https:\/\/www.radiologie-dr-jung.de\/en\/wp-json\/wp\/v2\/types\/page"}],"author":[{"embeddable":true,"href":"https:\/\/www.radiologie-dr-jung.de\/en\/wp-json\/wp\/v2\/users\/2"}],"replies":[{"embeddable":true,"href":"https:\/\/www.radiologie-dr-jung.de\/en\/wp-json\/wp\/v2\/comments?post=1456"}],"version-history":[{"count":21,"href":"https:\/\/www.radiologie-dr-jung.de\/en\/wp-json\/wp\/v2\/pages\/1456\/revisions"}],"predecessor-version":[{"id":2237,"href":"https:\/\/www.radiologie-dr-jung.de\/en\/wp-json\/wp\/v2\/pages\/1456\/revisions\/2237"}],"wp:featuredmedia":[{"embeddable":true,"href":"https:\/\/www.radiologie-dr-jung.de\/en\/wp-json\/wp\/v2\/media\/1780"}],"wp:attachment":[{"href":"https:\/\/www.radiologie-dr-jung.de\/en\/wp-json\/wp\/v2\/media?parent=1456"}],"curies":[{"name":"wp","href":"https:\/\/api.w.org\/{rel}","templated":true}]}}