{"id":1440,"date":"2025-12-05T12:46:02","date_gmt":"2025-12-05T11:46:02","guid":{"rendered":"https:\/\/www.radiologie-dr-jung.de\/?page_id=1440"},"modified":"2026-02-26T08:42:31","modified_gmt":"2026-02-26T07:42:31","slug":"radiologist-frankfurt","status":"publish","type":"page","link":"https:\/\/www.radiologie-dr-jung.de\/en\/radiologe-frankfurt\/","title":{"rendered":"Doctor"},"content":{"rendered":"<section class=\"l-section wpb_row height_small\"><div class=\"l-section-h i-cf\"><div class=\"g-cols vc_row via_grid cols_2 laptops-cols_inherit tablets-cols_inherit mobiles-cols_1 valign_top type_default stacking_default\" style=\"--columns-gap:0rem;\"><div class=\"wpb_column vc_column_container\"><div class=\"vc_column-inner\"><div class=\"wpb_text_column us_custom_7d39fe36 us_animate_this\"><div class=\"wpb_wrapper\"><h1>Dr Catarina Jung<\/h1>\n<h6>Your specialist for diagnostic radiology<\/h6>\n<\/div><\/div><div class=\"w-separator size_custom\" style=\"height:2rem\"><\/div><div class=\"wpb_text_column us_custom_5d8e9ec2 us_animate_this\"><div class=\"wpb_wrapper\"><p>Dr Catarina Jung has excellent knowledge and experience in the field of diagnostic radiology, which she has acquired over many years of practice and clinical work. She also has a large network of colleagues from other disciplines and can organise consultations at short notice.<\/p>\n<\/div><\/div><div class=\"w-separator size_custom\" style=\"height:1.5rem\"><\/div><\/div><\/div><div class=\"wpb_column vc_column_container us_custom_e21e87b0\"><div class=\"vc_column-inner\"><div class=\"w-separator size_custom\" style=\"height:0rem\" id=\"d0ea\"><style>@media(max-width:1024px){ #d0ea{height:2rem!important}}@media(max-width:600px){ #d0ea{height:2rem!important}}<\/style><\/div><div class=\"w-image us_custom_42e9dc71 us_animate_this align_none\"><div class=\"w-image-h\"><img decoding=\"async\" width=\"782\" height=\"607\" src=\"https:\/\/www.radiologie-dr-jung.de\/wp-content\/uploads\/2026\/01\/Dr_Cataria-Jung-Radiologin.webp\" class=\"attachment-full size-full\" alt=\"Portrait Dr Cataria Jung, Specialist in Diagnostic Radiology Frankfurt\" loading=\"lazy\" srcset=\"https:\/\/www.radiologie-dr-jung.de\/wp-content\/uploads\/2026\/01\/Dr_Cataria-Jung-Radiologin.webp 782w, https:\/\/www.radiologie-dr-jung.de\/wp-content\/uploads\/2026\/01\/Dr_Cataria-Jung-Radiologin-300x233.webp 300w, https:\/\/www.radiologie-dr-jung.de\/wp-content\/uploads\/2026\/01\/Dr_Cataria-Jung-Radiologin-50x39.webp 50w, https:\/\/www.radiologie-dr-jung.de\/wp-content\/uploads\/2026\/01\/Dr_Cataria-Jung-Radiologin-70x54.webp 70w\" sizes=\"auto, (max-width: 782px) 100vw, 782px\" \/><\/div><\/div><\/div><\/div><\/div><\/div><\/section><section class=\"l-section wpb_row height_small\"><div class=\"l-section-h i-cf\"><div class=\"g-cols vc_row via_grid cols_2 laptops-cols_inherit tablets-cols_inherit mobiles-cols_1 valign_top type_default reversed stacking_default\" style=\"--columns-gap:0rem;\"><div class=\"wpb_column vc_column_container us_custom_633a3c77 type_sticky\"><div class=\"vc_column-inner\"><div class=\"w-image us_custom_143de7b8 us_animate_this align_none\"><div class=\"w-image-h\"><img decoding=\"async\" width=\"1000\" height=\"800\" src=\"https:\/\/www.radiologie-dr-jung.de\/wp-content\/uploads\/2025\/12\/0214_Website-Aerztin_02a.jpg\" class=\"attachment-full size-full\" alt=\"MRI in Frankfurt\" loading=\"lazy\" srcset=\"https:\/\/www.radiologie-dr-jung.de\/wp-content\/uploads\/2025\/12\/0214_Website-Aerztin_02a.jpg 1000w, https:\/\/www.radiologie-dr-jung.de\/wp-content\/uploads\/2025\/12\/0214_Website-Aerztin_02a-300x240.jpg 300w, https:\/\/www.radiologie-dr-jung.de\/wp-content\/uploads\/2025\/12\/0214_Website-Aerztin_02a-50x40.jpg 50w, https:\/\/www.radiologie-dr-jung.de\/wp-content\/uploads\/2025\/12\/0214_Website-Aerztin_02a-70x56.jpg 70w\" sizes=\"auto, (max-width: 1000px) 100vw, 1000px\" \/><\/div><\/div><div class=\"w-separator hide_on_default hide_on_laptops hide_on_tablets size_custom\" style=\"height:0\" id=\"z15c\"><style>@media(max-width:1024px){ #z15c{height:0rem!important}}@media(max-width:600px){ #z15c{height:0rem!important}}<\/style><\/div><\/div><\/div><div class=\"wpb_column vc_column_container\"><div class=\"vc_column-inner\"><div class=\"wpb_text_column us_custom_5d8e9ec2 us_animate_this\"><div class=\"wpb_wrapper\"><h4>Vita of Dr Catarina Jung<\/h4>\n<ul>\n<li>Since May 2017, Dr Jung has been managing her own <a href=\"\/en\/radiology-frankfurt\/\">Private practice for radiology<\/a> at the Beyond Imaging MRI Diagnostics Centre in Frankfurt am Main<\/li>\n<li>2011 Takeover of the management of the MRI private practice in Frankfurt city centre<\/li>\n<li>2010 Recognised as a specialist in diagnostic radiology<\/li>\n<li>2009 - 2010 Radiology Department of the Asklepios Clinics in Langen<\/li>\n<li>2006 - 2009 Institute for Neuroradiology at the University Hospital Frankfurt<\/li>\n<li>2004 - 2006 Radiology Department of the Horst Schmidt Clinics in Wiesbaden<\/li>\n<li>After completing her medical studies in Frankfurt am Main, Dr Jung specialised in the discipline of diagnostic radiology and continued her training over the next few years.<\/li>\n<\/ul>\n<\/div><\/div><div class=\"w-separator hide_on_default hide_on_laptops hide_on_tablets size_custom\" style=\"height:0\" id=\"t5f7\"><style>@media(max-width:1024px){ #t5f7{height:2rem!important}}@media(max-width:600px){ #t5f7{height:4rem!important}}<\/style><\/div><\/div><\/div><\/div><\/div><\/section><section class=\"l-section wpb_row height_small\"><div class=\"l-section-h i-cf\"><div class=\"g-cols vc_row via_grid cols_2 laptops-cols_inherit tablets-cols_inherit mobiles-cols_1 valign_top type_default stacking_default\" style=\"--columns-gap:0rem;\"><div class=\"wpb_column vc_column_container\"><div class=\"vc_column-inner\"><div class=\"wpb_text_column\"><div class=\"wpb_wrapper\"><h4>8 questions for Dr Catarina Jung<\/h4>\n<\/div><\/div><div class=\"w-separator size_custom\" style=\"height:1.5rem\"><\/div><div class=\"w-tabs us_custom_c4a107f8 style_default switch_click accordion has_scrolling\" style=\"--sections-title-size:inherit\"><div class=\"w-tabs-sections titles-align_none icon_chevron cpos_right\"><div class=\"w-tabs-section\" id=\"1643096891445-53a5d436-fb16\"><button class=\"w-tabs-section-header with_icon\" aria-controls=\"content-1643096891445-53a5d436-fb16\" aria-expanded=\"false\"><i class=\"far fa-question-circle\"><\/i><div class=\"w-tabs-section-title\">Why did you become a doctor and why did you decide to specialise in radiology?<\/div><div class=\"w-tabs-section-control\"><\/div><\/button><div  class=\"w-tabs-section-content\" id=\"content-1643096891445-53a5d436-fb16\"><div class=\"w-tabs-section-content-h i-cf\"><div class=\"wpb_text_column\"><div class=\"wpb_wrapper\"><p><span>The human body is a mystery. I became a doctor because I am fascinated by its structures and interrelationships. What's more, medicine is a \u201etimeless field\u201c that constantly raises new questions. As a radiologist, I have insights into the inside of the human body and can use my knowledge to make diagnoses that are essential for further treatment and healing.<\/span><\/p>\n<\/div><\/div><div class=\"w-separator size_small\"><\/div><\/div><\/div><\/div><div class=\"w-tabs-section\" id=\"1643096891445-53a5d436-fb16\"><button class=\"w-tabs-section-header with_icon\" aria-controls=\"content-1643096891445-53a5d436-fb16\" aria-expanded=\"false\"><i class=\"far fa-question-circle\"><\/i><div class=\"w-tabs-section-title\">What is your specialism? What makes it special?<\/div><div class=\"w-tabs-section-control\"><\/div><\/button><div  class=\"w-tabs-section-content\" id=\"content-1643096891445-53a5d436-fb16\"><div class=\"w-tabs-section-content-h i-cf\"><div class=\"wpb_text_column\"><div class=\"wpb_wrapper\"><p>For over 10 years I have specialised in the <a href=\"https:\/\/www.radiologie-dr-jung.de\/en\/mrt-frankfurt\/\">MRI diagnostics<\/a> specialised. Thanks to modern technology, detailed images of the inside of the human body are obtained. This is painless for the patient and <a href=\"\/en\/mrt-radiation\/\">without radiation exposure<\/a>. I have a wealth of experience in examinations of the musculoskeletal system, the chest and abdomen and the head. I was able to acquire in-depth knowledge of this complex speciality during my further training in neuroradiology at the University Hospital in Frankfurt am Main.<\/p>\n<p>In addition to pure diagnostics, I also offer therapies for certain forms of back pain. Immediate image control allows targeted injections to be administered directly at the site of the pain. With a very low dose of medication, a rapid effect with effective pain relief is possible.<\/p>\n<\/div><\/div><div class=\"w-separator size_small\"><\/div><\/div><\/div><\/div><div class=\"w-tabs-section\" id=\"1643096891445-53a5d436-fb16\"><button class=\"w-tabs-section-header with_icon\" aria-controls=\"content-1643096891445-53a5d436-fb16\" aria-expanded=\"false\"><i class=\"far fa-question-circle\"><\/i><div class=\"w-tabs-section-title\">Do you have a medical idol, i.e. a role model who has shaped your career?<\/div><div class=\"w-tabs-section-control\"><\/div><\/button><div  class=\"w-tabs-section-content\" id=\"content-1643096891445-53a5d436-fb16\"><div class=\"w-tabs-section-content-h i-cf\"><div class=\"wpb_text_column\"><div class=\"wpb_wrapper\"><p>When I started my specialist training in radiology, my first boss left a lasting impression on me. As an \u201eold-school\u201c doctor, he mastered all diagnostic and interventional skills. He had firm principles that he fought for throughout his career. In this way, he was able to lead the department excellently as the best role model - and also fight on the front line if necessary.<\/p>\n<\/div><\/div><div class=\"w-separator size_small\"><\/div><\/div><\/div><\/div><div class=\"w-tabs-section\" id=\"1643096891445-53a5d436-fb16\"><button class=\"w-tabs-section-header with_icon\" aria-controls=\"content-1643096891445-53a5d436-fb16\" aria-expanded=\"false\"><i class=\"far fa-question-circle\"><\/i><div class=\"w-tabs-section-title\">Which innovations make everyday practice easier?<\/div><div class=\"w-tabs-section-control\"><\/div><\/button><div  class=\"w-tabs-section-content\" id=\"content-1643096891445-53a5d436-fb16\"><div class=\"w-tabs-section-content-h i-cf\"><div class=\"wpb_text_column\"><div class=\"wpb_wrapper\"><p><span>The modern digital possibilities of <\/span><a href=\"https:\/\/www.radiologie-dr-jung.de\/en\/mrt-frankfurt-online-appointment-booking\/\">Online appointments<\/a><span> are very helpful for the practice team and for the practice workflow. This option has a decisive advantage for patients in particular: they can choose a suitable individual examination appointment 24 hours a day, regardless of our availability by telephone. In addition, well-maintained evaluation portals help patients to choose the right doctor.<\/span><\/p>\n<\/div><\/div><div class=\"w-separator size_small\"><\/div><\/div><\/div><\/div><div class=\"w-tabs-section\" id=\"1643096891445-53a5d436-fb16\"><button class=\"w-tabs-section-header with_icon\" aria-controls=\"content-1643096891445-53a5d436-fb16\" aria-expanded=\"false\"><i class=\"far fa-question-circle\"><\/i><div class=\"w-tabs-section-title\">Are there any particular challenges for the future in your area of specialisation?<\/div><div class=\"w-tabs-section-control\"><\/div><\/button><div  class=\"w-tabs-section-content\" id=\"content-1643096891445-53a5d436-fb16\"><div class=\"w-tabs-section-content-h i-cf\"><div class=\"wpb_text_column\"><div class=\"wpb_wrapper\"><p>With the help of the latest devices (MRI and CT), more and more images of the human body can be produced in less time.<\/p>\n<p>Despite all the technical progress, however, the patient and their illness should always take centre stage. This means that you have to weigh up exactly how you can help them. No unnecessary images should be taken that could be unsettling or even completely superfluous.<\/p>\n<p>This means that a medical indication was, is and will continue to be indispensable in the future if we want to help people with medical progress.<\/p>\n<\/div><\/div><div class=\"w-separator size_small\"><\/div><\/div><\/div><\/div><div class=\"w-tabs-section\" id=\"1643096891445-53a5d436-fb16\"><button class=\"w-tabs-section-header with_icon\" aria-controls=\"content-1643096891445-53a5d436-fb16\" aria-expanded=\"false\"><i class=\"far fa-question-circle\"><\/i><div class=\"w-tabs-section-title\">What is particularly important to you when dealing with your patients on an individual basis?<\/div><div class=\"w-tabs-section-control\"><\/div><\/button><div  class=\"w-tabs-section-content\" id=\"content-1643096891445-53a5d436-fb16\"><div class=\"w-tabs-section-content-h i-cf\"><div class=\"wpb_text_column\"><div class=\"wpb_wrapper\"><p><span>I take a lot of time for my patients and take an interest in their complaints. The pictures of the <\/span><a href=\"https:\/\/www.radiologie-dr-jung.de\/en\/mrt-frankfurt\/\">MRI examination<\/a><span> I explain it in a way that even a layperson can understand. It is very important to me that my patients understand the <\/span><a href=\"https:\/\/www.radiologie-dr-jung.de\/en\/radiology-frankfurt\/\">Practice<\/a><span> not only with <\/span><a href=\"https:\/\/www.radiologie-dr-jung.de\/en\/view-mrt-images\/\">Pictures<\/a><span> but are informed about the findings and know exactly what to do next. If you do not have a follow-up appointment, I can organise a consultation with a suitable specialist at short notice or, in urgent cases, arrange for you to be seen in a specialist clinic.<\/span><\/p>\n<\/div><\/div><div class=\"w-separator size_small\"><\/div><\/div><\/div><\/div><div class=\"w-tabs-section\" id=\"1643096891445-53a5d436-fb16\"><button class=\"w-tabs-section-header with_icon\" aria-controls=\"content-1643096891445-53a5d436-fb16\" aria-expanded=\"false\"><i class=\"far fa-question-circle\"><\/i><div class=\"w-tabs-section-title\">What do you particularly appreciate about your patients?<\/div><div class=\"w-tabs-section-control\"><\/div><\/button><div  class=\"w-tabs-section-content\" id=\"content-1643096891445-53a5d436-fb16\"><div class=\"w-tabs-section-content-h i-cf\"><div class=\"wpb_text_column\"><div class=\"wpb_wrapper\"><p><span>To me that means <\/span>Trust<span>, that my patients have shown me. I appreciate the loyalty they have shown me over the years.<\/span><\/p>\n<\/div><\/div><div class=\"w-separator size_small\"><\/div><\/div><\/div><\/div><div class=\"w-tabs-section\" id=\"1643096891445-53a5d436-fb16\"><button class=\"w-tabs-section-header with_icon\" aria-controls=\"content-1643096891445-53a5d436-fb16\" aria-expanded=\"false\"><i class=\"far fa-question-circle\"><\/i><div class=\"w-tabs-section-title\">Do you have a health tip for your patients?<\/div><div class=\"w-tabs-section-control\"><\/div><\/button><div  class=\"w-tabs-section-content\" id=\"content-1643096891445-53a5d436-fb16\"><div class=\"w-tabs-section-content-h i-cf\"><div class=\"wpb_text_column\"><div class=\"wpb_wrapper\"><p><span>In general, a healthy lifestyle with a sensible measure of things - and no extremes! The most important thing I always say: listen to your body!<\/span><\/p>\n<\/div><\/div><div class=\"w-separator size_small\"><\/div><\/div><\/div><\/div><\/div><\/div><div class=\"w-separator hide_on_default hide_on_laptops hide_on_tablets size_custom\" style=\"height:0\" id=\"g5f3\"><style>@media(max-width:1024px){ #g5f3{height:2rem!important}}@media(max-width:600px){ #g5f3{height:4rem!important}}<\/style><\/div><\/div><\/div><div class=\"wpb_column vc_column_container us_custom_633a3c77 type_sticky\"><div class=\"vc_column-inner\"><div class=\"w-image us_custom_5d9a29d1 us_animate_this align_none\"><div class=\"w-image-h\"><img decoding=\"async\" width=\"800\" height=\"1000\" src=\"https:\/\/www.radiologie-dr-jung.de\/wp-content\/uploads\/2025\/12\/0214_Website-Aerztin_01b.jpg\" class=\"attachment-full size-full\" alt=\"Radiologist Frankfurt\" loading=\"lazy\" srcset=\"https:\/\/www.radiologie-dr-jung.de\/wp-content\/uploads\/2025\/12\/0214_Website-Aerztin_01b.jpg 800w, https:\/\/www.radiologie-dr-jung.de\/wp-content\/uploads\/2025\/12\/0214_Website-Aerztin_01b-240x300.jpg 240w, https:\/\/www.radiologie-dr-jung.de\/wp-content\/uploads\/2025\/12\/0214_Website-Aerztin_01b-40x50.jpg 40w, https:\/\/www.radiologie-dr-jung.de\/wp-content\/uploads\/2025\/12\/0214_Website-Aerztin_01b-56x70.jpg 56w\" sizes=\"auto, (max-width: 800px) 100vw, 800px\" \/><\/div><\/div><div class=\"w-separator size_custom\" style=\"height:2rem\" id=\"pecb\"><style><\/style><\/div><\/div><\/div><\/div><\/div><\/section>","protected":false},"excerpt":{"rendered":"Dr Catarina Jung Your specialist in diagnostic radiology Dr Catarina Jung has excellent knowledge and experience in the field of diagnostic radiology, which she has acquired over many years of practice and clinical work. She also has a large network of colleagues from other specialities and can organise consultations at short notice. Vita of Dr Catarina Jung Since May 2017, she has been...","protected":false},"author":2,"featured_media":1749,"parent":0,"menu_order":0,"comment_status":"closed","ping_status":"closed","template":"","meta":{"footnotes":""},"class_list":["post-1440","page","type-page","status-publish","has-post-thumbnail","hentry"],"yoast_head":"<!-- This site is optimized with the Yoast SEO plugin v27.3 - https:\/\/yoast.com\/product\/yoast-seo-wordpress\/ -->\n<title>Radiologe Frankfurt \u1405 Radiologische Privatpraxis Dr. Jung<\/title>\n<meta name=\"description\" content=\"Radiologe Frankfurt \u2713 Dr. Jung verf\u00fcgt \u00fcber ausgezeichnete Kenntnisse und Erfahrungen in der Radiologie durch Praxis- und Klinikt\u00e4tigkeiten.\" \/>\n<meta name=\"robots\" content=\"index, follow, max-snippet:-1, max-image-preview:large, max-video-preview:-1\" \/>\n<link rel=\"canonical\" href=\"https:\/\/www.radiologie-dr-jung.de\/en\/radiologist-frankfurt\/\" \/>\n<meta property=\"og:locale\" content=\"en_GB\" \/>\n<meta property=\"og:type\" content=\"article\" \/>\n<meta property=\"og:title\" content=\"Radiologe Frankfurt \u1405 Radiologische Privatpraxis Dr. Jung\" \/>\n<meta property=\"og:description\" content=\"Radiologe Frankfurt \u2713 Dr. Jung verf\u00fcgt \u00fcber ausgezeichnete Kenntnisse und Erfahrungen in der Radiologie durch Praxis- und Klinikt\u00e4tigkeiten.\" \/>\n<meta property=\"og:url\" content=\"https:\/\/www.radiologie-dr-jung.de\/en\/radiologist-frankfurt\/\" \/>\n<meta property=\"og:site_name\" content=\"Dr. Catarina Jung\" \/>\n<meta property=\"article:modified_time\" content=\"2026-02-26T07:42:31+00:00\" \/>\n<meta property=\"og:image\" content=\"https:\/\/www.radiologie-dr-jung.de\/wp-content\/uploads\/2025\/12\/0214_Website-Aerztin_03a.jpg\" \/>\n\t<meta property=\"og:image:width\" content=\"1000\" \/>\n\t<meta property=\"og:image:height\" content=\"800\" \/>\n\t<meta property=\"og:image:type\" content=\"image\/jpeg\" \/>\n<meta name=\"twitter:card\" content=\"summary_large_image\" \/>\n<meta name=\"twitter:label1\" content=\"Estimated reading time\" \/>\n\t<meta name=\"twitter:data1\" content=\"5 minutes\" \/>\n<script type=\"application\/ld+json\" class=\"yoast-schema-graph\">{\"@context\":\"https:\\\/\\\/schema.org\",\"@graph\":[{\"@type\":\"WebPage\",\"@id\":\"https:\\\/\\\/www.radiologie-dr-jung.de\\\/radiologe-frankfurt\\\/\",\"url\":\"https:\\\/\\\/www.radiologie-dr-jung.de\\\/radiologe-frankfurt\\\/\",\"name\":\"Radiologe Frankfurt \u1405 Radiologische Privatpraxis Dr. Jung\",\"isPartOf\":{\"@id\":\"https:\\\/\\\/www.radiologie-dr-jung.de\\\/#website\"},\"primaryImageOfPage\":{\"@id\":\"https:\\\/\\\/www.radiologie-dr-jung.de\\\/radiologe-frankfurt\\\/#primaryimage\"},\"image\":{\"@id\":\"https:\\\/\\\/www.radiologie-dr-jung.de\\\/radiologe-frankfurt\\\/#primaryimage\"},\"thumbnailUrl\":\"https:\\\/\\\/www.radiologie-dr-jung.de\\\/wp-content\\\/uploads\\\/2025\\\/12\\\/0214_Website-Aerztin_03a.jpg\",\"datePublished\":\"2025-12-05T11:46:02+00:00\",\"dateModified\":\"2026-02-26T07:42:31+00:00\",\"description\":\"Radiologe Frankfurt \u2713 Dr. Jung verf\u00fcgt \u00fcber ausgezeichnete Kenntnisse und Erfahrungen in der Radiologie durch Praxis- und Klinikt\u00e4tigkeiten.\",\"breadcrumb\":{\"@id\":\"https:\\\/\\\/www.radiologie-dr-jung.de\\\/radiologe-frankfurt\\\/#breadcrumb\"},\"inLanguage\":\"en-GB\",\"potentialAction\":[{\"@type\":\"ReadAction\",\"target\":[\"https:\\\/\\\/www.radiologie-dr-jung.de\\\/radiologe-frankfurt\\\/\"]}]},{\"@type\":\"ImageObject\",\"inLanguage\":\"en-GB\",\"@id\":\"https:\\\/\\\/www.radiologie-dr-jung.de\\\/radiologe-frankfurt\\\/#primaryimage\",\"url\":\"https:\\\/\\\/www.radiologie-dr-jung.de\\\/wp-content\\\/uploads\\\/2025\\\/12\\\/0214_Website-Aerztin_03a.jpg\",\"contentUrl\":\"https:\\\/\\\/www.radiologie-dr-jung.de\\\/wp-content\\\/uploads\\\/2025\\\/12\\\/0214_Website-Aerztin_03a.jpg\",\"width\":1000,\"height\":800,\"caption\":\"Radiologe Frankfurt\"},{\"@type\":\"BreadcrumbList\",\"@id\":\"https:\\\/\\\/www.radiologie-dr-jung.de\\\/radiologe-frankfurt\\\/#breadcrumb\",\"itemListElement\":[{\"@type\":\"ListItem\",\"position\":1,\"name\":\"Startseite\",\"item\":\"https:\\\/\\\/www.radiologie-dr-jung.de\\\/\"},{\"@type\":\"ListItem\",\"position\":2,\"name\":\"\u00c4rztin\"}]},{\"@type\":\"WebSite\",\"@id\":\"https:\\\/\\\/www.radiologie-dr-jung.de\\\/#website\",\"url\":\"https:\\\/\\\/www.radiologie-dr-jung.de\\\/\",\"name\":\"Dr. Catarina Jung\",\"description\":\"Fach\u00e4rztin f\u00fcr Diagnostische Radiologie\",\"potentialAction\":[{\"@type\":\"SearchAction\",\"target\":{\"@type\":\"EntryPoint\",\"urlTemplate\":\"https:\\\/\\\/www.radiologie-dr-jung.de\\\/?s={search_term_string}\"},\"query-input\":{\"@type\":\"PropertyValueSpecification\",\"valueRequired\":true,\"valueName\":\"search_term_string\"}}],\"inLanguage\":\"en-GB\"}]}<\/script>\n<!-- \/ Yoast SEO plugin. -->","yoast_head_json":{"title":"Radiologist Frankfurt \u1405 Radiological private practice Dr Jung","description":"Radiologist Frankfurt \u2713 Dr Jung has excellent knowledge and experience in radiology through practice and clinical activities.","robots":{"index":"index","follow":"follow","max-snippet":"max-snippet:-1","max-image-preview":"max-image-preview:large","max-video-preview":"max-video-preview:-1"},"canonical":"https:\/\/www.radiologie-dr-jung.de\/en\/radiologist-frankfurt\/","og_locale":"en_GB","og_type":"article","og_title":"Radiologe Frankfurt \u1405 Radiologische Privatpraxis Dr. Jung","og_description":"Radiologe Frankfurt \u2713 Dr. Jung verf\u00fcgt \u00fcber ausgezeichnete Kenntnisse und Erfahrungen in der Radiologie durch Praxis- und Klinikt\u00e4tigkeiten.","og_url":"https:\/\/www.radiologie-dr-jung.de\/en\/radiologist-frankfurt\/","og_site_name":"Dr. Catarina Jung","article_modified_time":"2026-02-26T07:42:31+00:00","og_image":[{"width":1000,"height":800,"url":"https:\/\/www.radiologie-dr-jung.de\/wp-content\/uploads\/2025\/12\/0214_Website-Aerztin_03a.jpg","type":"image\/jpeg"}],"twitter_card":"summary_large_image","twitter_misc":{"Estimated reading time":"5 minutes"},"schema":{"@context":"https:\/\/schema.org","@graph":[{"@type":"WebPage","@id":"https:\/\/www.radiologie-dr-jung.de\/radiologe-frankfurt\/","url":"https:\/\/www.radiologie-dr-jung.de\/radiologe-frankfurt\/","name":"Radiologist Frankfurt \u1405 Radiological private practice Dr Jung","isPartOf":{"@id":"https:\/\/www.radiologie-dr-jung.de\/#website"},"primaryImageOfPage":{"@id":"https:\/\/www.radiologie-dr-jung.de\/radiologe-frankfurt\/#primaryimage"},"image":{"@id":"https:\/\/www.radiologie-dr-jung.de\/radiologe-frankfurt\/#primaryimage"},"thumbnailUrl":"https:\/\/www.radiologie-dr-jung.de\/wp-content\/uploads\/2025\/12\/0214_Website-Aerztin_03a.jpg","datePublished":"2025-12-05T11:46:02+00:00","dateModified":"2026-02-26T07:42:31+00:00","description":"Radiologist Frankfurt \u2713 Dr Jung has excellent knowledge and experience in radiology through practice and clinical activities.","breadcrumb":{"@id":"https:\/\/www.radiologie-dr-jung.de\/radiologe-frankfurt\/#breadcrumb"},"inLanguage":"en-GB","potentialAction":[{"@type":"ReadAction","target":["https:\/\/www.radiologie-dr-jung.de\/radiologe-frankfurt\/"]}]},{"@type":"ImageObject","inLanguage":"en-GB","@id":"https:\/\/www.radiologie-dr-jung.de\/radiologe-frankfurt\/#primaryimage","url":"https:\/\/www.radiologie-dr-jung.de\/wp-content\/uploads\/2025\/12\/0214_Website-Aerztin_03a.jpg","contentUrl":"https:\/\/www.radiologie-dr-jung.de\/wp-content\/uploads\/2025\/12\/0214_Website-Aerztin_03a.jpg","width":1000,"height":800,"caption":"Radiologe Frankfurt"},{"@type":"BreadcrumbList","@id":"https:\/\/www.radiologie-dr-jung.de\/radiologe-frankfurt\/#breadcrumb","itemListElement":[{"@type":"ListItem","position":1,"name":"Startseite","item":"https:\/\/www.radiologie-dr-jung.de\/"},{"@type":"ListItem","position":2,"name":"\u00c4rztin"}]},{"@type":"WebSite","@id":"https:\/\/www.radiologie-dr-jung.de\/#website","url":"https:\/\/www.radiologie-dr-jung.de\/","name":"Dr Catarina Jung","description":"Specialist in diagnostic radiology","potentialAction":[{"@type":"SearchAction","target":{"@type":"EntryPoint","urlTemplate":"https:\/\/www.radiologie-dr-jung.de\/?s={search_term_string}"},"query-input":{"@type":"PropertyValueSpecification","valueRequired":true,"valueName":"search_term_string"}}],"inLanguage":"en-GB"}]}},"_links":{"self":[{"href":"https:\/\/www.radiologie-dr-jung.de\/en\/wp-json\/wp\/v2\/pages\/1440","targetHints":{"allow":["GET"]}}],"collection":[{"href":"https:\/\/www.radiologie-dr-jung.de\/en\/wp-json\/wp\/v2\/pages"}],"about":[{"href":"https:\/\/www.radiologie-dr-jung.de\/en\/wp-json\/wp\/v2\/types\/page"}],"author":[{"embeddable":true,"href":"https:\/\/www.radiologie-dr-jung.de\/en\/wp-json\/wp\/v2\/users\/2"}],"replies":[{"embeddable":true,"href":"https:\/\/www.radiologie-dr-jung.de\/en\/wp-json\/wp\/v2\/comments?post=1440"}],"version-history":[{"count":37,"href":"https:\/\/www.radiologie-dr-jung.de\/en\/wp-json\/wp\/v2\/pages\/1440\/revisions"}],"predecessor-version":[{"id":2315,"href":"https:\/\/www.radiologie-dr-jung.de\/en\/wp-json\/wp\/v2\/pages\/1440\/revisions\/2315"}],"wp:featuredmedia":[{"embeddable":true,"href":"https:\/\/www.radiologie-dr-jung.de\/en\/wp-json\/wp\/v2\/media\/1749"}],"wp:attachment":[{"href":"https:\/\/www.radiologie-dr-jung.de\/en\/wp-json\/wp\/v2\/media?parent=1440"}],"curies":[{"name":"wp","href":"https:\/\/api.w.org\/{rel}","templated":true}]}}